{"id":12383,"date":"2023-07-27T10:31:48","date_gmt":"2023-07-27T08:31:48","guid":{"rendered":"https:\/\/www.pfarrverband-salvator-mundi.de\/erscheinung-des-herrn\/?page_id=12383"},"modified":"2023-07-27T11:00:09","modified_gmt":"2023-07-27T09:00:09","slug":"praevention","status":"publish","type":"page","link":"https:\/\/www.pfarrverband-salvator-mundi.de\/erscheinung-des-herrn\/praevention\/","title":{"rendered":"Pr\u00e4vention"},"content":{"rendered":"<h2>Pr\u00e4vention \u2013 Wo erhalte ich Hilfe bei sexueller Gewalt und \u00dcbergriffen?<\/h2>\n<p><strong>Sie m\u00f6chten einen zur\u00fcckliegenden oder aktuellen Missbrauch oder \u00fcbergriffiges Verhalten melden?<\/strong><\/p>\n<p>Die externen unabh\u00e4ngigen Ansprechpersonen pr\u00fcfen (Verdachts-)F\u00e4lle von Grenzverletzungen, sexuellen \u00dcbergriffen und Missbrauch Minderj\u00e4hriger und schutz- oder hilfebed\u00fcrftiger Erwachsener durch Kleriker, Ordensangeh\u00f6rige oder andere Mitarbeiterinnen und Mitarbeiter im kirchlichen Dienst.<\/p>\n<p><strong>Den Info-Flyer k\u00f6nnen Sie sich gerne herunterladen, indem Sie einfach auf den Titel klicken.<\/strong><\/p>\n<p><a href=\"https:\/\/www.pfarrverband-salvator-mundi.de\/erscheinung-des-herrn\/wp-content\/uploads\/sites\/3\/2023\/07\/Flyer_Wo_erhalte_ich_Hilfe.pdf\" target=\"_blank\" rel=\"noopener\"><img loading=\"lazy\" decoding=\"async\" class=\"alignnone wp-image-12384\" src=\"https:\/\/www.pfarrverband-salvator-mundi.de\/erscheinung-des-herrn\/wp-content\/uploads\/sites\/3\/2023\/07\/Flyer_Wo_erhalte_ich_Hilfe_Titel.jpg\" alt=\"\" width=\"234\" height=\"467\" srcset=\"https:\/\/www.pfarrverband-salvator-mundi.de\/erscheinung-des-herrn\/wp-content\/uploads\/sites\/3\/2023\/07\/Flyer_Wo_erhalte_ich_Hilfe_Titel.jpg 330w, https:\/\/www.pfarrverband-salvator-mundi.de\/erscheinung-des-herrn\/wp-content\/uploads\/sites\/3\/2023\/07\/Flyer_Wo_erhalte_ich_Hilfe_Titel-150x300.jpg 150w\" sizes=\"auto, (max-width: 234px) 100vw, 234px\" \/><\/a><\/p>\n","protected":false},"excerpt":{"rendered":"<p>Pr\u00e4vention \u2013 Wo erhalte ich Hilfe bei sexueller Gewalt und \u00dcbergriffen? Sie m\u00f6chten einen zur\u00fcckliegenden oder aktuellen Missbrauch oder \u00fcbergriffiges Verhalten melden? Die externen unabh\u00e4ngigen Ansprechpersonen pr\u00fcfen (Verdachts-)F\u00e4lle von Grenzverletzungen, sexuellen \u00dcbergriffen und Missbrauch Minderj\u00e4hriger und schutz- oder hilfebed\u00fcrftiger Erwachsener durch Kleriker, Ordensangeh\u00f6rige oder andere Mitarbeiterinnen und Mitarbeiter im kirchlichen Dienst. Den Info-Flyer k\u00f6nnen Sie [&hellip;]<\/p>\n","protected":false},"author":1,"featured_media":0,"parent":0,"menu_order":17,"comment_status":"closed","ping_status":"closed","template":"","meta":{"ngg_post_thumbnail":0,"footnotes":""},"class_list":["post-12383","page","type-page","status-publish","czr-hentry"],"yoast_head":"<!-- This site is optimized with the Yoast SEO plugin v27.5 - https:\/\/yoast.com\/product\/yoast-seo-wordpress\/ -->\n<title>Pr\u00e4vention - Pfarrei Erscheinung des Herrn<\/title>\n<meta name=\"robots\" content=\"index, follow, max-snippet:-1, max-image-preview:large, max-video-preview:-1\" \/>\n<link rel=\"canonical\" href=\"https:\/\/www.pfarrverband-salvator-mundi.de\/erscheinung-des-herrn\/praevention\/\" \/>\n<meta property=\"og:locale\" content=\"de_DE\" \/>\n<meta property=\"og:type\" content=\"article\" \/>\n<meta property=\"og:title\" content=\"Pr\u00e4vention - Pfarrei Erscheinung des Herrn\" \/>\n<meta property=\"og:description\" content=\"Pr\u00e4vention \u2013 Wo erhalte ich Hilfe bei sexueller Gewalt und \u00dcbergriffen? Sie m\u00f6chten einen zur\u00fcckliegenden oder aktuellen Missbrauch oder \u00fcbergriffiges Verhalten melden? Die externen unabh\u00e4ngigen Ansprechpersonen pr\u00fcfen (Verdachts-)F\u00e4lle von Grenzverletzungen, sexuellen \u00dcbergriffen und Missbrauch Minderj\u00e4hriger und schutz- oder hilfebed\u00fcrftiger Erwachsener durch Kleriker, Ordensangeh\u00f6rige oder andere Mitarbeiterinnen und Mitarbeiter im kirchlichen Dienst. Den Info-Flyer k\u00f6nnen Sie [&hellip;]\" \/>\n<meta property=\"og:url\" content=\"https:\/\/www.pfarrverband-salvator-mundi.de\/erscheinung-des-herrn\/praevention\/\" \/>\n<meta property=\"og:site_name\" content=\"Pfarrei Erscheinung des Herrn\" \/>\n<meta property=\"article:modified_time\" content=\"2023-07-27T09:00:09+00:00\" \/>\n<meta property=\"og:image\" content=\"https:\/\/www.pfarrverband-salvator-mundi.de\/erscheinung-des-herrn\/wp-content\/uploads\/sites\/3\/2023\/07\/Flyer_Wo_erhalte_ich_Hilfe_Titel.jpg\" \/>\n<meta name=\"twitter:card\" content=\"summary_large_image\" \/>\n<meta name=\"twitter:label1\" content=\"Gesch\u00e4tzte Lesezeit\" \/>\n\t<meta name=\"twitter:data1\" content=\"1\u00a0Minute\" \/>\n<script type=\"application\/ld+json\" class=\"yoast-schema-graph\">{\"@context\":\"https:\\\/\\\/schema.org\",\"@graph\":[{\"@type\":\"WebPage\",\"@id\":\"https:\\\/\\\/www.pfarrverband-salvator-mundi.de\\\/erscheinung-des-herrn\\\/praevention\\\/\",\"url\":\"https:\\\/\\\/www.pfarrverband-salvator-mundi.de\\\/erscheinung-des-herrn\\\/praevention\\\/\",\"name\":\"Pr\u00e4vention - Pfarrei Erscheinung des Herrn\",\"isPartOf\":{\"@id\":\"https:\\\/\\\/www.pfarrverband-salvator-mundi.de\\\/erscheinung-des-herrn\\\/#website\"},\"primaryImageOfPage\":{\"@id\":\"https:\\\/\\\/www.pfarrverband-salvator-mundi.de\\\/erscheinung-des-herrn\\\/praevention\\\/#primaryimage\"},\"image\":{\"@id\":\"https:\\\/\\\/www.pfarrverband-salvator-mundi.de\\\/erscheinung-des-herrn\\\/praevention\\\/#primaryimage\"},\"thumbnailUrl\":\"https:\\\/\\\/www.pfarrverband-salvator-mundi.de\\\/erscheinung-des-herrn\\\/wp-content\\\/uploads\\\/sites\\\/3\\\/2023\\\/07\\\/Flyer_Wo_erhalte_ich_Hilfe_Titel.jpg\",\"datePublished\":\"2023-07-27T08:31:48+00:00\",\"dateModified\":\"2023-07-27T09:00:09+00:00\",\"breadcrumb\":{\"@id\":\"https:\\\/\\\/www.pfarrverband-salvator-mundi.de\\\/erscheinung-des-herrn\\\/praevention\\\/#breadcrumb\"},\"inLanguage\":\"de\",\"potentialAction\":[{\"@type\":\"ReadAction\",\"target\":[\"https:\\\/\\\/www.pfarrverband-salvator-mundi.de\\\/erscheinung-des-herrn\\\/praevention\\\/\"]}]},{\"@type\":\"ImageObject\",\"inLanguage\":\"de\",\"@id\":\"https:\\\/\\\/www.pfarrverband-salvator-mundi.de\\\/erscheinung-des-herrn\\\/praevention\\\/#primaryimage\",\"url\":\"https:\\\/\\\/www.pfarrverband-salvator-mundi.de\\\/erscheinung-des-herrn\\\/wp-content\\\/uploads\\\/sites\\\/3\\\/2023\\\/07\\\/Flyer_Wo_erhalte_ich_Hilfe_Titel.jpg\",\"contentUrl\":\"https:\\\/\\\/www.pfarrverband-salvator-mundi.de\\\/erscheinung-des-herrn\\\/wp-content\\\/uploads\\\/sites\\\/3\\\/2023\\\/07\\\/Flyer_Wo_erhalte_ich_Hilfe_Titel.jpg\",\"width\":330,\"height\":660},{\"@type\":\"BreadcrumbList\",\"@id\":\"https:\\\/\\\/www.pfarrverband-salvator-mundi.de\\\/erscheinung-des-herrn\\\/praevention\\\/#breadcrumb\",\"itemListElement\":[{\"@type\":\"ListItem\",\"position\":1,\"name\":\"Home\",\"item\":\"https:\\\/\\\/www.pfarrverband-salvator-mundi.de\\\/erscheinung-des-herrn\\\/\"},{\"@type\":\"ListItem\",\"position\":2,\"name\":\"Pr\u00e4vention\"}]},{\"@type\":\"WebSite\",\"@id\":\"https:\\\/\\\/www.pfarrverband-salvator-mundi.de\\\/erscheinung-des-herrn\\\/#website\",\"url\":\"https:\\\/\\\/www.pfarrverband-salvator-mundi.de\\\/erscheinung-des-herrn\\\/\",\"name\":\"Pfarrei Erscheinung des Herrn\",\"description\":\"Teil des Pfarrverbands Salvator Mundi\",\"potentialAction\":[{\"@type\":\"SearchAction\",\"target\":{\"@type\":\"EntryPoint\",\"urlTemplate\":\"https:\\\/\\\/www.pfarrverband-salvator-mundi.de\\\/erscheinung-des-herrn\\\/?s={search_term_string}\"},\"query-input\":{\"@type\":\"PropertyValueSpecification\",\"valueRequired\":true,\"valueName\":\"search_term_string\"}}],\"inLanguage\":\"de\"}]}<\/script>\n<!-- \/ Yoast SEO plugin. -->","yoast_head_json":{"title":"Pr\u00e4vention - Pfarrei Erscheinung des Herrn","robots":{"index":"index","follow":"follow","max-snippet":"max-snippet:-1","max-image-preview":"max-image-preview:large","max-video-preview":"max-video-preview:-1"},"canonical":"https:\/\/www.pfarrverband-salvator-mundi.de\/erscheinung-des-herrn\/praevention\/","og_locale":"de_DE","og_type":"article","og_title":"Pr\u00e4vention - Pfarrei Erscheinung des Herrn","og_description":"Pr\u00e4vention \u2013 Wo erhalte ich Hilfe bei sexueller Gewalt und \u00dcbergriffen? Sie m\u00f6chten einen zur\u00fcckliegenden oder aktuellen Missbrauch oder \u00fcbergriffiges Verhalten melden? Die externen unabh\u00e4ngigen Ansprechpersonen pr\u00fcfen (Verdachts-)F\u00e4lle von Grenzverletzungen, sexuellen \u00dcbergriffen und Missbrauch Minderj\u00e4hriger und schutz- oder hilfebed\u00fcrftiger Erwachsener durch Kleriker, Ordensangeh\u00f6rige oder andere Mitarbeiterinnen und Mitarbeiter im kirchlichen Dienst. Den Info-Flyer k\u00f6nnen Sie [&hellip;]","og_url":"https:\/\/www.pfarrverband-salvator-mundi.de\/erscheinung-des-herrn\/praevention\/","og_site_name":"Pfarrei Erscheinung des Herrn","article_modified_time":"2023-07-27T09:00:09+00:00","og_image":[{"url":"https:\/\/www.pfarrverband-salvator-mundi.de\/erscheinung-des-herrn\/wp-content\/uploads\/sites\/3\/2023\/07\/Flyer_Wo_erhalte_ich_Hilfe_Titel.jpg","type":"","width":"","height":""}],"twitter_card":"summary_large_image","twitter_misc":{"Gesch\u00e4tzte Lesezeit":"1\u00a0Minute"},"schema":{"@context":"https:\/\/schema.org","@graph":[{"@type":"WebPage","@id":"https:\/\/www.pfarrverband-salvator-mundi.de\/erscheinung-des-herrn\/praevention\/","url":"https:\/\/www.pfarrverband-salvator-mundi.de\/erscheinung-des-herrn\/praevention\/","name":"Pr\u00e4vention - Pfarrei Erscheinung des Herrn","isPartOf":{"@id":"https:\/\/www.pfarrverband-salvator-mundi.de\/erscheinung-des-herrn\/#website"},"primaryImageOfPage":{"@id":"https:\/\/www.pfarrverband-salvator-mundi.de\/erscheinung-des-herrn\/praevention\/#primaryimage"},"image":{"@id":"https:\/\/www.pfarrverband-salvator-mundi.de\/erscheinung-des-herrn\/praevention\/#primaryimage"},"thumbnailUrl":"https:\/\/www.pfarrverband-salvator-mundi.de\/erscheinung-des-herrn\/wp-content\/uploads\/sites\/3\/2023\/07\/Flyer_Wo_erhalte_ich_Hilfe_Titel.jpg","datePublished":"2023-07-27T08:31:48+00:00","dateModified":"2023-07-27T09:00:09+00:00","breadcrumb":{"@id":"https:\/\/www.pfarrverband-salvator-mundi.de\/erscheinung-des-herrn\/praevention\/#breadcrumb"},"inLanguage":"de","potentialAction":[{"@type":"ReadAction","target":["https:\/\/www.pfarrverband-salvator-mundi.de\/erscheinung-des-herrn\/praevention\/"]}]},{"@type":"ImageObject","inLanguage":"de","@id":"https:\/\/www.pfarrverband-salvator-mundi.de\/erscheinung-des-herrn\/praevention\/#primaryimage","url":"https:\/\/www.pfarrverband-salvator-mundi.de\/erscheinung-des-herrn\/wp-content\/uploads\/sites\/3\/2023\/07\/Flyer_Wo_erhalte_ich_Hilfe_Titel.jpg","contentUrl":"https:\/\/www.pfarrverband-salvator-mundi.de\/erscheinung-des-herrn\/wp-content\/uploads\/sites\/3\/2023\/07\/Flyer_Wo_erhalte_ich_Hilfe_Titel.jpg","width":330,"height":660},{"@type":"BreadcrumbList","@id":"https:\/\/www.pfarrverband-salvator-mundi.de\/erscheinung-des-herrn\/praevention\/#breadcrumb","itemListElement":[{"@type":"ListItem","position":1,"name":"Home","item":"https:\/\/www.pfarrverband-salvator-mundi.de\/erscheinung-des-herrn\/"},{"@type":"ListItem","position":2,"name":"Pr\u00e4vention"}]},{"@type":"WebSite","@id":"https:\/\/www.pfarrverband-salvator-mundi.de\/erscheinung-des-herrn\/#website","url":"https:\/\/www.pfarrverband-salvator-mundi.de\/erscheinung-des-herrn\/","name":"Pfarrei Erscheinung des Herrn","description":"Teil des Pfarrverbands Salvator Mundi","potentialAction":[{"@type":"SearchAction","target":{"@type":"EntryPoint","urlTemplate":"https:\/\/www.pfarrverband-salvator-mundi.de\/erscheinung-des-herrn\/?s={search_term_string}"},"query-input":{"@type":"PropertyValueSpecification","valueRequired":true,"valueName":"search_term_string"}}],"inLanguage":"de"}]}},"_links":{"self":[{"href":"https:\/\/www.pfarrverband-salvator-mundi.de\/erscheinung-des-herrn\/wp-json\/wp\/v2\/pages\/12383","targetHints":{"allow":["GET"]}}],"collection":[{"href":"https:\/\/www.pfarrverband-salvator-mundi.de\/erscheinung-des-herrn\/wp-json\/wp\/v2\/pages"}],"about":[{"href":"https:\/\/www.pfarrverband-salvator-mundi.de\/erscheinung-des-herrn\/wp-json\/wp\/v2\/types\/page"}],"author":[{"embeddable":true,"href":"https:\/\/www.pfarrverband-salvator-mundi.de\/erscheinung-des-herrn\/wp-json\/wp\/v2\/users\/1"}],"replies":[{"embeddable":true,"href":"https:\/\/www.pfarrverband-salvator-mundi.de\/erscheinung-des-herrn\/wp-json\/wp\/v2\/comments?post=12383"}],"version-history":[{"count":3,"href":"https:\/\/www.pfarrverband-salvator-mundi.de\/erscheinung-des-herrn\/wp-json\/wp\/v2\/pages\/12383\/revisions"}],"predecessor-version":[{"id":12391,"href":"https:\/\/www.pfarrverband-salvator-mundi.de\/erscheinung-des-herrn\/wp-json\/wp\/v2\/pages\/12383\/revisions\/12391"}],"wp:attachment":[{"href":"https:\/\/www.pfarrverband-salvator-mundi.de\/erscheinung-des-herrn\/wp-json\/wp\/v2\/media?parent=12383"}],"curies":[{"name":"wp","href":"https:\/\/api.w.org\/{rel}","templated":true}]}}