{"id":194,"date":"2016-03-13T03:36:22","date_gmt":"2016-03-13T02:36:22","guid":{"rendered":"http:\/\/www.pfarrverband-salvator-mundi.de\/erscheinung-des-herrn\/?page_id=194"},"modified":"2024-11-03T17:56:07","modified_gmt":"2024-11-03T16:56:07","slug":"impressum-2","status":"publish","type":"page","link":"https:\/\/www.pfarrverband-salvator-mundi.de\/erscheinung-des-herrn\/impressum-2\/","title":{"rendered":"Impressum"},"content":{"rendered":"<div id=\"idTextPanel\" class=\"jqDnR\">\n<h1>Pfarrverband Salvator Mundi<\/h1>\n<p>Agnes-Bernauer-Str. 181<br \/>\n80687 M\u00fcnchen<br \/>\nTelefon: 089-54 67 37-0<br \/>\nFax: 089-54 67 37-19<br \/>\n<a href=\"mailto:st-willibald.muenchen@ebmuc.de\"><span id=\"cloak92244\">st-willibald.muenchen@ebmuc<\/span><span id=\"cloak92244\">.de<\/span><\/a><a href=\"mailto:St-Willibald.Muenchen@erzbistum-muenchen.de\"><br \/>\n<\/a><a href=\"https:\/\/www.pfarrverband-salvator-mundi.de\" target=\"_blank\" rel=\"noopener noreferrer\">https:\/\/www.pfarrverband-salvator-mundi.de<\/a><\/p>\n<\/div>\n<p><strong>Adresse Pfarrgemeinde Erscheinung des Herrn (Pfarrb\u00fcro)<br \/>\n<\/strong><\/p>\n<p>Terofalstr. 66<br \/>\n80689 M\u00fcnchen<br \/>\nTelefon: 089-700 766-6<br \/>\nFax:&nbsp; 089-700 766-84<br \/>\n<a href=\"mailto:erscheinung-des-herrn.muenchen@ebmuc.de\">erscheinung-des-herrn.muenchen@ebmuc.de<\/a><\/p>\n<p><strong>Bankverbindung<\/strong><\/p>\n<p>Liga Bank M\u00fcnchen<br \/>\nIBAN: DE62 7509 0300 0002 1427 08<br \/>\nBIC: GEN0DEF1M05<\/p>\n<p><strong>Tadeusz Zielinski SDS, Pfarradministrator<\/strong><\/p>\n<div id=\"idTextPanel\" class=\"jqDnR\">\n<p>Erscheinung des Herrn &#8211; M\u00fcnchen<br \/>\nFronleichnam &#8211; M\u00fcnchen<br \/>\nSt. Willibald &#8211; M\u00fcnchen<\/p>\n<h4><strong>Internet <\/strong><strong>und technische Beratung<\/strong><\/h4>\n<p>Medien. Gestaltung. Karlstetter<br \/>\n<a href=\"https:\/\/www.karlstetter.de\" target=\"_blank\" rel=\"noopener\">www.karlstetter.de<\/a><\/p>\n<h5><strong>Design und Konzeption<\/strong><\/h5>\n<p>Sabine Haberfelner<\/p>\n<\/div>\n<p><strong>Fotograf<br \/>\n<\/strong><\/p>\n<p>Franz Holzapfel<a href=\"http:\/\/www.photo-holzapfel.de\" target=\"_blank\" rel=\"noopener noreferrer\"><br \/>\n<\/a>Telefon: 089-700 88 33 1<br \/>\nE-Mail: <a href=\"mailto:franz@fotoholzapfel.de\">franz@fotoholzapfel.de<\/a><\/p>\n<p><strong>Copyright\/Fotoquellennachweis<\/strong><\/p>\n<p>Die Text- und Bildrechte liegen beim Pfarrverband Salvator Mundi bzw. bei den jeweiligen Fotografen, hier bei Franz Holzapfel und Sabine Haberfelner. Jegliche kommerzielle Verwendung und\/oder Weiterverarbeitung der Abbildungen aus dieser Website oder der Texte selbst ist&nbsp;ohne schriftliche Genehmigung untersagt.<br \/>\nBei einzelnen Bildern wird direkt auf den Seiten der jeweilige Fotograf angegeben. Sollten Fotografen einzelner verwendeter Bilder hier nicht aufgef\u00fchrt sein, oder auf der entsprechenden Seite genannt sein, ist das keine Absicht und wir bitten um einen entsprechenden Hinweis. Wir werden dies umgehend nachholen.<\/p>\n<p><strong>Haftung f\u00fcr die Inhalte<\/strong><\/p>\n<div id=\"idTextPanel\" class=\"jqDnR\">\n<p>Die Inhalte unserer Seiten wurden mit gr\u00f6\u00dfter Sorgfalt erstellt. F\u00fcr die Richtigkeit, Vollst\u00e4ndigkeit und Aktualit\u00e4t der Inhalte k\u00f6nnen wir jedoch keine Gew\u00e4hr \u00fcbernehmen. Als Diensteanbieter sind wir gem\u00e4\u00df \u00a7 7 Abs.1 TMG f\u00fcr eigene Inhalte auf diesen Seiten nach den allgemeinen Gesetzen verantwortlich. Nach \u00a7\u00a7 8 bis 10 TMG sind wir als Diensteanbieter jedoch nicht verpflichtet, \u00fcbermittelte oder gespeicherte fremde Informationen zu \u00fcberwachen oder nach Umst\u00e4nden zu forschen, die auf eine rechtswidrige T\u00e4tigkeit hinweisen. Verpflichtungen zur Entfernung oder Sperrung der Nutzung von Informationen nach den allgemeinen Gesetzen bleiben hiervon unber\u00fchrt. Eine diesbez\u00fcgliche Haftung ist jedoch erst ab dem Zeitpunkt der Kenntnis einer konkreten Rechtsverletzung m\u00f6glich. Bei Bekanntwerden von entsprechenden Rechtsverletzungen werden wir diese Inhalte umgehend entfernen.<\/p>\n<p><strong> Haftung f\u00fcr Links<\/strong><\/p>\n<p>Unser Angebot enth\u00e4lt Links zu externen Webseiten Dritter, auf deren Inhalte wir keinen Einfluss haben. Deshalb k\u00f6nnen wir f\u00fcr diese fremden Inhalte auch keine Gew\u00e4hr \u00fcbernehmen. F\u00fcr die Inhalte der verlinkten Seiten ist stets der jeweilige Anbieter oder Betreiber der Seiten verantwortlich. Die verlinkten Seiten wurden zum Zeitpunkt der Verlinkung auf m\u00f6gliche Rechtsverst\u00f6\u00dfe \u00fcberpr\u00fcft. Rechtswidrige Inhalte waren zum Zeitpunkt der Verlinkung nicht erkennbar. Eine permanente inhaltliche Kontrolle der verlinkten Seiten ist jedoch ohne konkrete Anhaltspunkte einer Rechtsverletzung nicht zumutbar. Bei Bekanntwerden von Rechtsverletzungen werden wir derartige Links umgehend entfernen.<\/p>\n<p><strong> Urheberrecht<\/strong><\/p>\n<p>Die durch die Seitenbetreiber erstellten Inhalte und Werke auf diesen Seiten unterliegen dem deutschen Urheberrecht. Die Vervielf\u00e4ltigung, Bearbeitung, Verbreitung und jede Art der Verwertung au\u00dferhalb der Grenzen des Urheberrechtes bed\u00fcrfen der schriftlichen Zustimmung des jeweiligen Autors bzw. Erstellers. Downloads und Kopien dieser Seite sind nur f\u00fcr den privaten, nicht kommerziellen Gebrauch gestattet. Soweit die Inhalte auf dieser Seite nicht vom Betreiber erstellt wurden, werden die Urheberrechte Dritter beachtet. Insbesondere werden Inhalte Dritter als solche gekennzeichnet. Sollten Sie trotzdem auf eine Urheberrechtsverletzung aufmerksam werden, bitten wir um einen entsprechenden Hinweis. Bei Bekanntwerden von Rechtsverletzungen werden wir derartige Inhalte umgehend entfernen.<\/p>\n<\/div>\n","protected":false},"excerpt":{"rendered":"<p>Pfarrverband Salvator Mundi Agnes-Bernauer-Str. 181 80687 M\u00fcnchen Telefon: 089-54 67 37-0 Fax: 089-54 67 37-19 st-willibald.muenchen@ebmuc.de https:\/\/www.pfarrverband-salvator-mundi.de Adresse Pfarrgemeinde Erscheinung des Herrn (Pfarrb\u00fcro) Terofalstr. 66 80689 M\u00fcnchen Telefon: 089-700 766-6 Fax:&nbsp; 089-700 766-84 erscheinung-des-herrn.muenchen@ebmuc.de Bankverbindung Liga Bank M\u00fcnchen IBAN: DE62 7509 0300 0002 1427 08 BIC: GEN0DEF1M05 Tadeusz Zielinski SDS, Pfarradministrator Erscheinung des Herrn &#8211; [&hellip;]<\/p>\n","protected":false},"author":1,"featured_media":0,"parent":0,"menu_order":21,"comment_status":"closed","ping_status":"closed","template":"","meta":{"ngg_post_thumbnail":0,"footnotes":""},"class_list":["post-194","page","type-page","status-publish","czr-hentry"],"yoast_head":"<!-- This site is optimized with the Yoast SEO plugin v27.3 - https:\/\/yoast.com\/product\/yoast-seo-wordpress\/ -->\n<title>Impressum - Pfarrei Erscheinung des Herrn<\/title>\n<meta name=\"robots\" content=\"index, follow, max-snippet:-1, max-image-preview:large, max-video-preview:-1\" \/>\n<link rel=\"canonical\" href=\"https:\/\/www.pfarrverband-salvator-mundi.de\/erscheinung-des-herrn\/impressum-2\/\" \/>\n<meta property=\"og:locale\" content=\"de_DE\" \/>\n<meta property=\"og:type\" content=\"article\" \/>\n<meta property=\"og:title\" content=\"Impressum - Pfarrei Erscheinung des Herrn\" \/>\n<meta property=\"og:description\" content=\"Pfarrverband Salvator Mundi Agnes-Bernauer-Str. 181 80687 M\u00fcnchen Telefon: 089-54 67 37-0 Fax: 089-54 67 37-19 st-willibald.muenchen@ebmuc.de https:\/\/www.pfarrverband-salvator-mundi.de Adresse Pfarrgemeinde Erscheinung des Herrn (Pfarrb\u00fcro) Terofalstr. 66 80689 M\u00fcnchen Telefon: 089-700 766-6 Fax:&nbsp; 089-700 766-84 erscheinung-des-herrn.muenchen@ebmuc.de Bankverbindung Liga Bank M\u00fcnchen IBAN: DE62 7509 0300 0002 1427 08 BIC: GEN0DEF1M05 Tadeusz Zielinski SDS, Pfarradministrator Erscheinung des Herrn &#8211; [&hellip;]\" \/>\n<meta property=\"og:url\" content=\"https:\/\/www.pfarrverband-salvator-mundi.de\/erscheinung-des-herrn\/impressum-2\/\" \/>\n<meta property=\"og:site_name\" content=\"Pfarrei Erscheinung des Herrn\" \/>\n<meta property=\"article:modified_time\" content=\"2024-11-03T16:56:07+00:00\" \/>\n<meta name=\"twitter:card\" content=\"summary_large_image\" \/>\n<meta name=\"twitter:label1\" content=\"Gesch\u00e4tzte Lesezeit\" \/>\n\t<meta name=\"twitter:data1\" content=\"3\u00a0Minuten\" \/>\n<script type=\"application\/ld+json\" class=\"yoast-schema-graph\">{\"@context\":\"https:\\\/\\\/schema.org\",\"@graph\":[{\"@type\":\"WebPage\",\"@id\":\"https:\\\/\\\/www.pfarrverband-salvator-mundi.de\\\/erscheinung-des-herrn\\\/impressum-2\\\/\",\"url\":\"https:\\\/\\\/www.pfarrverband-salvator-mundi.de\\\/erscheinung-des-herrn\\\/impressum-2\\\/\",\"name\":\"Impressum - Pfarrei Erscheinung des Herrn\",\"isPartOf\":{\"@id\":\"https:\\\/\\\/www.pfarrverband-salvator-mundi.de\\\/erscheinung-des-herrn\\\/#website\"},\"datePublished\":\"2016-03-13T02:36:22+00:00\",\"dateModified\":\"2024-11-03T16:56:07+00:00\",\"breadcrumb\":{\"@id\":\"https:\\\/\\\/www.pfarrverband-salvator-mundi.de\\\/erscheinung-des-herrn\\\/impressum-2\\\/#breadcrumb\"},\"inLanguage\":\"de\",\"potentialAction\":[{\"@type\":\"ReadAction\",\"target\":[\"https:\\\/\\\/www.pfarrverband-salvator-mundi.de\\\/erscheinung-des-herrn\\\/impressum-2\\\/\"]}]},{\"@type\":\"BreadcrumbList\",\"@id\":\"https:\\\/\\\/www.pfarrverband-salvator-mundi.de\\\/erscheinung-des-herrn\\\/impressum-2\\\/#breadcrumb\",\"itemListElement\":[{\"@type\":\"ListItem\",\"position\":1,\"name\":\"Home\",\"item\":\"https:\\\/\\\/www.pfarrverband-salvator-mundi.de\\\/erscheinung-des-herrn\\\/\"},{\"@type\":\"ListItem\",\"position\":2,\"name\":\"Impressum\"}]},{\"@type\":\"WebSite\",\"@id\":\"https:\\\/\\\/www.pfarrverband-salvator-mundi.de\\\/erscheinung-des-herrn\\\/#website\",\"url\":\"https:\\\/\\\/www.pfarrverband-salvator-mundi.de\\\/erscheinung-des-herrn\\\/\",\"name\":\"Pfarrei Erscheinung des Herrn\",\"description\":\"Teil des Pfarrverbands Salvator Mundi\",\"potentialAction\":[{\"@type\":\"SearchAction\",\"target\":{\"@type\":\"EntryPoint\",\"urlTemplate\":\"https:\\\/\\\/www.pfarrverband-salvator-mundi.de\\\/erscheinung-des-herrn\\\/?s={search_term_string}\"},\"query-input\":{\"@type\":\"PropertyValueSpecification\",\"valueRequired\":true,\"valueName\":\"search_term_string\"}}],\"inLanguage\":\"de\"}]}<\/script>\n<!-- \/ Yoast SEO plugin. -->","yoast_head_json":{"title":"Impressum - Pfarrei Erscheinung des Herrn","robots":{"index":"index","follow":"follow","max-snippet":"max-snippet:-1","max-image-preview":"max-image-preview:large","max-video-preview":"max-video-preview:-1"},"canonical":"https:\/\/www.pfarrverband-salvator-mundi.de\/erscheinung-des-herrn\/impressum-2\/","og_locale":"de_DE","og_type":"article","og_title":"Impressum - Pfarrei Erscheinung des Herrn","og_description":"Pfarrverband Salvator Mundi Agnes-Bernauer-Str. 181 80687 M\u00fcnchen Telefon: 089-54 67 37-0 Fax: 089-54 67 37-19 st-willibald.muenchen@ebmuc.de https:\/\/www.pfarrverband-salvator-mundi.de Adresse Pfarrgemeinde Erscheinung des Herrn (Pfarrb\u00fcro) Terofalstr. 66 80689 M\u00fcnchen Telefon: 089-700 766-6 Fax:&nbsp; 089-700 766-84 erscheinung-des-herrn.muenchen@ebmuc.de Bankverbindung Liga Bank M\u00fcnchen IBAN: DE62 7509 0300 0002 1427 08 BIC: GEN0DEF1M05 Tadeusz Zielinski SDS, Pfarradministrator Erscheinung des Herrn &#8211; [&hellip;]","og_url":"https:\/\/www.pfarrverband-salvator-mundi.de\/erscheinung-des-herrn\/impressum-2\/","og_site_name":"Pfarrei Erscheinung des Herrn","article_modified_time":"2024-11-03T16:56:07+00:00","twitter_card":"summary_large_image","twitter_misc":{"Gesch\u00e4tzte Lesezeit":"3\u00a0Minuten"},"schema":{"@context":"https:\/\/schema.org","@graph":[{"@type":"WebPage","@id":"https:\/\/www.pfarrverband-salvator-mundi.de\/erscheinung-des-herrn\/impressum-2\/","url":"https:\/\/www.pfarrverband-salvator-mundi.de\/erscheinung-des-herrn\/impressum-2\/","name":"Impressum - Pfarrei Erscheinung des Herrn","isPartOf":{"@id":"https:\/\/www.pfarrverband-salvator-mundi.de\/erscheinung-des-herrn\/#website"},"datePublished":"2016-03-13T02:36:22+00:00","dateModified":"2024-11-03T16:56:07+00:00","breadcrumb":{"@id":"https:\/\/www.pfarrverband-salvator-mundi.de\/erscheinung-des-herrn\/impressum-2\/#breadcrumb"},"inLanguage":"de","potentialAction":[{"@type":"ReadAction","target":["https:\/\/www.pfarrverband-salvator-mundi.de\/erscheinung-des-herrn\/impressum-2\/"]}]},{"@type":"BreadcrumbList","@id":"https:\/\/www.pfarrverband-salvator-mundi.de\/erscheinung-des-herrn\/impressum-2\/#breadcrumb","itemListElement":[{"@type":"ListItem","position":1,"name":"Home","item":"https:\/\/www.pfarrverband-salvator-mundi.de\/erscheinung-des-herrn\/"},{"@type":"ListItem","position":2,"name":"Impressum"}]},{"@type":"WebSite","@id":"https:\/\/www.pfarrverband-salvator-mundi.de\/erscheinung-des-herrn\/#website","url":"https:\/\/www.pfarrverband-salvator-mundi.de\/erscheinung-des-herrn\/","name":"Pfarrei Erscheinung des Herrn","description":"Teil des Pfarrverbands Salvator Mundi","potentialAction":[{"@type":"SearchAction","target":{"@type":"EntryPoint","urlTemplate":"https:\/\/www.pfarrverband-salvator-mundi.de\/erscheinung-des-herrn\/?s={search_term_string}"},"query-input":{"@type":"PropertyValueSpecification","valueRequired":true,"valueName":"search_term_string"}}],"inLanguage":"de"}]}},"_links":{"self":[{"href":"https:\/\/www.pfarrverband-salvator-mundi.de\/erscheinung-des-herrn\/wp-json\/wp\/v2\/pages\/194","targetHints":{"allow":["GET"]}}],"collection":[{"href":"https:\/\/www.pfarrverband-salvator-mundi.de\/erscheinung-des-herrn\/wp-json\/wp\/v2\/pages"}],"about":[{"href":"https:\/\/www.pfarrverband-salvator-mundi.de\/erscheinung-des-herrn\/wp-json\/wp\/v2\/types\/page"}],"author":[{"embeddable":true,"href":"https:\/\/www.pfarrverband-salvator-mundi.de\/erscheinung-des-herrn\/wp-json\/wp\/v2\/users\/1"}],"replies":[{"embeddable":true,"href":"https:\/\/www.pfarrverband-salvator-mundi.de\/erscheinung-des-herrn\/wp-json\/wp\/v2\/comments?post=194"}],"version-history":[{"count":26,"href":"https:\/\/www.pfarrverband-salvator-mundi.de\/erscheinung-des-herrn\/wp-json\/wp\/v2\/pages\/194\/revisions"}],"predecessor-version":[{"id":13513,"href":"https:\/\/www.pfarrverband-salvator-mundi.de\/erscheinung-des-herrn\/wp-json\/wp\/v2\/pages\/194\/revisions\/13513"}],"wp:attachment":[{"href":"https:\/\/www.pfarrverband-salvator-mundi.de\/erscheinung-des-herrn\/wp-json\/wp\/v2\/media?parent=194"}],"curies":[{"name":"wp","href":"https:\/\/api.w.org\/{rel}","templated":true}]}}