{"id":417,"date":"2016-03-30T18:15:45","date_gmt":"2016-03-30T16:15:45","guid":{"rendered":"http:\/\/www.pfarrverband-salvator-mundi.de\/erscheinung-des-herrn\/?page_id=417"},"modified":"2023-02-20T09:57:59","modified_gmt":"2023-02-20T08:57:59","slug":"konzept","status":"publish","type":"page","link":"https:\/\/www.pfarrverband-salvator-mundi.de\/erscheinung-des-herrn\/kindergarten\/konzept\/","title":{"rendered":"Konzepte Kindergarten"},"content":{"rendered":"<h2>Die Konzepte des Kindergartens<\/h2>\n<h3>Das Konzept \u2013 Leitbild<\/h3>\n<p><em>\u201eWir k\u00f6nnen Kinder nach unserem Sinne nicht formen! <\/em><br \/>\n<em>So wie Gott sie uns gab, so muss man sie haben und lieben\u201c<\/em><\/p>\n<p>Durch verl\u00e4ssliche Beziehungen und einen sicheren Rahmen in einer Welt, die zunehmend global und multikulturell gepr\u00e4gt ist wollen wir die Kinder zur Eigenverantwortung und Solidarit\u00e4t erziehen.<\/p>\n<p>Wir m\u00f6chten jedem Kind unsere &#8222;helfende Hand&#8220; anbieten, es eine Zeit lang begleiten um es f\u00fcr das Leben vorzubereiten.<\/p>\n<p>Wir wollen den Kindern in unserer Einrichtung R\u00e4ume und Zeit schaffen, die es ihnen erm\u00f6glichen, ihre Anlagen und F\u00e4higkeiten zu entdecken und zu entfalten. Ein Kind braucht Sicherheit, Liebe, Zuwendung und Anerkennung. Wir akzeptieren das Kind in seiner Einzigartigkeit und Individualit\u00e4t.<\/p>\n<p>Jedes Kind ist ein Gesch\u00f6pf Gottes, daher ist es uns ein Anliegen den Kindern christliche Grundwerte kindgerecht und lebendig nahe zu bringen.<\/p>\n<p>Um Ihrem Kind bestm\u00f6gliche Entwicklungschancen bieten zu k\u00f6nnen w\u00fcnschen wir uns eine offene, ehrliche und wertsch\u00e4tzende Bildungspartnerschaftzwischen Elternhaus und Kindergarten.<\/p>\n<p>Durch Transparenz unserer Arbeit geben wir den Eltern Einblick in den Kindergartenalltag und arbeiten so \u201eHand-in-Hand&#8220; unter Ber\u00fccksichtigung der vielf\u00e4ltigen Meinungen und Individualit\u00e4t des Einzelnen.<\/p>\n<p><a href=\"https:\/\/www.pfarrverband-salvator-mundi.de\/erscheinung-des-herrn\/wp-content\/uploads\/sites\/3\/2023\/02\/Konzept-Kiga-EdH_neu-2022.pdf\" target=\"_blank\" rel=\"noopener\"><img loading=\"lazy\" decoding=\"async\" class=\"alignnone size-full wp-image-11737\" src=\"https:\/\/www.pfarrverband-salvator-mundi.de\/erscheinung-des-herrn\/wp-content\/uploads\/sites\/3\/2023\/02\/Titel_Konzept-Kiga-EdH_neu-2022.jpg\" alt=\"\" width=\"215\" height=\"304\" srcset=\"https:\/\/www.pfarrverband-salvator-mundi.de\/erscheinung-des-herrn\/wp-content\/uploads\/sites\/3\/2023\/02\/Titel_Konzept-Kiga-EdH_neu-2022.jpg 215w, https:\/\/www.pfarrverband-salvator-mundi.de\/erscheinung-des-herrn\/wp-content\/uploads\/sites\/3\/2023\/02\/Titel_Konzept-Kiga-EdH_neu-2022-212x300.jpg 212w\" sizes=\"auto, (max-width: 215px) 100vw, 215px\" \/><\/a><\/p>\n<p>Wenn Sie auf den Titel klicken k\u00f6nnen Sie das <strong>aktuelle Konzept des Kindergartens<\/strong> aufrufen und als pdf-Datei online lesen, oder sich einzelne Seiten ausdrucken.<\/p>\n<hr>\n<h3>Schutzkonzept des Kindergartens<\/h3>\n<p><strong>Grundhaltung: Wertsch\u00e4tzung und Respekt<\/strong><\/p>\n<p>Jedes Kind hat das Recht auf Schutz, sowohl k\u00f6rperlich, seelisch als auch geistig. Nur in einem von Respekt und Achtsamkeit gepr\u00e4gten Umfeld, k\u00f6nnen sich die Kinder angstfrei und ungezwungen entwickeln. Die Rechte der Kinder werden von allen Teammitgliedern ernst genommen, respektiert und geschu\u0308tzt. Nur so k\u00f6nnen wir einen Rahmen in der Kita schaffen, indem die Kinder das n\u00f6tige Vertrauen und die Sicherheit haben, mit all ihren Anliegen offen und angstfrei an die P\u00e4dagogen zu wenden und Hilfe zu erhalten.<br \/>\nGemeinsam im Team haben wir uns Gedanken gemacht, wie wir dieser gro\u00dfen Verantwortung gerecht werden k\u00f6nnen. Als p\u00e4dagogische Mitarbeiterinnen und Mitarbeiter einer kath. Einrichtung haben wir eine klare Grundhaltung, die entsprechend des christlichen Menschenbildes gepr\u00e4gt ist von Wertsch\u00e4tzung, Respekt und Vertrauen gegenu\u0308ber allen Menschen.<\/p>\n<p><a href=\"https:\/\/www.pfarrverband-salvator-mundi.de\/erscheinung-des-herrn\/wp-content\/uploads\/sites\/3\/2023\/02\/Schutzkonzept-Kiga-EdH_neu-2022.pdf\" target=\"_blank\" rel=\"noopener\"><img loading=\"lazy\" decoding=\"async\" class=\"alignnone size-full wp-image-11782\" src=\"https:\/\/www.pfarrverband-salvator-mundi.de\/erscheinung-des-herrn\/wp-content\/uploads\/sites\/3\/2023\/02\/Titel_Schutzkonzept-Kiga-EdH_neu-2022.jpg\" alt=\"\" width=\"215\" height=\"304\" srcset=\"https:\/\/www.pfarrverband-salvator-mundi.de\/erscheinung-des-herrn\/wp-content\/uploads\/sites\/3\/2023\/02\/Titel_Schutzkonzept-Kiga-EdH_neu-2022.jpg 215w, https:\/\/www.pfarrverband-salvator-mundi.de\/erscheinung-des-herrn\/wp-content\/uploads\/sites\/3\/2023\/02\/Titel_Schutzkonzept-Kiga-EdH_neu-2022-212x300.jpg 212w\" sizes=\"auto, (max-width: 215px) 100vw, 215px\" \/><\/a><\/p>\n<p>Auch hier k\u00f6nnen Sie durch einen Klick auf den Titel das <strong>aktuelle Schutzkonzept des Kindergartens<\/strong> aufrufen und als pdf-Datei online lesen, oder sich einzelne Seiten ausdrucken.<\/p>\n","protected":false},"excerpt":{"rendered":"<p>Die Konzepte des Kindergartens Das Konzept \u2013 Leitbild \u201eWir k\u00f6nnen Kinder nach unserem Sinne nicht formen! So wie Gott sie uns gab, so muss man sie haben und lieben\u201c Durch verl\u00e4ssliche Beziehungen und einen sicheren Rahmen in einer Welt, die zunehmend global und multikulturell gepr\u00e4gt ist wollen wir die Kinder zur Eigenverantwortung und Solidarit\u00e4t erziehen. [&hellip;]<\/p>\n","protected":false},"author":1,"featured_media":0,"parent":65,"menu_order":1,"comment_status":"closed","ping_status":"closed","template":"","meta":{"ngg_post_thumbnail":0,"footnotes":""},"class_list":["post-417","page","type-page","status-publish","czr-hentry"],"yoast_head":"<!-- This site is optimized with the Yoast SEO plugin v27.5 - https:\/\/yoast.com\/product\/yoast-seo-wordpress\/ -->\n<title>Konzepte Kindergarten - Pfarrei Erscheinung des Herrn<\/title>\n<meta name=\"robots\" content=\"index, follow, max-snippet:-1, max-image-preview:large, max-video-preview:-1\" \/>\n<link rel=\"canonical\" href=\"https:\/\/www.pfarrverband-salvator-mundi.de\/erscheinung-des-herrn\/kindergarten\/konzept\/\" \/>\n<meta property=\"og:locale\" content=\"de_DE\" \/>\n<meta property=\"og:type\" content=\"article\" \/>\n<meta property=\"og:title\" content=\"Konzepte Kindergarten - Pfarrei Erscheinung des Herrn\" \/>\n<meta property=\"og:description\" content=\"Die Konzepte des Kindergartens Das Konzept \u2013 Leitbild \u201eWir k\u00f6nnen Kinder nach unserem Sinne nicht formen! So wie Gott sie uns gab, so muss man sie haben und lieben\u201c Durch verl\u00e4ssliche Beziehungen und einen sicheren Rahmen in einer Welt, die zunehmend global und multikulturell gepr\u00e4gt ist wollen wir die Kinder zur Eigenverantwortung und Solidarit\u00e4t erziehen. [&hellip;]\" \/>\n<meta property=\"og:url\" content=\"https:\/\/www.pfarrverband-salvator-mundi.de\/erscheinung-des-herrn\/kindergarten\/konzept\/\" \/>\n<meta property=\"og:site_name\" content=\"Pfarrei Erscheinung des Herrn\" \/>\n<meta property=\"article:modified_time\" content=\"2023-02-20T08:57:59+00:00\" \/>\n<meta property=\"og:image\" content=\"https:\/\/www.pfarrverband-salvator-mundi.de\/erscheinung-des-herrn\/wp-content\/uploads\/sites\/3\/2023\/02\/Titel_Konzept-Kiga-EdH_neu-2022.jpg\" \/>\n<meta name=\"twitter:card\" content=\"summary_large_image\" \/>\n<meta name=\"twitter:label1\" content=\"Gesch\u00e4tzte Lesezeit\" \/>\n\t<meta name=\"twitter:data1\" content=\"3\u00a0Minuten\" \/>\n<script type=\"application\/ld+json\" class=\"yoast-schema-graph\">{\"@context\":\"https:\\\/\\\/schema.org\",\"@graph\":[{\"@type\":\"WebPage\",\"@id\":\"https:\\\/\\\/www.pfarrverband-salvator-mundi.de\\\/erscheinung-des-herrn\\\/kindergarten\\\/konzept\\\/\",\"url\":\"https:\\\/\\\/www.pfarrverband-salvator-mundi.de\\\/erscheinung-des-herrn\\\/kindergarten\\\/konzept\\\/\",\"name\":\"Konzepte Kindergarten - Pfarrei Erscheinung des Herrn\",\"isPartOf\":{\"@id\":\"https:\\\/\\\/www.pfarrverband-salvator-mundi.de\\\/erscheinung-des-herrn\\\/#website\"},\"primaryImageOfPage\":{\"@id\":\"https:\\\/\\\/www.pfarrverband-salvator-mundi.de\\\/erscheinung-des-herrn\\\/kindergarten\\\/konzept\\\/#primaryimage\"},\"image\":{\"@id\":\"https:\\\/\\\/www.pfarrverband-salvator-mundi.de\\\/erscheinung-des-herrn\\\/kindergarten\\\/konzept\\\/#primaryimage\"},\"thumbnailUrl\":\"https:\\\/\\\/www.pfarrverband-salvator-mundi.de\\\/erscheinung-des-herrn\\\/wp-content\\\/uploads\\\/sites\\\/3\\\/2023\\\/02\\\/Titel_Konzept-Kiga-EdH_neu-2022.jpg\",\"datePublished\":\"2016-03-30T16:15:45+00:00\",\"dateModified\":\"2023-02-20T08:57:59+00:00\",\"breadcrumb\":{\"@id\":\"https:\\\/\\\/www.pfarrverband-salvator-mundi.de\\\/erscheinung-des-herrn\\\/kindergarten\\\/konzept\\\/#breadcrumb\"},\"inLanguage\":\"de\",\"potentialAction\":[{\"@type\":\"ReadAction\",\"target\":[\"https:\\\/\\\/www.pfarrverband-salvator-mundi.de\\\/erscheinung-des-herrn\\\/kindergarten\\\/konzept\\\/\"]}]},{\"@type\":\"ImageObject\",\"inLanguage\":\"de\",\"@id\":\"https:\\\/\\\/www.pfarrverband-salvator-mundi.de\\\/erscheinung-des-herrn\\\/kindergarten\\\/konzept\\\/#primaryimage\",\"url\":\"https:\\\/\\\/www.pfarrverband-salvator-mundi.de\\\/erscheinung-des-herrn\\\/wp-content\\\/uploads\\\/sites\\\/3\\\/2023\\\/02\\\/Titel_Konzept-Kiga-EdH_neu-2022.jpg\",\"contentUrl\":\"https:\\\/\\\/www.pfarrverband-salvator-mundi.de\\\/erscheinung-des-herrn\\\/wp-content\\\/uploads\\\/sites\\\/3\\\/2023\\\/02\\\/Titel_Konzept-Kiga-EdH_neu-2022.jpg\",\"width\":215,\"height\":304},{\"@type\":\"BreadcrumbList\",\"@id\":\"https:\\\/\\\/www.pfarrverband-salvator-mundi.de\\\/erscheinung-des-herrn\\\/kindergarten\\\/konzept\\\/#breadcrumb\",\"itemListElement\":[{\"@type\":\"ListItem\",\"position\":1,\"name\":\"Home\",\"item\":\"https:\\\/\\\/www.pfarrverband-salvator-mundi.de\\\/erscheinung-des-herrn\\\/\"},{\"@type\":\"ListItem\",\"position\":2,\"name\":\"Kindergarten\",\"item\":\"https:\\\/\\\/www.pfarrverband-salvator-mundi.de\\\/erscheinung-des-herrn\\\/kindergarten\\\/\"},{\"@type\":\"ListItem\",\"position\":3,\"name\":\"Konzepte Kindergarten\"}]},{\"@type\":\"WebSite\",\"@id\":\"https:\\\/\\\/www.pfarrverband-salvator-mundi.de\\\/erscheinung-des-herrn\\\/#website\",\"url\":\"https:\\\/\\\/www.pfarrverband-salvator-mundi.de\\\/erscheinung-des-herrn\\\/\",\"name\":\"Pfarrei Erscheinung des Herrn\",\"description\":\"Teil des Pfarrverbands Salvator Mundi\",\"potentialAction\":[{\"@type\":\"SearchAction\",\"target\":{\"@type\":\"EntryPoint\",\"urlTemplate\":\"https:\\\/\\\/www.pfarrverband-salvator-mundi.de\\\/erscheinung-des-herrn\\\/?s={search_term_string}\"},\"query-input\":{\"@type\":\"PropertyValueSpecification\",\"valueRequired\":true,\"valueName\":\"search_term_string\"}}],\"inLanguage\":\"de\"}]}<\/script>\n<!-- \/ Yoast SEO plugin. -->","yoast_head_json":{"title":"Konzepte Kindergarten - Pfarrei Erscheinung des Herrn","robots":{"index":"index","follow":"follow","max-snippet":"max-snippet:-1","max-image-preview":"max-image-preview:large","max-video-preview":"max-video-preview:-1"},"canonical":"https:\/\/www.pfarrverband-salvator-mundi.de\/erscheinung-des-herrn\/kindergarten\/konzept\/","og_locale":"de_DE","og_type":"article","og_title":"Konzepte Kindergarten - Pfarrei Erscheinung des Herrn","og_description":"Die Konzepte des Kindergartens Das Konzept \u2013 Leitbild \u201eWir k\u00f6nnen Kinder nach unserem Sinne nicht formen! So wie Gott sie uns gab, so muss man sie haben und lieben\u201c Durch verl\u00e4ssliche Beziehungen und einen sicheren Rahmen in einer Welt, die zunehmend global und multikulturell gepr\u00e4gt ist wollen wir die Kinder zur Eigenverantwortung und Solidarit\u00e4t erziehen. [&hellip;]","og_url":"https:\/\/www.pfarrverband-salvator-mundi.de\/erscheinung-des-herrn\/kindergarten\/konzept\/","og_site_name":"Pfarrei Erscheinung des Herrn","article_modified_time":"2023-02-20T08:57:59+00:00","og_image":[{"url":"https:\/\/www.pfarrverband-salvator-mundi.de\/erscheinung-des-herrn\/wp-content\/uploads\/sites\/3\/2023\/02\/Titel_Konzept-Kiga-EdH_neu-2022.jpg","type":"","width":"","height":""}],"twitter_card":"summary_large_image","twitter_misc":{"Gesch\u00e4tzte Lesezeit":"3\u00a0Minuten"},"schema":{"@context":"https:\/\/schema.org","@graph":[{"@type":"WebPage","@id":"https:\/\/www.pfarrverband-salvator-mundi.de\/erscheinung-des-herrn\/kindergarten\/konzept\/","url":"https:\/\/www.pfarrverband-salvator-mundi.de\/erscheinung-des-herrn\/kindergarten\/konzept\/","name":"Konzepte Kindergarten - Pfarrei Erscheinung des Herrn","isPartOf":{"@id":"https:\/\/www.pfarrverband-salvator-mundi.de\/erscheinung-des-herrn\/#website"},"primaryImageOfPage":{"@id":"https:\/\/www.pfarrverband-salvator-mundi.de\/erscheinung-des-herrn\/kindergarten\/konzept\/#primaryimage"},"image":{"@id":"https:\/\/www.pfarrverband-salvator-mundi.de\/erscheinung-des-herrn\/kindergarten\/konzept\/#primaryimage"},"thumbnailUrl":"https:\/\/www.pfarrverband-salvator-mundi.de\/erscheinung-des-herrn\/wp-content\/uploads\/sites\/3\/2023\/02\/Titel_Konzept-Kiga-EdH_neu-2022.jpg","datePublished":"2016-03-30T16:15:45+00:00","dateModified":"2023-02-20T08:57:59+00:00","breadcrumb":{"@id":"https:\/\/www.pfarrverband-salvator-mundi.de\/erscheinung-des-herrn\/kindergarten\/konzept\/#breadcrumb"},"inLanguage":"de","potentialAction":[{"@type":"ReadAction","target":["https:\/\/www.pfarrverband-salvator-mundi.de\/erscheinung-des-herrn\/kindergarten\/konzept\/"]}]},{"@type":"ImageObject","inLanguage":"de","@id":"https:\/\/www.pfarrverband-salvator-mundi.de\/erscheinung-des-herrn\/kindergarten\/konzept\/#primaryimage","url":"https:\/\/www.pfarrverband-salvator-mundi.de\/erscheinung-des-herrn\/wp-content\/uploads\/sites\/3\/2023\/02\/Titel_Konzept-Kiga-EdH_neu-2022.jpg","contentUrl":"https:\/\/www.pfarrverband-salvator-mundi.de\/erscheinung-des-herrn\/wp-content\/uploads\/sites\/3\/2023\/02\/Titel_Konzept-Kiga-EdH_neu-2022.jpg","width":215,"height":304},{"@type":"BreadcrumbList","@id":"https:\/\/www.pfarrverband-salvator-mundi.de\/erscheinung-des-herrn\/kindergarten\/konzept\/#breadcrumb","itemListElement":[{"@type":"ListItem","position":1,"name":"Home","item":"https:\/\/www.pfarrverband-salvator-mundi.de\/erscheinung-des-herrn\/"},{"@type":"ListItem","position":2,"name":"Kindergarten","item":"https:\/\/www.pfarrverband-salvator-mundi.de\/erscheinung-des-herrn\/kindergarten\/"},{"@type":"ListItem","position":3,"name":"Konzepte Kindergarten"}]},{"@type":"WebSite","@id":"https:\/\/www.pfarrverband-salvator-mundi.de\/erscheinung-des-herrn\/#website","url":"https:\/\/www.pfarrverband-salvator-mundi.de\/erscheinung-des-herrn\/","name":"Pfarrei Erscheinung des Herrn","description":"Teil des Pfarrverbands Salvator Mundi","potentialAction":[{"@type":"SearchAction","target":{"@type":"EntryPoint","urlTemplate":"https:\/\/www.pfarrverband-salvator-mundi.de\/erscheinung-des-herrn\/?s={search_term_string}"},"query-input":{"@type":"PropertyValueSpecification","valueRequired":true,"valueName":"search_term_string"}}],"inLanguage":"de"}]}},"_links":{"self":[{"href":"https:\/\/www.pfarrverband-salvator-mundi.de\/erscheinung-des-herrn\/wp-json\/wp\/v2\/pages\/417","targetHints":{"allow":["GET"]}}],"collection":[{"href":"https:\/\/www.pfarrverband-salvator-mundi.de\/erscheinung-des-herrn\/wp-json\/wp\/v2\/pages"}],"about":[{"href":"https:\/\/www.pfarrverband-salvator-mundi.de\/erscheinung-des-herrn\/wp-json\/wp\/v2\/types\/page"}],"author":[{"embeddable":true,"href":"https:\/\/www.pfarrverband-salvator-mundi.de\/erscheinung-des-herrn\/wp-json\/wp\/v2\/users\/1"}],"replies":[{"embeddable":true,"href":"https:\/\/www.pfarrverband-salvator-mundi.de\/erscheinung-des-herrn\/wp-json\/wp\/v2\/comments?post=417"}],"version-history":[{"count":22,"href":"https:\/\/www.pfarrverband-salvator-mundi.de\/erscheinung-des-herrn\/wp-json\/wp\/v2\/pages\/417\/revisions"}],"predecessor-version":[{"id":11792,"href":"https:\/\/www.pfarrverband-salvator-mundi.de\/erscheinung-des-herrn\/wp-json\/wp\/v2\/pages\/417\/revisions\/11792"}],"up":[{"embeddable":true,"href":"https:\/\/www.pfarrverband-salvator-mundi.de\/erscheinung-des-herrn\/wp-json\/wp\/v2\/pages\/65"}],"wp:attachment":[{"href":"https:\/\/www.pfarrverband-salvator-mundi.de\/erscheinung-des-herrn\/wp-json\/wp\/v2\/media?parent=417"}],"curies":[{"name":"wp","href":"https:\/\/api.w.org\/{rel}","templated":true}]}}