{"id":50,"date":"2016-03-04T10:27:53","date_gmt":"2016-03-04T09:27:53","guid":{"rendered":"http:\/\/www.pfarrverband-salvator-mundi.de\/erscheinung-des-herrn\/?page_id=50"},"modified":"2025-08-29T09:55:04","modified_gmt":"2025-08-29T07:55:04","slug":"seelsorge","status":"publish","type":"page","link":"https:\/\/www.pfarrverband-salvator-mundi.de\/erscheinung-des-herrn\/seelsorge\/","title":{"rendered":"Seelsorge-Team"},"content":{"rendered":"\n<h1 class=\"wp-block-heading jqDnR\" id=\"idTextPanel\">Die Seelsorger\/innen des Pfarrverbandes im \u00dcberblick<strong><br><\/strong><\/h1>\n\n\n\n<figure class=\"wp-block-table\"><table class=\"has-fixed-layout\"><tbody><tr><td><figure><img loading=\"lazy\" decoding=\"async\" class=\"alignnone size-full wp-image-5725\" src=\"https:\/\/www.pfarrverband-salvator-mundi.de\/wp-content\/uploads\/2020\/11\/Tadeusz-Zielinski_1268_200x257.jpg\" alt=\"\" width=\"200\" height=\"257\"><\/figure><br><strong>Pater Tadeusz Zielinski SDS<\/strong><br>Pfarrverbandsleiter in Salvator Mundi<br>Pfarrer in St. Willibald, Erscheinung des Herrn<br>und Fronleichnam<br>Agnes-Bernauer-Str. 181, 80687 M\u00fcnchen<br>Tel. 089-54 67 37-11<br><a href=\"mailto:tadeusz.zielinski@salvatorianer.de\" target=\"_blank\" rel=\"noopener\">tadeusz.zielinski@salvatorianer.de<\/a>&nbsp;<\/td><td><figure><img loading=\"lazy\" decoding=\"async\" width=\"200\" height=\"257\" class=\"alignnone size-full wp-image-5726\" src=\"https:\/\/www.pfarrverband-salvator-mundi.de\/wp-content\/uploads\/2020\/11\/Marek-Bednarsk_1263_200x257.jpg\" alt=\"\"><\/figure><br><strong>Pater Marek Bednarski SDS<\/strong><br>Pfarrvikar in Salvator Mundi<br>Pfarrvikar in St. Willibald, Erscheinung des Herrn<br>und Fronleichnam<br><em><strong>Ansprechpartner und Schwerpunkt in Fronleichnam<\/strong><\/em><br>Agnes-Bernauer-Str. 181, 80687 M\u00fcnchen<br>Tel. 089-54 67 37-48<br><a href=\"mailto:marek.bednarski@salvatorianer.de\" target=\"_blank\" rel=\"noopener noreferrer\">marek.bednarski@salvatorianer.de<\/a>\u00a0<\/td><\/tr><tr><td><figure><img loading=\"lazy\" decoding=\"async\" class=\"alignnone size-full wp-image-7441\" src=\"https:\/\/www.pfarrverband-salvator-mundi.de\/wp-content\/uploads\/2023\/01\/Spahn-Christian-001-5069_web.jpg\" alt=\"\" width=\"200\" height=\"257\"><\/figure><br><strong>Christian Spahn<\/strong><br>Diakon im Pfarrverband<br>Diakon in St. Willibald, Erscheinung des Herrn<br>und Fronleichnam<br>Terofalstr. 66, 80689 M\u00fcnchen<br>Tel. 089-700766-75<br><a href=\"mailto:cspahn@ebmuc.de\" target=\"_blank\" rel=\"noopener\">cspahn@ebmuc.de<\/a><\/td><td><figure><img loading=\"lazy\" decoding=\"async\" class=\"alignnone size-full wp-image-7834\" src=\"https:\/\/www.pfarrverband-salvator-mundi.de\/wp-content\/uploads\/2023\/12\/Stefan-Oana_200x257.jpg\" alt=\"\" width=\"200\" height=\"257\"><\/figure><br><strong>Diakon Dr. Stefan Oana<\/strong><br>Diakon in der Pastoral f\u00fcr Menschen<br>mit Behinderung im M\u00fcnchener Westen<br>mit Sitz in Erscheinung des Herrn<br>Terofalstr. 66, 80689 M\u00fcnchen<br>Tel. 0151-463 475 87<br><a href=\"mailto:soana@ebmuc.de\" target=\"_blank\" rel=\"noopener\">soana@ebmuc.de<\/a><\/td><\/tr><tr><td><figure><img loading=\"lazy\" decoding=\"async\" class=\"alignnone size-full wp-image-5732\" src=\"https:\/\/www.pfarrverband-salvator-mundi.de\/wp-content\/uploads\/2020\/11\/Hanna-Lo\u0308ffler_1251_200x257.jpg\" alt=\"\" width=\"200\" height=\"257\"><\/figure><br><strong>Hannah L\u00f6ffler<\/strong><br>Gemeindereferentin im Pfarrverband<br>Ansprechpartnerin und Schwerpunkt in<br>St. Willibald und Erscheinung des Herrn<br>Agnes-Bernauer-Str. 181, 80687 M\u00fcnchen<br>Tel. 089-54 67 37-0<br><a href=\"mailto:jloeffler@ebmuc.de\" target=\"_blank\" rel=\"noopener\">jloeffler@ebmuc.de<\/a><\/td><td>&nbsp;<\/td><\/tr><\/tbody><\/table><\/figure>\n","protected":false},"excerpt":{"rendered":"<p>Die Seelsorger\/innen des Pfarrverbandes im \u00dcberblick Pater Tadeusz Zielinski SDSPfarrverbandsleiter in Salvator MundiPfarrer in St. Willibald, Erscheinung des Herrnund FronleichnamAgnes-Bernauer-Str. 181, 80687 M\u00fcnchenTel. 089-54 67 37-11tadeusz.zielinski@salvatorianer.de&nbsp; Pater Marek Bednarski SDSPfarrvikar in Salvator MundiPfarrvikar in St. Willibald, Erscheinung des Herrnund FronleichnamAnsprechpartner und Schwerpunkt in FronleichnamAgnes-Bernauer-Str. 181, 80687 M\u00fcnchenTel. 089-54 67 37-48marek.bednarski@salvatorianer.de\u00a0 Christian SpahnDiakon im PfarrverbandDiakon in [&hellip;]<\/p>\n","protected":false},"author":1,"featured_media":0,"parent":0,"menu_order":7,"comment_status":"closed","ping_status":"closed","template":"","meta":{"ngg_post_thumbnail":0,"footnotes":""},"class_list":["post-50","page","type-page","status-publish","czr-hentry"],"yoast_head":"<!-- This site is optimized with the Yoast SEO plugin v27.4 - https:\/\/yoast.com\/product\/yoast-seo-wordpress\/ -->\n<title>Seelsorge-Team - Pfarrei Erscheinung des Herrn<\/title>\n<meta name=\"robots\" content=\"index, follow, max-snippet:-1, max-image-preview:large, max-video-preview:-1\" \/>\n<link rel=\"canonical\" href=\"https:\/\/www.pfarrverband-salvator-mundi.de\/erscheinung-des-herrn\/seelsorge\/\" \/>\n<meta property=\"og:locale\" content=\"de_DE\" \/>\n<meta property=\"og:type\" content=\"article\" \/>\n<meta property=\"og:title\" content=\"Seelsorge-Team - Pfarrei Erscheinung des Herrn\" \/>\n<meta property=\"og:description\" content=\"Die Seelsorger\/innen des Pfarrverbandes im \u00dcberblick Pater Tadeusz Zielinski SDSPfarrverbandsleiter in Salvator MundiPfarrer in St. Willibald, Erscheinung des Herrnund FronleichnamAgnes-Bernauer-Str. 181, 80687 M\u00fcnchenTel. 089-54 67 37-11tadeusz.zielinski@salvatorianer.de&nbsp; Pater Marek Bednarski SDSPfarrvikar in Salvator MundiPfarrvikar in St. Willibald, Erscheinung des Herrnund FronleichnamAnsprechpartner und Schwerpunkt in FronleichnamAgnes-Bernauer-Str. 181, 80687 M\u00fcnchenTel. 089-54 67 37-48marek.bednarski@salvatorianer.de\u00a0 Christian SpahnDiakon im PfarrverbandDiakon in [&hellip;]\" \/>\n<meta property=\"og:url\" content=\"https:\/\/www.pfarrverband-salvator-mundi.de\/erscheinung-des-herrn\/seelsorge\/\" \/>\n<meta property=\"og:site_name\" content=\"Pfarrei Erscheinung des Herrn\" \/>\n<meta property=\"article:modified_time\" content=\"2025-08-29T07:55:04+00:00\" \/>\n<meta name=\"twitter:card\" content=\"summary_large_image\" \/>\n<meta name=\"twitter:label1\" content=\"Gesch\u00e4tzte Lesezeit\" \/>\n\t<meta name=\"twitter:data1\" content=\"2\u00a0Minuten\" \/>\n<script type=\"application\/ld+json\" class=\"yoast-schema-graph\">{\"@context\":\"https:\\\/\\\/schema.org\",\"@graph\":[{\"@type\":\"WebPage\",\"@id\":\"https:\\\/\\\/www.pfarrverband-salvator-mundi.de\\\/erscheinung-des-herrn\\\/seelsorge\\\/\",\"url\":\"https:\\\/\\\/www.pfarrverband-salvator-mundi.de\\\/erscheinung-des-herrn\\\/seelsorge\\\/\",\"name\":\"Seelsorge-Team - Pfarrei Erscheinung des Herrn\",\"isPartOf\":{\"@id\":\"https:\\\/\\\/www.pfarrverband-salvator-mundi.de\\\/erscheinung-des-herrn\\\/#website\"},\"primaryImageOfPage\":{\"@id\":\"https:\\\/\\\/www.pfarrverband-salvator-mundi.de\\\/erscheinung-des-herrn\\\/seelsorge\\\/#primaryimage\"},\"image\":{\"@id\":\"https:\\\/\\\/www.pfarrverband-salvator-mundi.de\\\/erscheinung-des-herrn\\\/seelsorge\\\/#primaryimage\"},\"thumbnailUrl\":\"https:\\\/\\\/www.pfarrverband-salvator-mundi.de\\\/wp-content\\\/uploads\\\/2020\\\/11\\\/Tadeusz-Zielinski_1268_200x257.jpg\",\"datePublished\":\"2016-03-04T09:27:53+00:00\",\"dateModified\":\"2025-08-29T07:55:04+00:00\",\"breadcrumb\":{\"@id\":\"https:\\\/\\\/www.pfarrverband-salvator-mundi.de\\\/erscheinung-des-herrn\\\/seelsorge\\\/#breadcrumb\"},\"inLanguage\":\"de\",\"potentialAction\":[{\"@type\":\"ReadAction\",\"target\":[\"https:\\\/\\\/www.pfarrverband-salvator-mundi.de\\\/erscheinung-des-herrn\\\/seelsorge\\\/\"]}]},{\"@type\":\"ImageObject\",\"inLanguage\":\"de\",\"@id\":\"https:\\\/\\\/www.pfarrverband-salvator-mundi.de\\\/erscheinung-des-herrn\\\/seelsorge\\\/#primaryimage\",\"url\":\"https:\\\/\\\/www.pfarrverband-salvator-mundi.de\\\/wp-content\\\/uploads\\\/2020\\\/11\\\/Tadeusz-Zielinski_1268_200x257.jpg\",\"contentUrl\":\"https:\\\/\\\/www.pfarrverband-salvator-mundi.de\\\/wp-content\\\/uploads\\\/2020\\\/11\\\/Tadeusz-Zielinski_1268_200x257.jpg\"},{\"@type\":\"BreadcrumbList\",\"@id\":\"https:\\\/\\\/www.pfarrverband-salvator-mundi.de\\\/erscheinung-des-herrn\\\/seelsorge\\\/#breadcrumb\",\"itemListElement\":[{\"@type\":\"ListItem\",\"position\":1,\"name\":\"Home\",\"item\":\"https:\\\/\\\/www.pfarrverband-salvator-mundi.de\\\/erscheinung-des-herrn\\\/\"},{\"@type\":\"ListItem\",\"position\":2,\"name\":\"Seelsorge-Team\"}]},{\"@type\":\"WebSite\",\"@id\":\"https:\\\/\\\/www.pfarrverband-salvator-mundi.de\\\/erscheinung-des-herrn\\\/#website\",\"url\":\"https:\\\/\\\/www.pfarrverband-salvator-mundi.de\\\/erscheinung-des-herrn\\\/\",\"name\":\"Pfarrei Erscheinung des Herrn\",\"description\":\"Teil des Pfarrverbands Salvator Mundi\",\"potentialAction\":[{\"@type\":\"SearchAction\",\"target\":{\"@type\":\"EntryPoint\",\"urlTemplate\":\"https:\\\/\\\/www.pfarrverband-salvator-mundi.de\\\/erscheinung-des-herrn\\\/?s={search_term_string}\"},\"query-input\":{\"@type\":\"PropertyValueSpecification\",\"valueRequired\":true,\"valueName\":\"search_term_string\"}}],\"inLanguage\":\"de\"}]}<\/script>\n<!-- \/ Yoast SEO plugin. -->","yoast_head_json":{"title":"Seelsorge-Team - Pfarrei Erscheinung des Herrn","robots":{"index":"index","follow":"follow","max-snippet":"max-snippet:-1","max-image-preview":"max-image-preview:large","max-video-preview":"max-video-preview:-1"},"canonical":"https:\/\/www.pfarrverband-salvator-mundi.de\/erscheinung-des-herrn\/seelsorge\/","og_locale":"de_DE","og_type":"article","og_title":"Seelsorge-Team - Pfarrei Erscheinung des Herrn","og_description":"Die Seelsorger\/innen des Pfarrverbandes im \u00dcberblick Pater Tadeusz Zielinski SDSPfarrverbandsleiter in Salvator MundiPfarrer in St. Willibald, Erscheinung des Herrnund FronleichnamAgnes-Bernauer-Str. 181, 80687 M\u00fcnchenTel. 089-54 67 37-11tadeusz.zielinski@salvatorianer.de&nbsp; Pater Marek Bednarski SDSPfarrvikar in Salvator MundiPfarrvikar in St. Willibald, Erscheinung des Herrnund FronleichnamAnsprechpartner und Schwerpunkt in FronleichnamAgnes-Bernauer-Str. 181, 80687 M\u00fcnchenTel. 089-54 67 37-48marek.bednarski@salvatorianer.de\u00a0 Christian SpahnDiakon im PfarrverbandDiakon in [&hellip;]","og_url":"https:\/\/www.pfarrverband-salvator-mundi.de\/erscheinung-des-herrn\/seelsorge\/","og_site_name":"Pfarrei Erscheinung des Herrn","article_modified_time":"2025-08-29T07:55:04+00:00","twitter_card":"summary_large_image","twitter_misc":{"Gesch\u00e4tzte Lesezeit":"2\u00a0Minuten"},"schema":{"@context":"https:\/\/schema.org","@graph":[{"@type":"WebPage","@id":"https:\/\/www.pfarrverband-salvator-mundi.de\/erscheinung-des-herrn\/seelsorge\/","url":"https:\/\/www.pfarrverband-salvator-mundi.de\/erscheinung-des-herrn\/seelsorge\/","name":"Seelsorge-Team - Pfarrei Erscheinung des Herrn","isPartOf":{"@id":"https:\/\/www.pfarrverband-salvator-mundi.de\/erscheinung-des-herrn\/#website"},"primaryImageOfPage":{"@id":"https:\/\/www.pfarrverband-salvator-mundi.de\/erscheinung-des-herrn\/seelsorge\/#primaryimage"},"image":{"@id":"https:\/\/www.pfarrverband-salvator-mundi.de\/erscheinung-des-herrn\/seelsorge\/#primaryimage"},"thumbnailUrl":"https:\/\/www.pfarrverband-salvator-mundi.de\/wp-content\/uploads\/2020\/11\/Tadeusz-Zielinski_1268_200x257.jpg","datePublished":"2016-03-04T09:27:53+00:00","dateModified":"2025-08-29T07:55:04+00:00","breadcrumb":{"@id":"https:\/\/www.pfarrverband-salvator-mundi.de\/erscheinung-des-herrn\/seelsorge\/#breadcrumb"},"inLanguage":"de","potentialAction":[{"@type":"ReadAction","target":["https:\/\/www.pfarrverband-salvator-mundi.de\/erscheinung-des-herrn\/seelsorge\/"]}]},{"@type":"ImageObject","inLanguage":"de","@id":"https:\/\/www.pfarrverband-salvator-mundi.de\/erscheinung-des-herrn\/seelsorge\/#primaryimage","url":"https:\/\/www.pfarrverband-salvator-mundi.de\/wp-content\/uploads\/2020\/11\/Tadeusz-Zielinski_1268_200x257.jpg","contentUrl":"https:\/\/www.pfarrverband-salvator-mundi.de\/wp-content\/uploads\/2020\/11\/Tadeusz-Zielinski_1268_200x257.jpg"},{"@type":"BreadcrumbList","@id":"https:\/\/www.pfarrverband-salvator-mundi.de\/erscheinung-des-herrn\/seelsorge\/#breadcrumb","itemListElement":[{"@type":"ListItem","position":1,"name":"Home","item":"https:\/\/www.pfarrverband-salvator-mundi.de\/erscheinung-des-herrn\/"},{"@type":"ListItem","position":2,"name":"Seelsorge-Team"}]},{"@type":"WebSite","@id":"https:\/\/www.pfarrverband-salvator-mundi.de\/erscheinung-des-herrn\/#website","url":"https:\/\/www.pfarrverband-salvator-mundi.de\/erscheinung-des-herrn\/","name":"Pfarrei Erscheinung des Herrn","description":"Teil des Pfarrverbands Salvator Mundi","potentialAction":[{"@type":"SearchAction","target":{"@type":"EntryPoint","urlTemplate":"https:\/\/www.pfarrverband-salvator-mundi.de\/erscheinung-des-herrn\/?s={search_term_string}"},"query-input":{"@type":"PropertyValueSpecification","valueRequired":true,"valueName":"search_term_string"}}],"inLanguage":"de"}]}},"_links":{"self":[{"href":"https:\/\/www.pfarrverband-salvator-mundi.de\/erscheinung-des-herrn\/wp-json\/wp\/v2\/pages\/50","targetHints":{"allow":["GET"]}}],"collection":[{"href":"https:\/\/www.pfarrverband-salvator-mundi.de\/erscheinung-des-herrn\/wp-json\/wp\/v2\/pages"}],"about":[{"href":"https:\/\/www.pfarrverband-salvator-mundi.de\/erscheinung-des-herrn\/wp-json\/wp\/v2\/types\/page"}],"author":[{"embeddable":true,"href":"https:\/\/www.pfarrverband-salvator-mundi.de\/erscheinung-des-herrn\/wp-json\/wp\/v2\/users\/1"}],"replies":[{"embeddable":true,"href":"https:\/\/www.pfarrverband-salvator-mundi.de\/erscheinung-des-herrn\/wp-json\/wp\/v2\/comments?post=50"}],"version-history":[{"count":52,"href":"https:\/\/www.pfarrverband-salvator-mundi.de\/erscheinung-des-herrn\/wp-json\/wp\/v2\/pages\/50\/revisions"}],"predecessor-version":[{"id":13892,"href":"https:\/\/www.pfarrverband-salvator-mundi.de\/erscheinung-des-herrn\/wp-json\/wp\/v2\/pages\/50\/revisions\/13892"}],"wp:attachment":[{"href":"https:\/\/www.pfarrverband-salvator-mundi.de\/erscheinung-des-herrn\/wp-json\/wp\/v2\/media?parent=50"}],"curies":[{"name":"wp","href":"https:\/\/api.w.org\/{rel}","templated":true}]}}