{"id":54,"date":"2016-03-04T10:28:27","date_gmt":"2016-03-04T09:28:27","guid":{"rendered":"http:\/\/www.pfarrverband-salvator-mundi.de\/erscheinung-des-herrn\/?page_id=54"},"modified":"2025-03-30T13:11:54","modified_gmt":"2025-03-30T11:11:54","slug":"kirchenverwaltung","status":"publish","type":"page","link":"https:\/\/www.pfarrverband-salvator-mundi.de\/erscheinung-des-herrn\/kirchenverwaltung\/","title":{"rendered":"Kirchenverwaltung"},"content":{"rendered":"\n<h1 class=\"wp-block-heading\">Die Kirchenverwaltung<\/h1>\n\n\n\n<figure class=\"wp-block-image size-full\"><a href=\"https:\/\/www.pfarrverband-salvator-mundi.de\/erscheinung-des-herrn\/wp-content\/uploads\/sites\/3\/2025\/03\/KV-EdH.jpg\"><img loading=\"lazy\" decoding=\"async\" width=\"800\" height=\"380\" src=\"https:\/\/www.pfarrverband-salvator-mundi.de\/erscheinung-des-herrn\/wp-content\/uploads\/sites\/3\/2025\/03\/KV-EdH.jpg\" alt=\"\" class=\"wp-image-13755\" srcset=\"https:\/\/www.pfarrverband-salvator-mundi.de\/erscheinung-des-herrn\/wp-content\/uploads\/sites\/3\/2025\/03\/KV-EdH.jpg 800w, https:\/\/www.pfarrverband-salvator-mundi.de\/erscheinung-des-herrn\/wp-content\/uploads\/sites\/3\/2025\/03\/KV-EdH-300x143.jpg 300w, https:\/\/www.pfarrverband-salvator-mundi.de\/erscheinung-des-herrn\/wp-content\/uploads\/sites\/3\/2025\/03\/KV-EdH-768x365.jpg 768w\" sizes=\"auto, (max-width: 800px) 100vw, 800px\" \/><\/a><\/figure>\n\n\n\n<p><strong>Die aktuelle Kirchenverwaltung besteht nun aus folgenden Mitgliedern<\/strong><\/p>\n\n\n\n<ul class=\"wp-block-list\">\n<li><strong>Peter Michael Widl<\/strong>: Er kommt aus unserer Pfarreijugend und wird sich informieren, wie wir noch besser Umweltgesichtspunkte in unsere Projekte aufnehmen k\u00f6nnen.<\/li>\n\n\n\n<li><strong>Irmgard Hofmann<\/strong>: Wiedergew\u00e4hltes KV-Mitglied, Sie unterst\u00fctzt uns durch ihre politische Erfahrung bei Antr\u00e4gen und Anfragen.<\/li>\n\n\n\n<li><strong>Pater Tadeusz<\/strong>: Als Leiter des Pfarrverbands und Kirchenverwaltungsvorstand vertritt er das Gremium nach au\u00dfen.<\/li>\n\n\n\n<li><strong>Stefanie Knapp<\/strong>: Neu in der KV ist sie unser Bindeglied zum Kindergarten und zu jungen Familien. Au\u00dferdem k\u00fcmmert sie sich um unsere Sicherheitstechnik.<\/li>\n\n\n\n<li><strong>Bernhard List<\/strong>: Er wohnt von Anfang an in der Blumenau und kennt sich in der Pfarrei\u00a0 bestens aus. F\u00fcr technische Fragen und Kontakte zu Handwerkern ist er der richtige Ansprechpartner.<\/li>\n\n\n\n<li><strong>Karl Naumann<\/strong>: Wohnt ebenfalls seit langem im Pfarreisprengel. Zusammen mit seiner Familie ist er immer wieder f\u00fcr verschiedene Projekte t\u00e4tig. Und seit letztem Jahr ist er auch unser Sicherheitsbeauftragter.<\/li>\n\n\n\n<li><strong>Monika Sterflinger<\/strong>: Sie ist zum dritten Mal in der Kirchenverwaltung und seit 2019 Kirchenpflegerin.<\/li>\n\n\n\n<li><strong>Matthias Hoffmann<\/strong>: Unser Verwaltungsleiter ist stellvertretender KV-Vorstand. Zur Entlastung von Pater Tadeusz leitet er die Sitzungen und ist das Bindeglied innerhalb des Pfarrverbands. Er unterst\u00fctzt und \u00fcbernimmt viele Arbeiten der Kirchenverwaltung.<\/li>\n\n\n\n<li><strong>Thomas Hoffmann (<em>nicht im Bild<\/em>)<\/strong>: Er unterst\u00fctzt uns seit vielen Jahren als beratendes Mitglied bei allen Fragen, die den Kindergarten betreffen.<\/li>\n<\/ul>\n\n\n\n<p>Wir danken allen KV-Mitgliedern f\u00fcr ihre Bereitschaft zur ehrenamtlichen T\u00e4tigkeit f\u00fcr eine Amtsperiode von 6 Jahren.<\/p>\n\n\n\n<hr class=\"wp-block-separator has-alpha-channel-opacity\"\/>\n\n\n\n<hr class=\"wp-block-separator has-alpha-channel-opacity\"\/>\n\n\n\n<p><span style=\"color: #005885;\"><strong>Neben ihrem geistlichen Leben, ihren Liturgien und kulturellen Angeboten, hat eine Pfarrei auch viele praktische Angelegenheiten zu verantworten:<\/strong><\/span><\/p>\n\n\n\n<ul class=\"wp-block-list\">\n<li>Kirchen und Pfarreigeb\u00e4ude m\u00fcssen gepflegt werden und vielen rechtlichen Normen entsprechen, z.B. hinsichtlich Sicherheit, Brandschutz oder technischer Wartung.<\/li>\n\n\n\n<li>Besonders wichtig ist die verantwortliche Personalverwaltung f\u00fcr alle Einrichtungen der Pfarrei, von der Einstellung bis zur Abrechnung.<\/li>\n\n\n\n<li>Das Verm\u00f6gen der Kirchenstiftung muss verwaltet und sinnvoll eingesetzt werden, z.B. f\u00fcr Personal, Renovierungen oder Anschaffungen.<\/li>\n<\/ul>\n\n\n\n<p>All diese wichtigen und verantwortungsvollen Aufgaben, ohne die das geistliche Leben unserer Pfarrei nicht m\u00f6glich w\u00e4re, werden von der Kirchenverwaltung wahrgenommen.<br>Die Kirchenverwaltung besteht aus einem Gremium ehrenamtlicher Pfarreimitglieder, die sich gemeinsam mit Pfarrer Pater Tadeusz und dem Verwaltungsleiter Matthias Hoffmann um s\u00e4mtliche verwaltungstechnischen Angelegenheiten der Pfarrei k\u00fcmmern.<br>Das ist die Weiterentwicklung und der Grund die Wahl von November auf jetzt zu verschieben:<br><strong>Mit dem Hauptamtlichen Matthias Hoffmann wird viel Last von den Ehrenamtlichen genommen \u2013 ein angemessenes Engagement wird wieder besser m\u00f6glich.<\/strong><\/p>\n\n\n\n<p>Die Wahl des Gremiums findet <strong>alle sechs Jahre<\/strong> statt und umfasst<strong> 6 Mitglieder.<\/strong><\/p>\n\n\n\n<p>Wie alle Pfarreien des Erzbistums hat auch unsere Pfarrei mit der Zunahme rechtlicher Vorgaben seitens des Gesetzgebers zu tun.<br>Diese betreffen u.a. Themen wie Bau, Personalabrechnung, Steuern oder Datenschutz.<br>Um diese Themen gemeinsam umsetzen zu k\u00f6nnen, ist ein starkes \u201eKV-Team\u201c n\u00f6tig, das sich, zusammen mit dem Verwaltungsleiter, in regelm\u00e4\u00dfigen Sitzungen, ca. einmal pro Monat trifft.<br>Wir freuen uns \u00fcber dieses vielseitige Team, in dem sich alle nach ihren M\u00f6glichkeiten und fachlichen Kompetenzen (z.B. im Bereich Finanzen, Logistik, Bau oder Personal) einsetzen.<\/p>\n\n\n\n<p><span style=\"color: #005885;\"><strong>Ansprechpartner:<\/strong><\/span><br><strong>Matthias Hoffmann<\/strong>, Verwaltungsleiter, Kontakt \u00fcber das Pfarramt.<\/p>\n","protected":false},"excerpt":{"rendered":"<p>Die Kirchenverwaltung Die aktuelle Kirchenverwaltung besteht nun aus folgenden Mitgliedern Wir danken allen KV-Mitgliedern f\u00fcr ihre Bereitschaft zur ehrenamtlichen T\u00e4tigkeit f\u00fcr eine Amtsperiode von 6 Jahren. Neben ihrem geistlichen Leben, ihren Liturgien und kulturellen Angeboten, hat eine Pfarrei auch viele praktische Angelegenheiten zu verantworten: All diese wichtigen und verantwortungsvollen Aufgaben, ohne die das geistliche Leben [&hellip;]<\/p>\n","protected":false},"author":1,"featured_media":0,"parent":0,"menu_order":9,"comment_status":"closed","ping_status":"closed","template":"","meta":{"ngg_post_thumbnail":0,"footnotes":""},"class_list":["post-54","page","type-page","status-publish","czr-hentry"],"yoast_head":"<!-- This site is optimized with the Yoast SEO plugin v27.5 - https:\/\/yoast.com\/product\/yoast-seo-wordpress\/ -->\n<title>Kirchenverwaltung - Pfarrei Erscheinung des Herrn<\/title>\n<meta name=\"robots\" content=\"index, follow, max-snippet:-1, max-image-preview:large, max-video-preview:-1\" \/>\n<link rel=\"canonical\" href=\"https:\/\/www.pfarrverband-salvator-mundi.de\/erscheinung-des-herrn\/kirchenverwaltung\/\" \/>\n<meta property=\"og:locale\" content=\"de_DE\" \/>\n<meta property=\"og:type\" content=\"article\" \/>\n<meta property=\"og:title\" content=\"Kirchenverwaltung - Pfarrei Erscheinung des Herrn\" \/>\n<meta property=\"og:description\" content=\"Die Kirchenverwaltung Die aktuelle Kirchenverwaltung besteht nun aus folgenden Mitgliedern Wir danken allen KV-Mitgliedern f\u00fcr ihre Bereitschaft zur ehrenamtlichen T\u00e4tigkeit f\u00fcr eine Amtsperiode von 6 Jahren. Neben ihrem geistlichen Leben, ihren Liturgien und kulturellen Angeboten, hat eine Pfarrei auch viele praktische Angelegenheiten zu verantworten: All diese wichtigen und verantwortungsvollen Aufgaben, ohne die das geistliche Leben [&hellip;]\" \/>\n<meta property=\"og:url\" content=\"https:\/\/www.pfarrverband-salvator-mundi.de\/erscheinung-des-herrn\/kirchenverwaltung\/\" \/>\n<meta property=\"og:site_name\" content=\"Pfarrei Erscheinung des Herrn\" \/>\n<meta property=\"article:modified_time\" content=\"2025-03-30T11:11:54+00:00\" \/>\n<meta property=\"og:image\" content=\"https:\/\/www.pfarrverband-salvator-mundi.de\/erscheinung-des-herrn\/wp-content\/uploads\/sites\/3\/2025\/03\/KV-EdH.jpg\" \/>\n\t<meta property=\"og:image:width\" content=\"800\" \/>\n\t<meta property=\"og:image:height\" content=\"380\" \/>\n\t<meta property=\"og:image:type\" content=\"image\/jpeg\" \/>\n<meta name=\"twitter:card\" content=\"summary_large_image\" \/>\n<meta name=\"twitter:label1\" content=\"Gesch\u00e4tzte Lesezeit\" \/>\n\t<meta name=\"twitter:data1\" content=\"3\u00a0Minuten\" \/>\n<script type=\"application\/ld+json\" class=\"yoast-schema-graph\">{\"@context\":\"https:\\\/\\\/schema.org\",\"@graph\":[{\"@type\":\"WebPage\",\"@id\":\"https:\\\/\\\/www.pfarrverband-salvator-mundi.de\\\/erscheinung-des-herrn\\\/kirchenverwaltung\\\/\",\"url\":\"https:\\\/\\\/www.pfarrverband-salvator-mundi.de\\\/erscheinung-des-herrn\\\/kirchenverwaltung\\\/\",\"name\":\"Kirchenverwaltung - Pfarrei Erscheinung des Herrn\",\"isPartOf\":{\"@id\":\"https:\\\/\\\/www.pfarrverband-salvator-mundi.de\\\/erscheinung-des-herrn\\\/#website\"},\"primaryImageOfPage\":{\"@id\":\"https:\\\/\\\/www.pfarrverband-salvator-mundi.de\\\/erscheinung-des-herrn\\\/kirchenverwaltung\\\/#primaryimage\"},\"image\":{\"@id\":\"https:\\\/\\\/www.pfarrverband-salvator-mundi.de\\\/erscheinung-des-herrn\\\/kirchenverwaltung\\\/#primaryimage\"},\"thumbnailUrl\":\"https:\\\/\\\/www.pfarrverband-salvator-mundi.de\\\/erscheinung-des-herrn\\\/wp-content\\\/uploads\\\/sites\\\/3\\\/2025\\\/03\\\/KV-EdH.jpg\",\"datePublished\":\"2016-03-04T09:28:27+00:00\",\"dateModified\":\"2025-03-30T11:11:54+00:00\",\"breadcrumb\":{\"@id\":\"https:\\\/\\\/www.pfarrverband-salvator-mundi.de\\\/erscheinung-des-herrn\\\/kirchenverwaltung\\\/#breadcrumb\"},\"inLanguage\":\"de\",\"potentialAction\":[{\"@type\":\"ReadAction\",\"target\":[\"https:\\\/\\\/www.pfarrverband-salvator-mundi.de\\\/erscheinung-des-herrn\\\/kirchenverwaltung\\\/\"]}]},{\"@type\":\"ImageObject\",\"inLanguage\":\"de\",\"@id\":\"https:\\\/\\\/www.pfarrverband-salvator-mundi.de\\\/erscheinung-des-herrn\\\/kirchenverwaltung\\\/#primaryimage\",\"url\":\"https:\\\/\\\/www.pfarrverband-salvator-mundi.de\\\/erscheinung-des-herrn\\\/wp-content\\\/uploads\\\/sites\\\/3\\\/2025\\\/03\\\/KV-EdH.jpg\",\"contentUrl\":\"https:\\\/\\\/www.pfarrverband-salvator-mundi.de\\\/erscheinung-des-herrn\\\/wp-content\\\/uploads\\\/sites\\\/3\\\/2025\\\/03\\\/KV-EdH.jpg\",\"width\":800,\"height\":380},{\"@type\":\"BreadcrumbList\",\"@id\":\"https:\\\/\\\/www.pfarrverband-salvator-mundi.de\\\/erscheinung-des-herrn\\\/kirchenverwaltung\\\/#breadcrumb\",\"itemListElement\":[{\"@type\":\"ListItem\",\"position\":1,\"name\":\"Home\",\"item\":\"https:\\\/\\\/www.pfarrverband-salvator-mundi.de\\\/erscheinung-des-herrn\\\/\"},{\"@type\":\"ListItem\",\"position\":2,\"name\":\"Kirchenverwaltung\"}]},{\"@type\":\"WebSite\",\"@id\":\"https:\\\/\\\/www.pfarrverband-salvator-mundi.de\\\/erscheinung-des-herrn\\\/#website\",\"url\":\"https:\\\/\\\/www.pfarrverband-salvator-mundi.de\\\/erscheinung-des-herrn\\\/\",\"name\":\"Pfarrei Erscheinung des Herrn\",\"description\":\"Teil des Pfarrverbands Salvator Mundi\",\"potentialAction\":[{\"@type\":\"SearchAction\",\"target\":{\"@type\":\"EntryPoint\",\"urlTemplate\":\"https:\\\/\\\/www.pfarrverband-salvator-mundi.de\\\/erscheinung-des-herrn\\\/?s={search_term_string}\"},\"query-input\":{\"@type\":\"PropertyValueSpecification\",\"valueRequired\":true,\"valueName\":\"search_term_string\"}}],\"inLanguage\":\"de\"}]}<\/script>\n<!-- \/ Yoast SEO plugin. -->","yoast_head_json":{"title":"Kirchenverwaltung - Pfarrei Erscheinung des Herrn","robots":{"index":"index","follow":"follow","max-snippet":"max-snippet:-1","max-image-preview":"max-image-preview:large","max-video-preview":"max-video-preview:-1"},"canonical":"https:\/\/www.pfarrverband-salvator-mundi.de\/erscheinung-des-herrn\/kirchenverwaltung\/","og_locale":"de_DE","og_type":"article","og_title":"Kirchenverwaltung - Pfarrei Erscheinung des Herrn","og_description":"Die Kirchenverwaltung Die aktuelle Kirchenverwaltung besteht nun aus folgenden Mitgliedern Wir danken allen KV-Mitgliedern f\u00fcr ihre Bereitschaft zur ehrenamtlichen T\u00e4tigkeit f\u00fcr eine Amtsperiode von 6 Jahren. Neben ihrem geistlichen Leben, ihren Liturgien und kulturellen Angeboten, hat eine Pfarrei auch viele praktische Angelegenheiten zu verantworten: All diese wichtigen und verantwortungsvollen Aufgaben, ohne die das geistliche Leben [&hellip;]","og_url":"https:\/\/www.pfarrverband-salvator-mundi.de\/erscheinung-des-herrn\/kirchenverwaltung\/","og_site_name":"Pfarrei Erscheinung des Herrn","article_modified_time":"2025-03-30T11:11:54+00:00","og_image":[{"width":800,"height":380,"url":"https:\/\/www.pfarrverband-salvator-mundi.de\/erscheinung-des-herrn\/wp-content\/uploads\/sites\/3\/2025\/03\/KV-EdH.jpg","type":"image\/jpeg"}],"twitter_card":"summary_large_image","twitter_misc":{"Gesch\u00e4tzte Lesezeit":"3\u00a0Minuten"},"schema":{"@context":"https:\/\/schema.org","@graph":[{"@type":"WebPage","@id":"https:\/\/www.pfarrverband-salvator-mundi.de\/erscheinung-des-herrn\/kirchenverwaltung\/","url":"https:\/\/www.pfarrverband-salvator-mundi.de\/erscheinung-des-herrn\/kirchenverwaltung\/","name":"Kirchenverwaltung - Pfarrei Erscheinung des Herrn","isPartOf":{"@id":"https:\/\/www.pfarrverband-salvator-mundi.de\/erscheinung-des-herrn\/#website"},"primaryImageOfPage":{"@id":"https:\/\/www.pfarrverband-salvator-mundi.de\/erscheinung-des-herrn\/kirchenverwaltung\/#primaryimage"},"image":{"@id":"https:\/\/www.pfarrverband-salvator-mundi.de\/erscheinung-des-herrn\/kirchenverwaltung\/#primaryimage"},"thumbnailUrl":"https:\/\/www.pfarrverband-salvator-mundi.de\/erscheinung-des-herrn\/wp-content\/uploads\/sites\/3\/2025\/03\/KV-EdH.jpg","datePublished":"2016-03-04T09:28:27+00:00","dateModified":"2025-03-30T11:11:54+00:00","breadcrumb":{"@id":"https:\/\/www.pfarrverband-salvator-mundi.de\/erscheinung-des-herrn\/kirchenverwaltung\/#breadcrumb"},"inLanguage":"de","potentialAction":[{"@type":"ReadAction","target":["https:\/\/www.pfarrverband-salvator-mundi.de\/erscheinung-des-herrn\/kirchenverwaltung\/"]}]},{"@type":"ImageObject","inLanguage":"de","@id":"https:\/\/www.pfarrverband-salvator-mundi.de\/erscheinung-des-herrn\/kirchenverwaltung\/#primaryimage","url":"https:\/\/www.pfarrverband-salvator-mundi.de\/erscheinung-des-herrn\/wp-content\/uploads\/sites\/3\/2025\/03\/KV-EdH.jpg","contentUrl":"https:\/\/www.pfarrverband-salvator-mundi.de\/erscheinung-des-herrn\/wp-content\/uploads\/sites\/3\/2025\/03\/KV-EdH.jpg","width":800,"height":380},{"@type":"BreadcrumbList","@id":"https:\/\/www.pfarrverband-salvator-mundi.de\/erscheinung-des-herrn\/kirchenverwaltung\/#breadcrumb","itemListElement":[{"@type":"ListItem","position":1,"name":"Home","item":"https:\/\/www.pfarrverband-salvator-mundi.de\/erscheinung-des-herrn\/"},{"@type":"ListItem","position":2,"name":"Kirchenverwaltung"}]},{"@type":"WebSite","@id":"https:\/\/www.pfarrverband-salvator-mundi.de\/erscheinung-des-herrn\/#website","url":"https:\/\/www.pfarrverband-salvator-mundi.de\/erscheinung-des-herrn\/","name":"Pfarrei Erscheinung des Herrn","description":"Teil des Pfarrverbands Salvator Mundi","potentialAction":[{"@type":"SearchAction","target":{"@type":"EntryPoint","urlTemplate":"https:\/\/www.pfarrverband-salvator-mundi.de\/erscheinung-des-herrn\/?s={search_term_string}"},"query-input":{"@type":"PropertyValueSpecification","valueRequired":true,"valueName":"search_term_string"}}],"inLanguage":"de"}]}},"_links":{"self":[{"href":"https:\/\/www.pfarrverband-salvator-mundi.de\/erscheinung-des-herrn\/wp-json\/wp\/v2\/pages\/54","targetHints":{"allow":["GET"]}}],"collection":[{"href":"https:\/\/www.pfarrverband-salvator-mundi.de\/erscheinung-des-herrn\/wp-json\/wp\/v2\/pages"}],"about":[{"href":"https:\/\/www.pfarrverband-salvator-mundi.de\/erscheinung-des-herrn\/wp-json\/wp\/v2\/types\/page"}],"author":[{"embeddable":true,"href":"https:\/\/www.pfarrverband-salvator-mundi.de\/erscheinung-des-herrn\/wp-json\/wp\/v2\/users\/1"}],"replies":[{"embeddable":true,"href":"https:\/\/www.pfarrverband-salvator-mundi.de\/erscheinung-des-herrn\/wp-json\/wp\/v2\/comments?post=54"}],"version-history":[{"count":33,"href":"https:\/\/www.pfarrverband-salvator-mundi.de\/erscheinung-des-herrn\/wp-json\/wp\/v2\/pages\/54\/revisions"}],"predecessor-version":[{"id":13758,"href":"https:\/\/www.pfarrverband-salvator-mundi.de\/erscheinung-des-herrn\/wp-json\/wp\/v2\/pages\/54\/revisions\/13758"}],"wp:attachment":[{"href":"https:\/\/www.pfarrverband-salvator-mundi.de\/erscheinung-des-herrn\/wp-json\/wp\/v2\/media?parent=54"}],"curies":[{"name":"wp","href":"https:\/\/api.w.org\/{rel}","templated":true}]}}