{"id":661,"date":"2016-04-14T23:04:49","date_gmt":"2016-04-14T21:04:49","guid":{"rendered":"http:\/\/www.pfarrverband-salvator-mundi.de\/erscheinung-des-herrn\/?page_id=661"},"modified":"2025-10-05T13:55:01","modified_gmt":"2025-10-05T11:55:01","slug":"erstkommunion","status":"publish","type":"page","link":"https:\/\/www.pfarrverband-salvator-mundi.de\/erscheinung-des-herrn\/sakramente\/erstkommunion\/","title":{"rendered":"Erstkommunion"},"content":{"rendered":"\n<h1 class=\"wp-block-heading\">Erstkommunion in Erscheinung<br>des Herrn<\/h1>\n\n\n<style type=\"text\/css\">\n#foogallery-gallery-1123 { --fg-gutter: 10px; }<\/style>\n\t\t\t<div class=\"foogallery foogallery-container foogallery-default foogallery-lightbox-foogallery fg-left fg-default fg-ready fg-light fg-loading-default fg-loaded-fade-in\" id=\"foogallery-gallery-1123\" data-foogallery=\"{&quot;item&quot;:{&quot;showCaptionTitle&quot;:true,&quot;showCaptionDescription&quot;:false},&quot;lazy&quot;:true}\" style=\"--fg-title-line-clamp: 0; --fg-description-line-clamp: 0;\" >\n\t<div class=\"fg-item fg-type-image fg-idle\"><figure class=\"fg-item-inner\"><a data-attachment-id=\"1124\" data-type=\"image\" class=\"fg-thumb\"><span class=\"fg-image-wrap\"><img fetchpriority=\"high\" decoding=\"async\" height=\"215\" width=\"440\" class=\"skip-lazy fg-image\" data-src-fg=\"https:\/\/www.pfarrverband-salvator-mundi.de\/erscheinung-des-herrn\/wp-content\/uploads\/sites\/3\/2016\/05\/edh_eko_einzug_kleiner_096.jpg\" src=\"data:image\/svg+xml,%3Csvg%20xmlns%3D%22http%3A%2F%2Fwww.w3.org%2F2000%2Fsvg%22%20width%3D%22440%22%20height%3D%22215%22%20viewBox%3D%220%200%20440%20215%22%3E%3C%2Fsvg%3E\" loading=\"eager\"><\/span><span class=\"fg-image-overlay\"><\/span><\/a><\/figure><div class=\"fg-loader\"><\/div><\/div><div class=\"fg-item fg-type-image fg-idle\"><figure class=\"fg-item-inner\"><a data-attachment-id=\"1125\" data-type=\"image\" class=\"fg-thumb\"><span class=\"fg-image-wrap\"><img decoding=\"async\" height=\"215\" width=\"215\" class=\"skip-lazy fg-image\" data-src-fg=\"https:\/\/www.pfarrverband-salvator-mundi.de\/erscheinung-des-herrn\/wp-content\/uploads\/sites\/3\/2016\/05\/edh_eko_vorlesen_156-1.jpg\" src=\"data:image\/svg+xml,%3Csvg%20xmlns%3D%22http%3A%2F%2Fwww.w3.org%2F2000%2Fsvg%22%20width%3D%22215%22%20height%3D%22215%22%20viewBox%3D%220%200%20215%20215%22%3E%3C%2Fsvg%3E\" loading=\"eager\"><\/span><span class=\"fg-image-overlay\"><\/span><\/a><\/figure><div class=\"fg-loader\"><\/div><\/div><\/div>\n<style type=\"text\/css\">#foogallery-gallery-1123 { \r\npadding-left: 0;\r\npadding-bottom: 10px;\r\n}<\/style>\n\n\n\n<figure class=\"wp-block-image size-full is-resized\"><a href=\"https:\/\/www.pfarrverband-salvator-mundi.de\/erscheinung-des-herrn\/wp-content\/uploads\/sites\/3\/2025\/09\/EKO_Plakat_Anmeldung_EDH_25.jpg\"><img loading=\"lazy\" decoding=\"async\" width=\"568\" height=\"800\" src=\"https:\/\/www.pfarrverband-salvator-mundi.de\/erscheinung-des-herrn\/wp-content\/uploads\/sites\/3\/2025\/09\/EKO_Plakat_Anmeldung_EDH_25.jpg\" alt=\"\" class=\"wp-image-13926\" style=\"width:840px;height:auto\" srcset=\"https:\/\/www.pfarrverband-salvator-mundi.de\/erscheinung-des-herrn\/wp-content\/uploads\/sites\/3\/2025\/09\/EKO_Plakat_Anmeldung_EDH_25.jpg 568w, https:\/\/www.pfarrverband-salvator-mundi.de\/erscheinung-des-herrn\/wp-content\/uploads\/sites\/3\/2025\/09\/EKO_Plakat_Anmeldung_EDH_25-213x300.jpg 213w\" sizes=\"auto, (max-width: 568px) 100vw, 568px\" \/><\/a><\/figure>\n\n\n\n<div class=\"wp-block-buttons is-layout-flex wp-block-buttons-is-layout-flex\">\n<div class=\"wp-block-button is-style-fill\"><a class=\"wp-block-button__link has-black-color has-text-color has-background has-link-color wp-element-button\" href=\"https:\/\/www.pfarrverband-salvator-mundi.de\/sakramente\/erstkommunion\/\" style=\"background:radial-gradient(rgb(202,248,128) 0%,rgb(113,206,126) 100%)\">Link zu allgemeinen Infos zur Erstkommunion und zum <strong>Anmeldeformular<\/strong><\/a><\/div>\n<\/div>\n\n\n\n<h3 class=\"wp-block-heading\">Feier der Erstkommunion<\/h3>\n\n\n\n<ul class=\"wp-block-list\">\n<li><strong><span style=\"color: #005885;\">Am Sonntag, den 10.05.26 um 9.30 Uhr<\/span><\/strong><\/li>\n<\/ul>\n\n\n\n<hr class=\"wp-block-separator has-alpha-channel-opacity\"\/>\n\n\n\n<p><strong><span style=\"color: #005885;\">Hier alle Termine, die schon feststehen, im \u00dcberblick:<\/span><\/strong><\/p>\n\n\n\n<ul class=\"wp-block-list\">\n<li><strong>10.11.25 Informationsabend um 19 Uhr <\/strong>mit Eltern und Erstkommunionkindern <strong>im Pfarrsaal von St. Willibald<\/strong> (Agnes- Bernauer-Str. 181, 80687 M\u00fcnchen)<\/li>\n\n\n\n<li><strong>03.01.26 um 16 Uhr &#8211; 17 Uhr: Vorbereitungstreffen Sternsingeraktion<\/strong> im Pfarrsaal von St. Willibald (Agnes- Bernauer-Str. 181, 80687 M\u00fcnchen)<\/li>\n\n\n\n<li><strong>04.01.26 um 11 Uhr: Familiengottesdienst mit Aussendung der Sternsinger <\/strong>in St. Willibald\n<ul class=\"wp-block-list\">\n<li>im Anschluss Mittagessen und Sternsingeraktion mit Eltern im Pfarrgebiet Erscheinung des Herrn bis ca. 18 Uhr<\/li>\n<\/ul>\n<\/li>\n\n\n\n<li><strong>01.02.26 um 9.30 Uhr: Familiengottesdienst<\/strong> mit Vorstellung der Erstkommunionkinder<\/li>\n\n\n\n<li><strong>ab Februar Beginn der 8 Gruppenstunden<\/strong><\/li>\n\n\n\n<li><strong>15.03.26 um 9.30 Uhr: Familiengottesdienst<\/strong> zum Thema Vers\u00f6hnung<\/li>\n\n\n\n<li><strong>27.03.26 um 15 Uhr &#8211; 17 Uhr: Palmbuschenbinden<\/strong> im Pfarrsaal<\/li>\n\n\n\n<li><strong>29.03.26 um 9.30 Uhr: Familiengottesdienst<\/strong> am Palmsonntag<\/li>\n\n\n\n<li><strong>18.04.26 um 10 Uhr &#8211; 12 Uhr: Beichtgespr\u00e4ch <\/strong>im Anschluss Mittagessen<\/li>\n\n\n\n<li><strong>09.05.26 um 10 Uhr &#8211; 11.30 Uhr: Stellprobe <\/strong>Feier Erstkommunion in der Kirche<\/li>\n\n\n\n<li><strong>10.05.26 um 9.30 Uhr: Feier der Erstkommunion<\/strong><\/li>\n\n\n\n<li><strong>10.05.26 um 18 Uhr: Dankandacht<\/strong><\/li>\n\n\n\n<li><strong>11.5.26: Ausflug mit allen Erstkommunionkindern<\/strong> und Gruppenleitungen<\/li>\n<\/ul>\n\n\n\n<hr class=\"wp-block-separator has-alpha-channel-opacity\"\/>\n\n\n\n<h3 class=\"wp-block-heading\">Anmeldung zur Erstkommunion zum Herunterladen<\/h3>\n\n\n\n<figure class=\"wp-block-image size-full is-resized is-style-default\"><a href=\"https:\/\/www.pfarrverband-salvator-mundi.de\/wp-content\/uploads\/2025\/09\/Anmeldeformular-Datenschutz-EKO-2026_form.pdf\"><img decoding=\"async\" src=\"https:\/\/www.pfarrverband-salvator-mundi.de\/wp-content\/uploads\/2025\/09\/Anmeldeformular-Datenschutz-EKO-2026_form_Seite_1.png\" alt=\"\" class=\"wp-image-8586\" style=\"width:300px\"\/><\/a><\/figure>\n\n\n\n<div class=\"wp-block-buttons is-layout-flex wp-block-buttons-is-layout-flex\">\n<div class=\"wp-block-button\"><a class=\"wp-block-button__link wp-element-button\" href=\"https:\/\/www.pfarrverband-salvator-mundi.de\/wp-content\/uploads\/2025\/09\/Anmeldeformular-Datenschutz-EKO-2026_form.pdf\">Download<\/a><\/div>\n<\/div>\n\n\n\n<p>M\u00f6chte Ihr Kind die Erstkommunion bei uns feiern, so kommen Sie mit ihrem Kind pers\u00f6nlich zur Anmeldung bei uns vorbei. <strong>Bitte bringen Sie zu diesem Termin folgendes mit:<\/strong> Eine <strong>Kopie der Taufurkunde<\/strong>, den <strong>Anmeldungsbogen inkl. Datenschutzformular<\/strong><\/p>\n\n\n\n<p>Sie ben\u00f6tigen den ausgef\u00fcllten <strong>Anmeldebogen<\/strong>, eine <strong>Kopie der Taufurkunde<\/strong>, sowie<strong>&nbsp;<\/strong><strong>20,00 Euro<\/strong>&nbsp;(als Kostenbeitrag f\u00fcr Bastelmaterialien, die Erstkommunionkerze, Erstkommunionausflug etc.). Die Anmeldung geben Sie bitte im Pfarrb\u00fcro ab.<\/p>\n\n\n\n<p>Falls Sie noch Fragen haben, bitte melden Sie sich bei mir!<\/p>\n\n\n\n<p><strong><span style=\"color: #005885;\">Ansprechpartnerin:<\/span><br>Hanna L\u00f6ffler<\/strong>, Gemeindereferentin, Tel. 089-54 67 37-0, E-Mail: <span id=\"cloak92244\"><\/span><a href=\"mailto:jloeffler@ebmuc.de\" target=\"_blank\" rel=\"noopener\">jloeffler@ebmuc.de<\/a><\/p>\n\n\n\n<p><em>Bildnachweis: Ursula Strobel, Fotografie &amp; Videografie, Landsberg<\/em><\/p>\n\n\n\n<figure class=\"wp-block-image size-full\"><a href=\"https:\/\/www.pfarrverband-salvator-mundi.de\/erscheinung-des-herrn\/wp-content\/uploads\/sites\/3\/2025\/10\/Termine_EK_EdH_25_26_I_web.png\"><img loading=\"lazy\" decoding=\"async\" width=\"566\" height=\"800\" src=\"https:\/\/www.pfarrverband-salvator-mundi.de\/erscheinung-des-herrn\/wp-content\/uploads\/sites\/3\/2025\/10\/Termine_EK_EdH_25_26_I_web.png\" alt=\"\" class=\"wp-image-13946\" srcset=\"https:\/\/www.pfarrverband-salvator-mundi.de\/erscheinung-des-herrn\/wp-content\/uploads\/sites\/3\/2025\/10\/Termine_EK_EdH_25_26_I_web.png 566w, https:\/\/www.pfarrverband-salvator-mundi.de\/erscheinung-des-herrn\/wp-content\/uploads\/sites\/3\/2025\/10\/Termine_EK_EdH_25_26_I_web-212x300.png 212w\" sizes=\"auto, (max-width: 566px) 100vw, 566px\" \/><\/a><\/figure>\n","protected":false},"excerpt":{"rendered":"<p>Erstkommunion in Erscheinungdes Herrn Feier der Erstkommunion Hier alle Termine, die schon feststehen, im \u00dcberblick: Anmeldung zur Erstkommunion zum Herunterladen M\u00f6chte Ihr Kind die Erstkommunion bei uns feiern, so kommen Sie mit ihrem Kind pers\u00f6nlich zur Anmeldung bei uns vorbei. Bitte bringen Sie zu diesem Termin folgendes mit: Eine Kopie der Taufurkunde, den Anmeldungsbogen inkl. [&hellip;]<\/p>\n","protected":false},"author":1,"featured_media":0,"parent":654,"menu_order":2,"comment_status":"closed","ping_status":"closed","template":"","meta":{"ngg_post_thumbnail":0,"footnotes":""},"class_list":["post-661","page","type-page","status-publish","czr-hentry"],"yoast_head":"<!-- This site is optimized with the Yoast SEO plugin v27.3 - https:\/\/yoast.com\/product\/yoast-seo-wordpress\/ -->\n<title>Erstkommunion - Pfarrei Erscheinung des Herrn<\/title>\n<meta name=\"robots\" content=\"index, follow, max-snippet:-1, max-image-preview:large, max-video-preview:-1\" \/>\n<link rel=\"canonical\" href=\"https:\/\/www.pfarrverband-salvator-mundi.de\/erscheinung-des-herrn\/sakramente\/erstkommunion\/\" \/>\n<meta property=\"og:locale\" content=\"de_DE\" \/>\n<meta property=\"og:type\" content=\"article\" \/>\n<meta property=\"og:title\" content=\"Erstkommunion - Pfarrei Erscheinung des Herrn\" \/>\n<meta property=\"og:description\" content=\"Erstkommunion in Erscheinungdes Herrn Feier der Erstkommunion Hier alle Termine, die schon feststehen, im \u00dcberblick: Anmeldung zur Erstkommunion zum Herunterladen M\u00f6chte Ihr Kind die Erstkommunion bei uns feiern, so kommen Sie mit ihrem Kind pers\u00f6nlich zur Anmeldung bei uns vorbei. Bitte bringen Sie zu diesem Termin folgendes mit: Eine Kopie der Taufurkunde, den Anmeldungsbogen inkl. [&hellip;]\" \/>\n<meta property=\"og:url\" content=\"https:\/\/www.pfarrverband-salvator-mundi.de\/erscheinung-des-herrn\/sakramente\/erstkommunion\/\" \/>\n<meta property=\"og:site_name\" content=\"Pfarrei Erscheinung des Herrn\" \/>\n<meta property=\"article:modified_time\" content=\"2025-10-05T11:55:01+00:00\" \/>\n<meta property=\"og:image\" content=\"https:\/\/www.pfarrverband-salvator-mundi.de\/erscheinung-des-herrn\/wp-content\/uploads\/sites\/3\/2025\/09\/EKO_Plakat_Anmeldung_EDH_25.jpg\" \/>\n<meta name=\"twitter:card\" content=\"summary_large_image\" \/>\n<meta name=\"twitter:label1\" content=\"Gesch\u00e4tzte Lesezeit\" \/>\n\t<meta name=\"twitter:data1\" content=\"3\u00a0Minuten\" \/>\n<script type=\"application\/ld+json\" class=\"yoast-schema-graph\">{\"@context\":\"https:\\\/\\\/schema.org\",\"@graph\":[{\"@type\":\"WebPage\",\"@id\":\"https:\\\/\\\/www.pfarrverband-salvator-mundi.de\\\/erscheinung-des-herrn\\\/sakramente\\\/erstkommunion\\\/\",\"url\":\"https:\\\/\\\/www.pfarrverband-salvator-mundi.de\\\/erscheinung-des-herrn\\\/sakramente\\\/erstkommunion\\\/\",\"name\":\"Erstkommunion - Pfarrei Erscheinung des Herrn\",\"isPartOf\":{\"@id\":\"https:\\\/\\\/www.pfarrverband-salvator-mundi.de\\\/erscheinung-des-herrn\\\/#website\"},\"primaryImageOfPage\":{\"@id\":\"https:\\\/\\\/www.pfarrverband-salvator-mundi.de\\\/erscheinung-des-herrn\\\/sakramente\\\/erstkommunion\\\/#primaryimage\"},\"image\":{\"@id\":\"https:\\\/\\\/www.pfarrverband-salvator-mundi.de\\\/erscheinung-des-herrn\\\/sakramente\\\/erstkommunion\\\/#primaryimage\"},\"thumbnailUrl\":\"https:\\\/\\\/www.pfarrverband-salvator-mundi.de\\\/erscheinung-des-herrn\\\/wp-content\\\/uploads\\\/sites\\\/3\\\/2025\\\/09\\\/EKO_Plakat_Anmeldung_EDH_25.jpg\",\"datePublished\":\"2016-04-14T21:04:49+00:00\",\"dateModified\":\"2025-10-05T11:55:01+00:00\",\"breadcrumb\":{\"@id\":\"https:\\\/\\\/www.pfarrverband-salvator-mundi.de\\\/erscheinung-des-herrn\\\/sakramente\\\/erstkommunion\\\/#breadcrumb\"},\"inLanguage\":\"de\",\"potentialAction\":[{\"@type\":\"ReadAction\",\"target\":[\"https:\\\/\\\/www.pfarrverband-salvator-mundi.de\\\/erscheinung-des-herrn\\\/sakramente\\\/erstkommunion\\\/\"]}]},{\"@type\":\"ImageObject\",\"inLanguage\":\"de\",\"@id\":\"https:\\\/\\\/www.pfarrverband-salvator-mundi.de\\\/erscheinung-des-herrn\\\/sakramente\\\/erstkommunion\\\/#primaryimage\",\"url\":\"https:\\\/\\\/www.pfarrverband-salvator-mundi.de\\\/erscheinung-des-herrn\\\/wp-content\\\/uploads\\\/sites\\\/3\\\/2025\\\/09\\\/EKO_Plakat_Anmeldung_EDH_25.jpg\",\"contentUrl\":\"https:\\\/\\\/www.pfarrverband-salvator-mundi.de\\\/erscheinung-des-herrn\\\/wp-content\\\/uploads\\\/sites\\\/3\\\/2025\\\/09\\\/EKO_Plakat_Anmeldung_EDH_25.jpg\",\"width\":568,\"height\":800},{\"@type\":\"BreadcrumbList\",\"@id\":\"https:\\\/\\\/www.pfarrverband-salvator-mundi.de\\\/erscheinung-des-herrn\\\/sakramente\\\/erstkommunion\\\/#breadcrumb\",\"itemListElement\":[{\"@type\":\"ListItem\",\"position\":1,\"name\":\"Home\",\"item\":\"https:\\\/\\\/www.pfarrverband-salvator-mundi.de\\\/erscheinung-des-herrn\\\/\"},{\"@type\":\"ListItem\",\"position\":2,\"name\":\"Sakramente\",\"item\":\"https:\\\/\\\/www.pfarrverband-salvator-mundi.de\\\/erscheinung-des-herrn\\\/sakramente\\\/\"},{\"@type\":\"ListItem\",\"position\":3,\"name\":\"Erstkommunion\"}]},{\"@type\":\"WebSite\",\"@id\":\"https:\\\/\\\/www.pfarrverband-salvator-mundi.de\\\/erscheinung-des-herrn\\\/#website\",\"url\":\"https:\\\/\\\/www.pfarrverband-salvator-mundi.de\\\/erscheinung-des-herrn\\\/\",\"name\":\"Pfarrei Erscheinung des Herrn\",\"description\":\"Teil des Pfarrverbands Salvator Mundi\",\"potentialAction\":[{\"@type\":\"SearchAction\",\"target\":{\"@type\":\"EntryPoint\",\"urlTemplate\":\"https:\\\/\\\/www.pfarrverband-salvator-mundi.de\\\/erscheinung-des-herrn\\\/?s={search_term_string}\"},\"query-input\":{\"@type\":\"PropertyValueSpecification\",\"valueRequired\":true,\"valueName\":\"search_term_string\"}}],\"inLanguage\":\"de\"}]}<\/script>\n<!-- \/ Yoast SEO plugin. -->","yoast_head_json":{"title":"Erstkommunion - Pfarrei Erscheinung des Herrn","robots":{"index":"index","follow":"follow","max-snippet":"max-snippet:-1","max-image-preview":"max-image-preview:large","max-video-preview":"max-video-preview:-1"},"canonical":"https:\/\/www.pfarrverband-salvator-mundi.de\/erscheinung-des-herrn\/sakramente\/erstkommunion\/","og_locale":"de_DE","og_type":"article","og_title":"Erstkommunion - Pfarrei Erscheinung des Herrn","og_description":"Erstkommunion in Erscheinungdes Herrn Feier der Erstkommunion Hier alle Termine, die schon feststehen, im \u00dcberblick: Anmeldung zur Erstkommunion zum Herunterladen M\u00f6chte Ihr Kind die Erstkommunion bei uns feiern, so kommen Sie mit ihrem Kind pers\u00f6nlich zur Anmeldung bei uns vorbei. Bitte bringen Sie zu diesem Termin folgendes mit: Eine Kopie der Taufurkunde, den Anmeldungsbogen inkl. [&hellip;]","og_url":"https:\/\/www.pfarrverband-salvator-mundi.de\/erscheinung-des-herrn\/sakramente\/erstkommunion\/","og_site_name":"Pfarrei Erscheinung des Herrn","article_modified_time":"2025-10-05T11:55:01+00:00","og_image":[{"url":"https:\/\/www.pfarrverband-salvator-mundi.de\/erscheinung-des-herrn\/wp-content\/uploads\/sites\/3\/2025\/09\/EKO_Plakat_Anmeldung_EDH_25.jpg","type":"","width":"","height":""}],"twitter_card":"summary_large_image","twitter_misc":{"Gesch\u00e4tzte Lesezeit":"3\u00a0Minuten"},"schema":{"@context":"https:\/\/schema.org","@graph":[{"@type":"WebPage","@id":"https:\/\/www.pfarrverband-salvator-mundi.de\/erscheinung-des-herrn\/sakramente\/erstkommunion\/","url":"https:\/\/www.pfarrverband-salvator-mundi.de\/erscheinung-des-herrn\/sakramente\/erstkommunion\/","name":"Erstkommunion - Pfarrei Erscheinung des Herrn","isPartOf":{"@id":"https:\/\/www.pfarrverband-salvator-mundi.de\/erscheinung-des-herrn\/#website"},"primaryImageOfPage":{"@id":"https:\/\/www.pfarrverband-salvator-mundi.de\/erscheinung-des-herrn\/sakramente\/erstkommunion\/#primaryimage"},"image":{"@id":"https:\/\/www.pfarrverband-salvator-mundi.de\/erscheinung-des-herrn\/sakramente\/erstkommunion\/#primaryimage"},"thumbnailUrl":"https:\/\/www.pfarrverband-salvator-mundi.de\/erscheinung-des-herrn\/wp-content\/uploads\/sites\/3\/2025\/09\/EKO_Plakat_Anmeldung_EDH_25.jpg","datePublished":"2016-04-14T21:04:49+00:00","dateModified":"2025-10-05T11:55:01+00:00","breadcrumb":{"@id":"https:\/\/www.pfarrverband-salvator-mundi.de\/erscheinung-des-herrn\/sakramente\/erstkommunion\/#breadcrumb"},"inLanguage":"de","potentialAction":[{"@type":"ReadAction","target":["https:\/\/www.pfarrverband-salvator-mundi.de\/erscheinung-des-herrn\/sakramente\/erstkommunion\/"]}]},{"@type":"ImageObject","inLanguage":"de","@id":"https:\/\/www.pfarrverband-salvator-mundi.de\/erscheinung-des-herrn\/sakramente\/erstkommunion\/#primaryimage","url":"https:\/\/www.pfarrverband-salvator-mundi.de\/erscheinung-des-herrn\/wp-content\/uploads\/sites\/3\/2025\/09\/EKO_Plakat_Anmeldung_EDH_25.jpg","contentUrl":"https:\/\/www.pfarrverband-salvator-mundi.de\/erscheinung-des-herrn\/wp-content\/uploads\/sites\/3\/2025\/09\/EKO_Plakat_Anmeldung_EDH_25.jpg","width":568,"height":800},{"@type":"BreadcrumbList","@id":"https:\/\/www.pfarrverband-salvator-mundi.de\/erscheinung-des-herrn\/sakramente\/erstkommunion\/#breadcrumb","itemListElement":[{"@type":"ListItem","position":1,"name":"Home","item":"https:\/\/www.pfarrverband-salvator-mundi.de\/erscheinung-des-herrn\/"},{"@type":"ListItem","position":2,"name":"Sakramente","item":"https:\/\/www.pfarrverband-salvator-mundi.de\/erscheinung-des-herrn\/sakramente\/"},{"@type":"ListItem","position":3,"name":"Erstkommunion"}]},{"@type":"WebSite","@id":"https:\/\/www.pfarrverband-salvator-mundi.de\/erscheinung-des-herrn\/#website","url":"https:\/\/www.pfarrverband-salvator-mundi.de\/erscheinung-des-herrn\/","name":"Pfarrei Erscheinung des Herrn","description":"Teil des Pfarrverbands Salvator Mundi","potentialAction":[{"@type":"SearchAction","target":{"@type":"EntryPoint","urlTemplate":"https:\/\/www.pfarrverband-salvator-mundi.de\/erscheinung-des-herrn\/?s={search_term_string}"},"query-input":{"@type":"PropertyValueSpecification","valueRequired":true,"valueName":"search_term_string"}}],"inLanguage":"de"}]}},"_links":{"self":[{"href":"https:\/\/www.pfarrverband-salvator-mundi.de\/erscheinung-des-herrn\/wp-json\/wp\/v2\/pages\/661","targetHints":{"allow":["GET"]}}],"collection":[{"href":"https:\/\/www.pfarrverband-salvator-mundi.de\/erscheinung-des-herrn\/wp-json\/wp\/v2\/pages"}],"about":[{"href":"https:\/\/www.pfarrverband-salvator-mundi.de\/erscheinung-des-herrn\/wp-json\/wp\/v2\/types\/page"}],"author":[{"embeddable":true,"href":"https:\/\/www.pfarrverband-salvator-mundi.de\/erscheinung-des-herrn\/wp-json\/wp\/v2\/users\/1"}],"replies":[{"embeddable":true,"href":"https:\/\/www.pfarrverband-salvator-mundi.de\/erscheinung-des-herrn\/wp-json\/wp\/v2\/comments?post=661"}],"version-history":[{"count":99,"href":"https:\/\/www.pfarrverband-salvator-mundi.de\/erscheinung-des-herrn\/wp-json\/wp\/v2\/pages\/661\/revisions"}],"predecessor-version":[{"id":13947,"href":"https:\/\/www.pfarrverband-salvator-mundi.de\/erscheinung-des-herrn\/wp-json\/wp\/v2\/pages\/661\/revisions\/13947"}],"up":[{"embeddable":true,"href":"https:\/\/www.pfarrverband-salvator-mundi.de\/erscheinung-des-herrn\/wp-json\/wp\/v2\/pages\/654"}],"wp:attachment":[{"href":"https:\/\/www.pfarrverband-salvator-mundi.de\/erscheinung-des-herrn\/wp-json\/wp\/v2\/media?parent=661"}],"curies":[{"name":"wp","href":"https:\/\/api.w.org\/{rel}","templated":true}]}}