{"id":687,"date":"2016-04-14T23:17:00","date_gmt":"2016-04-14T21:17:00","guid":{"rendered":"http:\/\/www.pfarrverband-salvator-mundi.de\/erscheinung-des-herrn\/?page_id=687"},"modified":"2025-12-07T19:13:50","modified_gmt":"2025-12-07T18:13:50","slug":"krankensalbung-und-kommunion","status":"publish","type":"page","link":"https:\/\/www.pfarrverband-salvator-mundi.de\/erscheinung-des-herrn\/sakramente\/krankensalbung-und-kommunion\/","title":{"rendered":"Krankensalbung und Kommunion"},"content":{"rendered":"\n<h1 class=\"wp-block-heading\">Krankensalbung und Kommunion<\/h1>\n\n\n\n<p>\u201eIst einer von euch krank? Dann rufe er die \u00c4ltesten der Gemeinde zu sich; sie sollen Gebete \u00fcber ihn sprechen und ihn im Namen des Herrn mit \u00d6l salben. Das gl\u00e4ubige Gebet wird den Kranken retten und der Herr wird ihn aufrichten; wenn er S\u00fcnden begangen hat, werden sie ihm vergeben\u201c (Jak 5, 14-15).<\/p>\n\n\n\n<p>Seit Beginn des Christentums suchen Kranke die N\u00e4he zu Jesus, dem Heiland. Gl\u00e4ubige Gemeindemitglieder suchen Kranke zu Hause auf, wenn diese nicht mehr an den Versammlungen der Gemeinde teilnehmen k\u00f6nnen.<br>Manche Lebens- oder Glaubensfrage stellt sich in der Zeit der Krankheit deutlicher als im Alltag. Auch die Seele leidet, wenn einer k\u00f6rperlich krank ist.<\/p>\n\n\n\n<h3 class=\"wp-block-heading\">Die Krankenkommunion feiern<\/h3>\n\n\n\n<p>Jede Pfarrgemeinde setzt ein besonderes Zeichen der Zusammengeh\u00f6rigkeit, wenn Priester, hauptamtliche Seelsorger\/-innen Menschen die Krankenkommunion bringen, die wegen Krankheit oder Gehbehinderung die Eucharistiefeier nicht besuchen k\u00f6nnen.<br>Ihre Angeh\u00f6rigen und Mitbewohner k\u00f6nnen gerne an der Feier teilnehmen und evtl. auch die Heilige Kommunion empfangen.<\/p>\n\n\n\n<h3 class=\"wp-block-heading\">Spendung der Krankensalbung<\/h3>\n\n\n\n<p>Dieses Sakrament ist ein Sakrament der Lebenden, es will den Kranken keineswegs vorzeitig dem Tod \u00fcberantworten. Es soll den Kranken in besonderer Weise mit Christus (d. h. w\u00f6rtlich dem Gesalbten Gottes) verbinden.<br>In der Gemeinschaft mit Christus wird der\/die Kranke aber auch das Sterben bestehen, denn der Mensch ist zum Leben bestimmt und nicht zum Tod.<\/p>\n\n\n\n<h3 class=\"wp-block-heading\">Kontakt<\/h3>\n\n\n\n<p>Wenn Sie einen Besuch w\u00fcnschen oder Fragen haben, wenden Sie sich bitte an das Pfarrb\u00fcro.\u2028 Wir kommen gerne zu Ihnen.<\/p>\n\n\n\n<p><strong>Kontakt<br>Pfarrb\u00fcro Erscheinung des Herrn<\/strong>, Telefon: 089-700 766-6, E-Mail: <a href=\"mailto:erscheinung-des-herrn.muenchen@ebmuc.de\">erscheinung-des-herrn.muenchen@ebmuc.de<\/a><br><strong>Pfarrb\u00fcro Fronleichnam<\/strong>, 089\/74 01 42-0, E-Mail:\u00a0<a href=\"mailto:fronleichnam.muenchen@ebmuc.de\" target=\"_blank\" rel=\"noreferrer noopener\">fronleichnam.muenchen@ebmuc.de<\/a><br><strong>Pfarrb\u00fcro\u00a0St. Willibald<\/strong>,\u00a0 089\/54 67 37-0,\u00a0 E-Mail:\u00a0<a href=\"mailto:st-willibald.muenchen@ebmuc.de\">st-willibald.muenchen@ebmuc.de<\/a><\/p>\n","protected":false},"excerpt":{"rendered":"<p>Krankensalbung und Kommunion \u201eIst einer von euch krank? Dann rufe er die \u00c4ltesten der Gemeinde zu sich; sie sollen Gebete \u00fcber ihn sprechen und ihn im Namen des Herrn mit \u00d6l salben. Das gl\u00e4ubige Gebet wird den Kranken retten und der Herr wird ihn aufrichten; wenn er S\u00fcnden begangen hat, werden sie ihm vergeben\u201c (Jak [&hellip;]<\/p>\n","protected":false},"author":1,"featured_media":0,"parent":654,"menu_order":6,"comment_status":"closed","ping_status":"closed","template":"","meta":{"ngg_post_thumbnail":0,"footnotes":""},"class_list":["post-687","page","type-page","status-publish","czr-hentry"],"yoast_head":"<!-- This site is optimized with the Yoast SEO plugin v27.3 - https:\/\/yoast.com\/product\/yoast-seo-wordpress\/ -->\n<title>Krankensalbung und Kommunion - Pfarrei Erscheinung des Herrn<\/title>\n<meta name=\"robots\" content=\"index, follow, max-snippet:-1, max-image-preview:large, max-video-preview:-1\" \/>\n<link rel=\"canonical\" href=\"https:\/\/www.pfarrverband-salvator-mundi.de\/erscheinung-des-herrn\/sakramente\/krankensalbung-und-kommunion\/\" \/>\n<meta property=\"og:locale\" content=\"de_DE\" \/>\n<meta property=\"og:type\" content=\"article\" \/>\n<meta property=\"og:title\" content=\"Krankensalbung und Kommunion - Pfarrei Erscheinung des Herrn\" \/>\n<meta property=\"og:description\" content=\"Krankensalbung und Kommunion \u201eIst einer von euch krank? Dann rufe er die \u00c4ltesten der Gemeinde zu sich; sie sollen Gebete \u00fcber ihn sprechen und ihn im Namen des Herrn mit \u00d6l salben. Das gl\u00e4ubige Gebet wird den Kranken retten und der Herr wird ihn aufrichten; wenn er S\u00fcnden begangen hat, werden sie ihm vergeben\u201c (Jak [&hellip;]\" \/>\n<meta property=\"og:url\" content=\"https:\/\/www.pfarrverband-salvator-mundi.de\/erscheinung-des-herrn\/sakramente\/krankensalbung-und-kommunion\/\" \/>\n<meta property=\"og:site_name\" content=\"Pfarrei Erscheinung des Herrn\" \/>\n<meta property=\"article:modified_time\" content=\"2025-12-07T18:13:50+00:00\" \/>\n<meta name=\"twitter:card\" content=\"summary_large_image\" \/>\n<meta name=\"twitter:label1\" content=\"Gesch\u00e4tzte Lesezeit\" \/>\n\t<meta name=\"twitter:data1\" content=\"2\u00a0Minuten\" \/>\n<script type=\"application\/ld+json\" class=\"yoast-schema-graph\">{\"@context\":\"https:\\\/\\\/schema.org\",\"@graph\":[{\"@type\":\"WebPage\",\"@id\":\"https:\\\/\\\/www.pfarrverband-salvator-mundi.de\\\/erscheinung-des-herrn\\\/sakramente\\\/krankensalbung-und-kommunion\\\/\",\"url\":\"https:\\\/\\\/www.pfarrverband-salvator-mundi.de\\\/erscheinung-des-herrn\\\/sakramente\\\/krankensalbung-und-kommunion\\\/\",\"name\":\"Krankensalbung und Kommunion - Pfarrei Erscheinung des Herrn\",\"isPartOf\":{\"@id\":\"https:\\\/\\\/www.pfarrverband-salvator-mundi.de\\\/erscheinung-des-herrn\\\/#website\"},\"datePublished\":\"2016-04-14T21:17:00+00:00\",\"dateModified\":\"2025-12-07T18:13:50+00:00\",\"breadcrumb\":{\"@id\":\"https:\\\/\\\/www.pfarrverband-salvator-mundi.de\\\/erscheinung-des-herrn\\\/sakramente\\\/krankensalbung-und-kommunion\\\/#breadcrumb\"},\"inLanguage\":\"de\",\"potentialAction\":[{\"@type\":\"ReadAction\",\"target\":[\"https:\\\/\\\/www.pfarrverband-salvator-mundi.de\\\/erscheinung-des-herrn\\\/sakramente\\\/krankensalbung-und-kommunion\\\/\"]}]},{\"@type\":\"BreadcrumbList\",\"@id\":\"https:\\\/\\\/www.pfarrverband-salvator-mundi.de\\\/erscheinung-des-herrn\\\/sakramente\\\/krankensalbung-und-kommunion\\\/#breadcrumb\",\"itemListElement\":[{\"@type\":\"ListItem\",\"position\":1,\"name\":\"Home\",\"item\":\"https:\\\/\\\/www.pfarrverband-salvator-mundi.de\\\/erscheinung-des-herrn\\\/\"},{\"@type\":\"ListItem\",\"position\":2,\"name\":\"Sakramente\",\"item\":\"https:\\\/\\\/www.pfarrverband-salvator-mundi.de\\\/erscheinung-des-herrn\\\/sakramente\\\/\"},{\"@type\":\"ListItem\",\"position\":3,\"name\":\"Krankensalbung und Kommunion\"}]},{\"@type\":\"WebSite\",\"@id\":\"https:\\\/\\\/www.pfarrverband-salvator-mundi.de\\\/erscheinung-des-herrn\\\/#website\",\"url\":\"https:\\\/\\\/www.pfarrverband-salvator-mundi.de\\\/erscheinung-des-herrn\\\/\",\"name\":\"Pfarrei Erscheinung des Herrn\",\"description\":\"Teil des Pfarrverbands Salvator Mundi\",\"potentialAction\":[{\"@type\":\"SearchAction\",\"target\":{\"@type\":\"EntryPoint\",\"urlTemplate\":\"https:\\\/\\\/www.pfarrverband-salvator-mundi.de\\\/erscheinung-des-herrn\\\/?s={search_term_string}\"},\"query-input\":{\"@type\":\"PropertyValueSpecification\",\"valueRequired\":true,\"valueName\":\"search_term_string\"}}],\"inLanguage\":\"de\"}]}<\/script>\n<!-- \/ Yoast SEO plugin. -->","yoast_head_json":{"title":"Krankensalbung und Kommunion - Pfarrei Erscheinung des Herrn","robots":{"index":"index","follow":"follow","max-snippet":"max-snippet:-1","max-image-preview":"max-image-preview:large","max-video-preview":"max-video-preview:-1"},"canonical":"https:\/\/www.pfarrverband-salvator-mundi.de\/erscheinung-des-herrn\/sakramente\/krankensalbung-und-kommunion\/","og_locale":"de_DE","og_type":"article","og_title":"Krankensalbung und Kommunion - Pfarrei Erscheinung des Herrn","og_description":"Krankensalbung und Kommunion \u201eIst einer von euch krank? Dann rufe er die \u00c4ltesten der Gemeinde zu sich; sie sollen Gebete \u00fcber ihn sprechen und ihn im Namen des Herrn mit \u00d6l salben. Das gl\u00e4ubige Gebet wird den Kranken retten und der Herr wird ihn aufrichten; wenn er S\u00fcnden begangen hat, werden sie ihm vergeben\u201c (Jak [&hellip;]","og_url":"https:\/\/www.pfarrverband-salvator-mundi.de\/erscheinung-des-herrn\/sakramente\/krankensalbung-und-kommunion\/","og_site_name":"Pfarrei Erscheinung des Herrn","article_modified_time":"2025-12-07T18:13:50+00:00","twitter_card":"summary_large_image","twitter_misc":{"Gesch\u00e4tzte Lesezeit":"2\u00a0Minuten"},"schema":{"@context":"https:\/\/schema.org","@graph":[{"@type":"WebPage","@id":"https:\/\/www.pfarrverband-salvator-mundi.de\/erscheinung-des-herrn\/sakramente\/krankensalbung-und-kommunion\/","url":"https:\/\/www.pfarrverband-salvator-mundi.de\/erscheinung-des-herrn\/sakramente\/krankensalbung-und-kommunion\/","name":"Krankensalbung und Kommunion - Pfarrei Erscheinung des Herrn","isPartOf":{"@id":"https:\/\/www.pfarrverband-salvator-mundi.de\/erscheinung-des-herrn\/#website"},"datePublished":"2016-04-14T21:17:00+00:00","dateModified":"2025-12-07T18:13:50+00:00","breadcrumb":{"@id":"https:\/\/www.pfarrverband-salvator-mundi.de\/erscheinung-des-herrn\/sakramente\/krankensalbung-und-kommunion\/#breadcrumb"},"inLanguage":"de","potentialAction":[{"@type":"ReadAction","target":["https:\/\/www.pfarrverband-salvator-mundi.de\/erscheinung-des-herrn\/sakramente\/krankensalbung-und-kommunion\/"]}]},{"@type":"BreadcrumbList","@id":"https:\/\/www.pfarrverband-salvator-mundi.de\/erscheinung-des-herrn\/sakramente\/krankensalbung-und-kommunion\/#breadcrumb","itemListElement":[{"@type":"ListItem","position":1,"name":"Home","item":"https:\/\/www.pfarrverband-salvator-mundi.de\/erscheinung-des-herrn\/"},{"@type":"ListItem","position":2,"name":"Sakramente","item":"https:\/\/www.pfarrverband-salvator-mundi.de\/erscheinung-des-herrn\/sakramente\/"},{"@type":"ListItem","position":3,"name":"Krankensalbung und Kommunion"}]},{"@type":"WebSite","@id":"https:\/\/www.pfarrverband-salvator-mundi.de\/erscheinung-des-herrn\/#website","url":"https:\/\/www.pfarrverband-salvator-mundi.de\/erscheinung-des-herrn\/","name":"Pfarrei Erscheinung des Herrn","description":"Teil des Pfarrverbands Salvator Mundi","potentialAction":[{"@type":"SearchAction","target":{"@type":"EntryPoint","urlTemplate":"https:\/\/www.pfarrverband-salvator-mundi.de\/erscheinung-des-herrn\/?s={search_term_string}"},"query-input":{"@type":"PropertyValueSpecification","valueRequired":true,"valueName":"search_term_string"}}],"inLanguage":"de"}]}},"_links":{"self":[{"href":"https:\/\/www.pfarrverband-salvator-mundi.de\/erscheinung-des-herrn\/wp-json\/wp\/v2\/pages\/687","targetHints":{"allow":["GET"]}}],"collection":[{"href":"https:\/\/www.pfarrverband-salvator-mundi.de\/erscheinung-des-herrn\/wp-json\/wp\/v2\/pages"}],"about":[{"href":"https:\/\/www.pfarrverband-salvator-mundi.de\/erscheinung-des-herrn\/wp-json\/wp\/v2\/types\/page"}],"author":[{"embeddable":true,"href":"https:\/\/www.pfarrverband-salvator-mundi.de\/erscheinung-des-herrn\/wp-json\/wp\/v2\/users\/1"}],"replies":[{"embeddable":true,"href":"https:\/\/www.pfarrverband-salvator-mundi.de\/erscheinung-des-herrn\/wp-json\/wp\/v2\/comments?post=687"}],"version-history":[{"count":4,"href":"https:\/\/www.pfarrverband-salvator-mundi.de\/erscheinung-des-herrn\/wp-json\/wp\/v2\/pages\/687\/revisions"}],"predecessor-version":[{"id":14037,"href":"https:\/\/www.pfarrverband-salvator-mundi.de\/erscheinung-des-herrn\/wp-json\/wp\/v2\/pages\/687\/revisions\/14037"}],"up":[{"embeddable":true,"href":"https:\/\/www.pfarrverband-salvator-mundi.de\/erscheinung-des-herrn\/wp-json\/wp\/v2\/pages\/654"}],"wp:attachment":[{"href":"https:\/\/www.pfarrverband-salvator-mundi.de\/erscheinung-des-herrn\/wp-json\/wp\/v2\/media?parent=687"}],"curies":[{"name":"wp","href":"https:\/\/api.w.org\/{rel}","templated":true}]}}