{"id":8429,"date":"2021-02-13T21:32:40","date_gmt":"2021-02-13T20:32:40","guid":{"rendered":"https:\/\/www.pfarrverband-salvator-mundi.de\/erscheinung-des-herrn\/?page_id=8429"},"modified":"2025-12-07T19:01:33","modified_gmt":"2025-12-07T18:01:33","slug":"live-streams-gottesdienste","status":"publish","type":"page","link":"https:\/\/www.pfarrverband-salvator-mundi.de\/erscheinung-des-herrn\/gottesdienste\/live-streams-gottesdienste\/","title":{"rendered":"Live-Streams Gottesdienste"},"content":{"rendered":"\n<div>\n<h1>Live-Streams der Gottesdienste im Erzbistum<\/h1>\n<p class=\"bodytext\">Bis auf weiteres wird meist t\u00e4glich ein Gottesdienst aus der Sakramentskapelle des M\u00fcnchner Liebfrauendoms live im Internet und im Radio \u00fcbertragen, jeweils sonntags um 10:00 Uhr sowie montags bis samstags um 18:00 Uhr.<\/p>\n<p><strong>Die Live-\u00dcbertragung kann unter <\/strong><a class=\"external-link-new-window\" href=\"http:\/\/www.erzbistum-muenchen.de\/stream\" target=\"_blank\" rel=\"noopener noreferrer\">www.erzbistum-muenchen.de\/stream<\/a> abgerufen werden.<\/p>\n<\/div>\n\n\n\n<p class=\"bodytext\">Eine reine Ton\u00fcbertragung ist zudem im M\u00fcnchner Kirchenradio \u00fcber das Digitalradio DAB+ oder unter <a href=\"http:\/\/www.muenchner-kirchenradio.de\" target=\"_blank\" rel=\"noopener noreferrer\">www.muenchner-kirchenradio.de<\/a> zu h\u00f6ren.<\/p>\n\n\n\n<p><\/p>\n","protected":false},"excerpt":{"rendered":"<p>Live-Streams der Gottesdienste im Erzbistum Bis auf weiteres wird meist t\u00e4glich ein Gottesdienst aus der Sakramentskapelle des M\u00fcnchner Liebfrauendoms live im Internet und im Radio \u00fcbertragen, jeweils sonntags um 10:00 Uhr sowie montags bis samstags um 18:00 Uhr. Die Live-\u00dcbertragung kann unter www.erzbistum-muenchen.de\/stream abgerufen werden. Eine reine Ton\u00fcbertragung ist zudem im M\u00fcnchner Kirchenradio \u00fcber das [&hellip;]<\/p>\n","protected":false},"author":1,"featured_media":0,"parent":41,"menu_order":0,"comment_status":"closed","ping_status":"closed","template":"","meta":{"ngg_post_thumbnail":0,"footnotes":""},"class_list":["post-8429","page","type-page","status-publish","czr-hentry"],"yoast_head":"<!-- This site is optimized with the Yoast SEO plugin v27.4 - https:\/\/yoast.com\/product\/yoast-seo-wordpress\/ -->\n<title>Live-Streams Gottesdienste - Pfarrei Erscheinung des Herrn<\/title>\n<meta name=\"robots\" content=\"index, follow, max-snippet:-1, max-image-preview:large, max-video-preview:-1\" \/>\n<link rel=\"canonical\" href=\"https:\/\/www.pfarrverband-salvator-mundi.de\/erscheinung-des-herrn\/gottesdienste\/live-streams-gottesdienste\/\" \/>\n<meta property=\"og:locale\" content=\"de_DE\" \/>\n<meta property=\"og:type\" content=\"article\" \/>\n<meta property=\"og:title\" content=\"Live-Streams Gottesdienste - Pfarrei Erscheinung des Herrn\" \/>\n<meta property=\"og:description\" content=\"Live-Streams der Gottesdienste im Erzbistum Bis auf weiteres wird meist t\u00e4glich ein Gottesdienst aus der Sakramentskapelle des M\u00fcnchner Liebfrauendoms live im Internet und im Radio \u00fcbertragen, jeweils sonntags um 10:00 Uhr sowie montags bis samstags um 18:00 Uhr. Die Live-\u00dcbertragung kann unter www.erzbistum-muenchen.de\/stream abgerufen werden. Eine reine Ton\u00fcbertragung ist zudem im M\u00fcnchner Kirchenradio \u00fcber das [&hellip;]\" \/>\n<meta property=\"og:url\" content=\"https:\/\/www.pfarrverband-salvator-mundi.de\/erscheinung-des-herrn\/gottesdienste\/live-streams-gottesdienste\/\" \/>\n<meta property=\"og:site_name\" content=\"Pfarrei Erscheinung des Herrn\" \/>\n<meta property=\"article:modified_time\" content=\"2025-12-07T18:01:33+00:00\" \/>\n<meta name=\"twitter:card\" content=\"summary_large_image\" \/>\n<meta name=\"twitter:label1\" content=\"Gesch\u00e4tzte Lesezeit\" \/>\n\t<meta name=\"twitter:data1\" content=\"1\u00a0Minute\" \/>\n<script type=\"application\/ld+json\" class=\"yoast-schema-graph\">{\"@context\":\"https:\\\/\\\/schema.org\",\"@graph\":[{\"@type\":\"WebPage\",\"@id\":\"https:\\\/\\\/www.pfarrverband-salvator-mundi.de\\\/erscheinung-des-herrn\\\/gottesdienste\\\/live-streams-gottesdienste\\\/\",\"url\":\"https:\\\/\\\/www.pfarrverband-salvator-mundi.de\\\/erscheinung-des-herrn\\\/gottesdienste\\\/live-streams-gottesdienste\\\/\",\"name\":\"Live-Streams Gottesdienste - Pfarrei Erscheinung des Herrn\",\"isPartOf\":{\"@id\":\"https:\\\/\\\/www.pfarrverband-salvator-mundi.de\\\/erscheinung-des-herrn\\\/#website\"},\"datePublished\":\"2021-02-13T20:32:40+00:00\",\"dateModified\":\"2025-12-07T18:01:33+00:00\",\"breadcrumb\":{\"@id\":\"https:\\\/\\\/www.pfarrverband-salvator-mundi.de\\\/erscheinung-des-herrn\\\/gottesdienste\\\/live-streams-gottesdienste\\\/#breadcrumb\"},\"inLanguage\":\"de\",\"potentialAction\":[{\"@type\":\"ReadAction\",\"target\":[\"https:\\\/\\\/www.pfarrverband-salvator-mundi.de\\\/erscheinung-des-herrn\\\/gottesdienste\\\/live-streams-gottesdienste\\\/\"]}]},{\"@type\":\"BreadcrumbList\",\"@id\":\"https:\\\/\\\/www.pfarrverband-salvator-mundi.de\\\/erscheinung-des-herrn\\\/gottesdienste\\\/live-streams-gottesdienste\\\/#breadcrumb\",\"itemListElement\":[{\"@type\":\"ListItem\",\"position\":1,\"name\":\"Home\",\"item\":\"https:\\\/\\\/www.pfarrverband-salvator-mundi.de\\\/erscheinung-des-herrn\\\/\"},{\"@type\":\"ListItem\",\"position\":2,\"name\":\"Gottesdienste\",\"item\":\"https:\\\/\\\/www.pfarrverband-salvator-mundi.de\\\/erscheinung-des-herrn\\\/gottesdienste\\\/\"},{\"@type\":\"ListItem\",\"position\":3,\"name\":\"Live-Streams Gottesdienste\"}]},{\"@type\":\"WebSite\",\"@id\":\"https:\\\/\\\/www.pfarrverband-salvator-mundi.de\\\/erscheinung-des-herrn\\\/#website\",\"url\":\"https:\\\/\\\/www.pfarrverband-salvator-mundi.de\\\/erscheinung-des-herrn\\\/\",\"name\":\"Pfarrei Erscheinung des Herrn\",\"description\":\"Teil des Pfarrverbands Salvator Mundi\",\"potentialAction\":[{\"@type\":\"SearchAction\",\"target\":{\"@type\":\"EntryPoint\",\"urlTemplate\":\"https:\\\/\\\/www.pfarrverband-salvator-mundi.de\\\/erscheinung-des-herrn\\\/?s={search_term_string}\"},\"query-input\":{\"@type\":\"PropertyValueSpecification\",\"valueRequired\":true,\"valueName\":\"search_term_string\"}}],\"inLanguage\":\"de\"}]}<\/script>\n<!-- \/ Yoast SEO plugin. -->","yoast_head_json":{"title":"Live-Streams Gottesdienste - Pfarrei Erscheinung des Herrn","robots":{"index":"index","follow":"follow","max-snippet":"max-snippet:-1","max-image-preview":"max-image-preview:large","max-video-preview":"max-video-preview:-1"},"canonical":"https:\/\/www.pfarrverband-salvator-mundi.de\/erscheinung-des-herrn\/gottesdienste\/live-streams-gottesdienste\/","og_locale":"de_DE","og_type":"article","og_title":"Live-Streams Gottesdienste - Pfarrei Erscheinung des Herrn","og_description":"Live-Streams der Gottesdienste im Erzbistum Bis auf weiteres wird meist t\u00e4glich ein Gottesdienst aus der Sakramentskapelle des M\u00fcnchner Liebfrauendoms live im Internet und im Radio \u00fcbertragen, jeweils sonntags um 10:00 Uhr sowie montags bis samstags um 18:00 Uhr. Die Live-\u00dcbertragung kann unter www.erzbistum-muenchen.de\/stream abgerufen werden. Eine reine Ton\u00fcbertragung ist zudem im M\u00fcnchner Kirchenradio \u00fcber das [&hellip;]","og_url":"https:\/\/www.pfarrverband-salvator-mundi.de\/erscheinung-des-herrn\/gottesdienste\/live-streams-gottesdienste\/","og_site_name":"Pfarrei Erscheinung des Herrn","article_modified_time":"2025-12-07T18:01:33+00:00","twitter_card":"summary_large_image","twitter_misc":{"Gesch\u00e4tzte Lesezeit":"1\u00a0Minute"},"schema":{"@context":"https:\/\/schema.org","@graph":[{"@type":"WebPage","@id":"https:\/\/www.pfarrverband-salvator-mundi.de\/erscheinung-des-herrn\/gottesdienste\/live-streams-gottesdienste\/","url":"https:\/\/www.pfarrverband-salvator-mundi.de\/erscheinung-des-herrn\/gottesdienste\/live-streams-gottesdienste\/","name":"Live-Streams Gottesdienste - Pfarrei Erscheinung des Herrn","isPartOf":{"@id":"https:\/\/www.pfarrverband-salvator-mundi.de\/erscheinung-des-herrn\/#website"},"datePublished":"2021-02-13T20:32:40+00:00","dateModified":"2025-12-07T18:01:33+00:00","breadcrumb":{"@id":"https:\/\/www.pfarrverband-salvator-mundi.de\/erscheinung-des-herrn\/gottesdienste\/live-streams-gottesdienste\/#breadcrumb"},"inLanguage":"de","potentialAction":[{"@type":"ReadAction","target":["https:\/\/www.pfarrverband-salvator-mundi.de\/erscheinung-des-herrn\/gottesdienste\/live-streams-gottesdienste\/"]}]},{"@type":"BreadcrumbList","@id":"https:\/\/www.pfarrverband-salvator-mundi.de\/erscheinung-des-herrn\/gottesdienste\/live-streams-gottesdienste\/#breadcrumb","itemListElement":[{"@type":"ListItem","position":1,"name":"Home","item":"https:\/\/www.pfarrverband-salvator-mundi.de\/erscheinung-des-herrn\/"},{"@type":"ListItem","position":2,"name":"Gottesdienste","item":"https:\/\/www.pfarrverband-salvator-mundi.de\/erscheinung-des-herrn\/gottesdienste\/"},{"@type":"ListItem","position":3,"name":"Live-Streams Gottesdienste"}]},{"@type":"WebSite","@id":"https:\/\/www.pfarrverband-salvator-mundi.de\/erscheinung-des-herrn\/#website","url":"https:\/\/www.pfarrverband-salvator-mundi.de\/erscheinung-des-herrn\/","name":"Pfarrei Erscheinung des Herrn","description":"Teil des Pfarrverbands Salvator Mundi","potentialAction":[{"@type":"SearchAction","target":{"@type":"EntryPoint","urlTemplate":"https:\/\/www.pfarrverband-salvator-mundi.de\/erscheinung-des-herrn\/?s={search_term_string}"},"query-input":{"@type":"PropertyValueSpecification","valueRequired":true,"valueName":"search_term_string"}}],"inLanguage":"de"}]}},"_links":{"self":[{"href":"https:\/\/www.pfarrverband-salvator-mundi.de\/erscheinung-des-herrn\/wp-json\/wp\/v2\/pages\/8429","targetHints":{"allow":["GET"]}}],"collection":[{"href":"https:\/\/www.pfarrverband-salvator-mundi.de\/erscheinung-des-herrn\/wp-json\/wp\/v2\/pages"}],"about":[{"href":"https:\/\/www.pfarrverband-salvator-mundi.de\/erscheinung-des-herrn\/wp-json\/wp\/v2\/types\/page"}],"author":[{"embeddable":true,"href":"https:\/\/www.pfarrverband-salvator-mundi.de\/erscheinung-des-herrn\/wp-json\/wp\/v2\/users\/1"}],"replies":[{"embeddable":true,"href":"https:\/\/www.pfarrverband-salvator-mundi.de\/erscheinung-des-herrn\/wp-json\/wp\/v2\/comments?post=8429"}],"version-history":[{"count":67,"href":"https:\/\/www.pfarrverband-salvator-mundi.de\/erscheinung-des-herrn\/wp-json\/wp\/v2\/pages\/8429\/revisions"}],"predecessor-version":[{"id":14028,"href":"https:\/\/www.pfarrverband-salvator-mundi.de\/erscheinung-des-herrn\/wp-json\/wp\/v2\/pages\/8429\/revisions\/14028"}],"up":[{"embeddable":true,"href":"https:\/\/www.pfarrverband-salvator-mundi.de\/erscheinung-des-herrn\/wp-json\/wp\/v2\/pages\/41"}],"wp:attachment":[{"href":"https:\/\/www.pfarrverband-salvator-mundi.de\/erscheinung-des-herrn\/wp-json\/wp\/v2\/media?parent=8429"}],"curies":[{"name":"wp","href":"https:\/\/api.w.org\/{rel}","templated":true}]}}