{"id":1057,"date":"2016-04-25T15:09:45","date_gmt":"2016-04-25T13:09:45","guid":{"rendered":"http:\/\/www.pfarrverband-salvator-mundi.de\/fronleichnam\/?page_id=1057"},"modified":"2025-12-07T18:44:40","modified_gmt":"2025-12-07T17:44:40","slug":"kindergottesdienste","status":"publish","type":"page","link":"https:\/\/www.pfarrverband-salvator-mundi.de\/fronleichnam\/kinder-und-familien\/kindergottesdienste\/","title":{"rendered":"Kindergottesdienste"},"content":{"rendered":"\n<h1 class=\"wp-block-heading\">Kinderkirche<\/h1>\n\n\n<style type=\"text\/css\">\n#foogallery-gallery-1666 { --fg-gutter: 10px; }<\/style>\n\t\t\t<div class=\"foogallery foogallery-container foogallery-default foogallery-lightbox-foogallery fg-left fg-default fg-ready fg-light fg-loading-default fg-loaded-fade-in\" id=\"foogallery-gallery-1666\" data-foogallery=\"{&quot;item&quot;:{&quot;showCaptionTitle&quot;:false,&quot;showCaptionDescription&quot;:false},&quot;lazy&quot;:true}\" style=\"--fg-title-line-clamp: 0; --fg-description-line-clamp: 0;\" >\n\t<div class=\"fg-item fg-type-image fg-idle\"><figure class=\"fg-item-inner\"><a data-attachment-id=\"1671\" data-type=\"image\" class=\"fg-thumb\"><span class=\"fg-image-wrap\"><img fetchpriority=\"high\" decoding=\"async\" height=\"215\" width=\"440\" class=\"skip-lazy fg-image\" data-src-fg=\"https:\/\/www.pfarrverband-salvator-mundi.de\/fronleichnam\/wp-content\/uploads\/sites\/2\/2016\/08\/Kinderkirche_2.jpg\" src=\"data:image\/svg+xml,%3Csvg%20xmlns%3D%22http%3A%2F%2Fwww.w3.org%2F2000%2Fsvg%22%20width%3D%22440%22%20height%3D%22215%22%20viewBox%3D%220%200%20440%20215%22%3E%3C%2Fsvg%3E\" loading=\"eager\"><\/span><span class=\"fg-image-overlay\"><\/span><\/a><\/figure><div class=\"fg-loader\"><\/div><\/div><div class=\"fg-item fg-type-image fg-idle\"><figure class=\"fg-item-inner\"><a data-attachment-id=\"1670\" data-type=\"image\" class=\"fg-thumb\"><span class=\"fg-image-wrap\"><img decoding=\"async\" height=\"215\" width=\"215\" class=\"skip-lazy fg-image\" data-src-fg=\"https:\/\/www.pfarrverband-salvator-mundi.de\/fronleichnam\/wp-content\/uploads\/sites\/2\/2016\/08\/Kinderkirche_1.jpg\" src=\"data:image\/svg+xml,%3Csvg%20xmlns%3D%22http%3A%2F%2Fwww.w3.org%2F2000%2Fsvg%22%20width%3D%22215%22%20height%3D%22215%22%20viewBox%3D%220%200%20215%20215%22%3E%3C%2Fsvg%3E\" loading=\"eager\"><\/span><span class=\"fg-image-overlay\"><\/span><\/a><\/figure><div class=\"fg-loader\"><\/div><\/div><\/div>\n<style type=\"text\/css\">#foogallery-gallery-1666 { \r\npadding-left: 0;\r\npadding-bottom: 10px;\r\n}<\/style>\n\n\n\n<p><strong>Die Kinderkirche<\/strong> findet <strong>monatlich im Pfarrsaal von Fronleichnam<\/strong> statt und beginnt in der Regel um <strong>10:30 Uhr<\/strong>. Sie ist ein <strong>Angebot f\u00fcr die Kleinsten<\/strong> unter uns, gemeinsam mit ihren Eltern, wobei sich durchaus auch immer wieder die gr\u00f6\u00dferen Geschwister im Grundschulalter noch angesprochen f\u00fchlen. Im <strong>Mittelpunkt<\/strong> steht, <strong>den Glauben<\/strong> und <strong>die Heilige Schrift<\/strong> mit allen Sinnen <strong>zu erkunden<\/strong> und eine Atmosph\u00e4re der Sammlung und des Kraftsch\u00f6pfen miteinander zu teilen.<\/p>\n\n\n\n<hr class=\"wp-block-separator has-alpha-channel-opacity\"\/>\n\n\n\n<h1 class=\"wp-block-heading\"><span style=\"color: #3a7910;\">Kinderwort- &amp; Familiengottesdienste<\/span><\/h1>\n\n\n\n<figure class=\"wp-block-image size-full\"><a href=\"https:\/\/www.pfarrverband-salvator-mundi.de\/fronleichnam\/wp-content\/uploads\/sites\/2\/2025\/10\/Kigo_Fago_Termine_25_26_II.jpg\"><img loading=\"lazy\" decoding=\"async\" width=\"707\" height=\"1000\" src=\"https:\/\/www.pfarrverband-salvator-mundi.de\/fronleichnam\/wp-content\/uploads\/sites\/2\/2025\/10\/Kigo_Fago_Termine_25_26_II.jpg\" alt=\"\" class=\"wp-image-18364\" srcset=\"https:\/\/www.pfarrverband-salvator-mundi.de\/fronleichnam\/wp-content\/uploads\/sites\/2\/2025\/10\/Kigo_Fago_Termine_25_26_II.jpg 707w, https:\/\/www.pfarrverband-salvator-mundi.de\/fronleichnam\/wp-content\/uploads\/sites\/2\/2025\/10\/Kigo_Fago_Termine_25_26_II-212x300.jpg 212w\" sizes=\"auto, (max-width: 707px) 100vw, 707px\" \/><\/a><\/figure>\n\n\n\n<ul class=\"wp-block-list\">\n<li><strong>07.12.2025<\/strong> 10:00 Uhr Kinderwortgottesdienst 2. Advent<\/li>\n\n\n\n<li><strong>24.12.2025<\/strong> 15:30 Uhr Andacht mit Krippenspiel<\/li>\n\n\n\n<li><strong>25.01.2026<\/strong> 10:00 Uhr Familiengottesdienst &#8211; Vorstellung der Erstkommunionkinder<\/li>\n\n\n\n<li><strong>08.03.2026<\/strong> 10:00 Uhr Familiengottesdienst Vers\u00f6hnung<\/li>\n\n\n\n<li><strong>27.03.2026<\/strong> 15:00 Uhr Palmbuschenbinden im Pfarrsaal<\/li>\n\n\n\n<li><strong>29.03.2026<\/strong> 10:00 Uhr Familiengottesdienst Palmsonntag<\/li>\n\n\n\n<li><strong>05.04.2026<\/strong> 10:00 Uhr Kinderwortgottesdienst Ostern<\/li>\n<\/ul>\n\n\n\n<p>im Pfarrsaal oder in der Kirche Fronleichnam<br>Senftenauerstra\u00dfe 111<br><br>Herzliche Einladung an alle Kinder mit ihren Eltern!<\/p>\n\n\n\n<hr class=\"wp-block-separator has-alpha-channel-opacity\"\/>\n\n\n\n<h3 class=\"wp-block-heading\"><span style=\"color: #3a7910;\">Die Vorbereitung<\/span><\/h3>\n\n\n\n<p>Die Kinderkirchen werden aktuell von Pastoralreferent Christoph Reich und Pastoralassistentin Sarah Sch\u00f6nhofer vorbereitet. Gerne suchen wir aber immer ehrenamtliche Helfer, die Lust haben, ihren Glauben f\u00fcr Kinder kreativ erfahrbar zu&nbsp;machen.<\/p>\n\n\n\n<p>Wir pflegen einen Emailverteiler, der \u00fcber alle Familien- bzw. Kinderangebote in der Pfarrei informiert. Wenn Sie dazu aufgenommen werden, wenden Sie sich an die Ansprechpartner.<\/p>\n\n\n\n<figure class=\"wp-block-image\"><img loading=\"lazy\" decoding=\"async\" width=\"665\" height=\"215\" src=\"https:\/\/www.pfarrverband-salvator-mundi.de\/fronleichnam\/wp-content\/uploads\/sites\/2\/2016\/04\/Kinderkirche_3.jpg\" alt=\"Kinderkirche_(3)\" class=\"wp-image-1673\" srcset=\"https:\/\/www.pfarrverband-salvator-mundi.de\/fronleichnam\/wp-content\/uploads\/sites\/2\/2016\/04\/Kinderkirche_3.jpg 665w, https:\/\/www.pfarrverband-salvator-mundi.de\/fronleichnam\/wp-content\/uploads\/sites\/2\/2016\/04\/Kinderkirche_3-300x97.jpg 300w\" sizes=\"auto, (max-width: 665px) 100vw, 665px\" \/><\/figure>\n\n\n\n<p><span style=\"color: #3a7910;\"><strong>Kontakt:<\/strong> <\/span><br><strong>Hanna L\u00f6ffler<\/strong>, Gemeindereferentin, Tel. 089-54 67 37-0, E-Mail: <a href=\"mailto:jloeffler@ebmuc.de\" target=\"_blank\" rel=\"noreferrer noopener\">jloeffler@ebmuc.de<\/a><\/p>\n","protected":false},"excerpt":{"rendered":"<p>Kinderkirche Die Kinderkirche findet monatlich im Pfarrsaal von Fronleichnam statt und beginnt in der Regel um 10:30 Uhr. Sie ist ein Angebot f\u00fcr die Kleinsten unter uns, gemeinsam mit ihren Eltern, wobei sich durchaus auch immer wieder die gr\u00f6\u00dferen Geschwister im Grundschulalter noch angesprochen f\u00fchlen. Im Mittelpunkt steht, den Glauben und die Heilige Schrift mit [&hellip;]<\/p>\n","protected":false},"author":1,"featured_media":0,"parent":807,"menu_order":1,"comment_status":"closed","ping_status":"closed","template":"","meta":{"ngg_post_thumbnail":0,"footnotes":""},"class_list":["post-1057","page","type-page","status-publish","czr-hentry"],"yoast_head":"<!-- This site is optimized with the Yoast SEO plugin v27.3 - https:\/\/yoast.com\/product\/yoast-seo-wordpress\/ -->\n<title>Kindergottesdienste - Pfarrei Fronleichnam<\/title>\n<meta name=\"robots\" content=\"index, follow, max-snippet:-1, max-image-preview:large, max-video-preview:-1\" \/>\n<link rel=\"canonical\" href=\"https:\/\/www.pfarrverband-salvator-mundi.de\/fronleichnam\/kinder-und-familien\/kindergottesdienste\/\" \/>\n<meta property=\"og:locale\" content=\"de_DE\" \/>\n<meta property=\"og:type\" content=\"article\" \/>\n<meta property=\"og:title\" content=\"Kindergottesdienste - Pfarrei Fronleichnam\" \/>\n<meta property=\"og:description\" content=\"Kinderkirche Die Kinderkirche findet monatlich im Pfarrsaal von Fronleichnam statt und beginnt in der Regel um 10:30 Uhr. Sie ist ein Angebot f\u00fcr die Kleinsten unter uns, gemeinsam mit ihren Eltern, wobei sich durchaus auch immer wieder die gr\u00f6\u00dferen Geschwister im Grundschulalter noch angesprochen f\u00fchlen. Im Mittelpunkt steht, den Glauben und die Heilige Schrift mit [&hellip;]\" \/>\n<meta property=\"og:url\" content=\"https:\/\/www.pfarrverband-salvator-mundi.de\/fronleichnam\/kinder-und-familien\/kindergottesdienste\/\" \/>\n<meta property=\"og:site_name\" content=\"Pfarrei Fronleichnam\" \/>\n<meta property=\"article:modified_time\" content=\"2025-12-07T17:44:40+00:00\" \/>\n<meta property=\"og:image\" content=\"https:\/\/www.pfarrverband-salvator-mundi.de\/fronleichnam\/wp-content\/uploads\/sites\/2\/2025\/10\/Kigo_Fago_Termine_25_26_II.jpg\" \/>\n<meta name=\"twitter:card\" content=\"summary_large_image\" \/>\n<meta name=\"twitter:label1\" content=\"Gesch\u00e4tzte Lesezeit\" \/>\n\t<meta name=\"twitter:data1\" content=\"2\u00a0Minuten\" \/>\n<script type=\"application\/ld+json\" class=\"yoast-schema-graph\">{\"@context\":\"https:\\\/\\\/schema.org\",\"@graph\":[{\"@type\":\"WebPage\",\"@id\":\"https:\\\/\\\/www.pfarrverband-salvator-mundi.de\\\/fronleichnam\\\/kinder-und-familien\\\/kindergottesdienste\\\/\",\"url\":\"https:\\\/\\\/www.pfarrverband-salvator-mundi.de\\\/fronleichnam\\\/kinder-und-familien\\\/kindergottesdienste\\\/\",\"name\":\"Kindergottesdienste - Pfarrei Fronleichnam\",\"isPartOf\":{\"@id\":\"https:\\\/\\\/www.pfarrverband-salvator-mundi.de\\\/fronleichnam\\\/#website\"},\"primaryImageOfPage\":{\"@id\":\"https:\\\/\\\/www.pfarrverband-salvator-mundi.de\\\/fronleichnam\\\/kinder-und-familien\\\/kindergottesdienste\\\/#primaryimage\"},\"image\":{\"@id\":\"https:\\\/\\\/www.pfarrverband-salvator-mundi.de\\\/fronleichnam\\\/kinder-und-familien\\\/kindergottesdienste\\\/#primaryimage\"},\"thumbnailUrl\":\"https:\\\/\\\/www.pfarrverband-salvator-mundi.de\\\/fronleichnam\\\/wp-content\\\/uploads\\\/sites\\\/2\\\/2025\\\/10\\\/Kigo_Fago_Termine_25_26_II.jpg\",\"datePublished\":\"2016-04-25T13:09:45+00:00\",\"dateModified\":\"2025-12-07T17:44:40+00:00\",\"breadcrumb\":{\"@id\":\"https:\\\/\\\/www.pfarrverband-salvator-mundi.de\\\/fronleichnam\\\/kinder-und-familien\\\/kindergottesdienste\\\/#breadcrumb\"},\"inLanguage\":\"de\",\"potentialAction\":[{\"@type\":\"ReadAction\",\"target\":[\"https:\\\/\\\/www.pfarrverband-salvator-mundi.de\\\/fronleichnam\\\/kinder-und-familien\\\/kindergottesdienste\\\/\"]}]},{\"@type\":\"ImageObject\",\"inLanguage\":\"de\",\"@id\":\"https:\\\/\\\/www.pfarrverband-salvator-mundi.de\\\/fronleichnam\\\/kinder-und-familien\\\/kindergottesdienste\\\/#primaryimage\",\"url\":\"https:\\\/\\\/www.pfarrverband-salvator-mundi.de\\\/fronleichnam\\\/wp-content\\\/uploads\\\/sites\\\/2\\\/2025\\\/10\\\/Kigo_Fago_Termine_25_26_II.jpg\",\"contentUrl\":\"https:\\\/\\\/www.pfarrverband-salvator-mundi.de\\\/fronleichnam\\\/wp-content\\\/uploads\\\/sites\\\/2\\\/2025\\\/10\\\/Kigo_Fago_Termine_25_26_II.jpg\",\"width\":707,\"height\":1000},{\"@type\":\"BreadcrumbList\",\"@id\":\"https:\\\/\\\/www.pfarrverband-salvator-mundi.de\\\/fronleichnam\\\/kinder-und-familien\\\/kindergottesdienste\\\/#breadcrumb\",\"itemListElement\":[{\"@type\":\"ListItem\",\"position\":1,\"name\":\"Home\",\"item\":\"https:\\\/\\\/www.pfarrverband-salvator-mundi.de\\\/fronleichnam\\\/\"},{\"@type\":\"ListItem\",\"position\":2,\"name\":\"Kinder und Familien\",\"item\":\"https:\\\/\\\/www.pfarrverband-salvator-mundi.de\\\/fronleichnam\\\/kinder-und-familien\\\/\"},{\"@type\":\"ListItem\",\"position\":3,\"name\":\"Kindergottesdienste\"}]},{\"@type\":\"WebSite\",\"@id\":\"https:\\\/\\\/www.pfarrverband-salvator-mundi.de\\\/fronleichnam\\\/#website\",\"url\":\"https:\\\/\\\/www.pfarrverband-salvator-mundi.de\\\/fronleichnam\\\/\",\"name\":\"Pfarrei Fronleichnam\",\"description\":\"Teil des Pfarrverbands Salvator Mundi\",\"potentialAction\":[{\"@type\":\"SearchAction\",\"target\":{\"@type\":\"EntryPoint\",\"urlTemplate\":\"https:\\\/\\\/www.pfarrverband-salvator-mundi.de\\\/fronleichnam\\\/?s={search_term_string}\"},\"query-input\":{\"@type\":\"PropertyValueSpecification\",\"valueRequired\":true,\"valueName\":\"search_term_string\"}}],\"inLanguage\":\"de\"}]}<\/script>\n<!-- \/ Yoast SEO plugin. -->","yoast_head_json":{"title":"Kindergottesdienste - Pfarrei Fronleichnam","robots":{"index":"index","follow":"follow","max-snippet":"max-snippet:-1","max-image-preview":"max-image-preview:large","max-video-preview":"max-video-preview:-1"},"canonical":"https:\/\/www.pfarrverband-salvator-mundi.de\/fronleichnam\/kinder-und-familien\/kindergottesdienste\/","og_locale":"de_DE","og_type":"article","og_title":"Kindergottesdienste - Pfarrei Fronleichnam","og_description":"Kinderkirche Die Kinderkirche findet monatlich im Pfarrsaal von Fronleichnam statt und beginnt in der Regel um 10:30 Uhr. Sie ist ein Angebot f\u00fcr die Kleinsten unter uns, gemeinsam mit ihren Eltern, wobei sich durchaus auch immer wieder die gr\u00f6\u00dferen Geschwister im Grundschulalter noch angesprochen f\u00fchlen. Im Mittelpunkt steht, den Glauben und die Heilige Schrift mit [&hellip;]","og_url":"https:\/\/www.pfarrverband-salvator-mundi.de\/fronleichnam\/kinder-und-familien\/kindergottesdienste\/","og_site_name":"Pfarrei Fronleichnam","article_modified_time":"2025-12-07T17:44:40+00:00","og_image":[{"url":"https:\/\/www.pfarrverband-salvator-mundi.de\/fronleichnam\/wp-content\/uploads\/sites\/2\/2025\/10\/Kigo_Fago_Termine_25_26_II.jpg","type":"","width":"","height":""}],"twitter_card":"summary_large_image","twitter_misc":{"Gesch\u00e4tzte Lesezeit":"2\u00a0Minuten"},"schema":{"@context":"https:\/\/schema.org","@graph":[{"@type":"WebPage","@id":"https:\/\/www.pfarrverband-salvator-mundi.de\/fronleichnam\/kinder-und-familien\/kindergottesdienste\/","url":"https:\/\/www.pfarrverband-salvator-mundi.de\/fronleichnam\/kinder-und-familien\/kindergottesdienste\/","name":"Kindergottesdienste - Pfarrei Fronleichnam","isPartOf":{"@id":"https:\/\/www.pfarrverband-salvator-mundi.de\/fronleichnam\/#website"},"primaryImageOfPage":{"@id":"https:\/\/www.pfarrverband-salvator-mundi.de\/fronleichnam\/kinder-und-familien\/kindergottesdienste\/#primaryimage"},"image":{"@id":"https:\/\/www.pfarrverband-salvator-mundi.de\/fronleichnam\/kinder-und-familien\/kindergottesdienste\/#primaryimage"},"thumbnailUrl":"https:\/\/www.pfarrverband-salvator-mundi.de\/fronleichnam\/wp-content\/uploads\/sites\/2\/2025\/10\/Kigo_Fago_Termine_25_26_II.jpg","datePublished":"2016-04-25T13:09:45+00:00","dateModified":"2025-12-07T17:44:40+00:00","breadcrumb":{"@id":"https:\/\/www.pfarrverband-salvator-mundi.de\/fronleichnam\/kinder-und-familien\/kindergottesdienste\/#breadcrumb"},"inLanguage":"de","potentialAction":[{"@type":"ReadAction","target":["https:\/\/www.pfarrverband-salvator-mundi.de\/fronleichnam\/kinder-und-familien\/kindergottesdienste\/"]}]},{"@type":"ImageObject","inLanguage":"de","@id":"https:\/\/www.pfarrverband-salvator-mundi.de\/fronleichnam\/kinder-und-familien\/kindergottesdienste\/#primaryimage","url":"https:\/\/www.pfarrverband-salvator-mundi.de\/fronleichnam\/wp-content\/uploads\/sites\/2\/2025\/10\/Kigo_Fago_Termine_25_26_II.jpg","contentUrl":"https:\/\/www.pfarrverband-salvator-mundi.de\/fronleichnam\/wp-content\/uploads\/sites\/2\/2025\/10\/Kigo_Fago_Termine_25_26_II.jpg","width":707,"height":1000},{"@type":"BreadcrumbList","@id":"https:\/\/www.pfarrverband-salvator-mundi.de\/fronleichnam\/kinder-und-familien\/kindergottesdienste\/#breadcrumb","itemListElement":[{"@type":"ListItem","position":1,"name":"Home","item":"https:\/\/www.pfarrverband-salvator-mundi.de\/fronleichnam\/"},{"@type":"ListItem","position":2,"name":"Kinder und Familien","item":"https:\/\/www.pfarrverband-salvator-mundi.de\/fronleichnam\/kinder-und-familien\/"},{"@type":"ListItem","position":3,"name":"Kindergottesdienste"}]},{"@type":"WebSite","@id":"https:\/\/www.pfarrverband-salvator-mundi.de\/fronleichnam\/#website","url":"https:\/\/www.pfarrverband-salvator-mundi.de\/fronleichnam\/","name":"Pfarrei Fronleichnam","description":"Teil des Pfarrverbands Salvator Mundi","potentialAction":[{"@type":"SearchAction","target":{"@type":"EntryPoint","urlTemplate":"https:\/\/www.pfarrverband-salvator-mundi.de\/fronleichnam\/?s={search_term_string}"},"query-input":{"@type":"PropertyValueSpecification","valueRequired":true,"valueName":"search_term_string"}}],"inLanguage":"de"}]}},"_links":{"self":[{"href":"https:\/\/www.pfarrverband-salvator-mundi.de\/fronleichnam\/wp-json\/wp\/v2\/pages\/1057","targetHints":{"allow":["GET"]}}],"collection":[{"href":"https:\/\/www.pfarrverband-salvator-mundi.de\/fronleichnam\/wp-json\/wp\/v2\/pages"}],"about":[{"href":"https:\/\/www.pfarrverband-salvator-mundi.de\/fronleichnam\/wp-json\/wp\/v2\/types\/page"}],"author":[{"embeddable":true,"href":"https:\/\/www.pfarrverband-salvator-mundi.de\/fronleichnam\/wp-json\/wp\/v2\/users\/1"}],"replies":[{"embeddable":true,"href":"https:\/\/www.pfarrverband-salvator-mundi.de\/fronleichnam\/wp-json\/wp\/v2\/comments?post=1057"}],"version-history":[{"count":80,"href":"https:\/\/www.pfarrverband-salvator-mundi.de\/fronleichnam\/wp-json\/wp\/v2\/pages\/1057\/revisions"}],"predecessor-version":[{"id":18420,"href":"https:\/\/www.pfarrverband-salvator-mundi.de\/fronleichnam\/wp-json\/wp\/v2\/pages\/1057\/revisions\/18420"}],"up":[{"embeddable":true,"href":"https:\/\/www.pfarrverband-salvator-mundi.de\/fronleichnam\/wp-json\/wp\/v2\/pages\/807"}],"wp:attachment":[{"href":"https:\/\/www.pfarrverband-salvator-mundi.de\/fronleichnam\/wp-json\/wp\/v2\/media?parent=1057"}],"curies":[{"name":"wp","href":"https:\/\/api.w.org\/{rel}","templated":true}]}}