{"id":1496,"date":"2016-07-05T21:41:52","date_gmt":"2016-07-05T19:41:52","guid":{"rendered":"http:\/\/www.pfarrverband-salvator-mundi.de\/fronleichnam\/?page_id=1496"},"modified":"2024-05-24T11:54:58","modified_gmt":"2024-05-24T09:54:58","slug":"ehe-und-familie","status":"publish","type":"page","link":"https:\/\/www.pfarrverband-salvator-mundi.de\/fronleichnam\/sachausschuesse\/ehe-und-familie\/","title":{"rendered":"Ehe und Familie"},"content":{"rendered":"<h1>Sachausschuss Ehe und Familie<\/h1>\n<p>Zweimal im Jahr findet der <strong>Kinderbasar<\/strong> der Pfarrei Fronleichnam statt. Seit <strong>mehr als zehn Jahren<\/strong> sorgen die vielen Helfer f\u00fcr einen reibungslosen Ablauf. <strong>Der Basar erreicht mehrere Ziele:<\/strong> <strong>Nicht mehr gebrauchte Kindersachen<\/strong> (Kleidung, Spielzeug, Fahrzeuge) <strong>werden weiter verwendet<\/strong>, Familien k\u00f6nnen ihre Kinder g\u00fcnstig versorgen, und <strong>der Erl\u00f6s kommt der Kinder- und Jugendarbeit<\/strong> in unserer Pfarrei zugute. Zudem ist der Kinderbasar eine Gelegenheit zum Ratsch und Informationsaustausch der regelm\u00e4\u00dfigen Helfer.<\/p>\n<p>Der <strong>Kinderfasching<\/strong> findet regelm\u00e4\u00dfig sonntags Nachmittag <strong>nach dem Pfarrfasching<\/strong> statt. Die <strong>klassischen Kinderspiele sind sehr beliebt<\/strong>, und das <strong>\u201eFliegerlied\u201c<\/strong> und das <strong>\u201eRote Pferd\u201c<\/strong> d\u00fcrfen auch nicht fehlen, sonst bekommen wir Beschwerden von den kleinen G\u00e4sten.<\/p>\n<p>Im Herbst treffen sich Familien aus der Pfarrei zum einem <strong>Familienwochenende<\/strong>, neben Aktivit\u00e4ten wie Lagerfeuer oder M\u00e4rchenpark wird auch <strong>ein Gottesdienst zusammen mit den Kindern gestaltet<\/strong>.<\/p>\n<p>Wenn Sie Lust haben, bei einer der Veranstaltungen mitzumachen, wir freuen uns \u00fcber jedes neue Gesicht.<\/p>\nDie Galerie wurde nicht gefunden!\n<p><strong><span style=\"color: #3a7910;\">Ansprechpartner:<\/span><\/strong><br \/>\n<strong>Dr. Georg Forster<\/strong>, erreichbar \u00fcber das Pfarrb\u00fcro Fronleichnam<\/p>\n","protected":false},"excerpt":{"rendered":"<p>Sachausschuss Ehe und Familie Zweimal im Jahr findet der Kinderbasar der Pfarrei Fronleichnam statt. Seit mehr als zehn Jahren sorgen die vielen Helfer f\u00fcr einen reibungslosen Ablauf. Der Basar erreicht mehrere Ziele: Nicht mehr gebrauchte Kindersachen (Kleidung, Spielzeug, Fahrzeuge) werden weiter verwendet, Familien k\u00f6nnen ihre Kinder g\u00fcnstig versorgen, und der Erl\u00f6s kommt der Kinder- und [&hellip;]<\/p>\n","protected":false},"author":1,"featured_media":0,"parent":529,"menu_order":2,"comment_status":"closed","ping_status":"closed","template":"","meta":{"ngg_post_thumbnail":0,"footnotes":""},"class_list":["post-1496","page","type-page","status-publish","czr-hentry"],"yoast_head":"<!-- This site is optimized with the Yoast SEO plugin v27.4 - https:\/\/yoast.com\/product\/yoast-seo-wordpress\/ -->\n<title>Ehe und Familie - Pfarrei Fronleichnam<\/title>\n<meta name=\"robots\" content=\"index, follow, max-snippet:-1, max-image-preview:large, max-video-preview:-1\" \/>\n<link rel=\"canonical\" href=\"https:\/\/www.pfarrverband-salvator-mundi.de\/fronleichnam\/sachausschuesse\/ehe-und-familie\/\" \/>\n<meta property=\"og:locale\" content=\"de_DE\" \/>\n<meta property=\"og:type\" content=\"article\" \/>\n<meta property=\"og:title\" content=\"Ehe und Familie - Pfarrei Fronleichnam\" \/>\n<meta property=\"og:description\" content=\"Sachausschuss Ehe und Familie Zweimal im Jahr findet der Kinderbasar der Pfarrei Fronleichnam statt. Seit mehr als zehn Jahren sorgen die vielen Helfer f\u00fcr einen reibungslosen Ablauf. Der Basar erreicht mehrere Ziele: Nicht mehr gebrauchte Kindersachen (Kleidung, Spielzeug, Fahrzeuge) werden weiter verwendet, Familien k\u00f6nnen ihre Kinder g\u00fcnstig versorgen, und der Erl\u00f6s kommt der Kinder- und [&hellip;]\" \/>\n<meta property=\"og:url\" content=\"https:\/\/www.pfarrverband-salvator-mundi.de\/fronleichnam\/sachausschuesse\/ehe-und-familie\/\" \/>\n<meta property=\"og:site_name\" content=\"Pfarrei Fronleichnam\" \/>\n<meta property=\"article:modified_time\" content=\"2024-05-24T09:54:58+00:00\" \/>\n<meta name=\"twitter:card\" content=\"summary_large_image\" \/>\n<meta name=\"twitter:label1\" content=\"Gesch\u00e4tzte Lesezeit\" \/>\n\t<meta name=\"twitter:data1\" content=\"1\u00a0Minute\" \/>\n<script type=\"application\/ld+json\" class=\"yoast-schema-graph\">{\"@context\":\"https:\\\/\\\/schema.org\",\"@graph\":[{\"@type\":\"WebPage\",\"@id\":\"https:\\\/\\\/www.pfarrverband-salvator-mundi.de\\\/fronleichnam\\\/sachausschuesse\\\/ehe-und-familie\\\/\",\"url\":\"https:\\\/\\\/www.pfarrverband-salvator-mundi.de\\\/fronleichnam\\\/sachausschuesse\\\/ehe-und-familie\\\/\",\"name\":\"Ehe und Familie - Pfarrei Fronleichnam\",\"isPartOf\":{\"@id\":\"https:\\\/\\\/www.pfarrverband-salvator-mundi.de\\\/fronleichnam\\\/#website\"},\"datePublished\":\"2016-07-05T19:41:52+00:00\",\"dateModified\":\"2024-05-24T09:54:58+00:00\",\"breadcrumb\":{\"@id\":\"https:\\\/\\\/www.pfarrverband-salvator-mundi.de\\\/fronleichnam\\\/sachausschuesse\\\/ehe-und-familie\\\/#breadcrumb\"},\"inLanguage\":\"de\",\"potentialAction\":[{\"@type\":\"ReadAction\",\"target\":[\"https:\\\/\\\/www.pfarrverband-salvator-mundi.de\\\/fronleichnam\\\/sachausschuesse\\\/ehe-und-familie\\\/\"]}]},{\"@type\":\"BreadcrumbList\",\"@id\":\"https:\\\/\\\/www.pfarrverband-salvator-mundi.de\\\/fronleichnam\\\/sachausschuesse\\\/ehe-und-familie\\\/#breadcrumb\",\"itemListElement\":[{\"@type\":\"ListItem\",\"position\":1,\"name\":\"Home\",\"item\":\"https:\\\/\\\/www.pfarrverband-salvator-mundi.de\\\/fronleichnam\\\/\"},{\"@type\":\"ListItem\",\"position\":2,\"name\":\"Sachaussch\u00fcsse\",\"item\":\"https:\\\/\\\/www.pfarrverband-salvator-mundi.de\\\/fronleichnam\\\/sachausschuesse\\\/\"},{\"@type\":\"ListItem\",\"position\":3,\"name\":\"Ehe und Familie\"}]},{\"@type\":\"WebSite\",\"@id\":\"https:\\\/\\\/www.pfarrverband-salvator-mundi.de\\\/fronleichnam\\\/#website\",\"url\":\"https:\\\/\\\/www.pfarrverband-salvator-mundi.de\\\/fronleichnam\\\/\",\"name\":\"Pfarrei Fronleichnam\",\"description\":\"Teil des Pfarrverbands Salvator Mundi\",\"potentialAction\":[{\"@type\":\"SearchAction\",\"target\":{\"@type\":\"EntryPoint\",\"urlTemplate\":\"https:\\\/\\\/www.pfarrverband-salvator-mundi.de\\\/fronleichnam\\\/?s={search_term_string}\"},\"query-input\":{\"@type\":\"PropertyValueSpecification\",\"valueRequired\":true,\"valueName\":\"search_term_string\"}}],\"inLanguage\":\"de\"}]}<\/script>\n<!-- \/ Yoast SEO plugin. -->","yoast_head_json":{"title":"Ehe und Familie - Pfarrei Fronleichnam","robots":{"index":"index","follow":"follow","max-snippet":"max-snippet:-1","max-image-preview":"max-image-preview:large","max-video-preview":"max-video-preview:-1"},"canonical":"https:\/\/www.pfarrverband-salvator-mundi.de\/fronleichnam\/sachausschuesse\/ehe-und-familie\/","og_locale":"de_DE","og_type":"article","og_title":"Ehe und Familie - Pfarrei Fronleichnam","og_description":"Sachausschuss Ehe und Familie Zweimal im Jahr findet der Kinderbasar der Pfarrei Fronleichnam statt. Seit mehr als zehn Jahren sorgen die vielen Helfer f\u00fcr einen reibungslosen Ablauf. Der Basar erreicht mehrere Ziele: Nicht mehr gebrauchte Kindersachen (Kleidung, Spielzeug, Fahrzeuge) werden weiter verwendet, Familien k\u00f6nnen ihre Kinder g\u00fcnstig versorgen, und der Erl\u00f6s kommt der Kinder- und [&hellip;]","og_url":"https:\/\/www.pfarrverband-salvator-mundi.de\/fronleichnam\/sachausschuesse\/ehe-und-familie\/","og_site_name":"Pfarrei Fronleichnam","article_modified_time":"2024-05-24T09:54:58+00:00","twitter_card":"summary_large_image","twitter_misc":{"Gesch\u00e4tzte Lesezeit":"1\u00a0Minute"},"schema":{"@context":"https:\/\/schema.org","@graph":[{"@type":"WebPage","@id":"https:\/\/www.pfarrverband-salvator-mundi.de\/fronleichnam\/sachausschuesse\/ehe-und-familie\/","url":"https:\/\/www.pfarrverband-salvator-mundi.de\/fronleichnam\/sachausschuesse\/ehe-und-familie\/","name":"Ehe und Familie - Pfarrei Fronleichnam","isPartOf":{"@id":"https:\/\/www.pfarrverband-salvator-mundi.de\/fronleichnam\/#website"},"datePublished":"2016-07-05T19:41:52+00:00","dateModified":"2024-05-24T09:54:58+00:00","breadcrumb":{"@id":"https:\/\/www.pfarrverband-salvator-mundi.de\/fronleichnam\/sachausschuesse\/ehe-und-familie\/#breadcrumb"},"inLanguage":"de","potentialAction":[{"@type":"ReadAction","target":["https:\/\/www.pfarrverband-salvator-mundi.de\/fronleichnam\/sachausschuesse\/ehe-und-familie\/"]}]},{"@type":"BreadcrumbList","@id":"https:\/\/www.pfarrverband-salvator-mundi.de\/fronleichnam\/sachausschuesse\/ehe-und-familie\/#breadcrumb","itemListElement":[{"@type":"ListItem","position":1,"name":"Home","item":"https:\/\/www.pfarrverband-salvator-mundi.de\/fronleichnam\/"},{"@type":"ListItem","position":2,"name":"Sachaussch\u00fcsse","item":"https:\/\/www.pfarrverband-salvator-mundi.de\/fronleichnam\/sachausschuesse\/"},{"@type":"ListItem","position":3,"name":"Ehe und Familie"}]},{"@type":"WebSite","@id":"https:\/\/www.pfarrverband-salvator-mundi.de\/fronleichnam\/#website","url":"https:\/\/www.pfarrverband-salvator-mundi.de\/fronleichnam\/","name":"Pfarrei Fronleichnam","description":"Teil des Pfarrverbands Salvator Mundi","potentialAction":[{"@type":"SearchAction","target":{"@type":"EntryPoint","urlTemplate":"https:\/\/www.pfarrverband-salvator-mundi.de\/fronleichnam\/?s={search_term_string}"},"query-input":{"@type":"PropertyValueSpecification","valueRequired":true,"valueName":"search_term_string"}}],"inLanguage":"de"}]}},"_links":{"self":[{"href":"https:\/\/www.pfarrverband-salvator-mundi.de\/fronleichnam\/wp-json\/wp\/v2\/pages\/1496","targetHints":{"allow":["GET"]}}],"collection":[{"href":"https:\/\/www.pfarrverband-salvator-mundi.de\/fronleichnam\/wp-json\/wp\/v2\/pages"}],"about":[{"href":"https:\/\/www.pfarrverband-salvator-mundi.de\/fronleichnam\/wp-json\/wp\/v2\/types\/page"}],"author":[{"embeddable":true,"href":"https:\/\/www.pfarrverband-salvator-mundi.de\/fronleichnam\/wp-json\/wp\/v2\/users\/1"}],"replies":[{"embeddable":true,"href":"https:\/\/www.pfarrverband-salvator-mundi.de\/fronleichnam\/wp-json\/wp\/v2\/comments?post=1496"}],"version-history":[{"count":5,"href":"https:\/\/www.pfarrverband-salvator-mundi.de\/fronleichnam\/wp-json\/wp\/v2\/pages\/1496\/revisions"}],"predecessor-version":[{"id":17414,"href":"https:\/\/www.pfarrverband-salvator-mundi.de\/fronleichnam\/wp-json\/wp\/v2\/pages\/1496\/revisions\/17414"}],"up":[{"embeddable":true,"href":"https:\/\/www.pfarrverband-salvator-mundi.de\/fronleichnam\/wp-json\/wp\/v2\/pages\/529"}],"wp:attachment":[{"href":"https:\/\/www.pfarrverband-salvator-mundi.de\/fronleichnam\/wp-json\/wp\/v2\/media?parent=1496"}],"curies":[{"name":"wp","href":"https:\/\/api.w.org\/{rel}","templated":true}]}}