{"id":15155,"date":"2023-01-18T08:04:35","date_gmt":"2023-01-18T07:04:35","guid":{"rendered":"https:\/\/www.pfarrverband-salvator-mundi.de\/fronleichnam\/?page_id=15155"},"modified":"2024-05-24T11:54:58","modified_gmt":"2024-05-24T09:54:58","slug":"sommerlager-2022-2","status":"publish","type":"page","link":"https:\/\/www.pfarrverband-salvator-mundi.de\/fronleichnam\/gruppen_jugend\/sommerlager-2022-2\/","title":{"rendered":"Sommerlager 2022"},"content":{"rendered":"<h2>Sommerlager 2022 \u2013 R\u00fcckblick<\/h2>\n<p><img loading=\"lazy\" decoding=\"async\" class=\"alignnone size-full wp-image-15156\" src=\"https:\/\/www.pfarrverband-salvator-mundi.de\/fronleichnam\/wp-content\/uploads\/sites\/2\/2023\/01\/Sommerlagerbilder_Gruppenbild2_2022.jpg\" alt=\"\" width=\"665\" height=\"401\" srcset=\"https:\/\/www.pfarrverband-salvator-mundi.de\/fronleichnam\/wp-content\/uploads\/sites\/2\/2023\/01\/Sommerlagerbilder_Gruppenbild2_2022.jpg 665w, https:\/\/www.pfarrverband-salvator-mundi.de\/fronleichnam\/wp-content\/uploads\/sites\/2\/2023\/01\/Sommerlagerbilder_Gruppenbild2_2022-300x181.jpg 300w\" sizes=\"auto, (max-width: 665px) 100vw, 665px\" \/><\/p>\n<p><strong>730 Tage sp\u00e4ter als geplant<\/strong> brach die Pfarrjugend Fronleichnam am ersten Tag der Sommerferien 2022 endlich wieder ins Zeltlager auf! Anderthalb Wochen Spiele, Abenteuer und Sonnenschein erwartete die circa 80-k\u00f6pfige Gruppe auf dem gewohnten Zeltlagerplatz Hohenpei\u00dfenberg. Zusammengew\u00fcrfelt aus Gro\u00dfen und Kleinen, Pfarrei-Internen und freien Mitfahrern. Hier sind alle eingeladen. Angekommen auf dem Lagerplatz wurden erstmal die Zelte aufgebaut, danach startete die Willkommensrunde am Lagerfeuer.<\/p>\n<p>Ob Nachtwanderung, Postenlauf, V\u00f6lkerballtunier oder gewohnte Tagesaktionen. Alles wurde mit guter Laune und dem diesj\u00e4hrigen Thema Krimi angegangen. Gerade die Sieger der Aktionen kamen mit einem gro\u00dfen L\u00e4cheln wieder. Einen entspannten Ausklang fanden die Tage bei Gitarrenmusik und mit dem ein oder anderen St\u00fcck frisch gegrilltem Knoblauchbrot am Lagerfeuer.<\/p>\n<p>F\u00fcr den gro\u00dfen Hunger vor und nach den Aktivit\u00e4ten sorgte unser K\u00fcchenteam mit Unterst\u00fctzung aller aus dem Lager f\u00fcr leckeres und ausgewogenes Essen. Dabei ist das Abendessen vor der Nachtwache das Wichtigste. Zusammen bewacht man das Lager vor befreundeten \u201e\u00dcberfallern\u201c aus der eigenen und anderen Pfarreien. Diese versuchen aus dem Ger\u00e4te- und Aufenthaltszelt Material und B\u00e4nke zu klauen. Neben den Zelten gibt es noch den sogenannten Bannermasten, an dem ein Banner h\u00e4ngt, was den Hauptpreis darstellt. Abschlie\u00dfend endet die Nacht bei gem\u00fctlichem Beisammensein mit den gefassten \u00dcberfallern am Lagerfeuer.<\/p>\n<p>Um von der Aufregung runter zu kommen gibt es einmal im Zeltlager einen Gottesdienst, der dieses Jahr stimmungsvoll bei Sonnenuntergang stattgefunden hat.<\/p>\n<p><strong>Im Gro\u00dfen und Ganzen war es wieder ein voller Erfolg mit tollen Erinnerungen und einer Menge Spa\u00df und wir freuen uns schon auf das Sommerlager 2023!<\/strong><\/p>\n","protected":false},"excerpt":{"rendered":"<p>Sommerlager 2022 \u2013 R\u00fcckblick 730 Tage sp\u00e4ter als geplant brach die Pfarrjugend Fronleichnam am ersten Tag der Sommerferien 2022 endlich wieder ins Zeltlager auf! Anderthalb Wochen Spiele, Abenteuer und Sonnenschein erwartete die circa 80-k\u00f6pfige Gruppe auf dem gewohnten Zeltlagerplatz Hohenpei\u00dfenberg. Zusammengew\u00fcrfelt aus Gro\u00dfen und Kleinen, Pfarrei-Internen und freien Mitfahrern. Hier sind alle eingeladen. Angekommen auf [&hellip;]<\/p>\n","protected":false},"author":1,"featured_media":0,"parent":38,"menu_order":0,"comment_status":"closed","ping_status":"closed","template":"","meta":{"ngg_post_thumbnail":0,"footnotes":""},"class_list":["post-15155","page","type-page","status-publish","czr-hentry"],"yoast_head":"<!-- This site is optimized with the Yoast SEO plugin v27.3 - https:\/\/yoast.com\/product\/yoast-seo-wordpress\/ -->\n<title>Sommerlager 2022 - Pfarrei Fronleichnam<\/title>\n<meta name=\"robots\" content=\"index, follow, max-snippet:-1, max-image-preview:large, max-video-preview:-1\" \/>\n<link rel=\"canonical\" href=\"https:\/\/www.pfarrverband-salvator-mundi.de\/fronleichnam\/gruppen_jugend\/sommerlager-2022-2\/\" \/>\n<meta property=\"og:locale\" content=\"de_DE\" \/>\n<meta property=\"og:type\" content=\"article\" \/>\n<meta property=\"og:title\" content=\"Sommerlager 2022 - Pfarrei Fronleichnam\" \/>\n<meta property=\"og:description\" content=\"Sommerlager 2022 \u2013 R\u00fcckblick 730 Tage sp\u00e4ter als geplant brach die Pfarrjugend Fronleichnam am ersten Tag der Sommerferien 2022 endlich wieder ins Zeltlager auf! Anderthalb Wochen Spiele, Abenteuer und Sonnenschein erwartete die circa 80-k\u00f6pfige Gruppe auf dem gewohnten Zeltlagerplatz Hohenpei\u00dfenberg. Zusammengew\u00fcrfelt aus Gro\u00dfen und Kleinen, Pfarrei-Internen und freien Mitfahrern. Hier sind alle eingeladen. Angekommen auf [&hellip;]\" \/>\n<meta property=\"og:url\" content=\"https:\/\/www.pfarrverband-salvator-mundi.de\/fronleichnam\/gruppen_jugend\/sommerlager-2022-2\/\" \/>\n<meta property=\"og:site_name\" content=\"Pfarrei Fronleichnam\" \/>\n<meta property=\"article:modified_time\" content=\"2024-05-24T09:54:58+00:00\" \/>\n<meta property=\"og:image\" content=\"https:\/\/www.pfarrverband-salvator-mundi.de\/fronleichnam\/wp-content\/uploads\/sites\/2\/2023\/01\/Sommerlagerbilder_Gruppenbild2_2022.jpg\" \/>\n<meta name=\"twitter:card\" content=\"summary_large_image\" \/>\n<meta name=\"twitter:label1\" content=\"Gesch\u00e4tzte Lesezeit\" \/>\n\t<meta name=\"twitter:data1\" content=\"2\u00a0Minuten\" \/>\n<script type=\"application\/ld+json\" class=\"yoast-schema-graph\">{\"@context\":\"https:\\\/\\\/schema.org\",\"@graph\":[{\"@type\":\"WebPage\",\"@id\":\"https:\\\/\\\/www.pfarrverband-salvator-mundi.de\\\/fronleichnam\\\/gruppen_jugend\\\/sommerlager-2022-2\\\/\",\"url\":\"https:\\\/\\\/www.pfarrverband-salvator-mundi.de\\\/fronleichnam\\\/gruppen_jugend\\\/sommerlager-2022-2\\\/\",\"name\":\"Sommerlager 2022 - Pfarrei Fronleichnam\",\"isPartOf\":{\"@id\":\"https:\\\/\\\/www.pfarrverband-salvator-mundi.de\\\/fronleichnam\\\/#website\"},\"primaryImageOfPage\":{\"@id\":\"https:\\\/\\\/www.pfarrverband-salvator-mundi.de\\\/fronleichnam\\\/gruppen_jugend\\\/sommerlager-2022-2\\\/#primaryimage\"},\"image\":{\"@id\":\"https:\\\/\\\/www.pfarrverband-salvator-mundi.de\\\/fronleichnam\\\/gruppen_jugend\\\/sommerlager-2022-2\\\/#primaryimage\"},\"thumbnailUrl\":\"https:\\\/\\\/www.pfarrverband-salvator-mundi.de\\\/fronleichnam\\\/wp-content\\\/uploads\\\/sites\\\/2\\\/2023\\\/01\\\/Sommerlagerbilder_Gruppenbild2_2022.jpg\",\"datePublished\":\"2023-01-18T07:04:35+00:00\",\"dateModified\":\"2024-05-24T09:54:58+00:00\",\"breadcrumb\":{\"@id\":\"https:\\\/\\\/www.pfarrverband-salvator-mundi.de\\\/fronleichnam\\\/gruppen_jugend\\\/sommerlager-2022-2\\\/#breadcrumb\"},\"inLanguage\":\"de\",\"potentialAction\":[{\"@type\":\"ReadAction\",\"target\":[\"https:\\\/\\\/www.pfarrverband-salvator-mundi.de\\\/fronleichnam\\\/gruppen_jugend\\\/sommerlager-2022-2\\\/\"]}]},{\"@type\":\"ImageObject\",\"inLanguage\":\"de\",\"@id\":\"https:\\\/\\\/www.pfarrverband-salvator-mundi.de\\\/fronleichnam\\\/gruppen_jugend\\\/sommerlager-2022-2\\\/#primaryimage\",\"url\":\"https:\\\/\\\/www.pfarrverband-salvator-mundi.de\\\/fronleichnam\\\/wp-content\\\/uploads\\\/sites\\\/2\\\/2023\\\/01\\\/Sommerlagerbilder_Gruppenbild2_2022.jpg\",\"contentUrl\":\"https:\\\/\\\/www.pfarrverband-salvator-mundi.de\\\/fronleichnam\\\/wp-content\\\/uploads\\\/sites\\\/2\\\/2023\\\/01\\\/Sommerlagerbilder_Gruppenbild2_2022.jpg\",\"width\":665,\"height\":401},{\"@type\":\"BreadcrumbList\",\"@id\":\"https:\\\/\\\/www.pfarrverband-salvator-mundi.de\\\/fronleichnam\\\/gruppen_jugend\\\/sommerlager-2022-2\\\/#breadcrumb\",\"itemListElement\":[{\"@type\":\"ListItem\",\"position\":1,\"name\":\"Home\",\"item\":\"https:\\\/\\\/www.pfarrverband-salvator-mundi.de\\\/fronleichnam\\\/\"},{\"@type\":\"ListItem\",\"position\":2,\"name\":\"Gruppen Jugend\",\"item\":\"https:\\\/\\\/www.pfarrverband-salvator-mundi.de\\\/fronleichnam\\\/gruppen_jugend\\\/\"},{\"@type\":\"ListItem\",\"position\":3,\"name\":\"Sommerlager 2022\"}]},{\"@type\":\"WebSite\",\"@id\":\"https:\\\/\\\/www.pfarrverband-salvator-mundi.de\\\/fronleichnam\\\/#website\",\"url\":\"https:\\\/\\\/www.pfarrverband-salvator-mundi.de\\\/fronleichnam\\\/\",\"name\":\"Pfarrei Fronleichnam\",\"description\":\"Teil des Pfarrverbands Salvator Mundi\",\"potentialAction\":[{\"@type\":\"SearchAction\",\"target\":{\"@type\":\"EntryPoint\",\"urlTemplate\":\"https:\\\/\\\/www.pfarrverband-salvator-mundi.de\\\/fronleichnam\\\/?s={search_term_string}\"},\"query-input\":{\"@type\":\"PropertyValueSpecification\",\"valueRequired\":true,\"valueName\":\"search_term_string\"}}],\"inLanguage\":\"de\"}]}<\/script>\n<!-- \/ Yoast SEO plugin. -->","yoast_head_json":{"title":"Sommerlager 2022 - Pfarrei Fronleichnam","robots":{"index":"index","follow":"follow","max-snippet":"max-snippet:-1","max-image-preview":"max-image-preview:large","max-video-preview":"max-video-preview:-1"},"canonical":"https:\/\/www.pfarrverband-salvator-mundi.de\/fronleichnam\/gruppen_jugend\/sommerlager-2022-2\/","og_locale":"de_DE","og_type":"article","og_title":"Sommerlager 2022 - Pfarrei Fronleichnam","og_description":"Sommerlager 2022 \u2013 R\u00fcckblick 730 Tage sp\u00e4ter als geplant brach die Pfarrjugend Fronleichnam am ersten Tag der Sommerferien 2022 endlich wieder ins Zeltlager auf! Anderthalb Wochen Spiele, Abenteuer und Sonnenschein erwartete die circa 80-k\u00f6pfige Gruppe auf dem gewohnten Zeltlagerplatz Hohenpei\u00dfenberg. Zusammengew\u00fcrfelt aus Gro\u00dfen und Kleinen, Pfarrei-Internen und freien Mitfahrern. Hier sind alle eingeladen. Angekommen auf [&hellip;]","og_url":"https:\/\/www.pfarrverband-salvator-mundi.de\/fronleichnam\/gruppen_jugend\/sommerlager-2022-2\/","og_site_name":"Pfarrei Fronleichnam","article_modified_time":"2024-05-24T09:54:58+00:00","og_image":[{"url":"https:\/\/www.pfarrverband-salvator-mundi.de\/fronleichnam\/wp-content\/uploads\/sites\/2\/2023\/01\/Sommerlagerbilder_Gruppenbild2_2022.jpg","type":"","width":"","height":""}],"twitter_card":"summary_large_image","twitter_misc":{"Gesch\u00e4tzte Lesezeit":"2\u00a0Minuten"},"schema":{"@context":"https:\/\/schema.org","@graph":[{"@type":"WebPage","@id":"https:\/\/www.pfarrverband-salvator-mundi.de\/fronleichnam\/gruppen_jugend\/sommerlager-2022-2\/","url":"https:\/\/www.pfarrverband-salvator-mundi.de\/fronleichnam\/gruppen_jugend\/sommerlager-2022-2\/","name":"Sommerlager 2022 - Pfarrei Fronleichnam","isPartOf":{"@id":"https:\/\/www.pfarrverband-salvator-mundi.de\/fronleichnam\/#website"},"primaryImageOfPage":{"@id":"https:\/\/www.pfarrverband-salvator-mundi.de\/fronleichnam\/gruppen_jugend\/sommerlager-2022-2\/#primaryimage"},"image":{"@id":"https:\/\/www.pfarrverband-salvator-mundi.de\/fronleichnam\/gruppen_jugend\/sommerlager-2022-2\/#primaryimage"},"thumbnailUrl":"https:\/\/www.pfarrverband-salvator-mundi.de\/fronleichnam\/wp-content\/uploads\/sites\/2\/2023\/01\/Sommerlagerbilder_Gruppenbild2_2022.jpg","datePublished":"2023-01-18T07:04:35+00:00","dateModified":"2024-05-24T09:54:58+00:00","breadcrumb":{"@id":"https:\/\/www.pfarrverband-salvator-mundi.de\/fronleichnam\/gruppen_jugend\/sommerlager-2022-2\/#breadcrumb"},"inLanguage":"de","potentialAction":[{"@type":"ReadAction","target":["https:\/\/www.pfarrverband-salvator-mundi.de\/fronleichnam\/gruppen_jugend\/sommerlager-2022-2\/"]}]},{"@type":"ImageObject","inLanguage":"de","@id":"https:\/\/www.pfarrverband-salvator-mundi.de\/fronleichnam\/gruppen_jugend\/sommerlager-2022-2\/#primaryimage","url":"https:\/\/www.pfarrverband-salvator-mundi.de\/fronleichnam\/wp-content\/uploads\/sites\/2\/2023\/01\/Sommerlagerbilder_Gruppenbild2_2022.jpg","contentUrl":"https:\/\/www.pfarrverband-salvator-mundi.de\/fronleichnam\/wp-content\/uploads\/sites\/2\/2023\/01\/Sommerlagerbilder_Gruppenbild2_2022.jpg","width":665,"height":401},{"@type":"BreadcrumbList","@id":"https:\/\/www.pfarrverband-salvator-mundi.de\/fronleichnam\/gruppen_jugend\/sommerlager-2022-2\/#breadcrumb","itemListElement":[{"@type":"ListItem","position":1,"name":"Home","item":"https:\/\/www.pfarrverband-salvator-mundi.de\/fronleichnam\/"},{"@type":"ListItem","position":2,"name":"Gruppen Jugend","item":"https:\/\/www.pfarrverband-salvator-mundi.de\/fronleichnam\/gruppen_jugend\/"},{"@type":"ListItem","position":3,"name":"Sommerlager 2022"}]},{"@type":"WebSite","@id":"https:\/\/www.pfarrverband-salvator-mundi.de\/fronleichnam\/#website","url":"https:\/\/www.pfarrverband-salvator-mundi.de\/fronleichnam\/","name":"Pfarrei Fronleichnam","description":"Teil des Pfarrverbands Salvator Mundi","potentialAction":[{"@type":"SearchAction","target":{"@type":"EntryPoint","urlTemplate":"https:\/\/www.pfarrverband-salvator-mundi.de\/fronleichnam\/?s={search_term_string}"},"query-input":{"@type":"PropertyValueSpecification","valueRequired":true,"valueName":"search_term_string"}}],"inLanguage":"de"}]}},"_links":{"self":[{"href":"https:\/\/www.pfarrverband-salvator-mundi.de\/fronleichnam\/wp-json\/wp\/v2\/pages\/15155","targetHints":{"allow":["GET"]}}],"collection":[{"href":"https:\/\/www.pfarrverband-salvator-mundi.de\/fronleichnam\/wp-json\/wp\/v2\/pages"}],"about":[{"href":"https:\/\/www.pfarrverband-salvator-mundi.de\/fronleichnam\/wp-json\/wp\/v2\/types\/page"}],"author":[{"embeddable":true,"href":"https:\/\/www.pfarrverband-salvator-mundi.de\/fronleichnam\/wp-json\/wp\/v2\/users\/1"}],"replies":[{"embeddable":true,"href":"https:\/\/www.pfarrverband-salvator-mundi.de\/fronleichnam\/wp-json\/wp\/v2\/comments?post=15155"}],"version-history":[{"count":4,"href":"https:\/\/www.pfarrverband-salvator-mundi.de\/fronleichnam\/wp-json\/wp\/v2\/pages\/15155\/revisions"}],"predecessor-version":[{"id":16036,"href":"https:\/\/www.pfarrverband-salvator-mundi.de\/fronleichnam\/wp-json\/wp\/v2\/pages\/15155\/revisions\/16036"}],"up":[{"embeddable":true,"href":"https:\/\/www.pfarrverband-salvator-mundi.de\/fronleichnam\/wp-json\/wp\/v2\/pages\/38"}],"wp:attachment":[{"href":"https:\/\/www.pfarrverband-salvator-mundi.de\/fronleichnam\/wp-json\/wp\/v2\/media?parent=15155"}],"curies":[{"name":"wp","href":"https:\/\/api.w.org\/{rel}","templated":true}]}}