{"id":16030,"date":"2023-05-03T18:01:24","date_gmt":"2023-05-03T16:01:24","guid":{"rendered":"https:\/\/www.pfarrverband-salvator-mundi.de\/fronleichnam\/?page_id=16030"},"modified":"2024-10-24T20:46:55","modified_gmt":"2024-10-24T18:46:55","slug":"zeltlager-2024","status":"publish","type":"page","link":"https:\/\/www.pfarrverband-salvator-mundi.de\/fronleichnam\/gruppen_jugend\/zeltlager-2024\/","title":{"rendered":"Sommerlager 2024"},"content":{"rendered":"\n<h2 class=\"wp-block-heading\">Sommerlager 2024<\/h2>\n\n\n<div class=\"wp-block-image\">\n<figure class=\"aligncenter size-full\"><a href=\"https:\/\/www.pfarrverband-salvator-mundi.de\/fronleichnam\/wp-content\/uploads\/sites\/2\/2024\/10\/sommerlager24-00.jpg\"><img loading=\"lazy\" decoding=\"async\" width=\"747\" height=\"370\" src=\"https:\/\/www.pfarrverband-salvator-mundi.de\/fronleichnam\/wp-content\/uploads\/sites\/2\/2024\/10\/sommerlager24-00.jpg\" alt=\"\" class=\"wp-image-17802\" srcset=\"https:\/\/www.pfarrverband-salvator-mundi.de\/fronleichnam\/wp-content\/uploads\/sites\/2\/2024\/10\/sommerlager24-00.jpg 747w, https:\/\/www.pfarrverband-salvator-mundi.de\/fronleichnam\/wp-content\/uploads\/sites\/2\/2024\/10\/sommerlager24-00-300x149.jpg 300w\" sizes=\"auto, (max-width: 747px) 100vw, 747px\" \/><\/a><\/figure>\n<\/div>\n\n\n<p>Das Zeltlager 2024 unserer Pfarrjugend war auch in diesem Jahr ein unvergessliches Erlebnis! Vom 27. Juli bis zum 5. August konnten sich 100 Teilnehmer \u2013 die j\u00fcngsten gerade einmal 9 Jahre alt \u2013 auf zehn Tage voller Abenteuer, Spa\u00df und Gemeinschaft freuen.&nbsp;<\/p>\n\n\n\n<p>Bei tagesf\u00fcllenden Aktionen wie dem Postenlauf mussten alle Teilnehmer in Gruppen verschiedene Stationen meistern. An jeder Station warteten knifflige Aufgaben, die Geschick, Kreativit\u00e4t und Teamwork erforderten. Ob beim Wassertransportieren, R\u00e4tselraten oder gemeinsamen L\u00f6sen von Aufgaben \u2013 alle Gruppen haben gezeigt, wie stark man zusammen sein kann, wenn jeder seinen Beitrag leistet. Nicht fehlen durfte der Lagergottesdienst am Montag, bei dem alle gemeinsam innehalten und die besondere Gemeinschaft feiern konnten.&nbsp;<\/p>\n\n\n\n<p>Auch nachts wurde es auf unserem Zeltplatz in Wessobrunn bei Weilheim nicht langweilig, neben der legend\u00e4ren Nachtwanderung gab es wie immer von Montag bis Samstag das \u00dcberfallerspiel, bei dem nicht nur die Fahne am Bannermasten, sondern auch die B\u00e4nke und Ger\u00e4te des Lagers vor befreundeten Pfarrjugenden bewacht werden mussten.&nbsp;<\/p>\n\n\n\n<p>Ein Zeltlager in dieser Gr\u00f6\u00dfenordnung kann nur durch das Engagement und die harte Arbeit vieler helfender H\u00e4nde gelingen. Ein gro\u00dfes Dankesch\u00f6n geht an die verschiedenen Arbeitskreise (AKs), die das Lager am Laufen gehalten haben, sei es bei der Verpflegung, der Organisation der Spiele oder den vielen kleinen Dingen, die im Hintergrund geschehen.&nbsp;<\/p>\n\n\n\n<p>Die diesj\u00e4hrige Koordination der einzelnen AKs \u00fcbernahmen:&nbsp;<\/p>\n\n\n\n<figure class=\"wp-block-table is-style-stripes\"><table class=\"has-fixed-layout\"><tbody><tr><td>Korbi, Alex und Sarah<\/td><td><strong>Lagerleitung&nbsp;<\/strong><\/td><\/tr><tr><td>Vroni, Aisha und Jasmin<\/td><td><strong>AK K\u00fcche<\/strong><\/td><\/tr><tr><td>Vali, Melli und Ami<\/td><td><strong>AK Aktionen<\/strong><\/td><\/tr><tr><td>Julian<\/td><td><strong>AK Getr\u00e4nke<\/strong><\/td><\/tr><tr><td>Dominikus&nbsp;<\/td><td><strong>AK Lampe<\/strong><\/td><\/tr><tr><td>Ben und Filias<\/td><td><strong>AK Lagerbauten<\/strong><\/td><\/tr><tr><td>Konsti<\/td><td><strong>AK Ger\u00e4te<\/strong><\/td><\/tr><tr><td>Julian<\/td><td><strong>AK Feuer<\/strong><\/td><\/tr><tr><td>Lenni<\/td><td><strong>AK M\u00fcll<\/strong><\/td><\/tr><tr><td>Dominikus und Basti<\/td><td><strong>AK Lagerabwehr<\/strong><\/td><\/tr><tr><td>Vali und Melli<\/td><td><strong>AK WaschMich<\/strong><\/td><\/tr><tr><td>Nina und Lara F.&nbsp;<\/td><td><strong>AK Erste-Hilfe<\/strong><\/td><\/tr><tr><td>Vali, Melli und Ami<\/td><td><strong>AK Film &amp; Foto&nbsp;<\/strong><\/td><\/tr><tr><td>Aisha, Jasmin und Vroni&nbsp;<\/td><td><strong>AK Hygiene&nbsp;<\/strong><\/td><\/tr><\/tbody><\/table><\/figure>\n\n\n\n<p>Erw\u00e4hnt werden sollte hier auch, dass die ganze Pfarrjugend ehrenamtlich arbeitet und das Zeltlager rein aus eigenem Interesse und der Freude daran stemmt. Die Organisation des Lagers beginnt schon Monate vorher, denn allein der Transport sowie der Auf- und Abbau erfordern einen strukturierten Plan.&nbsp;<\/p>\n\n\n<div class=\"wp-block-image\">\n<figure class=\"aligncenter size-full\"><a href=\"https:\/\/www.pfarrverband-salvator-mundi.de\/fronleichnam\/wp-content\/uploads\/sites\/2\/2024\/10\/sommerlager24-collage-1.jpg\"><img loading=\"lazy\" decoding=\"async\" width=\"800\" height=\"800\" src=\"https:\/\/www.pfarrverband-salvator-mundi.de\/fronleichnam\/wp-content\/uploads\/sites\/2\/2024\/10\/sommerlager24-collage-1.jpg\" alt=\"\" class=\"wp-image-17807\" srcset=\"https:\/\/www.pfarrverband-salvator-mundi.de\/fronleichnam\/wp-content\/uploads\/sites\/2\/2024\/10\/sommerlager24-collage-1.jpg 800w, https:\/\/www.pfarrverband-salvator-mundi.de\/fronleichnam\/wp-content\/uploads\/sites\/2\/2024\/10\/sommerlager24-collage-1-300x300.jpg 300w, https:\/\/www.pfarrverband-salvator-mundi.de\/fronleichnam\/wp-content\/uploads\/sites\/2\/2024\/10\/sommerlager24-collage-1-150x150.jpg 150w, https:\/\/www.pfarrverband-salvator-mundi.de\/fronleichnam\/wp-content\/uploads\/sites\/2\/2024\/10\/sommerlager24-collage-1-768x768.jpg 768w\" sizes=\"auto, (max-width: 800px) 100vw, 800px\" \/><\/a><\/figure>\n<\/div>\n\n\n<p>Insgesamt war das Zeltlager 2024 ein voller Erfolg \u2013 voller Sonnenschein, spannender Aktionen und unvergesslicher Momente. Wir freuen uns schon jetzt auf das n\u00e4chste Jahr und darauf, erneut gemeinsam eine unvergessliche Zeit zu verbringen!&nbsp;<\/p>\n\n\n\n<p>Was genau machen eigentlich diese AKs? Welche Events stehen das Jahr \u00fcber an? Falls Du dir diese Fragen stellst und nichts mehr aus unserer Jugend verpassen m\u00f6chtest, schau doch auf unserem Instagram Account vorbei!<\/p>\n\n\n\n<p>Instagram-Link: <a href=\"http:\/\/www.instagram.com\/pfarrjugend.fronleichnam\">www.instagram.com\/pfarrjugend.fronleichnam<\/a><\/p>\n\n\n\n<div class=\"wp-block-buttons is-layout-flex wp-block-buttons-is-layout-flex\">\n<div class=\"wp-block-button has-custom-font-size is-style-fill has-medium-font-size\"><a class=\"wp-block-button__link wp-element-button\" href=\"https:\/\/www.pfarrverband-salvator-mundi.de\/fronleichnam\/wp-content\/uploads\/sites\/2\/2024\/10\/Sommerlager-Artikel-2024.pdf\" style=\"border-radius:12px\">Download des Artikels als PDF<\/a><\/div>\n<\/div>\n\n\n\n<p><\/p>\n","protected":false},"excerpt":{"rendered":"<p>Sommerlager 2024 Das Zeltlager 2024 unserer Pfarrjugend war auch in diesem Jahr ein unvergessliches Erlebnis! Vom 27. Juli bis zum 5. August konnten sich 100 Teilnehmer \u2013 die j\u00fcngsten gerade einmal 9 Jahre alt \u2013 auf zehn Tage voller Abenteuer, Spa\u00df und Gemeinschaft freuen.&nbsp; Bei tagesf\u00fcllenden Aktionen wie dem Postenlauf mussten alle Teilnehmer in Gruppen [&hellip;]<\/p>\n","protected":false},"author":1,"featured_media":0,"parent":38,"menu_order":0,"comment_status":"closed","ping_status":"closed","template":"","meta":{"ngg_post_thumbnail":0,"footnotes":""},"class_list":["post-16030","page","type-page","status-publish","czr-hentry"],"yoast_head":"<!-- This site is optimized with the Yoast SEO plugin v27.3 - https:\/\/yoast.com\/product\/yoast-seo-wordpress\/ -->\n<title>Sommerlager 2024 - Pfarrei Fronleichnam<\/title>\n<meta name=\"robots\" content=\"index, follow, max-snippet:-1, max-image-preview:large, max-video-preview:-1\" \/>\n<link rel=\"canonical\" href=\"https:\/\/www.pfarrverband-salvator-mundi.de\/fronleichnam\/gruppen_jugend\/zeltlager-2024\/\" \/>\n<meta property=\"og:locale\" content=\"de_DE\" \/>\n<meta property=\"og:type\" content=\"article\" \/>\n<meta property=\"og:title\" content=\"Sommerlager 2024 - Pfarrei Fronleichnam\" \/>\n<meta property=\"og:description\" content=\"Sommerlager 2024 Das Zeltlager 2024 unserer Pfarrjugend war auch in diesem Jahr ein unvergessliches Erlebnis! Vom 27. Juli bis zum 5. August konnten sich 100 Teilnehmer \u2013 die j\u00fcngsten gerade einmal 9 Jahre alt \u2013 auf zehn Tage voller Abenteuer, Spa\u00df und Gemeinschaft freuen.&nbsp; Bei tagesf\u00fcllenden Aktionen wie dem Postenlauf mussten alle Teilnehmer in Gruppen [&hellip;]\" \/>\n<meta property=\"og:url\" content=\"https:\/\/www.pfarrverband-salvator-mundi.de\/fronleichnam\/gruppen_jugend\/zeltlager-2024\/\" \/>\n<meta property=\"og:site_name\" content=\"Pfarrei Fronleichnam\" \/>\n<meta property=\"article:modified_time\" content=\"2024-10-24T18:46:55+00:00\" \/>\n<meta property=\"og:image\" content=\"https:\/\/www.pfarrverband-salvator-mundi.de\/fronleichnam\/wp-content\/uploads\/sites\/2\/2024\/10\/sommerlager24-00.jpg\" \/>\n\t<meta property=\"og:image:width\" content=\"747\" \/>\n\t<meta property=\"og:image:height\" content=\"370\" \/>\n\t<meta property=\"og:image:type\" content=\"image\/jpeg\" \/>\n<meta name=\"twitter:card\" content=\"summary_large_image\" \/>\n<meta name=\"twitter:label1\" content=\"Gesch\u00e4tzte Lesezeit\" \/>\n\t<meta name=\"twitter:data1\" content=\"3\u00a0Minuten\" \/>\n<script type=\"application\/ld+json\" class=\"yoast-schema-graph\">{\"@context\":\"https:\\\/\\\/schema.org\",\"@graph\":[{\"@type\":\"WebPage\",\"@id\":\"https:\\\/\\\/www.pfarrverband-salvator-mundi.de\\\/fronleichnam\\\/gruppen_jugend\\\/zeltlager-2024\\\/\",\"url\":\"https:\\\/\\\/www.pfarrverband-salvator-mundi.de\\\/fronleichnam\\\/gruppen_jugend\\\/zeltlager-2024\\\/\",\"name\":\"Sommerlager 2024 - Pfarrei Fronleichnam\",\"isPartOf\":{\"@id\":\"https:\\\/\\\/www.pfarrverband-salvator-mundi.de\\\/fronleichnam\\\/#website\"},\"primaryImageOfPage\":{\"@id\":\"https:\\\/\\\/www.pfarrverband-salvator-mundi.de\\\/fronleichnam\\\/gruppen_jugend\\\/zeltlager-2024\\\/#primaryimage\"},\"image\":{\"@id\":\"https:\\\/\\\/www.pfarrverband-salvator-mundi.de\\\/fronleichnam\\\/gruppen_jugend\\\/zeltlager-2024\\\/#primaryimage\"},\"thumbnailUrl\":\"https:\\\/\\\/www.pfarrverband-salvator-mundi.de\\\/fronleichnam\\\/wp-content\\\/uploads\\\/sites\\\/2\\\/2024\\\/10\\\/sommerlager24-00.jpg\",\"datePublished\":\"2023-05-03T16:01:24+00:00\",\"dateModified\":\"2024-10-24T18:46:55+00:00\",\"breadcrumb\":{\"@id\":\"https:\\\/\\\/www.pfarrverband-salvator-mundi.de\\\/fronleichnam\\\/gruppen_jugend\\\/zeltlager-2024\\\/#breadcrumb\"},\"inLanguage\":\"de\",\"potentialAction\":[{\"@type\":\"ReadAction\",\"target\":[\"https:\\\/\\\/www.pfarrverband-salvator-mundi.de\\\/fronleichnam\\\/gruppen_jugend\\\/zeltlager-2024\\\/\"]}]},{\"@type\":\"ImageObject\",\"inLanguage\":\"de\",\"@id\":\"https:\\\/\\\/www.pfarrverband-salvator-mundi.de\\\/fronleichnam\\\/gruppen_jugend\\\/zeltlager-2024\\\/#primaryimage\",\"url\":\"https:\\\/\\\/www.pfarrverband-salvator-mundi.de\\\/fronleichnam\\\/wp-content\\\/uploads\\\/sites\\\/2\\\/2024\\\/10\\\/sommerlager24-00.jpg\",\"contentUrl\":\"https:\\\/\\\/www.pfarrverband-salvator-mundi.de\\\/fronleichnam\\\/wp-content\\\/uploads\\\/sites\\\/2\\\/2024\\\/10\\\/sommerlager24-00.jpg\",\"width\":747,\"height\":370},{\"@type\":\"BreadcrumbList\",\"@id\":\"https:\\\/\\\/www.pfarrverband-salvator-mundi.de\\\/fronleichnam\\\/gruppen_jugend\\\/zeltlager-2024\\\/#breadcrumb\",\"itemListElement\":[{\"@type\":\"ListItem\",\"position\":1,\"name\":\"Home\",\"item\":\"https:\\\/\\\/www.pfarrverband-salvator-mundi.de\\\/fronleichnam\\\/\"},{\"@type\":\"ListItem\",\"position\":2,\"name\":\"Gruppen Jugend\",\"item\":\"https:\\\/\\\/www.pfarrverband-salvator-mundi.de\\\/fronleichnam\\\/gruppen_jugend\\\/\"},{\"@type\":\"ListItem\",\"position\":3,\"name\":\"Sommerlager 2024\"}]},{\"@type\":\"WebSite\",\"@id\":\"https:\\\/\\\/www.pfarrverband-salvator-mundi.de\\\/fronleichnam\\\/#website\",\"url\":\"https:\\\/\\\/www.pfarrverband-salvator-mundi.de\\\/fronleichnam\\\/\",\"name\":\"Pfarrei Fronleichnam\",\"description\":\"Teil des Pfarrverbands Salvator Mundi\",\"potentialAction\":[{\"@type\":\"SearchAction\",\"target\":{\"@type\":\"EntryPoint\",\"urlTemplate\":\"https:\\\/\\\/www.pfarrverband-salvator-mundi.de\\\/fronleichnam\\\/?s={search_term_string}\"},\"query-input\":{\"@type\":\"PropertyValueSpecification\",\"valueRequired\":true,\"valueName\":\"search_term_string\"}}],\"inLanguage\":\"de\"}]}<\/script>\n<!-- \/ Yoast SEO plugin. -->","yoast_head_json":{"title":"Sommerlager 2024 - Pfarrei Fronleichnam","robots":{"index":"index","follow":"follow","max-snippet":"max-snippet:-1","max-image-preview":"max-image-preview:large","max-video-preview":"max-video-preview:-1"},"canonical":"https:\/\/www.pfarrverband-salvator-mundi.de\/fronleichnam\/gruppen_jugend\/zeltlager-2024\/","og_locale":"de_DE","og_type":"article","og_title":"Sommerlager 2024 - Pfarrei Fronleichnam","og_description":"Sommerlager 2024 Das Zeltlager 2024 unserer Pfarrjugend war auch in diesem Jahr ein unvergessliches Erlebnis! Vom 27. Juli bis zum 5. August konnten sich 100 Teilnehmer \u2013 die j\u00fcngsten gerade einmal 9 Jahre alt \u2013 auf zehn Tage voller Abenteuer, Spa\u00df und Gemeinschaft freuen.&nbsp; Bei tagesf\u00fcllenden Aktionen wie dem Postenlauf mussten alle Teilnehmer in Gruppen [&hellip;]","og_url":"https:\/\/www.pfarrverband-salvator-mundi.de\/fronleichnam\/gruppen_jugend\/zeltlager-2024\/","og_site_name":"Pfarrei Fronleichnam","article_modified_time":"2024-10-24T18:46:55+00:00","og_image":[{"width":747,"height":370,"url":"https:\/\/www.pfarrverband-salvator-mundi.de\/fronleichnam\/wp-content\/uploads\/sites\/2\/2024\/10\/sommerlager24-00.jpg","type":"image\/jpeg"}],"twitter_card":"summary_large_image","twitter_misc":{"Gesch\u00e4tzte Lesezeit":"3\u00a0Minuten"},"schema":{"@context":"https:\/\/schema.org","@graph":[{"@type":"WebPage","@id":"https:\/\/www.pfarrverband-salvator-mundi.de\/fronleichnam\/gruppen_jugend\/zeltlager-2024\/","url":"https:\/\/www.pfarrverband-salvator-mundi.de\/fronleichnam\/gruppen_jugend\/zeltlager-2024\/","name":"Sommerlager 2024 - Pfarrei Fronleichnam","isPartOf":{"@id":"https:\/\/www.pfarrverband-salvator-mundi.de\/fronleichnam\/#website"},"primaryImageOfPage":{"@id":"https:\/\/www.pfarrverband-salvator-mundi.de\/fronleichnam\/gruppen_jugend\/zeltlager-2024\/#primaryimage"},"image":{"@id":"https:\/\/www.pfarrverband-salvator-mundi.de\/fronleichnam\/gruppen_jugend\/zeltlager-2024\/#primaryimage"},"thumbnailUrl":"https:\/\/www.pfarrverband-salvator-mundi.de\/fronleichnam\/wp-content\/uploads\/sites\/2\/2024\/10\/sommerlager24-00.jpg","datePublished":"2023-05-03T16:01:24+00:00","dateModified":"2024-10-24T18:46:55+00:00","breadcrumb":{"@id":"https:\/\/www.pfarrverband-salvator-mundi.de\/fronleichnam\/gruppen_jugend\/zeltlager-2024\/#breadcrumb"},"inLanguage":"de","potentialAction":[{"@type":"ReadAction","target":["https:\/\/www.pfarrverband-salvator-mundi.de\/fronleichnam\/gruppen_jugend\/zeltlager-2024\/"]}]},{"@type":"ImageObject","inLanguage":"de","@id":"https:\/\/www.pfarrverband-salvator-mundi.de\/fronleichnam\/gruppen_jugend\/zeltlager-2024\/#primaryimage","url":"https:\/\/www.pfarrverband-salvator-mundi.de\/fronleichnam\/wp-content\/uploads\/sites\/2\/2024\/10\/sommerlager24-00.jpg","contentUrl":"https:\/\/www.pfarrverband-salvator-mundi.de\/fronleichnam\/wp-content\/uploads\/sites\/2\/2024\/10\/sommerlager24-00.jpg","width":747,"height":370},{"@type":"BreadcrumbList","@id":"https:\/\/www.pfarrverband-salvator-mundi.de\/fronleichnam\/gruppen_jugend\/zeltlager-2024\/#breadcrumb","itemListElement":[{"@type":"ListItem","position":1,"name":"Home","item":"https:\/\/www.pfarrverband-salvator-mundi.de\/fronleichnam\/"},{"@type":"ListItem","position":2,"name":"Gruppen Jugend","item":"https:\/\/www.pfarrverband-salvator-mundi.de\/fronleichnam\/gruppen_jugend\/"},{"@type":"ListItem","position":3,"name":"Sommerlager 2024"}]},{"@type":"WebSite","@id":"https:\/\/www.pfarrverband-salvator-mundi.de\/fronleichnam\/#website","url":"https:\/\/www.pfarrverband-salvator-mundi.de\/fronleichnam\/","name":"Pfarrei Fronleichnam","description":"Teil des Pfarrverbands Salvator Mundi","potentialAction":[{"@type":"SearchAction","target":{"@type":"EntryPoint","urlTemplate":"https:\/\/www.pfarrverband-salvator-mundi.de\/fronleichnam\/?s={search_term_string}"},"query-input":{"@type":"PropertyValueSpecification","valueRequired":true,"valueName":"search_term_string"}}],"inLanguage":"de"}]}},"_links":{"self":[{"href":"https:\/\/www.pfarrverband-salvator-mundi.de\/fronleichnam\/wp-json\/wp\/v2\/pages\/16030","targetHints":{"allow":["GET"]}}],"collection":[{"href":"https:\/\/www.pfarrverband-salvator-mundi.de\/fronleichnam\/wp-json\/wp\/v2\/pages"}],"about":[{"href":"https:\/\/www.pfarrverband-salvator-mundi.de\/fronleichnam\/wp-json\/wp\/v2\/types\/page"}],"author":[{"embeddable":true,"href":"https:\/\/www.pfarrverband-salvator-mundi.de\/fronleichnam\/wp-json\/wp\/v2\/users\/1"}],"replies":[{"embeddable":true,"href":"https:\/\/www.pfarrverband-salvator-mundi.de\/fronleichnam\/wp-json\/wp\/v2\/comments?post=16030"}],"version-history":[{"count":11,"href":"https:\/\/www.pfarrverband-salvator-mundi.de\/fronleichnam\/wp-json\/wp\/v2\/pages\/16030\/revisions"}],"predecessor-version":[{"id":17810,"href":"https:\/\/www.pfarrverband-salvator-mundi.de\/fronleichnam\/wp-json\/wp\/v2\/pages\/16030\/revisions\/17810"}],"up":[{"embeddable":true,"href":"https:\/\/www.pfarrverband-salvator-mundi.de\/fronleichnam\/wp-json\/wp\/v2\/pages\/38"}],"wp:attachment":[{"href":"https:\/\/www.pfarrverband-salvator-mundi.de\/fronleichnam\/wp-json\/wp\/v2\/media?parent=16030"}],"curies":[{"name":"wp","href":"https:\/\/api.w.org\/{rel}","templated":true}]}}