{"id":1630,"date":"2016-08-10T11:57:23","date_gmt":"2016-08-10T09:57:23","guid":{"rendered":"http:\/\/www.pfarrverband-salvator-mundi.de\/fronleichnam\/?page_id=1630"},"modified":"2026-04-10T10:47:33","modified_gmt":"2026-04-10T08:47:33","slug":"firmung","status":"publish","type":"page","link":"https:\/\/www.pfarrverband-salvator-mundi.de\/fronleichnam\/sakramente\/firmung\/","title":{"rendered":"Firmung"},"content":{"rendered":"\n<h1 class=\"wp-block-heading\">Die Firmung<\/h1>\n\n\n<style type=\"text\/css\">\n#foogallery-gallery-1633 .fg-image { width: 215px; }\n#foogallery-gallery-1633 { --fg-gutter: 10px; }<\/style>\n\t\t\t<div class=\"foogallery foogallery-container foogallery-default foogallery-lightbox-foobox fg-left fg-default fg-ready fg-light fg-loading-default fg-loaded-fade-in fg-caption-hover fg-hover-fade fg-hover-zoom\" id=\"foogallery-gallery-1633\" data-foogallery=\"{&quot;item&quot;:{&quot;showCaptionTitle&quot;:true,&quot;showCaptionDescription&quot;:false},&quot;lazy&quot;:true}\" style=\"--fg-title-line-clamp: 0; --fg-description-line-clamp: 0;\" >\n\t<\/div>\n<style type=\"text\/css\">#foogallery-gallery-1633 {\r\npadding-left: 0;\r\npadding-bottom: 10px\r\n}<\/style>\n\n\n\n<h3 class=\"wp-block-heading\">Firmung 2026<\/h3>\n\n\n\n<ul class=\"wp-block-list\">\n<li><strong><span style=\"color: #3a7910;\">Der Termin wird noch bekannt gegeben<\/span><\/strong><\/li>\n<\/ul>\n\n\n\n<p>In unserem Pfarrverband Salvator Mundi wird j\u00e4hrlich die Firmung gespendet und in einem gemeinsamen Fest mit allen drei Pfarreien gefeiert: Erscheinung des Herrn, St. Willibald und Fronleichnam.<\/p>\n\n\n\n<p>Wir freuen uns auf alle Jugendlichen und Familien, die dabei sein werden! Alles Wichtige f\u00fcr die Vorbereitungszeit werden wir bei einem Infoabend besprechen. Die Einladung geht im M\u00e4rz automatisch an alle getauften Jugendlichen, die zu unserem Pfarrgebiet geh\u00f6ren und derzeit die 8. Klasse besuchen. Sollte jemand keine Einladung bekommen, aber dennoch Interesse an der Firmung haben, m\u00f6ge er sich bitte einfach bei einem unserer drei Pfarrb\u00fcros melden.<\/p>\n\n\n\n<figure class=\"wp-block-image alignnone wp-image-15622 size-full\"><img loading=\"lazy\" decoding=\"async\" width=\"467\" height=\"330\" src=\"https:\/\/www.pfarrverband-salvator-mundi.de\/fronleichnam\/wp-content\/uploads\/sites\/2\/2023\/03\/Final-Var-1_Katja-Roncevic_web.jpg\" alt=\"\" class=\"wp-image-15622\" srcset=\"https:\/\/www.pfarrverband-salvator-mundi.de\/fronleichnam\/wp-content\/uploads\/sites\/2\/2023\/03\/Final-Var-1_Katja-Roncevic_web.jpg 467w, https:\/\/www.pfarrverband-salvator-mundi.de\/fronleichnam\/wp-content\/uploads\/sites\/2\/2023\/03\/Final-Var-1_Katja-Roncevic_web-300x212.jpg 300w\" sizes=\"auto, (max-width: 467px) 100vw, 467px\" \/><figcaption class=\"wp-element-caption\"><em>Bild: Katja Roncevic<\/em><\/figcaption><\/figure>\n\n\n\n<p><\/p>\n\n\n\n<hr class=\"wp-block-separator has-alpha-channel-opacity\"\/>\n\n\n\n<p>Die Firmung ist ein Sakrament, also ein Heiliges Zeichen, das dich st\u00e4rken soll auf deinem Lebensweg. Firmung hei\u00dft \u00fcbersetzt Best\u00e4rkung \u2013 St\u00e4rke f\u00fcr deinen Lebens- und Glaubensweg, Gottes Segen f\u00fcr alle Herausforderungen, die dir im Erwachsenwerden begegnen.<\/p>\n\n\n\n<p>Gleichzeitig ist es nach der Taufe und der Erstkommunion nun dein bewusstes \u201cJa\u201d zum christlichen Glauben und zu der Gemeinschaft der Christen auf der ganzen Welt.<\/p>\n\n\n\n<p>Was das genau bedeutet, bleibt am Ende aber immer eine sehr individuelle Sache. Und wenn du dabei bist, wird deine Sicht eine gro\u00dfe Bereicherung sein. Und damit auch du hoffentlich bereichert wirst durch die Vorbereitungszeit, besteht diese aus regelm\u00e4\u00dfigen Gruppenstunden, sozialen Projekten, Gottesdiensten, Workshops und einem gemeinsamen Wochenende.<\/p>\n\n\n\n<p><span style=\"color: #3a7910;\"><strong>Ansprechpartner:<\/strong><\/span><strong><br>Pater Marek Bednarksi <\/strong>SDS, Tel. 089\/54673748<\/p>\n\n\n\n<hr class=\"wp-block-separator has-alpha-channel-opacity\"\/>\n\n\n\n<p>&nbsp;<\/p>\n","protected":false},"excerpt":{"rendered":"<p>Die Firmung Firmung 2026 In unserem Pfarrverband Salvator Mundi wird j\u00e4hrlich die Firmung gespendet und in einem gemeinsamen Fest mit allen drei Pfarreien gefeiert: Erscheinung des Herrn, St. Willibald und Fronleichnam. Wir freuen uns auf alle Jugendlichen und Familien, die dabei sein werden! Alles Wichtige f\u00fcr die Vorbereitungszeit werden wir bei einem Infoabend besprechen. Die [&hellip;]<\/p>\n","protected":false},"author":1,"featured_media":0,"parent":838,"menu_order":3,"comment_status":"closed","ping_status":"closed","template":"","meta":{"ngg_post_thumbnail":0,"footnotes":""},"class_list":["post-1630","page","type-page","status-publish","czr-hentry"],"yoast_head":"<!-- This site is optimized with the Yoast SEO plugin v27.4 - https:\/\/yoast.com\/product\/yoast-seo-wordpress\/ -->\n<title>Firmung - Pfarrei Fronleichnam<\/title>\n<meta name=\"robots\" content=\"index, follow, max-snippet:-1, max-image-preview:large, max-video-preview:-1\" \/>\n<link rel=\"canonical\" href=\"https:\/\/www.pfarrverband-salvator-mundi.de\/fronleichnam\/sakramente\/firmung\/\" \/>\n<meta property=\"og:locale\" content=\"de_DE\" \/>\n<meta property=\"og:type\" content=\"article\" \/>\n<meta property=\"og:title\" content=\"Firmung - Pfarrei Fronleichnam\" \/>\n<meta property=\"og:description\" content=\"Die Firmung Firmung 2026 In unserem Pfarrverband Salvator Mundi wird j\u00e4hrlich die Firmung gespendet und in einem gemeinsamen Fest mit allen drei Pfarreien gefeiert: Erscheinung des Herrn, St. Willibald und Fronleichnam. Wir freuen uns auf alle Jugendlichen und Familien, die dabei sein werden! Alles Wichtige f\u00fcr die Vorbereitungszeit werden wir bei einem Infoabend besprechen. Die [&hellip;]\" \/>\n<meta property=\"og:url\" content=\"https:\/\/www.pfarrverband-salvator-mundi.de\/fronleichnam\/sakramente\/firmung\/\" \/>\n<meta property=\"og:site_name\" content=\"Pfarrei Fronleichnam\" \/>\n<meta property=\"article:modified_time\" content=\"2026-04-10T08:47:33+00:00\" \/>\n<meta property=\"og:image\" content=\"https:\/\/www.pfarrverband-salvator-mundi.de\/fronleichnam\/wp-content\/uploads\/sites\/2\/2023\/03\/Final-Var-1_Katja-Roncevic_web.jpg\" \/>\n\t<meta property=\"og:image:width\" content=\"467\" \/>\n\t<meta property=\"og:image:height\" content=\"330\" \/>\n\t<meta property=\"og:image:type\" content=\"image\/jpeg\" \/>\n<meta name=\"twitter:card\" content=\"summary_large_image\" \/>\n<meta name=\"twitter:label1\" content=\"Gesch\u00e4tzte Lesezeit\" \/>\n\t<meta name=\"twitter:data1\" content=\"2\u00a0Minuten\" \/>\n<script type=\"application\/ld+json\" class=\"yoast-schema-graph\">{\"@context\":\"https:\\\/\\\/schema.org\",\"@graph\":[{\"@type\":\"WebPage\",\"@id\":\"https:\\\/\\\/www.pfarrverband-salvator-mundi.de\\\/fronleichnam\\\/sakramente\\\/firmung\\\/\",\"url\":\"https:\\\/\\\/www.pfarrverband-salvator-mundi.de\\\/fronleichnam\\\/sakramente\\\/firmung\\\/\",\"name\":\"Firmung - Pfarrei Fronleichnam\",\"isPartOf\":{\"@id\":\"https:\\\/\\\/www.pfarrverband-salvator-mundi.de\\\/fronleichnam\\\/#website\"},\"primaryImageOfPage\":{\"@id\":\"https:\\\/\\\/www.pfarrverband-salvator-mundi.de\\\/fronleichnam\\\/sakramente\\\/firmung\\\/#primaryimage\"},\"image\":{\"@id\":\"https:\\\/\\\/www.pfarrverband-salvator-mundi.de\\\/fronleichnam\\\/sakramente\\\/firmung\\\/#primaryimage\"},\"thumbnailUrl\":\"https:\\\/\\\/www.pfarrverband-salvator-mundi.de\\\/fronleichnam\\\/wp-content\\\/uploads\\\/sites\\\/2\\\/2023\\\/03\\\/Final-Var-1_Katja-Roncevic_web.jpg\",\"datePublished\":\"2016-08-10T09:57:23+00:00\",\"dateModified\":\"2026-04-10T08:47:33+00:00\",\"breadcrumb\":{\"@id\":\"https:\\\/\\\/www.pfarrverband-salvator-mundi.de\\\/fronleichnam\\\/sakramente\\\/firmung\\\/#breadcrumb\"},\"inLanguage\":\"de\",\"potentialAction\":[{\"@type\":\"ReadAction\",\"target\":[\"https:\\\/\\\/www.pfarrverband-salvator-mundi.de\\\/fronleichnam\\\/sakramente\\\/firmung\\\/\"]}]},{\"@type\":\"ImageObject\",\"inLanguage\":\"de\",\"@id\":\"https:\\\/\\\/www.pfarrverband-salvator-mundi.de\\\/fronleichnam\\\/sakramente\\\/firmung\\\/#primaryimage\",\"url\":\"https:\\\/\\\/www.pfarrverband-salvator-mundi.de\\\/fronleichnam\\\/wp-content\\\/uploads\\\/sites\\\/2\\\/2023\\\/03\\\/Final-Var-1_Katja-Roncevic_web.jpg\",\"contentUrl\":\"https:\\\/\\\/www.pfarrverband-salvator-mundi.de\\\/fronleichnam\\\/wp-content\\\/uploads\\\/sites\\\/2\\\/2023\\\/03\\\/Final-Var-1_Katja-Roncevic_web.jpg\",\"width\":467,\"height\":330},{\"@type\":\"BreadcrumbList\",\"@id\":\"https:\\\/\\\/www.pfarrverband-salvator-mundi.de\\\/fronleichnam\\\/sakramente\\\/firmung\\\/#breadcrumb\",\"itemListElement\":[{\"@type\":\"ListItem\",\"position\":1,\"name\":\"Home\",\"item\":\"https:\\\/\\\/www.pfarrverband-salvator-mundi.de\\\/fronleichnam\\\/\"},{\"@type\":\"ListItem\",\"position\":2,\"name\":\"Sakramente\",\"item\":\"https:\\\/\\\/www.pfarrverband-salvator-mundi.de\\\/fronleichnam\\\/sakramente\\\/\"},{\"@type\":\"ListItem\",\"position\":3,\"name\":\"Firmung\"}]},{\"@type\":\"WebSite\",\"@id\":\"https:\\\/\\\/www.pfarrverband-salvator-mundi.de\\\/fronleichnam\\\/#website\",\"url\":\"https:\\\/\\\/www.pfarrverband-salvator-mundi.de\\\/fronleichnam\\\/\",\"name\":\"Pfarrei Fronleichnam\",\"description\":\"Teil des Pfarrverbands Salvator Mundi\",\"potentialAction\":[{\"@type\":\"SearchAction\",\"target\":{\"@type\":\"EntryPoint\",\"urlTemplate\":\"https:\\\/\\\/www.pfarrverband-salvator-mundi.de\\\/fronleichnam\\\/?s={search_term_string}\"},\"query-input\":{\"@type\":\"PropertyValueSpecification\",\"valueRequired\":true,\"valueName\":\"search_term_string\"}}],\"inLanguage\":\"de\"}]}<\/script>\n<!-- \/ Yoast SEO plugin. -->","yoast_head_json":{"title":"Firmung - Pfarrei Fronleichnam","robots":{"index":"index","follow":"follow","max-snippet":"max-snippet:-1","max-image-preview":"max-image-preview:large","max-video-preview":"max-video-preview:-1"},"canonical":"https:\/\/www.pfarrverband-salvator-mundi.de\/fronleichnam\/sakramente\/firmung\/","og_locale":"de_DE","og_type":"article","og_title":"Firmung - Pfarrei Fronleichnam","og_description":"Die Firmung Firmung 2026 In unserem Pfarrverband Salvator Mundi wird j\u00e4hrlich die Firmung gespendet und in einem gemeinsamen Fest mit allen drei Pfarreien gefeiert: Erscheinung des Herrn, St. Willibald und Fronleichnam. Wir freuen uns auf alle Jugendlichen und Familien, die dabei sein werden! Alles Wichtige f\u00fcr die Vorbereitungszeit werden wir bei einem Infoabend besprechen. Die [&hellip;]","og_url":"https:\/\/www.pfarrverband-salvator-mundi.de\/fronleichnam\/sakramente\/firmung\/","og_site_name":"Pfarrei Fronleichnam","article_modified_time":"2026-04-10T08:47:33+00:00","og_image":[{"width":467,"height":330,"url":"https:\/\/www.pfarrverband-salvator-mundi.de\/fronleichnam\/wp-content\/uploads\/sites\/2\/2023\/03\/Final-Var-1_Katja-Roncevic_web.jpg","type":"image\/jpeg"}],"twitter_card":"summary_large_image","twitter_misc":{"Gesch\u00e4tzte Lesezeit":"2\u00a0Minuten"},"schema":{"@context":"https:\/\/schema.org","@graph":[{"@type":"WebPage","@id":"https:\/\/www.pfarrverband-salvator-mundi.de\/fronleichnam\/sakramente\/firmung\/","url":"https:\/\/www.pfarrverband-salvator-mundi.de\/fronleichnam\/sakramente\/firmung\/","name":"Firmung - Pfarrei Fronleichnam","isPartOf":{"@id":"https:\/\/www.pfarrverband-salvator-mundi.de\/fronleichnam\/#website"},"primaryImageOfPage":{"@id":"https:\/\/www.pfarrverband-salvator-mundi.de\/fronleichnam\/sakramente\/firmung\/#primaryimage"},"image":{"@id":"https:\/\/www.pfarrverband-salvator-mundi.de\/fronleichnam\/sakramente\/firmung\/#primaryimage"},"thumbnailUrl":"https:\/\/www.pfarrverband-salvator-mundi.de\/fronleichnam\/wp-content\/uploads\/sites\/2\/2023\/03\/Final-Var-1_Katja-Roncevic_web.jpg","datePublished":"2016-08-10T09:57:23+00:00","dateModified":"2026-04-10T08:47:33+00:00","breadcrumb":{"@id":"https:\/\/www.pfarrverband-salvator-mundi.de\/fronleichnam\/sakramente\/firmung\/#breadcrumb"},"inLanguage":"de","potentialAction":[{"@type":"ReadAction","target":["https:\/\/www.pfarrverband-salvator-mundi.de\/fronleichnam\/sakramente\/firmung\/"]}]},{"@type":"ImageObject","inLanguage":"de","@id":"https:\/\/www.pfarrverband-salvator-mundi.de\/fronleichnam\/sakramente\/firmung\/#primaryimage","url":"https:\/\/www.pfarrverband-salvator-mundi.de\/fronleichnam\/wp-content\/uploads\/sites\/2\/2023\/03\/Final-Var-1_Katja-Roncevic_web.jpg","contentUrl":"https:\/\/www.pfarrverband-salvator-mundi.de\/fronleichnam\/wp-content\/uploads\/sites\/2\/2023\/03\/Final-Var-1_Katja-Roncevic_web.jpg","width":467,"height":330},{"@type":"BreadcrumbList","@id":"https:\/\/www.pfarrverband-salvator-mundi.de\/fronleichnam\/sakramente\/firmung\/#breadcrumb","itemListElement":[{"@type":"ListItem","position":1,"name":"Home","item":"https:\/\/www.pfarrverband-salvator-mundi.de\/fronleichnam\/"},{"@type":"ListItem","position":2,"name":"Sakramente","item":"https:\/\/www.pfarrverband-salvator-mundi.de\/fronleichnam\/sakramente\/"},{"@type":"ListItem","position":3,"name":"Firmung"}]},{"@type":"WebSite","@id":"https:\/\/www.pfarrverband-salvator-mundi.de\/fronleichnam\/#website","url":"https:\/\/www.pfarrverband-salvator-mundi.de\/fronleichnam\/","name":"Pfarrei Fronleichnam","description":"Teil des Pfarrverbands Salvator Mundi","potentialAction":[{"@type":"SearchAction","target":{"@type":"EntryPoint","urlTemplate":"https:\/\/www.pfarrverband-salvator-mundi.de\/fronleichnam\/?s={search_term_string}"},"query-input":{"@type":"PropertyValueSpecification","valueRequired":true,"valueName":"search_term_string"}}],"inLanguage":"de"}]}},"_links":{"self":[{"href":"https:\/\/www.pfarrverband-salvator-mundi.de\/fronleichnam\/wp-json\/wp\/v2\/pages\/1630","targetHints":{"allow":["GET"]}}],"collection":[{"href":"https:\/\/www.pfarrverband-salvator-mundi.de\/fronleichnam\/wp-json\/wp\/v2\/pages"}],"about":[{"href":"https:\/\/www.pfarrverband-salvator-mundi.de\/fronleichnam\/wp-json\/wp\/v2\/types\/page"}],"author":[{"embeddable":true,"href":"https:\/\/www.pfarrverband-salvator-mundi.de\/fronleichnam\/wp-json\/wp\/v2\/users\/1"}],"replies":[{"embeddable":true,"href":"https:\/\/www.pfarrverband-salvator-mundi.de\/fronleichnam\/wp-json\/wp\/v2\/comments?post=1630"}],"version-history":[{"count":56,"href":"https:\/\/www.pfarrverband-salvator-mundi.de\/fronleichnam\/wp-json\/wp\/v2\/pages\/1630\/revisions"}],"predecessor-version":[{"id":18662,"href":"https:\/\/www.pfarrverband-salvator-mundi.de\/fronleichnam\/wp-json\/wp\/v2\/pages\/1630\/revisions\/18662"}],"up":[{"embeddable":true,"href":"https:\/\/www.pfarrverband-salvator-mundi.de\/fronleichnam\/wp-json\/wp\/v2\/pages\/838"}],"wp:attachment":[{"href":"https:\/\/www.pfarrverband-salvator-mundi.de\/fronleichnam\/wp-json\/wp\/v2\/media?parent=1630"}],"curies":[{"name":"wp","href":"https:\/\/api.w.org\/{rel}","templated":true}]}}