{"id":17240,"date":"2024-03-28T19:20:40","date_gmt":"2024-03-28T18:20:40","guid":{"rendered":"https:\/\/www.pfarrverband-salvator-mundi.de\/fronleichnam\/?page_id=17240"},"modified":"2024-05-24T11:54:58","modified_gmt":"2024-05-24T09:54:58","slug":"gebet-der-stille","status":"publish","type":"page","link":"https:\/\/www.pfarrverband-salvator-mundi.de\/fronleichnam\/spirituelle-angebote\/gebet-der-stille\/","title":{"rendered":"Gebet der Stille"},"content":{"rendered":"<h1>Gebet der Stille in Erscheinung des Herrn<\/h1>\n<p>Das \u201eGebet der Stille\u201c ist eine kontemplative Meditation in der Tradition christlicher Mystik. Aus spiritueller Sicht kann man unser Verbundensein mit der ganzen Sch\u00f6pfung, mit Gott und den Menschen erfahren. In k\u00f6rperlicher Hinsicht wirkt die Kontemplation heilend und f\u00fchrt zu mehr Ruhe und Gelassenheit. Die \u00dcbung ist einfach, aber nicht leicht, weshalb eine Einf\u00fchrung sinnvoll ist.<\/p>\n<p>Teilnehmer\/innen sind gerne willkommen und wir fragen nicht nach Konfession oder sonstiger Orientierung. Die Teilnahme ist kostenlos.<\/p>\n<p><strong>Termine: <\/strong>14-t\u00e4gig am Dienstag in den geraden Wochen von 19:30 bis 20:45 Uhr<\/p>\n<p><strong>Ort<\/strong>: <strong>Pfarrheim Erscheinung des Herrn (EdH)<\/strong>, Terofalstr. 66, 80689 M\u00fcnchen<\/p>\n<hr>\n<p><strong><span style=\"color: #3a7910;\">Ansprechpartner<\/span><br \/>\n<\/strong> im Pfarrb\u00fcro EdH (Tel: 089-700 766-6) oder bei Dr. Ewald Reinhart E-Mail: <a href=\"mailto:ewald.reinhart@web.de\">ewald.reinhart@web.de<\/a><\/p>\n","protected":false},"excerpt":{"rendered":"<p>Gebet der Stille in Erscheinung des Herrn Das \u201eGebet der Stille\u201c ist eine kontemplative Meditation in der Tradition christlicher Mystik. Aus spiritueller Sicht kann man unser Verbundensein mit der ganzen Sch\u00f6pfung, mit Gott und den Menschen erfahren. In k\u00f6rperlicher Hinsicht wirkt die Kontemplation heilend und f\u00fchrt zu mehr Ruhe und Gelassenheit. Die \u00dcbung ist einfach, [&hellip;]<\/p>\n","protected":false},"author":1,"featured_media":0,"parent":877,"menu_order":0,"comment_status":"closed","ping_status":"closed","template":"","meta":{"ngg_post_thumbnail":0,"footnotes":""},"class_list":["post-17240","page","type-page","status-publish","czr-hentry"],"yoast_head":"<!-- This site is optimized with the Yoast SEO plugin v27.4 - https:\/\/yoast.com\/product\/yoast-seo-wordpress\/ -->\n<title>Gebet der Stille - Pfarrei Fronleichnam<\/title>\n<meta name=\"robots\" content=\"index, follow, max-snippet:-1, max-image-preview:large, max-video-preview:-1\" \/>\n<link rel=\"canonical\" href=\"https:\/\/www.pfarrverband-salvator-mundi.de\/fronleichnam\/spirituelle-angebote\/gebet-der-stille\/\" \/>\n<meta property=\"og:locale\" content=\"de_DE\" \/>\n<meta property=\"og:type\" content=\"article\" \/>\n<meta property=\"og:title\" content=\"Gebet der Stille - Pfarrei Fronleichnam\" \/>\n<meta property=\"og:description\" content=\"Gebet der Stille in Erscheinung des Herrn Das \u201eGebet der Stille\u201c ist eine kontemplative Meditation in der Tradition christlicher Mystik. Aus spiritueller Sicht kann man unser Verbundensein mit der ganzen Sch\u00f6pfung, mit Gott und den Menschen erfahren. In k\u00f6rperlicher Hinsicht wirkt die Kontemplation heilend und f\u00fchrt zu mehr Ruhe und Gelassenheit. Die \u00dcbung ist einfach, [&hellip;]\" \/>\n<meta property=\"og:url\" content=\"https:\/\/www.pfarrverband-salvator-mundi.de\/fronleichnam\/spirituelle-angebote\/gebet-der-stille\/\" \/>\n<meta property=\"og:site_name\" content=\"Pfarrei Fronleichnam\" \/>\n<meta property=\"article:modified_time\" content=\"2024-05-24T09:54:58+00:00\" \/>\n<meta name=\"twitter:card\" content=\"summary_large_image\" \/>\n<meta name=\"twitter:label1\" content=\"Gesch\u00e4tzte Lesezeit\" \/>\n\t<meta name=\"twitter:data1\" content=\"1\u00a0Minute\" \/>\n<script type=\"application\/ld+json\" class=\"yoast-schema-graph\">{\"@context\":\"https:\\\/\\\/schema.org\",\"@graph\":[{\"@type\":\"WebPage\",\"@id\":\"https:\\\/\\\/www.pfarrverband-salvator-mundi.de\\\/fronleichnam\\\/spirituelle-angebote\\\/gebet-der-stille\\\/\",\"url\":\"https:\\\/\\\/www.pfarrverband-salvator-mundi.de\\\/fronleichnam\\\/spirituelle-angebote\\\/gebet-der-stille\\\/\",\"name\":\"Gebet der Stille - Pfarrei Fronleichnam\",\"isPartOf\":{\"@id\":\"https:\\\/\\\/www.pfarrverband-salvator-mundi.de\\\/fronleichnam\\\/#website\"},\"datePublished\":\"2024-03-28T18:20:40+00:00\",\"dateModified\":\"2024-05-24T09:54:58+00:00\",\"breadcrumb\":{\"@id\":\"https:\\\/\\\/www.pfarrverband-salvator-mundi.de\\\/fronleichnam\\\/spirituelle-angebote\\\/gebet-der-stille\\\/#breadcrumb\"},\"inLanguage\":\"de\",\"potentialAction\":[{\"@type\":\"ReadAction\",\"target\":[\"https:\\\/\\\/www.pfarrverband-salvator-mundi.de\\\/fronleichnam\\\/spirituelle-angebote\\\/gebet-der-stille\\\/\"]}]},{\"@type\":\"BreadcrumbList\",\"@id\":\"https:\\\/\\\/www.pfarrverband-salvator-mundi.de\\\/fronleichnam\\\/spirituelle-angebote\\\/gebet-der-stille\\\/#breadcrumb\",\"itemListElement\":[{\"@type\":\"ListItem\",\"position\":1,\"name\":\"Home\",\"item\":\"https:\\\/\\\/www.pfarrverband-salvator-mundi.de\\\/fronleichnam\\\/\"},{\"@type\":\"ListItem\",\"position\":2,\"name\":\"Spirituelle Angebote\",\"item\":\"https:\\\/\\\/www.pfarrverband-salvator-mundi.de\\\/fronleichnam\\\/spirituelle-angebote\\\/\"},{\"@type\":\"ListItem\",\"position\":3,\"name\":\"Gebet der Stille\"}]},{\"@type\":\"WebSite\",\"@id\":\"https:\\\/\\\/www.pfarrverband-salvator-mundi.de\\\/fronleichnam\\\/#website\",\"url\":\"https:\\\/\\\/www.pfarrverband-salvator-mundi.de\\\/fronleichnam\\\/\",\"name\":\"Pfarrei Fronleichnam\",\"description\":\"Teil des Pfarrverbands Salvator Mundi\",\"potentialAction\":[{\"@type\":\"SearchAction\",\"target\":{\"@type\":\"EntryPoint\",\"urlTemplate\":\"https:\\\/\\\/www.pfarrverband-salvator-mundi.de\\\/fronleichnam\\\/?s={search_term_string}\"},\"query-input\":{\"@type\":\"PropertyValueSpecification\",\"valueRequired\":true,\"valueName\":\"search_term_string\"}}],\"inLanguage\":\"de\"}]}<\/script>\n<!-- \/ Yoast SEO plugin. -->","yoast_head_json":{"title":"Gebet der Stille - Pfarrei Fronleichnam","robots":{"index":"index","follow":"follow","max-snippet":"max-snippet:-1","max-image-preview":"max-image-preview:large","max-video-preview":"max-video-preview:-1"},"canonical":"https:\/\/www.pfarrverband-salvator-mundi.de\/fronleichnam\/spirituelle-angebote\/gebet-der-stille\/","og_locale":"de_DE","og_type":"article","og_title":"Gebet der Stille - Pfarrei Fronleichnam","og_description":"Gebet der Stille in Erscheinung des Herrn Das \u201eGebet der Stille\u201c ist eine kontemplative Meditation in der Tradition christlicher Mystik. Aus spiritueller Sicht kann man unser Verbundensein mit der ganzen Sch\u00f6pfung, mit Gott und den Menschen erfahren. In k\u00f6rperlicher Hinsicht wirkt die Kontemplation heilend und f\u00fchrt zu mehr Ruhe und Gelassenheit. Die \u00dcbung ist einfach, [&hellip;]","og_url":"https:\/\/www.pfarrverband-salvator-mundi.de\/fronleichnam\/spirituelle-angebote\/gebet-der-stille\/","og_site_name":"Pfarrei Fronleichnam","article_modified_time":"2024-05-24T09:54:58+00:00","twitter_card":"summary_large_image","twitter_misc":{"Gesch\u00e4tzte Lesezeit":"1\u00a0Minute"},"schema":{"@context":"https:\/\/schema.org","@graph":[{"@type":"WebPage","@id":"https:\/\/www.pfarrverband-salvator-mundi.de\/fronleichnam\/spirituelle-angebote\/gebet-der-stille\/","url":"https:\/\/www.pfarrverband-salvator-mundi.de\/fronleichnam\/spirituelle-angebote\/gebet-der-stille\/","name":"Gebet der Stille - Pfarrei Fronleichnam","isPartOf":{"@id":"https:\/\/www.pfarrverband-salvator-mundi.de\/fronleichnam\/#website"},"datePublished":"2024-03-28T18:20:40+00:00","dateModified":"2024-05-24T09:54:58+00:00","breadcrumb":{"@id":"https:\/\/www.pfarrverband-salvator-mundi.de\/fronleichnam\/spirituelle-angebote\/gebet-der-stille\/#breadcrumb"},"inLanguage":"de","potentialAction":[{"@type":"ReadAction","target":["https:\/\/www.pfarrverband-salvator-mundi.de\/fronleichnam\/spirituelle-angebote\/gebet-der-stille\/"]}]},{"@type":"BreadcrumbList","@id":"https:\/\/www.pfarrverband-salvator-mundi.de\/fronleichnam\/spirituelle-angebote\/gebet-der-stille\/#breadcrumb","itemListElement":[{"@type":"ListItem","position":1,"name":"Home","item":"https:\/\/www.pfarrverband-salvator-mundi.de\/fronleichnam\/"},{"@type":"ListItem","position":2,"name":"Spirituelle Angebote","item":"https:\/\/www.pfarrverband-salvator-mundi.de\/fronleichnam\/spirituelle-angebote\/"},{"@type":"ListItem","position":3,"name":"Gebet der Stille"}]},{"@type":"WebSite","@id":"https:\/\/www.pfarrverband-salvator-mundi.de\/fronleichnam\/#website","url":"https:\/\/www.pfarrverband-salvator-mundi.de\/fronleichnam\/","name":"Pfarrei Fronleichnam","description":"Teil des Pfarrverbands Salvator Mundi","potentialAction":[{"@type":"SearchAction","target":{"@type":"EntryPoint","urlTemplate":"https:\/\/www.pfarrverband-salvator-mundi.de\/fronleichnam\/?s={search_term_string}"},"query-input":{"@type":"PropertyValueSpecification","valueRequired":true,"valueName":"search_term_string"}}],"inLanguage":"de"}]}},"_links":{"self":[{"href":"https:\/\/www.pfarrverband-salvator-mundi.de\/fronleichnam\/wp-json\/wp\/v2\/pages\/17240","targetHints":{"allow":["GET"]}}],"collection":[{"href":"https:\/\/www.pfarrverband-salvator-mundi.de\/fronleichnam\/wp-json\/wp\/v2\/pages"}],"about":[{"href":"https:\/\/www.pfarrverband-salvator-mundi.de\/fronleichnam\/wp-json\/wp\/v2\/types\/page"}],"author":[{"embeddable":true,"href":"https:\/\/www.pfarrverband-salvator-mundi.de\/fronleichnam\/wp-json\/wp\/v2\/users\/1"}],"replies":[{"embeddable":true,"href":"https:\/\/www.pfarrverband-salvator-mundi.de\/fronleichnam\/wp-json\/wp\/v2\/comments?post=17240"}],"version-history":[{"count":2,"href":"https:\/\/www.pfarrverband-salvator-mundi.de\/fronleichnam\/wp-json\/wp\/v2\/pages\/17240\/revisions"}],"predecessor-version":[{"id":17368,"href":"https:\/\/www.pfarrverband-salvator-mundi.de\/fronleichnam\/wp-json\/wp\/v2\/pages\/17240\/revisions\/17368"}],"up":[{"embeddable":true,"href":"https:\/\/www.pfarrverband-salvator-mundi.de\/fronleichnam\/wp-json\/wp\/v2\/pages\/877"}],"wp:attachment":[{"href":"https:\/\/www.pfarrverband-salvator-mundi.de\/fronleichnam\/wp-json\/wp\/v2\/media?parent=17240"}],"curies":[{"name":"wp","href":"https:\/\/api.w.org\/{rel}","templated":true}]}}