{"id":18147,"date":"2025-06-06T12:26:14","date_gmt":"2025-06-06T10:26:14","guid":{"rendered":"https:\/\/www.pfarrverband-salvator-mundi.de\/fronleichnam\/?page_id=18147"},"modified":"2026-01-10T15:44:08","modified_gmt":"2026-01-10T14:44:08","slug":"sommerlager-2025","status":"publish","type":"page","link":"https:\/\/www.pfarrverband-salvator-mundi.de\/fronleichnam\/gruppen_jugend\/sommerlager-2025\/","title":{"rendered":"Sommerlager 2025"},"content":{"rendered":"\n<h1 class=\"wp-block-heading\">Sommerlager 2025<\/h1>\n\n\n\n<figure class=\"wp-block-image size-large\"><a href=\"https:\/\/www.pfarrverband-salvator-mundi.de\/fronleichnam\/wp-content\/uploads\/sites\/2\/2026\/01\/zeltlager25-fl1.jpg\"><img loading=\"lazy\" decoding=\"async\" width=\"1024\" height=\"507\" src=\"https:\/\/www.pfarrverband-salvator-mundi.de\/fronleichnam\/wp-content\/uploads\/sites\/2\/2026\/01\/zeltlager25-fl1-1024x507.jpg\" alt=\"\" class=\"wp-image-18489\" srcset=\"https:\/\/www.pfarrverband-salvator-mundi.de\/fronleichnam\/wp-content\/uploads\/sites\/2\/2026\/01\/zeltlager25-fl1-1024x507.jpg 1024w, https:\/\/www.pfarrverband-salvator-mundi.de\/fronleichnam\/wp-content\/uploads\/sites\/2\/2026\/01\/zeltlager25-fl1-300x149.jpg 300w, https:\/\/www.pfarrverband-salvator-mundi.de\/fronleichnam\/wp-content\/uploads\/sites\/2\/2026\/01\/zeltlager25-fl1-768x380.jpg 768w, https:\/\/www.pfarrverband-salvator-mundi.de\/fronleichnam\/wp-content\/uploads\/sites\/2\/2026\/01\/zeltlager25-fl1.jpg 1040w\" sizes=\"auto, (max-width: 1024px) 100vw, 1024px\" \/><\/a><\/figure>\n\n\n\n<p>Das Zeltlager 2025 unserer Pfarrjugend war auch in diesem Jahr ein unvergessliches Erlebnis! Vom 02. August bis zum 12. August konnten sich um die 80 Teilnehmer \u2013 die j\u00fcngsten gerade einmal 9 Jahre alt \u2013 auf zehn Tage voller Abenteuer, Spa\u00df und Gemeinschaft freuen.\u00a0<\/p>\n\n\n\n<p>Bei tagesf\u00fcllenden Aktionen wie dem Postenlauf mussten alle Teilnehmer in Gruppen verschiedene Stationen meistern. An jeder Station warteten knifflige Aufgaben, die Geschick, Kreativit\u00e4t und Teamwork erforderten. Ob bei Sinneschallenges, R\u00e4tselraten oder gemeinsamen L\u00f6sen von Aufgaben \u2013 alle Gruppen haben gezeigt, wie stark man zusammen sein kann, wenn jeder seinen Beitrag leistet. Nicht fehlen durfte der Lagergottesdienst am Montag, bei dem alle gemeinsam innehalten, die besondere Gemeinschaft feiern und Christoph nochmal verabschieden konnten.&nbsp;<\/p>\n\n\n\n<p>Auch nachts wurde es auf unserem Zeltplatz in Hohenpei\u00dfenberg nicht langweilig, neben der legend\u00e4ren Nachtwanderung gab es wie immer von Montag bis Samstag das \u00dcberfallerspiel, bei dem nicht nur die Fahne am Bannermasten, sondern auch die B\u00e4nke und Ger\u00e4te des Lagers vor befreundeten Pfarrjugenden bewacht werden mussten.&nbsp;<\/p>\n\n\n\n<p>Ein Zeltlager in dieser Gr\u00f6\u00dfenordnung kann nur durch das Engagement und die harte Arbeit vieler helfender H\u00e4nde gelingen. Ein gro\u00dfes Dankesch\u00f6n geht an die verschiedenen Arbeitskreise (AKs), die das Lager am Laufen gehalten haben, sei es bei der Verpflegung, der Organisation der Spiele oder den vielen kleinen Dingen, die im Hintergrund geschehen.<\/p>\n\n\n\n<p><strong>Die diesj\u00e4hrige Koordination der einzelnen AKs \u00fcbernahmen: <\/strong><\/p>\n\n\n\n<figure class=\"wp-block-table is-style-stripes\"><table class=\"has-fixed-layout\"><tbody><tr><td>Korbi, Sarah, Konsti, Dominikus und Julian\u00a0<\/td><td><strong>Lagerleitung&nbsp;<\/strong><\/td><\/tr><tr><td>Vroni, Jasmin und Lea\u00a0<\/td><td><strong>AK K\u00fcche&nbsp;<\/strong><\/td><\/tr><tr><td>Vali, Melli und Ami&nbsp;<\/td><td><strong>AK Aktionen&nbsp;<\/strong><\/td><\/tr><tr><td>Filias&nbsp;<\/td><td><strong>AK Getr\u00e4nke&nbsp;<\/strong><\/td><\/tr><tr><td>Lenni, Tobi&nbsp;<\/td><td><strong>AK Lampe&nbsp;<\/strong><\/td><\/tr><tr><td>Filias&nbsp;<\/td><td><strong>AK Lagerbauten&nbsp;<\/strong><\/td><\/tr><tr><td>Corny&nbsp;<\/td><td><strong>AK Ger\u00e4te&nbsp;<\/strong><\/td><\/tr><tr><td>Ben&nbsp;<\/td><td><strong>AK Feuer&nbsp;<\/strong><\/td><\/tr><tr><td>Luis, Maddox&nbsp;<\/td><td><strong>AK M\u00fcll&nbsp;<\/strong><\/td><\/tr><tr><td>Basti&nbsp;<\/td><td><strong>AK Lagerabwehr<\/strong><\/td><\/tr><tr><td>Ami, Jasmin<\/td><td><strong>AK WaschMich<\/strong><\/td><\/tr><tr><td>Nina<\/td><td><strong>AK Erste-Hilfe<\/strong><\/td><\/tr><tr><td>Vali, Melli und Ami<\/td><td><strong>AK Film &amp; Foto<\/strong><\/td><\/tr><tr><td>Tobi<\/td><td><strong>AK Hygiene<\/strong><\/td><\/tr><\/tbody><\/table><\/figure>\n\n\n\n<p>Erw\u00e4hnt werden sollte hier auch, dass die ganze Pfarrjugend ehrenamtlich arbeitet und das Zeltlager rein aus eigenem Interesse und der Freude daran stemmt. Die Organisation des Lagers beginnt schon Monate vorher, denn allein der Transport sowie der Auf- und Abbau erfordern einen strukturierten Plan.<\/p>\n\n\n\n<figure class=\"wp-block-gallery has-nested-images columns-3 is-cropped wp-block-gallery-1 is-layout-flex wp-block-gallery-is-layout-flex\">\n<figure class=\"wp-block-image size-large\"><a href=\"https:\/\/www.pfarrverband-salvator-mundi.de\/fronleichnam\/wp-content\/uploads\/sites\/2\/2026\/01\/zeltlager25-fl2.jpg\"><img loading=\"lazy\" decoding=\"async\" width=\"531\" height=\"711\" data-id=\"18492\" src=\"https:\/\/www.pfarrverband-salvator-mundi.de\/fronleichnam\/wp-content\/uploads\/sites\/2\/2026\/01\/zeltlager25-fl2.jpg\" alt=\"\" class=\"wp-image-18492\" style=\"aspect-ratio:4\/3\" srcset=\"https:\/\/www.pfarrverband-salvator-mundi.de\/fronleichnam\/wp-content\/uploads\/sites\/2\/2026\/01\/zeltlager25-fl2.jpg 531w, https:\/\/www.pfarrverband-salvator-mundi.de\/fronleichnam\/wp-content\/uploads\/sites\/2\/2026\/01\/zeltlager25-fl2-224x300.jpg 224w\" sizes=\"auto, (max-width: 531px) 100vw, 531px\" \/><\/a><\/figure>\n\n\n\n<figure class=\"wp-block-image size-large\"><a href=\"https:\/\/www.pfarrverband-salvator-mundi.de\/fronleichnam\/wp-content\/uploads\/sites\/2\/2026\/01\/zeltlager25-fl3.jpg\"><img loading=\"lazy\" decoding=\"async\" width=\"494\" height=\"358\" data-id=\"18493\" src=\"https:\/\/www.pfarrverband-salvator-mundi.de\/fronleichnam\/wp-content\/uploads\/sites\/2\/2026\/01\/zeltlager25-fl3.jpg\" alt=\"\" class=\"wp-image-18493\" style=\"aspect-ratio:4\/3\" srcset=\"https:\/\/www.pfarrverband-salvator-mundi.de\/fronleichnam\/wp-content\/uploads\/sites\/2\/2026\/01\/zeltlager25-fl3.jpg 494w, https:\/\/www.pfarrverband-salvator-mundi.de\/fronleichnam\/wp-content\/uploads\/sites\/2\/2026\/01\/zeltlager25-fl3-300x217.jpg 300w\" sizes=\"auto, (max-width: 494px) 100vw, 494px\" \/><\/a><\/figure>\n\n\n\n<figure class=\"wp-block-image size-large\"><a href=\"https:\/\/www.pfarrverband-salvator-mundi.de\/fronleichnam\/wp-content\/uploads\/sites\/2\/2026\/01\/zeltlager25-fl4.jpg\"><img loading=\"lazy\" decoding=\"async\" width=\"500\" height=\"378\" data-id=\"18491\" src=\"https:\/\/www.pfarrverband-salvator-mundi.de\/fronleichnam\/wp-content\/uploads\/sites\/2\/2026\/01\/zeltlager25-fl4.jpg\" alt=\"\" class=\"wp-image-18491\" style=\"aspect-ratio:4\/3\" srcset=\"https:\/\/www.pfarrverband-salvator-mundi.de\/fronleichnam\/wp-content\/uploads\/sites\/2\/2026\/01\/zeltlager25-fl4.jpg 500w, https:\/\/www.pfarrverband-salvator-mundi.de\/fronleichnam\/wp-content\/uploads\/sites\/2\/2026\/01\/zeltlager25-fl4-300x227.jpg 300w\" sizes=\"auto, (max-width: 500px) 100vw, 500px\" \/><\/a><\/figure>\n<\/figure>\n\n\n\n<p>Insgesamt war das Zeltlager 2025 ein voller Erfolg \u2013 voller Sonnenschein, spannender Aktionen und unvergesslicher Momente. Wir freuen uns schon jetzt auf das n\u00e4chste Jahr und darauf, erneut gemeinsam eine unvergessliche Zeit zu verbringen!<\/p>\n\n\n\n<p>Was genau machen eigentlich diese AKs? Welche Events stehen das Jahr u\u0308ber an? Falls Du dir diese Fragen stellst und nichts mehr aus unserer Jugend verpassen m\u00f6chtest, schau doch auf unserem Instagram Account vorbei!<\/p>\n\n\n\n<p><strong><a href=\"http:\/\/www.instagram.com\/pfarrjugend.fronleichnam\">www.instagram.com\/pfarrjugend.fronleichnam<\/a><\/strong><\/p>\n","protected":false},"excerpt":{"rendered":"<p>Sommerlager 2025 Das Zeltlager 2025 unserer Pfarrjugend war auch in diesem Jahr ein unvergessliches Erlebnis! Vom 02. August bis zum 12. August konnten sich um die 80 Teilnehmer \u2013 die j\u00fcngsten gerade einmal 9 Jahre alt \u2013 auf zehn Tage voller Abenteuer, Spa\u00df und Gemeinschaft freuen.\u00a0 Bei tagesf\u00fcllenden Aktionen wie dem Postenlauf mussten alle Teilnehmer [&hellip;]<\/p>\n","protected":false},"author":1,"featured_media":0,"parent":38,"menu_order":0,"comment_status":"closed","ping_status":"closed","template":"","meta":{"ngg_post_thumbnail":0,"footnotes":""},"class_list":["post-18147","page","type-page","status-publish","czr-hentry"],"yoast_head":"<!-- This site is optimized with the Yoast SEO plugin v27.5 - https:\/\/yoast.com\/product\/yoast-seo-wordpress\/ -->\n<title>Sommerlager 2025 - Pfarrei Fronleichnam<\/title>\n<meta name=\"robots\" content=\"index, follow, max-snippet:-1, max-image-preview:large, max-video-preview:-1\" \/>\n<link rel=\"canonical\" href=\"https:\/\/www.pfarrverband-salvator-mundi.de\/fronleichnam\/gruppen_jugend\/sommerlager-2025\/\" \/>\n<meta property=\"og:locale\" content=\"de_DE\" \/>\n<meta property=\"og:type\" content=\"article\" \/>\n<meta property=\"og:title\" content=\"Sommerlager 2025 - Pfarrei Fronleichnam\" \/>\n<meta property=\"og:description\" content=\"Sommerlager 2025 Das Zeltlager 2025 unserer Pfarrjugend war auch in diesem Jahr ein unvergessliches Erlebnis! Vom 02. August bis zum 12. August konnten sich um die 80 Teilnehmer \u2013 die j\u00fcngsten gerade einmal 9 Jahre alt \u2013 auf zehn Tage voller Abenteuer, Spa\u00df und Gemeinschaft freuen.\u00a0 Bei tagesf\u00fcllenden Aktionen wie dem Postenlauf mussten alle Teilnehmer [&hellip;]\" \/>\n<meta property=\"og:url\" content=\"https:\/\/www.pfarrverband-salvator-mundi.de\/fronleichnam\/gruppen_jugend\/sommerlager-2025\/\" \/>\n<meta property=\"og:site_name\" content=\"Pfarrei Fronleichnam\" \/>\n<meta property=\"article:modified_time\" content=\"2026-01-10T14:44:08+00:00\" \/>\n<meta property=\"og:image\" content=\"https:\/\/www.pfarrverband-salvator-mundi.de\/fronleichnam\/wp-content\/uploads\/sites\/2\/2026\/01\/zeltlager25-fl1.jpg\" \/>\n\t<meta property=\"og:image:width\" content=\"1040\" \/>\n\t<meta property=\"og:image:height\" content=\"515\" \/>\n\t<meta property=\"og:image:type\" content=\"image\/jpeg\" \/>\n<meta name=\"twitter:card\" content=\"summary_large_image\" \/>\n<meta name=\"twitter:label1\" content=\"Gesch\u00e4tzte Lesezeit\" \/>\n\t<meta name=\"twitter:data1\" content=\"3\u00a0Minuten\" \/>\n<script type=\"application\/ld+json\" class=\"yoast-schema-graph\">{\"@context\":\"https:\\\/\\\/schema.org\",\"@graph\":[{\"@type\":\"WebPage\",\"@id\":\"https:\\\/\\\/www.pfarrverband-salvator-mundi.de\\\/fronleichnam\\\/gruppen_jugend\\\/sommerlager-2025\\\/\",\"url\":\"https:\\\/\\\/www.pfarrverband-salvator-mundi.de\\\/fronleichnam\\\/gruppen_jugend\\\/sommerlager-2025\\\/\",\"name\":\"Sommerlager 2025 - Pfarrei Fronleichnam\",\"isPartOf\":{\"@id\":\"https:\\\/\\\/www.pfarrverband-salvator-mundi.de\\\/fronleichnam\\\/#website\"},\"primaryImageOfPage\":{\"@id\":\"https:\\\/\\\/www.pfarrverband-salvator-mundi.de\\\/fronleichnam\\\/gruppen_jugend\\\/sommerlager-2025\\\/#primaryimage\"},\"image\":{\"@id\":\"https:\\\/\\\/www.pfarrverband-salvator-mundi.de\\\/fronleichnam\\\/gruppen_jugend\\\/sommerlager-2025\\\/#primaryimage\"},\"thumbnailUrl\":\"https:\\\/\\\/www.pfarrverband-salvator-mundi.de\\\/fronleichnam\\\/wp-content\\\/uploads\\\/sites\\\/2\\\/2026\\\/01\\\/zeltlager25-fl1-1024x507.jpg\",\"datePublished\":\"2025-06-06T10:26:14+00:00\",\"dateModified\":\"2026-01-10T14:44:08+00:00\",\"breadcrumb\":{\"@id\":\"https:\\\/\\\/www.pfarrverband-salvator-mundi.de\\\/fronleichnam\\\/gruppen_jugend\\\/sommerlager-2025\\\/#breadcrumb\"},\"inLanguage\":\"de\",\"potentialAction\":[{\"@type\":\"ReadAction\",\"target\":[\"https:\\\/\\\/www.pfarrverband-salvator-mundi.de\\\/fronleichnam\\\/gruppen_jugend\\\/sommerlager-2025\\\/\"]}]},{\"@type\":\"ImageObject\",\"inLanguage\":\"de\",\"@id\":\"https:\\\/\\\/www.pfarrverband-salvator-mundi.de\\\/fronleichnam\\\/gruppen_jugend\\\/sommerlager-2025\\\/#primaryimage\",\"url\":\"https:\\\/\\\/www.pfarrverband-salvator-mundi.de\\\/fronleichnam\\\/wp-content\\\/uploads\\\/sites\\\/2\\\/2026\\\/01\\\/zeltlager25-fl1.jpg\",\"contentUrl\":\"https:\\\/\\\/www.pfarrverband-salvator-mundi.de\\\/fronleichnam\\\/wp-content\\\/uploads\\\/sites\\\/2\\\/2026\\\/01\\\/zeltlager25-fl1.jpg\",\"width\":1040,\"height\":515},{\"@type\":\"BreadcrumbList\",\"@id\":\"https:\\\/\\\/www.pfarrverband-salvator-mundi.de\\\/fronleichnam\\\/gruppen_jugend\\\/sommerlager-2025\\\/#breadcrumb\",\"itemListElement\":[{\"@type\":\"ListItem\",\"position\":1,\"name\":\"Home\",\"item\":\"https:\\\/\\\/www.pfarrverband-salvator-mundi.de\\\/fronleichnam\\\/\"},{\"@type\":\"ListItem\",\"position\":2,\"name\":\"Gruppen Jugend\",\"item\":\"https:\\\/\\\/www.pfarrverband-salvator-mundi.de\\\/fronleichnam\\\/gruppen_jugend\\\/\"},{\"@type\":\"ListItem\",\"position\":3,\"name\":\"Sommerlager 2025\"}]},{\"@type\":\"WebSite\",\"@id\":\"https:\\\/\\\/www.pfarrverband-salvator-mundi.de\\\/fronleichnam\\\/#website\",\"url\":\"https:\\\/\\\/www.pfarrverband-salvator-mundi.de\\\/fronleichnam\\\/\",\"name\":\"Pfarrei Fronleichnam\",\"description\":\"Teil des Pfarrverbands Salvator Mundi\",\"potentialAction\":[{\"@type\":\"SearchAction\",\"target\":{\"@type\":\"EntryPoint\",\"urlTemplate\":\"https:\\\/\\\/www.pfarrverband-salvator-mundi.de\\\/fronleichnam\\\/?s={search_term_string}\"},\"query-input\":{\"@type\":\"PropertyValueSpecification\",\"valueRequired\":true,\"valueName\":\"search_term_string\"}}],\"inLanguage\":\"de\"}]}<\/script>\n<!-- \/ Yoast SEO plugin. -->","yoast_head_json":{"title":"Sommerlager 2025 - Pfarrei Fronleichnam","robots":{"index":"index","follow":"follow","max-snippet":"max-snippet:-1","max-image-preview":"max-image-preview:large","max-video-preview":"max-video-preview:-1"},"canonical":"https:\/\/www.pfarrverband-salvator-mundi.de\/fronleichnam\/gruppen_jugend\/sommerlager-2025\/","og_locale":"de_DE","og_type":"article","og_title":"Sommerlager 2025 - Pfarrei Fronleichnam","og_description":"Sommerlager 2025 Das Zeltlager 2025 unserer Pfarrjugend war auch in diesem Jahr ein unvergessliches Erlebnis! Vom 02. August bis zum 12. August konnten sich um die 80 Teilnehmer \u2013 die j\u00fcngsten gerade einmal 9 Jahre alt \u2013 auf zehn Tage voller Abenteuer, Spa\u00df und Gemeinschaft freuen.\u00a0 Bei tagesf\u00fcllenden Aktionen wie dem Postenlauf mussten alle Teilnehmer [&hellip;]","og_url":"https:\/\/www.pfarrverband-salvator-mundi.de\/fronleichnam\/gruppen_jugend\/sommerlager-2025\/","og_site_name":"Pfarrei Fronleichnam","article_modified_time":"2026-01-10T14:44:08+00:00","og_image":[{"width":1040,"height":515,"url":"https:\/\/www.pfarrverband-salvator-mundi.de\/fronleichnam\/wp-content\/uploads\/sites\/2\/2026\/01\/zeltlager25-fl1.jpg","type":"image\/jpeg"}],"twitter_card":"summary_large_image","twitter_misc":{"Gesch\u00e4tzte Lesezeit":"3\u00a0Minuten"},"schema":{"@context":"https:\/\/schema.org","@graph":[{"@type":"WebPage","@id":"https:\/\/www.pfarrverband-salvator-mundi.de\/fronleichnam\/gruppen_jugend\/sommerlager-2025\/","url":"https:\/\/www.pfarrverband-salvator-mundi.de\/fronleichnam\/gruppen_jugend\/sommerlager-2025\/","name":"Sommerlager 2025 - Pfarrei Fronleichnam","isPartOf":{"@id":"https:\/\/www.pfarrverband-salvator-mundi.de\/fronleichnam\/#website"},"primaryImageOfPage":{"@id":"https:\/\/www.pfarrverband-salvator-mundi.de\/fronleichnam\/gruppen_jugend\/sommerlager-2025\/#primaryimage"},"image":{"@id":"https:\/\/www.pfarrverband-salvator-mundi.de\/fronleichnam\/gruppen_jugend\/sommerlager-2025\/#primaryimage"},"thumbnailUrl":"https:\/\/www.pfarrverband-salvator-mundi.de\/fronleichnam\/wp-content\/uploads\/sites\/2\/2026\/01\/zeltlager25-fl1-1024x507.jpg","datePublished":"2025-06-06T10:26:14+00:00","dateModified":"2026-01-10T14:44:08+00:00","breadcrumb":{"@id":"https:\/\/www.pfarrverband-salvator-mundi.de\/fronleichnam\/gruppen_jugend\/sommerlager-2025\/#breadcrumb"},"inLanguage":"de","potentialAction":[{"@type":"ReadAction","target":["https:\/\/www.pfarrverband-salvator-mundi.de\/fronleichnam\/gruppen_jugend\/sommerlager-2025\/"]}]},{"@type":"ImageObject","inLanguage":"de","@id":"https:\/\/www.pfarrverband-salvator-mundi.de\/fronleichnam\/gruppen_jugend\/sommerlager-2025\/#primaryimage","url":"https:\/\/www.pfarrverband-salvator-mundi.de\/fronleichnam\/wp-content\/uploads\/sites\/2\/2026\/01\/zeltlager25-fl1.jpg","contentUrl":"https:\/\/www.pfarrverband-salvator-mundi.de\/fronleichnam\/wp-content\/uploads\/sites\/2\/2026\/01\/zeltlager25-fl1.jpg","width":1040,"height":515},{"@type":"BreadcrumbList","@id":"https:\/\/www.pfarrverband-salvator-mundi.de\/fronleichnam\/gruppen_jugend\/sommerlager-2025\/#breadcrumb","itemListElement":[{"@type":"ListItem","position":1,"name":"Home","item":"https:\/\/www.pfarrverband-salvator-mundi.de\/fronleichnam\/"},{"@type":"ListItem","position":2,"name":"Gruppen Jugend","item":"https:\/\/www.pfarrverband-salvator-mundi.de\/fronleichnam\/gruppen_jugend\/"},{"@type":"ListItem","position":3,"name":"Sommerlager 2025"}]},{"@type":"WebSite","@id":"https:\/\/www.pfarrverband-salvator-mundi.de\/fronleichnam\/#website","url":"https:\/\/www.pfarrverband-salvator-mundi.de\/fronleichnam\/","name":"Pfarrei Fronleichnam","description":"Teil des Pfarrverbands Salvator Mundi","potentialAction":[{"@type":"SearchAction","target":{"@type":"EntryPoint","urlTemplate":"https:\/\/www.pfarrverband-salvator-mundi.de\/fronleichnam\/?s={search_term_string}"},"query-input":{"@type":"PropertyValueSpecification","valueRequired":true,"valueName":"search_term_string"}}],"inLanguage":"de"}]}},"_links":{"self":[{"href":"https:\/\/www.pfarrverband-salvator-mundi.de\/fronleichnam\/wp-json\/wp\/v2\/pages\/18147","targetHints":{"allow":["GET"]}}],"collection":[{"href":"https:\/\/www.pfarrverband-salvator-mundi.de\/fronleichnam\/wp-json\/wp\/v2\/pages"}],"about":[{"href":"https:\/\/www.pfarrverband-salvator-mundi.de\/fronleichnam\/wp-json\/wp\/v2\/types\/page"}],"author":[{"embeddable":true,"href":"https:\/\/www.pfarrverband-salvator-mundi.de\/fronleichnam\/wp-json\/wp\/v2\/users\/1"}],"replies":[{"embeddable":true,"href":"https:\/\/www.pfarrverband-salvator-mundi.de\/fronleichnam\/wp-json\/wp\/v2\/comments?post=18147"}],"version-history":[{"count":7,"href":"https:\/\/www.pfarrverband-salvator-mundi.de\/fronleichnam\/wp-json\/wp\/v2\/pages\/18147\/revisions"}],"predecessor-version":[{"id":18496,"href":"https:\/\/www.pfarrverband-salvator-mundi.de\/fronleichnam\/wp-json\/wp\/v2\/pages\/18147\/revisions\/18496"}],"up":[{"embeddable":true,"href":"https:\/\/www.pfarrverband-salvator-mundi.de\/fronleichnam\/wp-json\/wp\/v2\/pages\/38"}],"wp:attachment":[{"href":"https:\/\/www.pfarrverband-salvator-mundi.de\/fronleichnam\/wp-json\/wp\/v2\/media?parent=18147"}],"curies":[{"name":"wp","href":"https:\/\/api.w.org\/{rel}","templated":true}]}}