{"id":28,"date":"2016-03-02T14:01:41","date_gmt":"2016-03-02T13:01:41","guid":{"rendered":"http:\/\/www.pfarrverband-salvator-mundi.de\/fronleichnam\/?page_id=28"},"modified":"2024-09-15T00:46:29","modified_gmt":"2024-09-14T22:46:29","slug":"termine","status":"publish","type":"page","link":"https:\/\/www.pfarrverband-salvator-mundi.de\/fronleichnam\/termine\/","title":{"rendered":"Termine"},"content":{"rendered":"\n<h1 class=\"wp-block-heading\">Termin\u00fcbersicht f\u00fcr Fronleichnam<\/h1>\n\n\n\n<figure class=\"wp-block-image size-full\"><a href=\"https:\/\/www.pfarrverband-salvator-mundi.de\/fronleichnam\/wp-content\/uploads\/sites\/2\/2024\/04\/AdobeStock_582849582_Kalenderblatt.jpg\"><img loading=\"lazy\" decoding=\"async\" width=\"665\" height=\"215\" src=\"https:\/\/www.pfarrverband-salvator-mundi.de\/fronleichnam\/wp-content\/uploads\/sites\/2\/2024\/04\/AdobeStock_582849582_Kalenderblatt.jpg\" alt=\"\" class=\"wp-image-17347\" srcset=\"https:\/\/www.pfarrverband-salvator-mundi.de\/fronleichnam\/wp-content\/uploads\/sites\/2\/2024\/04\/AdobeStock_582849582_Kalenderblatt.jpg 665w, https:\/\/www.pfarrverband-salvator-mundi.de\/fronleichnam\/wp-content\/uploads\/sites\/2\/2024\/04\/AdobeStock_582849582_Kalenderblatt-300x97.jpg 300w\" sizes=\"auto, (max-width: 665px) 100vw, 665px\" \/><\/a><\/figure>\n\n\n\n<h3 class=\"wp-block-heading\">Regelm\u00e4\u00dfige Termine<\/h3>\n\n\n\n<figure class=\"wp-block-table\"><table class=\"has-fixed-layout\"><tbody><tr><td><span style=\"color: #3a7910;\"><strong>Dienstags<\/strong><\/span><\/td><td><span style=\"color: #3a7910;\"><strong>17:15 Uhr \u2013 20:00 Uhr<\/strong><\/span><\/td><td>Jugendchor und Blockfl\u00f6ten Ensemble<\/td><\/tr><tr><td><span style=\"color: #3a7910;\"><strong>Dienstags<\/strong><\/span><br><strong><span style=\"color: #3a7910;\"><strong>(jeden 1.\/Monat)<\/strong><\/span><\/strong><\/td><td><span style=\"color: #3a7910;\"><strong>ab ca. 09:00 Uhr<\/strong><\/span><\/td><td>Fr\u00fchst\u00fcck im Pfarrsaal<\/td><\/tr><tr><td><span style=\"color: #3a7910;\"><strong>Mittwochs<br>(jeden 3.\/Monat)<\/strong><\/span><\/td><td><span style=\"color: #3a7910;\"><strong>14:00 Uhr<\/strong><\/span><\/td><td><span id=\"page27R_mcid71\" class=\"markedContent\"><span dir=\"ltr\" role=\"presentation\"><strong>Kaffeetreff<\/strong> im Caf\u00e9 Z\u00f6ttl, Blumenauerstra\u00dfe <\/span><\/span><\/td><\/tr><tr><td><span style=\"color: #3a7910;\"><strong>Mittwochs<\/strong><\/span><\/td><td><span style=\"color: #3a7910;\"><strong>15:00 Uhr \u2013 18:00 Uhr<\/strong><\/span><\/td><td>Kinderch\u00f6re<\/td><\/tr><tr><td><span style=\"color: #3a7910;\"><strong>Donnerstags<\/strong><\/span><\/td><td><span style=\"color: #3a7910;\"><strong>17:00 Uhr \u2013 18:15 Uhr<\/strong><\/span><\/td><td>Yoga<\/td><\/tr><tr><td>&nbsp;<\/td><td><strong><span style=\"color: #3a7910;\">19:30 Uhr \u2013 21:00 Uhr<\/span><\/strong><\/td><td>Chorgemeinschaft<\/td><\/tr><\/tbody><\/table><\/figure>\n\n\n\n<h3 class=\"wp-block-heading\">September 2024<\/h3>\n\n\n\n<figure class=\"wp-block-table\"><table class=\"has-fixed-layout\"><tbody><tr><td><\/td><td><\/td><td><\/td><\/tr><\/tbody><\/table><\/figure>\n\n\n\n<h3 class=\"wp-block-heading\">Oktober 2024<\/h3>\n\n\n\n<figure class=\"wp-block-table\"><table class=\"has-fixed-layout\"><tbody><tr><td><span style=\"color: #ad0d1f;\"><strong><span style=\"color: #3a7910;\">16.10.2024<\/span><\/strong><\/span><\/td><td><span style=\"color: #ad0d1f;\"><strong><span style=\"color: #3a7910;\"><span style=\"color: #ad0d1f;\"><strong><span style=\"color: #3a7910;\"><span style=\"color: #ad0d1f;\"><strong><span style=\"color: #3a7910;\">14:00 Uhr<\/span><\/strong><\/span><\/span><\/strong><\/span><\/span><\/strong><\/span><\/td><td><span id=\"page27R_mcid71\" class=\"markedContent\"><span dir=\"ltr\" role=\"presentation\"><strong>Kaffeetreff<\/strong> im Caf\u00e9 Z\u00f6ttl, Blumenauerstra\u00dfe <\/span><\/span><\/td><\/tr><\/tbody><\/table><\/figure>\n\n\n\n<h3 class=\"wp-block-heading\">November 2024<\/h3>\n\n\n\n<figure class=\"wp-block-table\"><table class=\"has-fixed-layout\"><tbody><tr><td><span style=\"color: #ad0d1f;\"><strong><span style=\"color: #3a7910;\">16.11.2024<\/span><\/strong><\/span><\/td><td><span style=\"color: #ad0d1f;\"><strong><span style=\"color: #3a7910;\">17:00 Uhr<\/span><\/strong><\/span><\/td><td>Vor und nach dem Gottesdienst, <strong>Kirchenverwaltungswahl<\/strong><\/td><\/tr><tr><td><span style=\"color: #ad0d1f;\"><strong><span style=\"color: #3a7910;\">17.11.2024<\/span><\/strong><\/span><\/td><td><span style=\"color: #ad0d1f;\"><strong><span style=\"color: #3a7910;\"><span style=\"color: #ad0d1f;\"><strong><span style=\"color: #3a7910;\"><span style=\"color: #ad0d1f;\"><strong><span style=\"color: #3a7910;\">09:30 Uhr<\/span><\/strong><\/span><\/span><\/strong><\/span><\/span><\/strong><\/span><\/td><td><span id=\"page27R_mcid71\" class=\"markedContent\"><span dir=\"ltr\" role=\"presentation\">Vor und nach dem Gottesdienst, <strong>Kirchenverwaltungswahl<\/strong><\/span><\/span><\/td><\/tr><\/tbody><\/table><\/figure>\n","protected":false},"excerpt":{"rendered":"<p>Termin\u00fcbersicht f\u00fcr Fronleichnam Regelm\u00e4\u00dfige Termine Dienstags 17:15 Uhr \u2013 20:00 Uhr Jugendchor und Blockfl\u00f6ten Ensemble Dienstags(jeden 1.\/Monat) ab ca. 09:00 Uhr Fr\u00fchst\u00fcck im Pfarrsaal Mittwochs(jeden 3.\/Monat) 14:00 Uhr Kaffeetreff im Caf\u00e9 Z\u00f6ttl, Blumenauerstra\u00dfe Mittwochs 15:00 Uhr \u2013 18:00 Uhr Kinderch\u00f6re Donnerstags 17:00 Uhr \u2013 18:15 Uhr Yoga &nbsp; 19:30 Uhr \u2013 21:00 Uhr Chorgemeinschaft September [&hellip;]<\/p>\n","protected":false},"author":1,"featured_media":0,"parent":0,"menu_order":5,"comment_status":"closed","ping_status":"closed","template":"","meta":{"ngg_post_thumbnail":0,"footnotes":""},"class_list":["post-28","page","type-page","status-publish","czr-hentry"],"yoast_head":"<!-- This site is optimized with the Yoast SEO plugin v27.4 - https:\/\/yoast.com\/product\/yoast-seo-wordpress\/ -->\n<title>Termine - Pfarrei Fronleichnam<\/title>\n<meta name=\"robots\" content=\"index, follow, max-snippet:-1, max-image-preview:large, max-video-preview:-1\" \/>\n<link rel=\"canonical\" href=\"https:\/\/www.pfarrverband-salvator-mundi.de\/fronleichnam\/termine\/\" \/>\n<meta property=\"og:locale\" content=\"de_DE\" \/>\n<meta property=\"og:type\" content=\"article\" \/>\n<meta property=\"og:title\" content=\"Termine - Pfarrei Fronleichnam\" \/>\n<meta property=\"og:description\" content=\"Termin\u00fcbersicht f\u00fcr Fronleichnam Regelm\u00e4\u00dfige Termine Dienstags 17:15 Uhr \u2013 20:00 Uhr Jugendchor und Blockfl\u00f6ten Ensemble Dienstags(jeden 1.\/Monat) ab ca. 09:00 Uhr Fr\u00fchst\u00fcck im Pfarrsaal Mittwochs(jeden 3.\/Monat) 14:00 Uhr Kaffeetreff im Caf\u00e9 Z\u00f6ttl, Blumenauerstra\u00dfe Mittwochs 15:00 Uhr \u2013 18:00 Uhr Kinderch\u00f6re Donnerstags 17:00 Uhr \u2013 18:15 Uhr Yoga &nbsp; 19:30 Uhr \u2013 21:00 Uhr Chorgemeinschaft September [&hellip;]\" \/>\n<meta property=\"og:url\" content=\"https:\/\/www.pfarrverband-salvator-mundi.de\/fronleichnam\/termine\/\" \/>\n<meta property=\"og:site_name\" content=\"Pfarrei Fronleichnam\" \/>\n<meta property=\"article:modified_time\" content=\"2024-09-14T22:46:29+00:00\" \/>\n<meta property=\"og:image\" content=\"https:\/\/www.pfarrverband-salvator-mundi.de\/fronleichnam\/wp-content\/uploads\/sites\/2\/2024\/04\/AdobeStock_582849582_Kalenderblatt.jpg\" \/>\n<meta name=\"twitter:card\" content=\"summary_large_image\" \/>\n<meta name=\"twitter:label1\" content=\"Gesch\u00e4tzte Lesezeit\" \/>\n\t<meta name=\"twitter:data1\" content=\"1\u00a0Minute\" \/>\n<script type=\"application\/ld+json\" class=\"yoast-schema-graph\">{\"@context\":\"https:\\\/\\\/schema.org\",\"@graph\":[{\"@type\":\"WebPage\",\"@id\":\"https:\\\/\\\/www.pfarrverband-salvator-mundi.de\\\/fronleichnam\\\/termine\\\/\",\"url\":\"https:\\\/\\\/www.pfarrverband-salvator-mundi.de\\\/fronleichnam\\\/termine\\\/\",\"name\":\"Termine - Pfarrei Fronleichnam\",\"isPartOf\":{\"@id\":\"https:\\\/\\\/www.pfarrverband-salvator-mundi.de\\\/fronleichnam\\\/#website\"},\"primaryImageOfPage\":{\"@id\":\"https:\\\/\\\/www.pfarrverband-salvator-mundi.de\\\/fronleichnam\\\/termine\\\/#primaryimage\"},\"image\":{\"@id\":\"https:\\\/\\\/www.pfarrverband-salvator-mundi.de\\\/fronleichnam\\\/termine\\\/#primaryimage\"},\"thumbnailUrl\":\"https:\\\/\\\/www.pfarrverband-salvator-mundi.de\\\/fronleichnam\\\/wp-content\\\/uploads\\\/sites\\\/2\\\/2024\\\/04\\\/AdobeStock_582849582_Kalenderblatt.jpg\",\"datePublished\":\"2016-03-02T13:01:41+00:00\",\"dateModified\":\"2024-09-14T22:46:29+00:00\",\"breadcrumb\":{\"@id\":\"https:\\\/\\\/www.pfarrverband-salvator-mundi.de\\\/fronleichnam\\\/termine\\\/#breadcrumb\"},\"inLanguage\":\"de\",\"potentialAction\":[{\"@type\":\"ReadAction\",\"target\":[\"https:\\\/\\\/www.pfarrverband-salvator-mundi.de\\\/fronleichnam\\\/termine\\\/\"]}]},{\"@type\":\"ImageObject\",\"inLanguage\":\"de\",\"@id\":\"https:\\\/\\\/www.pfarrverband-salvator-mundi.de\\\/fronleichnam\\\/termine\\\/#primaryimage\",\"url\":\"https:\\\/\\\/www.pfarrverband-salvator-mundi.de\\\/fronleichnam\\\/wp-content\\\/uploads\\\/sites\\\/2\\\/2024\\\/04\\\/AdobeStock_582849582_Kalenderblatt.jpg\",\"contentUrl\":\"https:\\\/\\\/www.pfarrverband-salvator-mundi.de\\\/fronleichnam\\\/wp-content\\\/uploads\\\/sites\\\/2\\\/2024\\\/04\\\/AdobeStock_582849582_Kalenderblatt.jpg\",\"width\":665,\"height\":215,\"caption\":\"flipping through the pages of the flip calendar. the concept of transience of time and planning. production of souvenir printed materials.\"},{\"@type\":\"BreadcrumbList\",\"@id\":\"https:\\\/\\\/www.pfarrverband-salvator-mundi.de\\\/fronleichnam\\\/termine\\\/#breadcrumb\",\"itemListElement\":[{\"@type\":\"ListItem\",\"position\":1,\"name\":\"Home\",\"item\":\"https:\\\/\\\/www.pfarrverband-salvator-mundi.de\\\/fronleichnam\\\/\"},{\"@type\":\"ListItem\",\"position\":2,\"name\":\"Termine\"}]},{\"@type\":\"WebSite\",\"@id\":\"https:\\\/\\\/www.pfarrverband-salvator-mundi.de\\\/fronleichnam\\\/#website\",\"url\":\"https:\\\/\\\/www.pfarrverband-salvator-mundi.de\\\/fronleichnam\\\/\",\"name\":\"Pfarrei Fronleichnam\",\"description\":\"Teil des Pfarrverbands Salvator Mundi\",\"potentialAction\":[{\"@type\":\"SearchAction\",\"target\":{\"@type\":\"EntryPoint\",\"urlTemplate\":\"https:\\\/\\\/www.pfarrverband-salvator-mundi.de\\\/fronleichnam\\\/?s={search_term_string}\"},\"query-input\":{\"@type\":\"PropertyValueSpecification\",\"valueRequired\":true,\"valueName\":\"search_term_string\"}}],\"inLanguage\":\"de\"}]}<\/script>\n<!-- \/ Yoast SEO plugin. -->","yoast_head_json":{"title":"Termine - Pfarrei Fronleichnam","robots":{"index":"index","follow":"follow","max-snippet":"max-snippet:-1","max-image-preview":"max-image-preview:large","max-video-preview":"max-video-preview:-1"},"canonical":"https:\/\/www.pfarrverband-salvator-mundi.de\/fronleichnam\/termine\/","og_locale":"de_DE","og_type":"article","og_title":"Termine - Pfarrei Fronleichnam","og_description":"Termin\u00fcbersicht f\u00fcr Fronleichnam Regelm\u00e4\u00dfige Termine Dienstags 17:15 Uhr \u2013 20:00 Uhr Jugendchor und Blockfl\u00f6ten Ensemble Dienstags(jeden 1.\/Monat) ab ca. 09:00 Uhr Fr\u00fchst\u00fcck im Pfarrsaal Mittwochs(jeden 3.\/Monat) 14:00 Uhr Kaffeetreff im Caf\u00e9 Z\u00f6ttl, Blumenauerstra\u00dfe Mittwochs 15:00 Uhr \u2013 18:00 Uhr Kinderch\u00f6re Donnerstags 17:00 Uhr \u2013 18:15 Uhr Yoga &nbsp; 19:30 Uhr \u2013 21:00 Uhr Chorgemeinschaft September [&hellip;]","og_url":"https:\/\/www.pfarrverband-salvator-mundi.de\/fronleichnam\/termine\/","og_site_name":"Pfarrei Fronleichnam","article_modified_time":"2024-09-14T22:46:29+00:00","og_image":[{"url":"https:\/\/www.pfarrverband-salvator-mundi.de\/fronleichnam\/wp-content\/uploads\/sites\/2\/2024\/04\/AdobeStock_582849582_Kalenderblatt.jpg","type":"","width":"","height":""}],"twitter_card":"summary_large_image","twitter_misc":{"Gesch\u00e4tzte Lesezeit":"1\u00a0Minute"},"schema":{"@context":"https:\/\/schema.org","@graph":[{"@type":"WebPage","@id":"https:\/\/www.pfarrverband-salvator-mundi.de\/fronleichnam\/termine\/","url":"https:\/\/www.pfarrverband-salvator-mundi.de\/fronleichnam\/termine\/","name":"Termine - Pfarrei Fronleichnam","isPartOf":{"@id":"https:\/\/www.pfarrverband-salvator-mundi.de\/fronleichnam\/#website"},"primaryImageOfPage":{"@id":"https:\/\/www.pfarrverband-salvator-mundi.de\/fronleichnam\/termine\/#primaryimage"},"image":{"@id":"https:\/\/www.pfarrverband-salvator-mundi.de\/fronleichnam\/termine\/#primaryimage"},"thumbnailUrl":"https:\/\/www.pfarrverband-salvator-mundi.de\/fronleichnam\/wp-content\/uploads\/sites\/2\/2024\/04\/AdobeStock_582849582_Kalenderblatt.jpg","datePublished":"2016-03-02T13:01:41+00:00","dateModified":"2024-09-14T22:46:29+00:00","breadcrumb":{"@id":"https:\/\/www.pfarrverband-salvator-mundi.de\/fronleichnam\/termine\/#breadcrumb"},"inLanguage":"de","potentialAction":[{"@type":"ReadAction","target":["https:\/\/www.pfarrverband-salvator-mundi.de\/fronleichnam\/termine\/"]}]},{"@type":"ImageObject","inLanguage":"de","@id":"https:\/\/www.pfarrverband-salvator-mundi.de\/fronleichnam\/termine\/#primaryimage","url":"https:\/\/www.pfarrverband-salvator-mundi.de\/fronleichnam\/wp-content\/uploads\/sites\/2\/2024\/04\/AdobeStock_582849582_Kalenderblatt.jpg","contentUrl":"https:\/\/www.pfarrverband-salvator-mundi.de\/fronleichnam\/wp-content\/uploads\/sites\/2\/2024\/04\/AdobeStock_582849582_Kalenderblatt.jpg","width":665,"height":215,"caption":"flipping through the pages of the flip calendar. the concept of transience of time and planning. production of souvenir printed materials."},{"@type":"BreadcrumbList","@id":"https:\/\/www.pfarrverband-salvator-mundi.de\/fronleichnam\/termine\/#breadcrumb","itemListElement":[{"@type":"ListItem","position":1,"name":"Home","item":"https:\/\/www.pfarrverband-salvator-mundi.de\/fronleichnam\/"},{"@type":"ListItem","position":2,"name":"Termine"}]},{"@type":"WebSite","@id":"https:\/\/www.pfarrverband-salvator-mundi.de\/fronleichnam\/#website","url":"https:\/\/www.pfarrverband-salvator-mundi.de\/fronleichnam\/","name":"Pfarrei Fronleichnam","description":"Teil des Pfarrverbands Salvator Mundi","potentialAction":[{"@type":"SearchAction","target":{"@type":"EntryPoint","urlTemplate":"https:\/\/www.pfarrverband-salvator-mundi.de\/fronleichnam\/?s={search_term_string}"},"query-input":{"@type":"PropertyValueSpecification","valueRequired":true,"valueName":"search_term_string"}}],"inLanguage":"de"}]}},"_links":{"self":[{"href":"https:\/\/www.pfarrverband-salvator-mundi.de\/fronleichnam\/wp-json\/wp\/v2\/pages\/28","targetHints":{"allow":["GET"]}}],"collection":[{"href":"https:\/\/www.pfarrverband-salvator-mundi.de\/fronleichnam\/wp-json\/wp\/v2\/pages"}],"about":[{"href":"https:\/\/www.pfarrverband-salvator-mundi.de\/fronleichnam\/wp-json\/wp\/v2\/types\/page"}],"author":[{"embeddable":true,"href":"https:\/\/www.pfarrverband-salvator-mundi.de\/fronleichnam\/wp-json\/wp\/v2\/users\/1"}],"replies":[{"embeddable":true,"href":"https:\/\/www.pfarrverband-salvator-mundi.de\/fronleichnam\/wp-json\/wp\/v2\/comments?post=28"}],"version-history":[{"count":541,"href":"https:\/\/www.pfarrverband-salvator-mundi.de\/fronleichnam\/wp-json\/wp\/v2\/pages\/28\/revisions"}],"predecessor-version":[{"id":17721,"href":"https:\/\/www.pfarrverband-salvator-mundi.de\/fronleichnam\/wp-json\/wp\/v2\/pages\/28\/revisions\/17721"}],"wp:attachment":[{"href":"https:\/\/www.pfarrverband-salvator-mundi.de\/fronleichnam\/wp-json\/wp\/v2\/media?parent=28"}],"curies":[{"name":"wp","href":"https:\/\/api.w.org\/{rel}","templated":true}]}}