{"id":535,"date":"2016-03-30T01:22:26","date_gmt":"2016-03-29T23:22:26","guid":{"rendered":"http:\/\/www.pfarrverband-salvator-mundi.de\/fronleichnam\/?page_id=535"},"modified":"2025-12-07T18:52:02","modified_gmt":"2025-12-07T17:52:02","slug":"feste-und-feiern","status":"publish","type":"page","link":"https:\/\/www.pfarrverband-salvator-mundi.de\/fronleichnam\/sachausschuesse\/feste-und-feiern\/","title":{"rendered":"Feste und Feiern"},"content":{"rendered":"\n<h1 class=\"wp-block-heading\">Sachausschuss Feste und Feiern<\/h1>\n\n\n\n<p>Miteinander feiern und Gemeinschaft erleben \u2013 ganz allgemein dient der Sachausschuss der Organisation, Vorbereitung und Durchf\u00fchrung von Festen. Hierbei stehen f\u00fcr uns Freude, Gem\u00fctlichkeit sowie das leibliche Wohl im Vordergrund. Dieser Sachausschuss k\u00fcmmert sich mehr um den K\u00f6rper als den Geist. Wir sind bem\u00fcht, jedem Fest der Gemeinde einen besonderen Rahmen zu geben.<\/p>\n\n\n\n<p><strong>Schwerpunktm\u00e4\u00dfig organisieren wir folgende Veranstaltungen:<\/strong><\/p>\n\n\n\n<ul class=\"wp-block-list\">\n<li>Missionsessen<\/li>\n\n\n\n<li>Sommerfest<\/li>\n\n\n\n<li>Weihnachtsmarkt<\/li>\n\n\n\n<li>Stehempf\u00e4nge<\/li>\n\n\n\n<li>Einf\u00fchrung \/ Verabschiedung von Seelsorgern und hauptamtlichen Mitarbeitern<\/li>\n<\/ul>\n\n\n\n<p><strong>Wir w\u00fcrden uns \u00fcber Anregungen bzw. R\u00fcckmeldungen Ihrerseits zu Veranstaltungen freuen.<\/strong><\/p>\n\n\n\n<p><strong><span style=\"color: #3a7910;\">Ansprechpartner:<\/span><\/strong><br><strong>Dr. Georg Forster<\/strong>, E-Mail: <a href=\"mailto:georg_forster@web.de\" target=\"_blank\" rel=\"noopener\">georg_forster@web.de<\/a>, erreichbar \u00fcber das Pfarrb\u00fcro Fronleichnam<\/p>\n","protected":false},"excerpt":{"rendered":"<p>Sachausschuss Feste und Feiern Miteinander feiern und Gemeinschaft erleben \u2013 ganz allgemein dient der Sachausschuss der Organisation, Vorbereitung und Durchf\u00fchrung von Festen. Hierbei stehen f\u00fcr uns Freude, Gem\u00fctlichkeit sowie das leibliche Wohl im Vordergrund. Dieser Sachausschuss k\u00fcmmert sich mehr um den K\u00f6rper als den Geist. Wir sind bem\u00fcht, jedem Fest der Gemeinde einen besonderen Rahmen [&hellip;]<\/p>\n","protected":false},"author":1,"featured_media":0,"parent":529,"menu_order":4,"comment_status":"closed","ping_status":"closed","template":"","meta":{"ngg_post_thumbnail":0,"footnotes":""},"class_list":["post-535","page","type-page","status-publish","czr-hentry"],"yoast_head":"<!-- This site is optimized with the Yoast SEO plugin v27.4 - https:\/\/yoast.com\/product\/yoast-seo-wordpress\/ -->\n<title>Feste und Feiern - Pfarrei Fronleichnam<\/title>\n<meta name=\"robots\" content=\"index, follow, max-snippet:-1, max-image-preview:large, max-video-preview:-1\" \/>\n<link rel=\"canonical\" href=\"https:\/\/www.pfarrverband-salvator-mundi.de\/fronleichnam\/sachausschuesse\/feste-und-feiern\/\" \/>\n<meta property=\"og:locale\" content=\"de_DE\" \/>\n<meta property=\"og:type\" content=\"article\" \/>\n<meta property=\"og:title\" content=\"Feste und Feiern - Pfarrei Fronleichnam\" \/>\n<meta property=\"og:description\" content=\"Sachausschuss Feste und Feiern Miteinander feiern und Gemeinschaft erleben \u2013 ganz allgemein dient der Sachausschuss der Organisation, Vorbereitung und Durchf\u00fchrung von Festen. Hierbei stehen f\u00fcr uns Freude, Gem\u00fctlichkeit sowie das leibliche Wohl im Vordergrund. Dieser Sachausschuss k\u00fcmmert sich mehr um den K\u00f6rper als den Geist. Wir sind bem\u00fcht, jedem Fest der Gemeinde einen besonderen Rahmen [&hellip;]\" \/>\n<meta property=\"og:url\" content=\"https:\/\/www.pfarrverband-salvator-mundi.de\/fronleichnam\/sachausschuesse\/feste-und-feiern\/\" \/>\n<meta property=\"og:site_name\" content=\"Pfarrei Fronleichnam\" \/>\n<meta property=\"article:modified_time\" content=\"2025-12-07T17:52:02+00:00\" \/>\n<meta name=\"twitter:card\" content=\"summary_large_image\" \/>\n<meta name=\"twitter:label1\" content=\"Gesch\u00e4tzte Lesezeit\" \/>\n\t<meta name=\"twitter:data1\" content=\"1\u00a0Minute\" \/>\n<script type=\"application\/ld+json\" class=\"yoast-schema-graph\">{\"@context\":\"https:\\\/\\\/schema.org\",\"@graph\":[{\"@type\":\"WebPage\",\"@id\":\"https:\\\/\\\/www.pfarrverband-salvator-mundi.de\\\/fronleichnam\\\/sachausschuesse\\\/feste-und-feiern\\\/\",\"url\":\"https:\\\/\\\/www.pfarrverband-salvator-mundi.de\\\/fronleichnam\\\/sachausschuesse\\\/feste-und-feiern\\\/\",\"name\":\"Feste und Feiern - Pfarrei Fronleichnam\",\"isPartOf\":{\"@id\":\"https:\\\/\\\/www.pfarrverband-salvator-mundi.de\\\/fronleichnam\\\/#website\"},\"datePublished\":\"2016-03-29T23:22:26+00:00\",\"dateModified\":\"2025-12-07T17:52:02+00:00\",\"breadcrumb\":{\"@id\":\"https:\\\/\\\/www.pfarrverband-salvator-mundi.de\\\/fronleichnam\\\/sachausschuesse\\\/feste-und-feiern\\\/#breadcrumb\"},\"inLanguage\":\"de\",\"potentialAction\":[{\"@type\":\"ReadAction\",\"target\":[\"https:\\\/\\\/www.pfarrverband-salvator-mundi.de\\\/fronleichnam\\\/sachausschuesse\\\/feste-und-feiern\\\/\"]}]},{\"@type\":\"BreadcrumbList\",\"@id\":\"https:\\\/\\\/www.pfarrverband-salvator-mundi.de\\\/fronleichnam\\\/sachausschuesse\\\/feste-und-feiern\\\/#breadcrumb\",\"itemListElement\":[{\"@type\":\"ListItem\",\"position\":1,\"name\":\"Home\",\"item\":\"https:\\\/\\\/www.pfarrverband-salvator-mundi.de\\\/fronleichnam\\\/\"},{\"@type\":\"ListItem\",\"position\":2,\"name\":\"Sachaussch\u00fcsse\",\"item\":\"https:\\\/\\\/www.pfarrverband-salvator-mundi.de\\\/fronleichnam\\\/sachausschuesse\\\/\"},{\"@type\":\"ListItem\",\"position\":3,\"name\":\"Feste und Feiern\"}]},{\"@type\":\"WebSite\",\"@id\":\"https:\\\/\\\/www.pfarrverband-salvator-mundi.de\\\/fronleichnam\\\/#website\",\"url\":\"https:\\\/\\\/www.pfarrverband-salvator-mundi.de\\\/fronleichnam\\\/\",\"name\":\"Pfarrei Fronleichnam\",\"description\":\"Teil des Pfarrverbands Salvator Mundi\",\"potentialAction\":[{\"@type\":\"SearchAction\",\"target\":{\"@type\":\"EntryPoint\",\"urlTemplate\":\"https:\\\/\\\/www.pfarrverband-salvator-mundi.de\\\/fronleichnam\\\/?s={search_term_string}\"},\"query-input\":{\"@type\":\"PropertyValueSpecification\",\"valueRequired\":true,\"valueName\":\"search_term_string\"}}],\"inLanguage\":\"de\"}]}<\/script>\n<!-- \/ Yoast SEO plugin. -->","yoast_head_json":{"title":"Feste und Feiern - Pfarrei Fronleichnam","robots":{"index":"index","follow":"follow","max-snippet":"max-snippet:-1","max-image-preview":"max-image-preview:large","max-video-preview":"max-video-preview:-1"},"canonical":"https:\/\/www.pfarrverband-salvator-mundi.de\/fronleichnam\/sachausschuesse\/feste-und-feiern\/","og_locale":"de_DE","og_type":"article","og_title":"Feste und Feiern - Pfarrei Fronleichnam","og_description":"Sachausschuss Feste und Feiern Miteinander feiern und Gemeinschaft erleben \u2013 ganz allgemein dient der Sachausschuss der Organisation, Vorbereitung und Durchf\u00fchrung von Festen. Hierbei stehen f\u00fcr uns Freude, Gem\u00fctlichkeit sowie das leibliche Wohl im Vordergrund. Dieser Sachausschuss k\u00fcmmert sich mehr um den K\u00f6rper als den Geist. Wir sind bem\u00fcht, jedem Fest der Gemeinde einen besonderen Rahmen [&hellip;]","og_url":"https:\/\/www.pfarrverband-salvator-mundi.de\/fronleichnam\/sachausschuesse\/feste-und-feiern\/","og_site_name":"Pfarrei Fronleichnam","article_modified_time":"2025-12-07T17:52:02+00:00","twitter_card":"summary_large_image","twitter_misc":{"Gesch\u00e4tzte Lesezeit":"1\u00a0Minute"},"schema":{"@context":"https:\/\/schema.org","@graph":[{"@type":"WebPage","@id":"https:\/\/www.pfarrverband-salvator-mundi.de\/fronleichnam\/sachausschuesse\/feste-und-feiern\/","url":"https:\/\/www.pfarrverband-salvator-mundi.de\/fronleichnam\/sachausschuesse\/feste-und-feiern\/","name":"Feste und Feiern - Pfarrei Fronleichnam","isPartOf":{"@id":"https:\/\/www.pfarrverband-salvator-mundi.de\/fronleichnam\/#website"},"datePublished":"2016-03-29T23:22:26+00:00","dateModified":"2025-12-07T17:52:02+00:00","breadcrumb":{"@id":"https:\/\/www.pfarrverband-salvator-mundi.de\/fronleichnam\/sachausschuesse\/feste-und-feiern\/#breadcrumb"},"inLanguage":"de","potentialAction":[{"@type":"ReadAction","target":["https:\/\/www.pfarrverband-salvator-mundi.de\/fronleichnam\/sachausschuesse\/feste-und-feiern\/"]}]},{"@type":"BreadcrumbList","@id":"https:\/\/www.pfarrverband-salvator-mundi.de\/fronleichnam\/sachausschuesse\/feste-und-feiern\/#breadcrumb","itemListElement":[{"@type":"ListItem","position":1,"name":"Home","item":"https:\/\/www.pfarrverband-salvator-mundi.de\/fronleichnam\/"},{"@type":"ListItem","position":2,"name":"Sachaussch\u00fcsse","item":"https:\/\/www.pfarrverband-salvator-mundi.de\/fronleichnam\/sachausschuesse\/"},{"@type":"ListItem","position":3,"name":"Feste und Feiern"}]},{"@type":"WebSite","@id":"https:\/\/www.pfarrverband-salvator-mundi.de\/fronleichnam\/#website","url":"https:\/\/www.pfarrverband-salvator-mundi.de\/fronleichnam\/","name":"Pfarrei Fronleichnam","description":"Teil des Pfarrverbands Salvator Mundi","potentialAction":[{"@type":"SearchAction","target":{"@type":"EntryPoint","urlTemplate":"https:\/\/www.pfarrverband-salvator-mundi.de\/fronleichnam\/?s={search_term_string}"},"query-input":{"@type":"PropertyValueSpecification","valueRequired":true,"valueName":"search_term_string"}}],"inLanguage":"de"}]}},"_links":{"self":[{"href":"https:\/\/www.pfarrverband-salvator-mundi.de\/fronleichnam\/wp-json\/wp\/v2\/pages\/535","targetHints":{"allow":["GET"]}}],"collection":[{"href":"https:\/\/www.pfarrverband-salvator-mundi.de\/fronleichnam\/wp-json\/wp\/v2\/pages"}],"about":[{"href":"https:\/\/www.pfarrverband-salvator-mundi.de\/fronleichnam\/wp-json\/wp\/v2\/types\/page"}],"author":[{"embeddable":true,"href":"https:\/\/www.pfarrverband-salvator-mundi.de\/fronleichnam\/wp-json\/wp\/v2\/users\/1"}],"replies":[{"embeddable":true,"href":"https:\/\/www.pfarrverband-salvator-mundi.de\/fronleichnam\/wp-json\/wp\/v2\/comments?post=535"}],"version-history":[{"count":11,"href":"https:\/\/www.pfarrverband-salvator-mundi.de\/fronleichnam\/wp-json\/wp\/v2\/pages\/535\/revisions"}],"predecessor-version":[{"id":18424,"href":"https:\/\/www.pfarrverband-salvator-mundi.de\/fronleichnam\/wp-json\/wp\/v2\/pages\/535\/revisions\/18424"}],"up":[{"embeddable":true,"href":"https:\/\/www.pfarrverband-salvator-mundi.de\/fronleichnam\/wp-json\/wp\/v2\/pages\/529"}],"wp:attachment":[{"href":"https:\/\/www.pfarrverband-salvator-mundi.de\/fronleichnam\/wp-json\/wp\/v2\/media?parent=535"}],"curies":[{"name":"wp","href":"https:\/\/api.w.org\/{rel}","templated":true}]}}