{"id":856,"date":"2016-04-14T22:06:59","date_gmt":"2016-04-14T20:06:59","guid":{"rendered":"http:\/\/www.pfarrverband-salvator-mundi.de\/fronleichnam\/?page_id=856"},"modified":"2024-05-24T11:54:58","modified_gmt":"2024-05-24T09:54:58","slug":"beichte","status":"publish","type":"page","link":"https:\/\/www.pfarrverband-salvator-mundi.de\/fronleichnam\/sakramente\/beichte\/","title":{"rendered":"Beichte"},"content":{"rendered":"<h1>Seelsorgliches Gespr\u00e4ch oder Beichte<\/h1>\n<p>Unsere SeelsorgerInnen stehen Ihnen gerne zu seelsorglichen Gespr\u00e4chen zur Verf\u00fcgung. Diese k\u00f6nnen Sie \u00fcber die Pfarrb\u00fcros vereinbaren.<\/p>\n<p>&nbsp;<\/p>\n<h3>Beichte<\/h3>\n<p>Sie k\u00f6nnen auch ein Beichtgespr\u00e4ch mit einem Priester verabreden.<br \/>\n<strong>Die Beichte \u2013 oder besser: das Sakrament der Vers\u00f6hnung \u2013<\/strong> ist ein Sakrament der Erleichterung. In einem diskreten Rahmen darf man seine Fehler, die \u201eBaustellen\u201c oder Lasten, die man mit sich tr\u00e4gt, aussprechen. Der Priester ist dabei zum Schweigen verpflichtet. Denn eigentlich tragen wir alles, was wir in der Beichte nennen, vor Gott hin. Die Aussprache in einem diskreten Rahmen allein hat schon entlastende Wirkung. In der Beichte kommt aber noch etwas Entscheidendes hinzu: Der Priester spricht im Namen Gottes dem\/der Beichtenden die Vergebung und Vers\u00f6hnung zu. Denn wir Christen glauben an einen Gott, dessen Liebe immer gr\u00f6\u00dfer ist als das, was im Leben schief l\u00e4uft.<br \/>\nDeshalb hat er die Macht zur Vergebung der S\u00fcnden und zu einem Neuanfang f\u00fcr uns.<\/p>\n<p>&nbsp;<\/p>\n<h3 class=\"entry-content\">Wann kann ich beichten?<\/h3>\n<p>Neben individuellen Terminen bieten wir auch eine regelm\u00e4\u00dfige Beichtm\u00f6glichkeit im Pfarrverband an:<\/p>\n<p><span style=\"color: #3a7910;\"><strong>St. Willibald<\/strong><\/span><br \/>\n<strong>Donnerstag \u2013 Samstag von 11:00 \u2013 12:00 Uhr + nach Vereinbarung<\/strong> Tagesbeichtstuhl beim Sakristei-Eingang (Beichtglocke) f\u00fcr Beichte oder Beichtgespr\u00e4ch<\/p>\n<p><span style=\"color: #3a7910;\"><strong>Fronleichnam <\/strong><\/span><br \/>\n<strong>Jeden Samstag<\/strong> vor der Vorabendmesse von 17:00\u201317:20 Uhr<\/p>\n","protected":false},"excerpt":{"rendered":"<p>Seelsorgliches Gespr\u00e4ch oder Beichte Unsere SeelsorgerInnen stehen Ihnen gerne zu seelsorglichen Gespr\u00e4chen zur Verf\u00fcgung. Diese k\u00f6nnen Sie \u00fcber die Pfarrb\u00fcros vereinbaren. &nbsp; Beichte Sie k\u00f6nnen auch ein Beichtgespr\u00e4ch mit einem Priester verabreden. Die Beichte \u2013 oder besser: das Sakrament der Vers\u00f6hnung \u2013 ist ein Sakrament der Erleichterung. In einem diskreten Rahmen darf man seine Fehler, [&hellip;]<\/p>\n","protected":false},"author":1,"featured_media":0,"parent":838,"menu_order":5,"comment_status":"closed","ping_status":"closed","template":"","meta":{"ngg_post_thumbnail":0,"footnotes":""},"class_list":["post-856","page","type-page","status-publish","czr-hentry"],"yoast_head":"<!-- This site is optimized with the Yoast SEO plugin v27.4 - https:\/\/yoast.com\/product\/yoast-seo-wordpress\/ -->\n<title>Beichte - Pfarrei Fronleichnam<\/title>\n<meta name=\"robots\" content=\"index, follow, max-snippet:-1, max-image-preview:large, max-video-preview:-1\" \/>\n<link rel=\"canonical\" href=\"https:\/\/www.pfarrverband-salvator-mundi.de\/fronleichnam\/sakramente\/beichte\/\" \/>\n<meta property=\"og:locale\" content=\"de_DE\" \/>\n<meta property=\"og:type\" content=\"article\" \/>\n<meta property=\"og:title\" content=\"Beichte - Pfarrei Fronleichnam\" \/>\n<meta property=\"og:description\" content=\"Seelsorgliches Gespr\u00e4ch oder Beichte Unsere SeelsorgerInnen stehen Ihnen gerne zu seelsorglichen Gespr\u00e4chen zur Verf\u00fcgung. Diese k\u00f6nnen Sie \u00fcber die Pfarrb\u00fcros vereinbaren. &nbsp; Beichte Sie k\u00f6nnen auch ein Beichtgespr\u00e4ch mit einem Priester verabreden. Die Beichte \u2013 oder besser: das Sakrament der Vers\u00f6hnung \u2013 ist ein Sakrament der Erleichterung. In einem diskreten Rahmen darf man seine Fehler, [&hellip;]\" \/>\n<meta property=\"og:url\" content=\"https:\/\/www.pfarrverband-salvator-mundi.de\/fronleichnam\/sakramente\/beichte\/\" \/>\n<meta property=\"og:site_name\" content=\"Pfarrei Fronleichnam\" \/>\n<meta property=\"article:modified_time\" content=\"2024-05-24T09:54:58+00:00\" \/>\n<meta name=\"twitter:card\" content=\"summary_large_image\" \/>\n<meta name=\"twitter:label1\" content=\"Gesch\u00e4tzte Lesezeit\" \/>\n\t<meta name=\"twitter:data1\" content=\"2\u00a0Minuten\" \/>\n<script type=\"application\/ld+json\" class=\"yoast-schema-graph\">{\"@context\":\"https:\\\/\\\/schema.org\",\"@graph\":[{\"@type\":\"WebPage\",\"@id\":\"https:\\\/\\\/www.pfarrverband-salvator-mundi.de\\\/fronleichnam\\\/sakramente\\\/beichte\\\/\",\"url\":\"https:\\\/\\\/www.pfarrverband-salvator-mundi.de\\\/fronleichnam\\\/sakramente\\\/beichte\\\/\",\"name\":\"Beichte - Pfarrei Fronleichnam\",\"isPartOf\":{\"@id\":\"https:\\\/\\\/www.pfarrverband-salvator-mundi.de\\\/fronleichnam\\\/#website\"},\"datePublished\":\"2016-04-14T20:06:59+00:00\",\"dateModified\":\"2024-05-24T09:54:58+00:00\",\"breadcrumb\":{\"@id\":\"https:\\\/\\\/www.pfarrverband-salvator-mundi.de\\\/fronleichnam\\\/sakramente\\\/beichte\\\/#breadcrumb\"},\"inLanguage\":\"de\",\"potentialAction\":[{\"@type\":\"ReadAction\",\"target\":[\"https:\\\/\\\/www.pfarrverband-salvator-mundi.de\\\/fronleichnam\\\/sakramente\\\/beichte\\\/\"]}]},{\"@type\":\"BreadcrumbList\",\"@id\":\"https:\\\/\\\/www.pfarrverband-salvator-mundi.de\\\/fronleichnam\\\/sakramente\\\/beichte\\\/#breadcrumb\",\"itemListElement\":[{\"@type\":\"ListItem\",\"position\":1,\"name\":\"Home\",\"item\":\"https:\\\/\\\/www.pfarrverband-salvator-mundi.de\\\/fronleichnam\\\/\"},{\"@type\":\"ListItem\",\"position\":2,\"name\":\"Sakramente\",\"item\":\"https:\\\/\\\/www.pfarrverband-salvator-mundi.de\\\/fronleichnam\\\/sakramente\\\/\"},{\"@type\":\"ListItem\",\"position\":3,\"name\":\"Beichte\"}]},{\"@type\":\"WebSite\",\"@id\":\"https:\\\/\\\/www.pfarrverband-salvator-mundi.de\\\/fronleichnam\\\/#website\",\"url\":\"https:\\\/\\\/www.pfarrverband-salvator-mundi.de\\\/fronleichnam\\\/\",\"name\":\"Pfarrei Fronleichnam\",\"description\":\"Teil des Pfarrverbands Salvator Mundi\",\"potentialAction\":[{\"@type\":\"SearchAction\",\"target\":{\"@type\":\"EntryPoint\",\"urlTemplate\":\"https:\\\/\\\/www.pfarrverband-salvator-mundi.de\\\/fronleichnam\\\/?s={search_term_string}\"},\"query-input\":{\"@type\":\"PropertyValueSpecification\",\"valueRequired\":true,\"valueName\":\"search_term_string\"}}],\"inLanguage\":\"de\"}]}<\/script>\n<!-- \/ Yoast SEO plugin. -->","yoast_head_json":{"title":"Beichte - Pfarrei Fronleichnam","robots":{"index":"index","follow":"follow","max-snippet":"max-snippet:-1","max-image-preview":"max-image-preview:large","max-video-preview":"max-video-preview:-1"},"canonical":"https:\/\/www.pfarrverband-salvator-mundi.de\/fronleichnam\/sakramente\/beichte\/","og_locale":"de_DE","og_type":"article","og_title":"Beichte - Pfarrei Fronleichnam","og_description":"Seelsorgliches Gespr\u00e4ch oder Beichte Unsere SeelsorgerInnen stehen Ihnen gerne zu seelsorglichen Gespr\u00e4chen zur Verf\u00fcgung. Diese k\u00f6nnen Sie \u00fcber die Pfarrb\u00fcros vereinbaren. &nbsp; Beichte Sie k\u00f6nnen auch ein Beichtgespr\u00e4ch mit einem Priester verabreden. Die Beichte \u2013 oder besser: das Sakrament der Vers\u00f6hnung \u2013 ist ein Sakrament der Erleichterung. In einem diskreten Rahmen darf man seine Fehler, [&hellip;]","og_url":"https:\/\/www.pfarrverband-salvator-mundi.de\/fronleichnam\/sakramente\/beichte\/","og_site_name":"Pfarrei Fronleichnam","article_modified_time":"2024-05-24T09:54:58+00:00","twitter_card":"summary_large_image","twitter_misc":{"Gesch\u00e4tzte Lesezeit":"2\u00a0Minuten"},"schema":{"@context":"https:\/\/schema.org","@graph":[{"@type":"WebPage","@id":"https:\/\/www.pfarrverband-salvator-mundi.de\/fronleichnam\/sakramente\/beichte\/","url":"https:\/\/www.pfarrverband-salvator-mundi.de\/fronleichnam\/sakramente\/beichte\/","name":"Beichte - Pfarrei Fronleichnam","isPartOf":{"@id":"https:\/\/www.pfarrverband-salvator-mundi.de\/fronleichnam\/#website"},"datePublished":"2016-04-14T20:06:59+00:00","dateModified":"2024-05-24T09:54:58+00:00","breadcrumb":{"@id":"https:\/\/www.pfarrverband-salvator-mundi.de\/fronleichnam\/sakramente\/beichte\/#breadcrumb"},"inLanguage":"de","potentialAction":[{"@type":"ReadAction","target":["https:\/\/www.pfarrverband-salvator-mundi.de\/fronleichnam\/sakramente\/beichte\/"]}]},{"@type":"BreadcrumbList","@id":"https:\/\/www.pfarrverband-salvator-mundi.de\/fronleichnam\/sakramente\/beichte\/#breadcrumb","itemListElement":[{"@type":"ListItem","position":1,"name":"Home","item":"https:\/\/www.pfarrverband-salvator-mundi.de\/fronleichnam\/"},{"@type":"ListItem","position":2,"name":"Sakramente","item":"https:\/\/www.pfarrverband-salvator-mundi.de\/fronleichnam\/sakramente\/"},{"@type":"ListItem","position":3,"name":"Beichte"}]},{"@type":"WebSite","@id":"https:\/\/www.pfarrverband-salvator-mundi.de\/fronleichnam\/#website","url":"https:\/\/www.pfarrverband-salvator-mundi.de\/fronleichnam\/","name":"Pfarrei Fronleichnam","description":"Teil des Pfarrverbands Salvator Mundi","potentialAction":[{"@type":"SearchAction","target":{"@type":"EntryPoint","urlTemplate":"https:\/\/www.pfarrverband-salvator-mundi.de\/fronleichnam\/?s={search_term_string}"},"query-input":{"@type":"PropertyValueSpecification","valueRequired":true,"valueName":"search_term_string"}}],"inLanguage":"de"}]}},"_links":{"self":[{"href":"https:\/\/www.pfarrverband-salvator-mundi.de\/fronleichnam\/wp-json\/wp\/v2\/pages\/856","targetHints":{"allow":["GET"]}}],"collection":[{"href":"https:\/\/www.pfarrverband-salvator-mundi.de\/fronleichnam\/wp-json\/wp\/v2\/pages"}],"about":[{"href":"https:\/\/www.pfarrverband-salvator-mundi.de\/fronleichnam\/wp-json\/wp\/v2\/types\/page"}],"author":[{"embeddable":true,"href":"https:\/\/www.pfarrverband-salvator-mundi.de\/fronleichnam\/wp-json\/wp\/v2\/users\/1"}],"replies":[{"embeddable":true,"href":"https:\/\/www.pfarrverband-salvator-mundi.de\/fronleichnam\/wp-json\/wp\/v2\/comments?post=856"}],"version-history":[{"count":27,"href":"https:\/\/www.pfarrverband-salvator-mundi.de\/fronleichnam\/wp-json\/wp\/v2\/pages\/856\/revisions"}],"predecessor-version":[{"id":14201,"href":"https:\/\/www.pfarrverband-salvator-mundi.de\/fronleichnam\/wp-json\/wp\/v2\/pages\/856\/revisions\/14201"}],"up":[{"embeddable":true,"href":"https:\/\/www.pfarrverband-salvator-mundi.de\/fronleichnam\/wp-json\/wp\/v2\/pages\/838"}],"wp:attachment":[{"href":"https:\/\/www.pfarrverband-salvator-mundi.de\/fronleichnam\/wp-json\/wp\/v2\/media?parent=856"}],"curies":[{"name":"wp","href":"https:\/\/api.w.org\/{rel}","templated":true}]}}