{"id":869,"date":"2016-04-14T22:18:46","date_gmt":"2016-04-14T20:18:46","guid":{"rendered":"http:\/\/www.pfarrverband-salvator-mundi.de\/fronleichnam\/?page_id=869"},"modified":"2024-05-24T11:54:58","modified_gmt":"2024-05-24T09:54:58","slug":"trauerbegleitung","status":"publish","type":"page","link":"https:\/\/www.pfarrverband-salvator-mundi.de\/fronleichnam\/sakramente\/trauerbegleitung\/","title":{"rendered":"Trauerbegleitung"},"content":{"rendered":"<div class=\"entry-content\">\n<h1>Die Trauerbegleitung<\/h1>\n<h3>Wie erf\u00e4hrt der Seelsorger vom Trauerfall?<\/h3>\n<p>Beim Tod eines Angeh\u00f6rigen \u00fcbernimmt das Bestattungsinstitut die organisatorischen Fragen und informiert die Pfarrei.<\/p>\n<h3>Wie kommt der Kontakt zu Stande?<\/h3>\n<p>Die Seelsorger\/Innen kommen nach der Benachrichtigung durch das Bestattungsinstitut auf Sie zu, um einen Termin f\u00fcr ein Trauergespr\u00e4ch auszumachen.<br \/>\nDieser findet je nach Wunsch bei Ihnen oder im Pfarrb\u00fcro statt. Ein pers\u00f6nlicher Kontakt gibt Raum, die unmittelbare Trauer aussprechen zu k\u00f6nnen, und dient au\u00dferdem dazu, die Gestaltung der Begr\u00e4bnisfeier und der Ansprache abzusprechen.<\/p>\n<h3>Wie k\u00f6nnen wir ein Requiem feiern?<\/h3>\n<p>Auf den Zeitpunkt der Trauerfeier\/Beerdigung hat die Pfarrei keinen Einfluss.<br \/>\nDas Requiem, soweit gew\u00fcnscht, findet in einer der drei Kirchen des Pfarrverbandes im Rahmen der gemeindlichen Eucharistiefeier statt. Dies kann mit dem Seelsorger beim Trauergespr\u00e4ch abgesprochen werden.<\/p>\n<h3>Mit wem kann ich nach der Beerdigung\/Trauerfeier reden?<\/h3>\n<p><strong>F\u00fcr alle, die in der Zeit nach der Beerdigung Gespr\u00e4chskontakt suchen, wird monatlich ein Treffen f\u00fcr trauernde Angeh\u00f6rige angeboten:<\/strong><br \/>\n<span style=\"color: #3a7910;\"> <strong>Trauercaf\u00e9, jeden 2. Freitag im Monat<\/strong><\/span> im Alten- und Servicezentrum Kleinhadern-Blumenau, Alpenveilchenstr. 42<\/p>\n<p>Sie k\u00f6nnen sich im Anschluss den Flyer mit allen Informationen und den Terminen bis Ende 2023 herunterladen. Dazu bitte einfach auf das Bild klicken.<\/p>\n<p><a href=\"https:\/\/www.pfarrverband-salvator-mundi.de\/fronleichnam\/wp-content\/uploads\/sites\/2\/2023\/10\/Trauercafe-2023.pdf\" target=\"_blank\" rel=\"noopener\"><img loading=\"lazy\" decoding=\"async\" class=\"alignnone size-full wp-image-16594\" src=\"https:\/\/www.pfarrverband-salvator-mundi.de\/fronleichnam\/wp-content\/uploads\/sites\/2\/2023\/10\/Trauercafe-2023.jpg\" alt=\"\" width=\"330\" height=\"467\" srcset=\"https:\/\/www.pfarrverband-salvator-mundi.de\/fronleichnam\/wp-content\/uploads\/sites\/2\/2023\/10\/Trauercafe-2023.jpg 330w, https:\/\/www.pfarrverband-salvator-mundi.de\/fronleichnam\/wp-content\/uploads\/sites\/2\/2023\/10\/Trauercafe-2023-212x300.jpg 212w\" sizes=\"auto, (max-width: 330px) 100vw, 330px\" \/><\/a><\/p>\n<p><span style=\"color: #3a7910;\"><strong>Kontakt im Pfarrverband:<\/strong><\/span><br \/>\nDar\u00fcber hinaus k\u00f6nnen Sie sich gerne an <a href=\"https:\/\/www.pfarrverband-salvator-mundi.de\/fronleichnam\/seelsorge\/\" target=\"_blank\" rel=\"noopener\">eine\/n Seelsorger\/in unseres Pfarrverbands<\/a> wenden.<\/p>\n<p><span style=\"color: #3a7910;\"><strong>Kontakt \u00fcber das Pfarrb\u00fcro:<\/strong><\/span><br \/>\n<strong>Pfarrb\u00fcro Fronleichnam<\/strong>, 089-74 01 42-0, E-Mail: <a href=\"mailto:fronleichnam.muenchen@ebmuc.de\" target=\"_blank\" rel=\"noopener noreferrer\">fronleichnam.muenchen@ebmuc.de<\/a><\/p>\n<\/div>\n","protected":false},"excerpt":{"rendered":"<p>Die Trauerbegleitung Wie erf\u00e4hrt der Seelsorger vom Trauerfall? Beim Tod eines Angeh\u00f6rigen \u00fcbernimmt das Bestattungsinstitut die organisatorischen Fragen und informiert die Pfarrei. Wie kommt der Kontakt zu Stande? Die Seelsorger\/Innen kommen nach der Benachrichtigung durch das Bestattungsinstitut auf Sie zu, um einen Termin f\u00fcr ein Trauergespr\u00e4ch auszumachen. Dieser findet je nach Wunsch bei Ihnen oder [&hellip;]<\/p>\n","protected":false},"author":1,"featured_media":0,"parent":838,"menu_order":7,"comment_status":"closed","ping_status":"closed","template":"","meta":{"ngg_post_thumbnail":0,"footnotes":""},"class_list":["post-869","page","type-page","status-publish","czr-hentry"],"yoast_head":"<!-- This site is optimized with the Yoast SEO plugin v27.6 - https:\/\/yoast.com\/product\/yoast-seo-wordpress\/ -->\n<title>Trauerbegleitung - Pfarrei Fronleichnam<\/title>\n<meta name=\"robots\" content=\"index, follow, max-snippet:-1, max-image-preview:large, max-video-preview:-1\" \/>\n<link rel=\"canonical\" href=\"https:\/\/www.pfarrverband-salvator-mundi.de\/fronleichnam\/sakramente\/trauerbegleitung\/\" \/>\n<meta property=\"og:locale\" content=\"de_DE\" \/>\n<meta property=\"og:type\" content=\"article\" \/>\n<meta property=\"og:title\" content=\"Trauerbegleitung - Pfarrei Fronleichnam\" \/>\n<meta property=\"og:description\" content=\"Die Trauerbegleitung Wie erf\u00e4hrt der Seelsorger vom Trauerfall? Beim Tod eines Angeh\u00f6rigen \u00fcbernimmt das Bestattungsinstitut die organisatorischen Fragen und informiert die Pfarrei. Wie kommt der Kontakt zu Stande? Die Seelsorger\/Innen kommen nach der Benachrichtigung durch das Bestattungsinstitut auf Sie zu, um einen Termin f\u00fcr ein Trauergespr\u00e4ch auszumachen. Dieser findet je nach Wunsch bei Ihnen oder [&hellip;]\" \/>\n<meta property=\"og:url\" content=\"https:\/\/www.pfarrverband-salvator-mundi.de\/fronleichnam\/sakramente\/trauerbegleitung\/\" \/>\n<meta property=\"og:site_name\" content=\"Pfarrei Fronleichnam\" \/>\n<meta property=\"article:modified_time\" content=\"2024-05-24T09:54:58+00:00\" \/>\n<meta property=\"og:image\" content=\"https:\/\/www.pfarrverband-salvator-mundi.de\/fronleichnam\/wp-content\/uploads\/sites\/2\/2023\/10\/Trauercafe-2023.jpg\" \/>\n<meta name=\"twitter:card\" content=\"summary_large_image\" \/>\n<meta name=\"twitter:label1\" content=\"Gesch\u00e4tzte Lesezeit\" \/>\n\t<meta name=\"twitter:data1\" content=\"2\u00a0Minuten\" \/>\n<script type=\"application\/ld+json\" class=\"yoast-schema-graph\">{\"@context\":\"https:\\\/\\\/schema.org\",\"@graph\":[{\"@type\":\"WebPage\",\"@id\":\"https:\\\/\\\/www.pfarrverband-salvator-mundi.de\\\/fronleichnam\\\/sakramente\\\/trauerbegleitung\\\/\",\"url\":\"https:\\\/\\\/www.pfarrverband-salvator-mundi.de\\\/fronleichnam\\\/sakramente\\\/trauerbegleitung\\\/\",\"name\":\"Trauerbegleitung - Pfarrei Fronleichnam\",\"isPartOf\":{\"@id\":\"https:\\\/\\\/www.pfarrverband-salvator-mundi.de\\\/fronleichnam\\\/#website\"},\"primaryImageOfPage\":{\"@id\":\"https:\\\/\\\/www.pfarrverband-salvator-mundi.de\\\/fronleichnam\\\/sakramente\\\/trauerbegleitung\\\/#primaryimage\"},\"image\":{\"@id\":\"https:\\\/\\\/www.pfarrverband-salvator-mundi.de\\\/fronleichnam\\\/sakramente\\\/trauerbegleitung\\\/#primaryimage\"},\"thumbnailUrl\":\"https:\\\/\\\/www.pfarrverband-salvator-mundi.de\\\/fronleichnam\\\/wp-content\\\/uploads\\\/sites\\\/2\\\/2023\\\/10\\\/Trauercafe-2023.jpg\",\"datePublished\":\"2016-04-14T20:18:46+00:00\",\"dateModified\":\"2024-05-24T09:54:58+00:00\",\"breadcrumb\":{\"@id\":\"https:\\\/\\\/www.pfarrverband-salvator-mundi.de\\\/fronleichnam\\\/sakramente\\\/trauerbegleitung\\\/#breadcrumb\"},\"inLanguage\":\"de\",\"potentialAction\":[{\"@type\":\"ReadAction\",\"target\":[\"https:\\\/\\\/www.pfarrverband-salvator-mundi.de\\\/fronleichnam\\\/sakramente\\\/trauerbegleitung\\\/\"]}]},{\"@type\":\"ImageObject\",\"inLanguage\":\"de\",\"@id\":\"https:\\\/\\\/www.pfarrverband-salvator-mundi.de\\\/fronleichnam\\\/sakramente\\\/trauerbegleitung\\\/#primaryimage\",\"url\":\"https:\\\/\\\/www.pfarrverband-salvator-mundi.de\\\/fronleichnam\\\/wp-content\\\/uploads\\\/sites\\\/2\\\/2023\\\/10\\\/Trauercafe-2023.jpg\",\"contentUrl\":\"https:\\\/\\\/www.pfarrverband-salvator-mundi.de\\\/fronleichnam\\\/wp-content\\\/uploads\\\/sites\\\/2\\\/2023\\\/10\\\/Trauercafe-2023.jpg\",\"width\":330,\"height\":467},{\"@type\":\"BreadcrumbList\",\"@id\":\"https:\\\/\\\/www.pfarrverband-salvator-mundi.de\\\/fronleichnam\\\/sakramente\\\/trauerbegleitung\\\/#breadcrumb\",\"itemListElement\":[{\"@type\":\"ListItem\",\"position\":1,\"name\":\"Home\",\"item\":\"https:\\\/\\\/www.pfarrverband-salvator-mundi.de\\\/fronleichnam\\\/\"},{\"@type\":\"ListItem\",\"position\":2,\"name\":\"Sakramente\",\"item\":\"https:\\\/\\\/www.pfarrverband-salvator-mundi.de\\\/fronleichnam\\\/sakramente\\\/\"},{\"@type\":\"ListItem\",\"position\":3,\"name\":\"Trauerbegleitung\"}]},{\"@type\":\"WebSite\",\"@id\":\"https:\\\/\\\/www.pfarrverband-salvator-mundi.de\\\/fronleichnam\\\/#website\",\"url\":\"https:\\\/\\\/www.pfarrverband-salvator-mundi.de\\\/fronleichnam\\\/\",\"name\":\"Pfarrei Fronleichnam\",\"description\":\"Teil des Pfarrverbands Salvator Mundi\",\"potentialAction\":[{\"@type\":\"SearchAction\",\"target\":{\"@type\":\"EntryPoint\",\"urlTemplate\":\"https:\\\/\\\/www.pfarrverband-salvator-mundi.de\\\/fronleichnam\\\/?s={search_term_string}\"},\"query-input\":{\"@type\":\"PropertyValueSpecification\",\"valueRequired\":true,\"valueName\":\"search_term_string\"}}],\"inLanguage\":\"de\"}]}<\/script>\n<!-- \/ Yoast SEO plugin. -->","yoast_head_json":{"title":"Trauerbegleitung - Pfarrei Fronleichnam","robots":{"index":"index","follow":"follow","max-snippet":"max-snippet:-1","max-image-preview":"max-image-preview:large","max-video-preview":"max-video-preview:-1"},"canonical":"https:\/\/www.pfarrverband-salvator-mundi.de\/fronleichnam\/sakramente\/trauerbegleitung\/","og_locale":"de_DE","og_type":"article","og_title":"Trauerbegleitung - Pfarrei Fronleichnam","og_description":"Die Trauerbegleitung Wie erf\u00e4hrt der Seelsorger vom Trauerfall? Beim Tod eines Angeh\u00f6rigen \u00fcbernimmt das Bestattungsinstitut die organisatorischen Fragen und informiert die Pfarrei. Wie kommt der Kontakt zu Stande? Die Seelsorger\/Innen kommen nach der Benachrichtigung durch das Bestattungsinstitut auf Sie zu, um einen Termin f\u00fcr ein Trauergespr\u00e4ch auszumachen. Dieser findet je nach Wunsch bei Ihnen oder [&hellip;]","og_url":"https:\/\/www.pfarrverband-salvator-mundi.de\/fronleichnam\/sakramente\/trauerbegleitung\/","og_site_name":"Pfarrei Fronleichnam","article_modified_time":"2024-05-24T09:54:58+00:00","og_image":[{"url":"https:\/\/www.pfarrverband-salvator-mundi.de\/fronleichnam\/wp-content\/uploads\/sites\/2\/2023\/10\/Trauercafe-2023.jpg","type":"","width":"","height":""}],"twitter_card":"summary_large_image","twitter_misc":{"Gesch\u00e4tzte Lesezeit":"2\u00a0Minuten"},"schema":{"@context":"https:\/\/schema.org","@graph":[{"@type":"WebPage","@id":"https:\/\/www.pfarrverband-salvator-mundi.de\/fronleichnam\/sakramente\/trauerbegleitung\/","url":"https:\/\/www.pfarrverband-salvator-mundi.de\/fronleichnam\/sakramente\/trauerbegleitung\/","name":"Trauerbegleitung - Pfarrei Fronleichnam","isPartOf":{"@id":"https:\/\/www.pfarrverband-salvator-mundi.de\/fronleichnam\/#website"},"primaryImageOfPage":{"@id":"https:\/\/www.pfarrverband-salvator-mundi.de\/fronleichnam\/sakramente\/trauerbegleitung\/#primaryimage"},"image":{"@id":"https:\/\/www.pfarrverband-salvator-mundi.de\/fronleichnam\/sakramente\/trauerbegleitung\/#primaryimage"},"thumbnailUrl":"https:\/\/www.pfarrverband-salvator-mundi.de\/fronleichnam\/wp-content\/uploads\/sites\/2\/2023\/10\/Trauercafe-2023.jpg","datePublished":"2016-04-14T20:18:46+00:00","dateModified":"2024-05-24T09:54:58+00:00","breadcrumb":{"@id":"https:\/\/www.pfarrverband-salvator-mundi.de\/fronleichnam\/sakramente\/trauerbegleitung\/#breadcrumb"},"inLanguage":"de","potentialAction":[{"@type":"ReadAction","target":["https:\/\/www.pfarrverband-salvator-mundi.de\/fronleichnam\/sakramente\/trauerbegleitung\/"]}]},{"@type":"ImageObject","inLanguage":"de","@id":"https:\/\/www.pfarrverband-salvator-mundi.de\/fronleichnam\/sakramente\/trauerbegleitung\/#primaryimage","url":"https:\/\/www.pfarrverband-salvator-mundi.de\/fronleichnam\/wp-content\/uploads\/sites\/2\/2023\/10\/Trauercafe-2023.jpg","contentUrl":"https:\/\/www.pfarrverband-salvator-mundi.de\/fronleichnam\/wp-content\/uploads\/sites\/2\/2023\/10\/Trauercafe-2023.jpg","width":330,"height":467},{"@type":"BreadcrumbList","@id":"https:\/\/www.pfarrverband-salvator-mundi.de\/fronleichnam\/sakramente\/trauerbegleitung\/#breadcrumb","itemListElement":[{"@type":"ListItem","position":1,"name":"Home","item":"https:\/\/www.pfarrverband-salvator-mundi.de\/fronleichnam\/"},{"@type":"ListItem","position":2,"name":"Sakramente","item":"https:\/\/www.pfarrverband-salvator-mundi.de\/fronleichnam\/sakramente\/"},{"@type":"ListItem","position":3,"name":"Trauerbegleitung"}]},{"@type":"WebSite","@id":"https:\/\/www.pfarrverband-salvator-mundi.de\/fronleichnam\/#website","url":"https:\/\/www.pfarrverband-salvator-mundi.de\/fronleichnam\/","name":"Pfarrei Fronleichnam","description":"Teil des Pfarrverbands Salvator Mundi","potentialAction":[{"@type":"SearchAction","target":{"@type":"EntryPoint","urlTemplate":"https:\/\/www.pfarrverband-salvator-mundi.de\/fronleichnam\/?s={search_term_string}"},"query-input":{"@type":"PropertyValueSpecification","valueRequired":true,"valueName":"search_term_string"}}],"inLanguage":"de"}]}},"_links":{"self":[{"href":"https:\/\/www.pfarrverband-salvator-mundi.de\/fronleichnam\/wp-json\/wp\/v2\/pages\/869","targetHints":{"allow":["GET"]}}],"collection":[{"href":"https:\/\/www.pfarrverband-salvator-mundi.de\/fronleichnam\/wp-json\/wp\/v2\/pages"}],"about":[{"href":"https:\/\/www.pfarrverband-salvator-mundi.de\/fronleichnam\/wp-json\/wp\/v2\/types\/page"}],"author":[{"embeddable":true,"href":"https:\/\/www.pfarrverband-salvator-mundi.de\/fronleichnam\/wp-json\/wp\/v2\/users\/1"}],"replies":[{"embeddable":true,"href":"https:\/\/www.pfarrverband-salvator-mundi.de\/fronleichnam\/wp-json\/wp\/v2\/comments?post=869"}],"version-history":[{"count":13,"href":"https:\/\/www.pfarrverband-salvator-mundi.de\/fronleichnam\/wp-json\/wp\/v2\/pages\/869\/revisions"}],"predecessor-version":[{"id":17352,"href":"https:\/\/www.pfarrverband-salvator-mundi.de\/fronleichnam\/wp-json\/wp\/v2\/pages\/869\/revisions\/17352"}],"up":[{"embeddable":true,"href":"https:\/\/www.pfarrverband-salvator-mundi.de\/fronleichnam\/wp-json\/wp\/v2\/pages\/838"}],"wp:attachment":[{"href":"https:\/\/www.pfarrverband-salvator-mundi.de\/fronleichnam\/wp-json\/wp\/v2\/media?parent=869"}],"curies":[{"name":"wp","href":"https:\/\/api.w.org\/{rel}","templated":true}]}}