{"id":997,"date":"2016-04-20T18:43:32","date_gmt":"2016-04-20T16:43:32","guid":{"rendered":"http:\/\/www.pfarrverband-salvator-mundi.de\/fronleichnam\/?page_id=997"},"modified":"2025-11-21T08:09:46","modified_gmt":"2025-11-21T07:09:46","slug":"caritas","status":"publish","type":"page","link":"https:\/\/www.pfarrverband-salvator-mundi.de\/fronleichnam\/sachausschuesse\/caritas\/","title":{"rendered":"Caritas"},"content":{"rendered":"\n<h1 class=\"wp-block-heading\">Caritas und Soziales<\/h1>\n\n\n\n<figure class=\"wp-block-image\"><img loading=\"lazy\" decoding=\"async\" width=\"215\" height=\"215\" src=\"https:\/\/www.pfarrverband-salvator-mundi.de\/fronleichnam\/wp-content\/uploads\/sites\/2\/2016\/03\/caritas_logo.jpg\" alt=\"caritas_logo\" class=\"wp-image-584\" srcset=\"https:\/\/www.pfarrverband-salvator-mundi.de\/fronleichnam\/wp-content\/uploads\/sites\/2\/2016\/03\/caritas_logo.jpg 215w, https:\/\/www.pfarrverband-salvator-mundi.de\/fronleichnam\/wp-content\/uploads\/sites\/2\/2016\/03\/caritas_logo-150x150.jpg 150w\" sizes=\"auto, (max-width: 215px) 100vw, 215px\" \/><\/figure>\n\n\n\n<p><\/p>\n\n\n\n<p>Der Sachausschuss Caritas organisiert f\u00fcr die Fr\u00fchjahrs- und Herbstsammlung mit dem Aufruf zur Caritassammlung die Verteilung der Briefe an die jeweiligen Austr\u00e4ger\/innen.<br>Derzeit haben wir vier Sammler\/innen, die weiterhin mit der Liste pers\u00f6nlich um Spenden bitten.<br>24 Pfarreiangeh\u00f6rige tragen die Briefe mit den \u00dcberweisungstr\u00e4gern aus und werfen diese in die Briefk\u00e4sten.<\/p>\n\n\n\n<p>Durchschnittlich werden so j\u00e4hrlich ca. 12.000 \u20ac gespendet, wobei 40 % in der Pfarrei verbleiben, 60% gehen an das Caritaszentrum Laim\/Sendling.<\/p>\n\n\n\n<p><strong>Mit den Spenden unterst\u00fctzt unsere Pfarrei z.B. sozialschwache Familien in besonderen Notlagen.<\/strong><\/p>\n\n\n\n<p><strong><span style=\"color: #3a7910;\">Ansprechpartner:<\/span><\/strong><br><strong>Doris Hocker<\/strong> und <strong>Anna Wanner<\/strong>, E-Mail: <a href=\"mailto:anna.wanner@posteo.de\">anna.wanner@posteo.de<\/a> oder erreichbar \u00fcber das Pfarrb\u00fcro Fronleichnam.<\/p>\n\n\n\n<p><\/p>\n","protected":false},"excerpt":{"rendered":"<p>Caritas und Soziales Der Sachausschuss Caritas organisiert f\u00fcr die Fr\u00fchjahrs- und Herbstsammlung mit dem Aufruf zur Caritassammlung die Verteilung der Briefe an die jeweiligen Austr\u00e4ger\/innen.Derzeit haben wir vier Sammler\/innen, die weiterhin mit der Liste pers\u00f6nlich um Spenden bitten.24 Pfarreiangeh\u00f6rige tragen die Briefe mit den \u00dcberweisungstr\u00e4gern aus und werfen diese in die Briefk\u00e4sten. Durchschnittlich werden so [&hellip;]<\/p>\n","protected":false},"author":1,"featured_media":0,"parent":529,"menu_order":1,"comment_status":"closed","ping_status":"closed","template":"","meta":{"ngg_post_thumbnail":0,"footnotes":""},"class_list":["post-997","page","type-page","status-publish","czr-hentry"],"yoast_head":"<!-- This site is optimized with the Yoast SEO plugin v27.5 - https:\/\/yoast.com\/product\/yoast-seo-wordpress\/ -->\n<title>Caritas - Pfarrei Fronleichnam<\/title>\n<meta name=\"robots\" content=\"index, follow, max-snippet:-1, max-image-preview:large, max-video-preview:-1\" \/>\n<link rel=\"canonical\" href=\"https:\/\/www.pfarrverband-salvator-mundi.de\/fronleichnam\/sachausschuesse\/caritas\/\" \/>\n<meta property=\"og:locale\" content=\"de_DE\" \/>\n<meta property=\"og:type\" content=\"article\" \/>\n<meta property=\"og:title\" content=\"Caritas - Pfarrei Fronleichnam\" \/>\n<meta property=\"og:description\" content=\"Caritas und Soziales Der Sachausschuss Caritas organisiert f\u00fcr die Fr\u00fchjahrs- und Herbstsammlung mit dem Aufruf zur Caritassammlung die Verteilung der Briefe an die jeweiligen Austr\u00e4ger\/innen.Derzeit haben wir vier Sammler\/innen, die weiterhin mit der Liste pers\u00f6nlich um Spenden bitten.24 Pfarreiangeh\u00f6rige tragen die Briefe mit den \u00dcberweisungstr\u00e4gern aus und werfen diese in die Briefk\u00e4sten. Durchschnittlich werden so [&hellip;]\" \/>\n<meta property=\"og:url\" content=\"https:\/\/www.pfarrverband-salvator-mundi.de\/fronleichnam\/sachausschuesse\/caritas\/\" \/>\n<meta property=\"og:site_name\" content=\"Pfarrei Fronleichnam\" \/>\n<meta property=\"article:modified_time\" content=\"2025-11-21T07:09:46+00:00\" \/>\n<meta property=\"og:image\" content=\"https:\/\/www.pfarrverband-salvator-mundi.de\/fronleichnam\/wp-content\/uploads\/sites\/2\/2016\/03\/caritas_logo.jpg\" \/>\n\t<meta property=\"og:image:width\" content=\"215\" \/>\n\t<meta property=\"og:image:height\" content=\"215\" \/>\n\t<meta property=\"og:image:type\" content=\"image\/jpeg\" \/>\n<meta name=\"twitter:card\" content=\"summary_large_image\" \/>\n<meta name=\"twitter:label1\" content=\"Gesch\u00e4tzte Lesezeit\" \/>\n\t<meta name=\"twitter:data1\" content=\"1\u00a0Minute\" \/>\n<script type=\"application\/ld+json\" class=\"yoast-schema-graph\">{\"@context\":\"https:\\\/\\\/schema.org\",\"@graph\":[{\"@type\":\"WebPage\",\"@id\":\"https:\\\/\\\/www.pfarrverband-salvator-mundi.de\\\/fronleichnam\\\/sachausschuesse\\\/caritas\\\/\",\"url\":\"https:\\\/\\\/www.pfarrverband-salvator-mundi.de\\\/fronleichnam\\\/sachausschuesse\\\/caritas\\\/\",\"name\":\"Caritas - Pfarrei Fronleichnam\",\"isPartOf\":{\"@id\":\"https:\\\/\\\/www.pfarrverband-salvator-mundi.de\\\/fronleichnam\\\/#website\"},\"primaryImageOfPage\":{\"@id\":\"https:\\\/\\\/www.pfarrverband-salvator-mundi.de\\\/fronleichnam\\\/sachausschuesse\\\/caritas\\\/#primaryimage\"},\"image\":{\"@id\":\"https:\\\/\\\/www.pfarrverband-salvator-mundi.de\\\/fronleichnam\\\/sachausschuesse\\\/caritas\\\/#primaryimage\"},\"thumbnailUrl\":\"https:\\\/\\\/www.pfarrverband-salvator-mundi.de\\\/fronleichnam\\\/wp-content\\\/uploads\\\/sites\\\/2\\\/2016\\\/03\\\/caritas_logo.jpg\",\"datePublished\":\"2016-04-20T16:43:32+00:00\",\"dateModified\":\"2025-11-21T07:09:46+00:00\",\"breadcrumb\":{\"@id\":\"https:\\\/\\\/www.pfarrverband-salvator-mundi.de\\\/fronleichnam\\\/sachausschuesse\\\/caritas\\\/#breadcrumb\"},\"inLanguage\":\"de\",\"potentialAction\":[{\"@type\":\"ReadAction\",\"target\":[\"https:\\\/\\\/www.pfarrverband-salvator-mundi.de\\\/fronleichnam\\\/sachausschuesse\\\/caritas\\\/\"]}]},{\"@type\":\"ImageObject\",\"inLanguage\":\"de\",\"@id\":\"https:\\\/\\\/www.pfarrverband-salvator-mundi.de\\\/fronleichnam\\\/sachausschuesse\\\/caritas\\\/#primaryimage\",\"url\":\"https:\\\/\\\/www.pfarrverband-salvator-mundi.de\\\/fronleichnam\\\/wp-content\\\/uploads\\\/sites\\\/2\\\/2016\\\/03\\\/caritas_logo.jpg\",\"contentUrl\":\"https:\\\/\\\/www.pfarrverband-salvator-mundi.de\\\/fronleichnam\\\/wp-content\\\/uploads\\\/sites\\\/2\\\/2016\\\/03\\\/caritas_logo.jpg\",\"width\":215,\"height\":215},{\"@type\":\"BreadcrumbList\",\"@id\":\"https:\\\/\\\/www.pfarrverband-salvator-mundi.de\\\/fronleichnam\\\/sachausschuesse\\\/caritas\\\/#breadcrumb\",\"itemListElement\":[{\"@type\":\"ListItem\",\"position\":1,\"name\":\"Home\",\"item\":\"https:\\\/\\\/www.pfarrverband-salvator-mundi.de\\\/fronleichnam\\\/\"},{\"@type\":\"ListItem\",\"position\":2,\"name\":\"Sachaussch\u00fcsse\",\"item\":\"https:\\\/\\\/www.pfarrverband-salvator-mundi.de\\\/fronleichnam\\\/sachausschuesse\\\/\"},{\"@type\":\"ListItem\",\"position\":3,\"name\":\"Caritas\"}]},{\"@type\":\"WebSite\",\"@id\":\"https:\\\/\\\/www.pfarrverband-salvator-mundi.de\\\/fronleichnam\\\/#website\",\"url\":\"https:\\\/\\\/www.pfarrverband-salvator-mundi.de\\\/fronleichnam\\\/\",\"name\":\"Pfarrei Fronleichnam\",\"description\":\"Teil des Pfarrverbands Salvator Mundi\",\"potentialAction\":[{\"@type\":\"SearchAction\",\"target\":{\"@type\":\"EntryPoint\",\"urlTemplate\":\"https:\\\/\\\/www.pfarrverband-salvator-mundi.de\\\/fronleichnam\\\/?s={search_term_string}\"},\"query-input\":{\"@type\":\"PropertyValueSpecification\",\"valueRequired\":true,\"valueName\":\"search_term_string\"}}],\"inLanguage\":\"de\"}]}<\/script>\n<!-- \/ Yoast SEO plugin. -->","yoast_head_json":{"title":"Caritas - Pfarrei Fronleichnam","robots":{"index":"index","follow":"follow","max-snippet":"max-snippet:-1","max-image-preview":"max-image-preview:large","max-video-preview":"max-video-preview:-1"},"canonical":"https:\/\/www.pfarrverband-salvator-mundi.de\/fronleichnam\/sachausschuesse\/caritas\/","og_locale":"de_DE","og_type":"article","og_title":"Caritas - Pfarrei Fronleichnam","og_description":"Caritas und Soziales Der Sachausschuss Caritas organisiert f\u00fcr die Fr\u00fchjahrs- und Herbstsammlung mit dem Aufruf zur Caritassammlung die Verteilung der Briefe an die jeweiligen Austr\u00e4ger\/innen.Derzeit haben wir vier Sammler\/innen, die weiterhin mit der Liste pers\u00f6nlich um Spenden bitten.24 Pfarreiangeh\u00f6rige tragen die Briefe mit den \u00dcberweisungstr\u00e4gern aus und werfen diese in die Briefk\u00e4sten. Durchschnittlich werden so [&hellip;]","og_url":"https:\/\/www.pfarrverband-salvator-mundi.de\/fronleichnam\/sachausschuesse\/caritas\/","og_site_name":"Pfarrei Fronleichnam","article_modified_time":"2025-11-21T07:09:46+00:00","og_image":[{"width":215,"height":215,"url":"https:\/\/www.pfarrverband-salvator-mundi.de\/fronleichnam\/wp-content\/uploads\/sites\/2\/2016\/03\/caritas_logo.jpg","type":"image\/jpeg"}],"twitter_card":"summary_large_image","twitter_misc":{"Gesch\u00e4tzte Lesezeit":"1\u00a0Minute"},"schema":{"@context":"https:\/\/schema.org","@graph":[{"@type":"WebPage","@id":"https:\/\/www.pfarrverband-salvator-mundi.de\/fronleichnam\/sachausschuesse\/caritas\/","url":"https:\/\/www.pfarrverband-salvator-mundi.de\/fronleichnam\/sachausschuesse\/caritas\/","name":"Caritas - Pfarrei Fronleichnam","isPartOf":{"@id":"https:\/\/www.pfarrverband-salvator-mundi.de\/fronleichnam\/#website"},"primaryImageOfPage":{"@id":"https:\/\/www.pfarrverband-salvator-mundi.de\/fronleichnam\/sachausschuesse\/caritas\/#primaryimage"},"image":{"@id":"https:\/\/www.pfarrverband-salvator-mundi.de\/fronleichnam\/sachausschuesse\/caritas\/#primaryimage"},"thumbnailUrl":"https:\/\/www.pfarrverband-salvator-mundi.de\/fronleichnam\/wp-content\/uploads\/sites\/2\/2016\/03\/caritas_logo.jpg","datePublished":"2016-04-20T16:43:32+00:00","dateModified":"2025-11-21T07:09:46+00:00","breadcrumb":{"@id":"https:\/\/www.pfarrverband-salvator-mundi.de\/fronleichnam\/sachausschuesse\/caritas\/#breadcrumb"},"inLanguage":"de","potentialAction":[{"@type":"ReadAction","target":["https:\/\/www.pfarrverband-salvator-mundi.de\/fronleichnam\/sachausschuesse\/caritas\/"]}]},{"@type":"ImageObject","inLanguage":"de","@id":"https:\/\/www.pfarrverband-salvator-mundi.de\/fronleichnam\/sachausschuesse\/caritas\/#primaryimage","url":"https:\/\/www.pfarrverband-salvator-mundi.de\/fronleichnam\/wp-content\/uploads\/sites\/2\/2016\/03\/caritas_logo.jpg","contentUrl":"https:\/\/www.pfarrverband-salvator-mundi.de\/fronleichnam\/wp-content\/uploads\/sites\/2\/2016\/03\/caritas_logo.jpg","width":215,"height":215},{"@type":"BreadcrumbList","@id":"https:\/\/www.pfarrverband-salvator-mundi.de\/fronleichnam\/sachausschuesse\/caritas\/#breadcrumb","itemListElement":[{"@type":"ListItem","position":1,"name":"Home","item":"https:\/\/www.pfarrverband-salvator-mundi.de\/fronleichnam\/"},{"@type":"ListItem","position":2,"name":"Sachaussch\u00fcsse","item":"https:\/\/www.pfarrverband-salvator-mundi.de\/fronleichnam\/sachausschuesse\/"},{"@type":"ListItem","position":3,"name":"Caritas"}]},{"@type":"WebSite","@id":"https:\/\/www.pfarrverband-salvator-mundi.de\/fronleichnam\/#website","url":"https:\/\/www.pfarrverband-salvator-mundi.de\/fronleichnam\/","name":"Pfarrei Fronleichnam","description":"Teil des Pfarrverbands Salvator Mundi","potentialAction":[{"@type":"SearchAction","target":{"@type":"EntryPoint","urlTemplate":"https:\/\/www.pfarrverband-salvator-mundi.de\/fronleichnam\/?s={search_term_string}"},"query-input":{"@type":"PropertyValueSpecification","valueRequired":true,"valueName":"search_term_string"}}],"inLanguage":"de"}]}},"_links":{"self":[{"href":"https:\/\/www.pfarrverband-salvator-mundi.de\/fronleichnam\/wp-json\/wp\/v2\/pages\/997","targetHints":{"allow":["GET"]}}],"collection":[{"href":"https:\/\/www.pfarrverband-salvator-mundi.de\/fronleichnam\/wp-json\/wp\/v2\/pages"}],"about":[{"href":"https:\/\/www.pfarrverband-salvator-mundi.de\/fronleichnam\/wp-json\/wp\/v2\/types\/page"}],"author":[{"embeddable":true,"href":"https:\/\/www.pfarrverband-salvator-mundi.de\/fronleichnam\/wp-json\/wp\/v2\/users\/1"}],"replies":[{"embeddable":true,"href":"https:\/\/www.pfarrverband-salvator-mundi.de\/fronleichnam\/wp-json\/wp\/v2\/comments?post=997"}],"version-history":[{"count":7,"href":"https:\/\/www.pfarrverband-salvator-mundi.de\/fronleichnam\/wp-json\/wp\/v2\/pages\/997\/revisions"}],"predecessor-version":[{"id":18392,"href":"https:\/\/www.pfarrverband-salvator-mundi.de\/fronleichnam\/wp-json\/wp\/v2\/pages\/997\/revisions\/18392"}],"up":[{"embeddable":true,"href":"https:\/\/www.pfarrverband-salvator-mundi.de\/fronleichnam\/wp-json\/wp\/v2\/pages\/529"}],"wp:attachment":[{"href":"https:\/\/www.pfarrverband-salvator-mundi.de\/fronleichnam\/wp-json\/wp\/v2\/media?parent=997"}],"curies":[{"name":"wp","href":"https:\/\/api.w.org\/{rel}","templated":true}]}}