{"id":2,"date":"2015-11-10T10:57:38","date_gmt":"2015-11-10T09:57:38","guid":{"rendered":"http:\/\/www.pfarrverband-salvator-mundi.de\/st-willibald\/?page_id=2"},"modified":"2026-04-10T10:39:25","modified_gmt":"2026-04-10T08:39:25","slug":"st-willibald","status":"publish","type":"page","link":"https:\/\/www.pfarrverband-salvator-mundi.de\/st-willibald\/","title":{"rendered":"Startseite St. Willibald"},"content":{"rendered":"\n<h1 class=\"wp-block-heading\">Herzlich willkommen in der Pfarrgemeinde St. Willibald!<\/h1>\n\n\n<style type=\"text\/css\">\n#foogallery-gallery-16862 .fg-image { width: 215px; }\n#foogallery-gallery-16862 { --fg-gutter: 10px; }<\/style>\n\t\t\t<div class=\"foogallery foogallery-container foogallery-default foogallery-lightbox-foogallery fg-left fg-default fg-ready fg-light\" id=\"foogallery-gallery-16862\" data-foogallery=\"{&quot;item&quot;:{&quot;showCaptionTitle&quot;:false,&quot;showCaptionDescription&quot;:false},&quot;lazy&quot;:false,&quot;src&quot;:&quot;src&quot;,&quot;srcset&quot;:&quot;srcset&quot;}\" style=\"--fg-title-line-clamp: 0; --fg-description-line-clamp: 0;\" >\n\t<div class=\"fg-item fg-type-image fg-loaded\"><figure class=\"fg-item-inner\"><a data-attachment-id=\"8060\" data-type=\"image\" class=\"fg-thumb\"><span class=\"fg-image-wrap\"><img decoding=\"async\" src=\"https:\/\/www.pfarrverband-salvator-mundi.de\/st-willibald\/wp-content\/uploads\/sites\/4\/cache\/2018\/04\/IMG_4444_Kirche_aussen-Kopie\/2695535283.jpg\" width=\"215\" height=\"215\" class=\"skip-lazy fg-image\" loading=\"eager\"><\/span><span class=\"fg-image-overlay\"><\/span><\/a><\/figure><div class=\"fg-loader\"><\/div><\/div><div class=\"fg-item fg-type-image fg-loaded\"><figure class=\"fg-item-inner\"><a data-attachment-id=\"16870\" data-type=\"image\" class=\"fg-thumb\"><span class=\"fg-image-wrap\"><img decoding=\"async\" src=\"https:\/\/www.pfarrverband-salvator-mundi.de\/st-willibald\/wp-content\/uploads\/sites\/4\/cache\/2023\/04\/gottesdienst_img_5853_2\/3425950004.jpg\" width=\"215\" height=\"215\" class=\"skip-lazy fg-image\" loading=\"eager\"><\/span><span class=\"fg-image-overlay\"><\/span><\/a><\/figure><div class=\"fg-loader\"><\/div><\/div><div class=\"fg-item fg-type-image fg-loaded\"><figure class=\"fg-item-inner\"><a data-attachment-id=\"17237\" data-type=\"image\" class=\"fg-thumb\"><span class=\"fg-image-wrap\"><img decoding=\"async\" src=\"https:\/\/www.pfarrverband-salvator-mundi.de\/st-willibald\/wp-content\/uploads\/sites\/4\/cache\/2023\/04\/kirche_willibald_IMG_5731\/1915145513.jpg\" width=\"215\" height=\"215\" class=\"skip-lazy fg-image\" loading=\"eager\"><\/span><span class=\"fg-image-overlay\"><\/span><\/a><\/figure><div class=\"fg-loader\"><\/div><\/div><\/div>\n<style type=\"text\/css\">#foogallery-gallery-16862 {\r\npadding-left: 0;\r\npadding-bottom: 10px;\r\n}<\/style>\n\n\n\n<figure class=\"wp-block-image size-full\"><img decoding=\"async\" src=\"https:\/\/www.pfarrverband-salvator-mundi.de\/wp-content\/uploads\/2026\/03\/Easter26.jpg\" alt=\"\" class=\"wp-image-8739\"\/><\/figure>\n\n\n\n<hr class=\"wp-block-separator has-alpha-channel-opacity is-style-wide\"\/>\n\n\n\n<figure class=\"wp-block-image size-full\"><img loading=\"lazy\" decoding=\"async\" width=\"724\" height=\"1024\" src=\"https:\/\/www.pfarrverband-salvator-mundi.de\/st-willibald\/wp-content\/uploads\/sites\/4\/2026\/03\/Bekanntgabe-Willi-PGR-26.jpg\" alt=\"\" class=\"wp-image-19122\" srcset=\"https:\/\/www.pfarrverband-salvator-mundi.de\/st-willibald\/wp-content\/uploads\/sites\/4\/2026\/03\/Bekanntgabe-Willi-PGR-26.jpg 724w, https:\/\/www.pfarrverband-salvator-mundi.de\/st-willibald\/wp-content\/uploads\/sites\/4\/2026\/03\/Bekanntgabe-Willi-PGR-26-212x300.jpg 212w\" sizes=\"auto, (max-width: 724px) 100vw, 724px\" \/><\/figure>\n\n\n\n<hr class=\"wp-block-separator has-alpha-channel-opacity\"\/>\n\n\n\n<h2 class=\"wp-block-heading has-text-align-center\"><span style=\"color: #997e00;\">NEUE APP JETZT HERUNTERLADEN<\/span><\/h2>\n\n\n\n<div class=\"wp-block-media-text is-stacked-on-mobile\" style=\"grid-template-columns:15% auto\"><figure class=\"wp-block-media-text__media\"><img decoding=\"async\" src=\"https:\/\/www.pfarrverband-salvator-mundi.de\/wp-content\/uploads\/2025\/02\/512x512_android.png\" alt=\"\" class=\"wp-image-8395 size-full\"\/><\/figure><div class=\"wp-block-media-text__content\">\n<p><strong>Ab sofort k\u00f6nnen Sie die neue Version der Salvator Mundi App f\u00fcr Ihr Smartphone (Apple oder Android) herunterladen. <\/strong><\/p>\n\n\n\n<p>Die alte Version kann aus technischen Gr\u00fcnden nicht mehr aktualisiert werden, daher ist eine Neuinstallation notwendig.<\/p>\n<\/div><\/div>\n\n\n\n<figure class=\"wp-block-table is-style-stripes\"><table class=\"has-fixed-layout\"><tbody><tr><td class=\"has-text-align-center\" data-align=\"center\"><a href=\"https:\/\/itunes.apple.com\/us\/app\/pfarrverband-salvator-mundi\/id1437369000?l=de&amp;ls=1&amp;mt=8\"><img decoding=\"async\" class=\"wp-image-8397\" style=\"width: 200px;\" src=\"https:\/\/www.pfarrverband-salvator-mundi.de\/wp-content\/uploads\/2025\/02\/Download_on_the_App_Store_Badge_DE_RGB_blk_092917.png\" alt=\"\"><\/a><\/td><td class=\"has-text-align-center\" data-align=\"center\"><a href=\"https:\/\/play.google.com\/store\/apps\/details?id=de.pfarrverband.salvatormundi.meineapp\"><img decoding=\"async\" class=\"wp-image-8396\" style=\"width: 200px;\" src=\"https:\/\/www.pfarrverband-salvator-mundi.de\/wp-content\/uploads\/2025\/02\/GetItOnGooglePlay_Badge_Web_color_German.png\" alt=\"\"><\/a><\/td><\/tr><tr><td class=\"has-text-align-center\" data-align=\"center\"><a href=\"https:\/\/itunes.apple.com\/us\/app\/pfarrverband-salvator-mundi\/id1437369000?l=de&amp;ls=1&amp;mt=8\"><img decoding=\"async\" class=\"wp-image-8399\" style=\"width: 200px;\" src=\"https:\/\/www.pfarrverband-salvator-mundi.de\/wp-content\/uploads\/2025\/02\/SalvatorMundi-iOS-png.png\" alt=\"\"><\/a><\/td><td class=\"has-text-align-center\" data-align=\"center\"><a href=\"https:\/\/play.google.com\/store\/apps\/details?id=de.pfarrverband.salvatormundi.meineapp\"><img decoding=\"async\" class=\"wp-image-8398\" style=\"width: 200px;\" src=\"https:\/\/www.pfarrverband-salvator-mundi.de\/wp-content\/uploads\/2025\/02\/SalvatorMundi-Android-png.png\" alt=\"\"><\/a><\/td><\/tr><\/tbody><\/table><\/figure>\n\n\n\n<hr class=\"wp-block-separator has-alpha-channel-opacity\"\/>\n\n\n\n<hr class=\"wp-block-separator has-alpha-channel-opacity\"\/>\n\n\n\n<h2 class=\"wp-block-heading\"><span style=\"color: #ad0d1f;\">AKTUELLES F\u00dcR DIE PFARREI<\/span><\/h2>\n\n\n\n<hr class=\"wp-block-separator has-alpha-channel-opacity\"\/>\n\n\n\n<h3 class=\"wp-block-heading\"><span style=\"color: #ad0d1f;\">Literaturkreis im Fru\u0308hling 2026 in St. Willibald:<\/span><\/h3>\n\n\n\n<div class=\"wp-block-media-text is-stacked-on-mobile is-style-default\" style=\"grid-template-columns:75% auto\"><figure class=\"wp-block-media-text__media\"><img loading=\"lazy\" decoding=\"async\" width=\"1024\" height=\"724\" src=\"https:\/\/www.pfarrverband-salvator-mundi.de\/st-willibald\/wp-content\/uploads\/sites\/4\/2026\/02\/Literaturkreis-Fruehling-2026.png\" alt=\"\" class=\"wp-image-19090 size-full\" srcset=\"https:\/\/www.pfarrverband-salvator-mundi.de\/st-willibald\/wp-content\/uploads\/sites\/4\/2026\/02\/Literaturkreis-Fruehling-2026.png 1024w, https:\/\/www.pfarrverband-salvator-mundi.de\/st-willibald\/wp-content\/uploads\/sites\/4\/2026\/02\/Literaturkreis-Fruehling-2026-300x212.png 300w, https:\/\/www.pfarrverband-salvator-mundi.de\/st-willibald\/wp-content\/uploads\/sites\/4\/2026\/02\/Literaturkreis-Fruehling-2026-768x543.png 768w\" sizes=\"auto, (max-width: 1024px) 100vw, 1024px\" \/><\/figure><div class=\"wp-block-media-text__content\">\n<p><strong>Das Thema dieser Lesereihe ist: Norwegen&nbsp;<\/strong><\/p>\n\n\n\n<p>23.02.: Knut Hamsun: Hunger&nbsp;<\/p>\n\n\n\n<p>09.03.: Tarje Vesaas: <br>Die V\u00f6gel&nbsp;<\/p>\n\n\n\n<p>23.03.: Alex Schulman: Endstation Malma&nbsp;<\/p>\n\n\n\n<p>13.04.: Per Peterson: Pferde stehlen&nbsp;<\/p>\n\n\n\n<p><strong>Der Literaturkreis findet um 19:30 Uhr im Pfarrheim statt.&nbsp;<\/strong><\/p>\n\n\n\n<p><strong>Der Unkostenbeitrag pro Termin betr\u00e4gt 5 \u20ac.&nbsp;<\/strong><\/p>\n\n\n\n<p>Herzliche Einladung Ihre Margot Janda&nbsp;<\/p>\n<\/div><\/div>\n\n\n\n<hr class=\"wp-block-separator has-alpha-channel-opacity is-style-dots\"\/>\n\n\n\n<h3 class=\"wp-block-heading\"><span style=\"color: #ad0d1f;\">Andacht mal Anders: \u201eIm Gespr\u00e4ch mit Gott und den Menschen\u201c Termine Q2\/26<\/span><\/h3>\n\n\n\n<p class=\"has-text-align-center has-background has-medium-font-size\" style=\"background-color:#fff4c7\"><strong>Herzliche Einladung zu den Andachten<br><\/strong>mit Gebet, Liedern und Austausch &#8211; meist \u00fcber die Bibeltexte des jeweiligen Sonntags &#8211; ganz nach dem <br><br>Motto \u201eim Gespr\u00e4ch mit Gott und den Menschen\u201c.<br><strong>Die Andacht beginnt um 19:00 Uhr im Meditationsraum im Pfarrheim (Erdgescho\u00df).<\/strong><br>Bringt gerne jemanden mit: \u201eKommt und seht!\u201c<br><br><strong>Termine in St. Willibald:<\/strong><br><br>18. April<br>02. Mai<br>16. Mai<br>30. Mai<br>13. Juni<br>27. Juni<br><br><em>F\u00fcr das Vorbereitungsteam, Hans Bauer<\/em><\/p>\n\n\n\n<hr class=\"wp-block-separator has-alpha-channel-opacity is-style-dots\"\/>\n\n\n\n<h3 class=\"wp-block-heading\"><span style=\"color: #ad0d1f;\">Termine Sozialcafe St. Willibald 2025\/2026<\/span><\/h3>\n\n\n\n<div class=\"wp-block-media-text has-media-on-the-right is-stacked-on-mobile is-style-default\"><div class=\"wp-block-media-text__content\">\n<p>Kaffee, Kuchen und Abendessen<\/p>\n\n\n\n<ul class=\"wp-block-list\">\n<li>20. September<\/li>\n\n\n\n<li>18. Oktober<\/li>\n\n\n\n<li>13. Dezember<\/li>\n\n\n\n<li>24. Januar<\/li>\n\n\n\n<li>07. M\u00e4rz<\/li>\n\n\n\n<li>18. April<\/li>\n<\/ul>\n\n\n\n<p>immer ab <strong>15:00 Uhr <\/strong>im Pfarrsaal St. Willibald<\/p>\n<\/div><figure class=\"wp-block-media-text__media\"><img loading=\"lazy\" decoding=\"async\" width=\"697\" height=\"1000\" src=\"https:\/\/www.pfarrverband-salvator-mundi.de\/st-willibald\/wp-content\/uploads\/sites\/4\/2025\/09\/Sozialcafe_Plakat-25_26.jpg\" alt=\"\" class=\"wp-image-18803 size-full\" srcset=\"https:\/\/www.pfarrverband-salvator-mundi.de\/st-willibald\/wp-content\/uploads\/sites\/4\/2025\/09\/Sozialcafe_Plakat-25_26.jpg 697w, https:\/\/www.pfarrverband-salvator-mundi.de\/st-willibald\/wp-content\/uploads\/sites\/4\/2025\/09\/Sozialcafe_Plakat-25_26-209x300.jpg 209w\" sizes=\"auto, (max-width: 697px) 100vw, 697px\" \/><\/figure><\/div>\n\n\n\n<hr class=\"wp-block-separator has-alpha-channel-opacity is-style-dots\"\/>\n\n\n\n<h3 class=\"wp-block-heading\"><span style=\"color: #ad0d1f;\">Krabbelgruppe jeden Dienstag von 10:30 &#8211; 12:00 Uhr<\/span><\/h3>\n\n\n\n<div class=\"wp-block-media-text is-stacked-on-mobile\" style=\"grid-template-columns:64% auto\"><figure class=\"wp-block-media-text__media\"><a href=\"https:\/\/www.pfarrverband-salvator-mundi.de\/st-willibald\/wp-content\/uploads\/sites\/4\/2025\/11\/Krabbelgruppe_Flyer.png\"><img loading=\"lazy\" decoding=\"async\" width=\"850\" height=\"602\" src=\"https:\/\/www.pfarrverband-salvator-mundi.de\/st-willibald\/wp-content\/uploads\/sites\/4\/2025\/11\/Krabbelgruppe_Flyer.png\" alt=\"\" class=\"wp-image-18974 size-full\" srcset=\"https:\/\/www.pfarrverband-salvator-mundi.de\/st-willibald\/wp-content\/uploads\/sites\/4\/2025\/11\/Krabbelgruppe_Flyer.png 850w, https:\/\/www.pfarrverband-salvator-mundi.de\/st-willibald\/wp-content\/uploads\/sites\/4\/2025\/11\/Krabbelgruppe_Flyer-300x212.png 300w, https:\/\/www.pfarrverband-salvator-mundi.de\/st-willibald\/wp-content\/uploads\/sites\/4\/2025\/11\/Krabbelgruppe_Flyer-768x544.png 768w\" sizes=\"auto, (max-width: 850px) 100vw, 850px\" \/><\/a><\/figure><div class=\"wp-block-media-text__content\">\n<p>Jeden Dienstag (au\u00dfer in den Schulferien)<\/p>\n\n\n\n<p>10:30 &#8211; 12:00 Uhr<\/p>\n\n\n\n<p>in der Pfarrei St. Willibald, <br>Salvator Mundi Raum<\/p>\n\n\n\n<p><strong>Herzlichen willkommen sind alle Eltern mit Kindern bis ca. 2 Jahre<\/strong><\/p>\n\n\n\n<p>Bei Fragen schreibt gerne an<\/p>\n\n\n\n<p><a href=\"mailto:sonja.bachl@gmx.de\">sonja.bachl@gmx.de<\/a><\/p>\n<\/div><\/div>\n\n\n\n<hr class=\"wp-block-separator has-alpha-channel-opacity\"\/>\n\n\n\n<h2 class=\"wp-block-heading\"><span style=\"color: #ad0d1f;\">AKTUELLES AUS DEM PFARRVERBAND<\/span><\/h2>\n\n\n\n<hr class=\"wp-block-separator has-alpha-channel-opacity\"\/>\n\n\n\n<h3 class=\"wp-block-heading\"><span style=\"color: #997e00;\">Wortgottesdienst-Team<\/span><\/h3>\n\n\n\n<div class=\"wp-block-media-text is-stacked-on-mobile\"><figure class=\"wp-block-media-text__media\"><img decoding=\"async\" src=\"https:\/\/www.pfarrverband-salvator-mundi.de\/wp-content\/uploads\/2025\/01\/WoGO-Team_2024.jpg\" alt=\"\" class=\"wp-image-8353 size-full\"\/><\/figure><div class=\"wp-block-media-text__content\">\n<p><strong>Nach drei Jahren gemeinsamem Weg nun die offizielle Beauftragung durch Generalvikar Christoph Klingan am 24.11.2024 in St. Willibald.<\/strong><\/p>\n\n\n\n<p>Wie es dazu kam und wer im Team ist, erfahren Sie hier: <a href=\"https:\/\/www.pfarrverband-salvator-mundi.de\/wortgottesdienst-team\/\">Weiterlesen<\/a><\/p>\n<\/div><\/div>\n\n\n\n<hr class=\"wp-block-separator has-alpha-channel-opacity\"\/>\n\n\n\n<h3 class=\"wp-block-heading\"><span style=\"color: #ad0d1f;\">Weitere Links der Erzdi\u00f6zese M\u00fcnchen und Freising<\/span><\/h3>\n\n\n\n<p><strong>Die Seite unseres Erzbistums<\/strong><br><a href=\"https:\/\/www.erzbistum-muenchen.de\/\" target=\"_blank\" rel=\"noopener\">www.erzbistum-muenchen.de<\/a><\/p>\n\n\n\n<p><strong>Gottesdienste Livestream \u2028<\/strong><br><a href=\"https:\/\/www.erzbistum-muenchen.de\/stream\" target=\"_blank\" rel=\"noopener noreferrer\">www.erzbistum-muenchen.de\/stream<\/a><\/p>\n\n\n\n<p><strong>Online Ehe- Familien- und Lebensberatung<\/strong><br><a href=\"https:\/\/bayern.onlineberatung-efl.de\/ueber-uns.html\" target=\"_blank\" rel=\"noopener noreferrer\">bayern.onlineberatung-efl.de\/ueber-uns<\/a><\/p>\n\n\n\n<h3 class=\"wp-block-heading\"><span style=\"color: #ad0d1f;\">Alle Termine auch auf unserer App, Videos und Live-Streams auf unserem YouTube-Kanal<\/span><\/h3>\n\n\n\n<p>Regelm\u00e4\u00dfige Termine, Gottesdienste, Chorproben oder Sportangebote als Datei, aber auch der aktuelle Pfarrbrief f\u00fcr die jeweils kommende Woche k\u00f6nnen auch unterwegs abgerufen werden.<br>Alle Videos, die wir bisher f\u00fcr Sie erstellt haben, k\u00f6nnen Sie sich jederzeit auf Youtube ansehen. Es ist keine Anmeldung n\u00f6tig. Wir freuen uns, wenn Sie dabei sind!<\/p>\n\n\n\n<h4 class=\"wp-block-heading\"><a href=\"https:\/\/play.google.com\/store\/apps\/details?id=com.goodbarber.salvatormundi1&amp;hl=de\"><img loading=\"lazy\" decoding=\"async\" width=\"155\" height=\"60\" class=\"alignnone size-full wp-image-5665\" src=\"https:\/\/www.pfarrverband-salvator-mundi.de\/fronleichnam\/wp-content\/uploads\/sites\/2\/2018\/10\/google-play-badge.png\" alt=\"\"><\/a>&nbsp;&nbsp; <a href=\"https:\/\/apps.apple.com\/de\/app\/salvator-mundi\/id6741048885\"><img loading=\"lazy\" decoding=\"async\" width=\"155\" height=\"60\" class=\"alignnone size-full wp-image-5666\" src=\"https:\/\/www.pfarrverband-salvator-mundi.de\/fronleichnam\/wp-content\/uploads\/sites\/2\/2018\/10\/Download_on_the_App_Store_Badge_DE_blk_092917.png\" alt=\"\"><\/a><a href=\"https:\/\/www.youtube.com\/channel\/UCDo6NC3MugslL9O1eo70rtg\/videos\" target=\"_blank\" rel=\"noopener\"><img loading=\"lazy\" decoding=\"async\" width=\"155\" height=\"60\" class=\"alignnone size-full wp-image-13867\" src=\"https:\/\/www.pfarrverband-salvator-mundi.de\/st-willibald\/wp-content\/uploads\/sites\/4\/2022\/01\/youtube-logo_klein.png\" alt=\"\"><\/a><\/h4>\n\n\n\n<p><\/p>\n","protected":false},"excerpt":{"rendered":"<p>Herzlich willkommen in der Pfarrgemeinde St. Willibald! NEUE APP JETZT HERUNTERLADEN Ab sofort k\u00f6nnen Sie die neue Version der Salvator Mundi App f\u00fcr Ihr Smartphone (Apple oder Android) herunterladen. Die alte Version kann aus technischen Gr\u00fcnden nicht mehr aktualisiert werden, daher ist eine Neuinstallation notwendig. AKTUELLES F\u00dcR DIE PFARREI Literaturkreis im Fru\u0308hling 2026 in St. [&hellip;]<\/p>\n","protected":false},"author":1,"featured_media":0,"parent":0,"menu_order":2,"comment_status":"closed","ping_status":"closed","template":"","meta":{"ngg_post_thumbnail":0,"footnotes":""},"class_list":["post-2","page","type-page","status-publish","czr-hentry"],"yoast_head":"<!-- This site is optimized with the Yoast SEO plugin v27.4 - https:\/\/yoast.com\/product\/yoast-seo-wordpress\/ -->\n<title>Startseite St. Willibald - Pfarrei St. Willibald<\/title>\n<meta name=\"robots\" content=\"index, follow, max-snippet:-1, max-image-preview:large, max-video-preview:-1\" \/>\n<link rel=\"canonical\" href=\"https:\/\/www.pfarrverband-salvator-mundi.de\/st-willibald\/\" \/>\n<meta property=\"og:locale\" content=\"de_DE\" \/>\n<meta property=\"og:type\" content=\"article\" \/>\n<meta property=\"og:title\" content=\"Startseite St. Willibald - Pfarrei St. Willibald\" \/>\n<meta property=\"og:description\" content=\"Herzlich willkommen in der Pfarrgemeinde St. Willibald! NEUE APP JETZT HERUNTERLADEN Ab sofort k\u00f6nnen Sie die neue Version der Salvator Mundi App f\u00fcr Ihr Smartphone (Apple oder Android) herunterladen. Die alte Version kann aus technischen Gr\u00fcnden nicht mehr aktualisiert werden, daher ist eine Neuinstallation notwendig. AKTUELLES F\u00dcR DIE PFARREI Literaturkreis im Fru\u0308hling 2026 in St. [&hellip;]\" \/>\n<meta property=\"og:url\" content=\"https:\/\/www.pfarrverband-salvator-mundi.de\/st-willibald\/\" \/>\n<meta property=\"og:site_name\" content=\"Pfarrei St. Willibald\" \/>\n<meta property=\"article:modified_time\" content=\"2026-04-10T08:39:25+00:00\" \/>\n<meta property=\"og:image\" content=\"https:\/\/www.pfarrverband-salvator-mundi.de\/wp-content\/uploads\/2026\/03\/Easter26.jpg\" \/>\n<meta name=\"twitter:card\" content=\"summary_large_image\" \/>\n<meta name=\"twitter:label1\" content=\"Gesch\u00e4tzte Lesezeit\" \/>\n\t<meta name=\"twitter:data1\" content=\"5\u00a0Minuten\" \/>\n<script type=\"application\/ld+json\" class=\"yoast-schema-graph\">{\"@context\":\"https:\\\/\\\/schema.org\",\"@graph\":[{\"@type\":\"WebPage\",\"@id\":\"https:\\\/\\\/www.pfarrverband-salvator-mundi.de\\\/st-willibald\\\/\",\"url\":\"https:\\\/\\\/www.pfarrverband-salvator-mundi.de\\\/st-willibald\\\/\",\"name\":\"Startseite St. Willibald - Pfarrei St. Willibald\",\"isPartOf\":{\"@id\":\"https:\\\/\\\/www.pfarrverband-salvator-mundi.de\\\/st-willibald\\\/#website\"},\"primaryImageOfPage\":{\"@id\":\"https:\\\/\\\/www.pfarrverband-salvator-mundi.de\\\/st-willibald\\\/#primaryimage\"},\"image\":{\"@id\":\"https:\\\/\\\/www.pfarrverband-salvator-mundi.de\\\/st-willibald\\\/#primaryimage\"},\"thumbnailUrl\":\"https:\\\/\\\/www.pfarrverband-salvator-mundi.de\\\/wp-content\\\/uploads\\\/2026\\\/03\\\/Easter26.jpg\",\"datePublished\":\"2015-11-10T09:57:38+00:00\",\"dateModified\":\"2026-04-10T08:39:25+00:00\",\"breadcrumb\":{\"@id\":\"https:\\\/\\\/www.pfarrverband-salvator-mundi.de\\\/st-willibald\\\/#breadcrumb\"},\"inLanguage\":\"de\",\"potentialAction\":[{\"@type\":\"ReadAction\",\"target\":[\"https:\\\/\\\/www.pfarrverband-salvator-mundi.de\\\/st-willibald\\\/\"]}]},{\"@type\":\"ImageObject\",\"inLanguage\":\"de\",\"@id\":\"https:\\\/\\\/www.pfarrverband-salvator-mundi.de\\\/st-willibald\\\/#primaryimage\",\"url\":\"https:\\\/\\\/www.pfarrverband-salvator-mundi.de\\\/wp-content\\\/uploads\\\/2026\\\/03\\\/Easter26.jpg\",\"contentUrl\":\"https:\\\/\\\/www.pfarrverband-salvator-mundi.de\\\/wp-content\\\/uploads\\\/2026\\\/03\\\/Easter26.jpg\"},{\"@type\":\"BreadcrumbList\",\"@id\":\"https:\\\/\\\/www.pfarrverband-salvator-mundi.de\\\/st-willibald\\\/#breadcrumb\",\"itemListElement\":[{\"@type\":\"ListItem\",\"position\":1,\"name\":\"Home\",\"item\":\"https:\\\/\\\/www.pfarrverband-salvator-mundi.de\\\/st-willibald\\\/\"},{\"@type\":\"ListItem\",\"position\":2,\"name\":\"Startseite St. Willibald\"}]},{\"@type\":\"WebSite\",\"@id\":\"https:\\\/\\\/www.pfarrverband-salvator-mundi.de\\\/st-willibald\\\/#website\",\"url\":\"https:\\\/\\\/www.pfarrverband-salvator-mundi.de\\\/st-willibald\\\/\",\"name\":\"Pfarrei St. Willibald\",\"description\":\"Teil des Pfarrverbands Salvator Mundi\",\"potentialAction\":[{\"@type\":\"SearchAction\",\"target\":{\"@type\":\"EntryPoint\",\"urlTemplate\":\"https:\\\/\\\/www.pfarrverband-salvator-mundi.de\\\/st-willibald\\\/?s={search_term_string}\"},\"query-input\":{\"@type\":\"PropertyValueSpecification\",\"valueRequired\":true,\"valueName\":\"search_term_string\"}}],\"inLanguage\":\"de\"}]}<\/script>\n<!-- \/ Yoast SEO plugin. -->","yoast_head_json":{"title":"Startseite St. Willibald - Pfarrei St. Willibald","robots":{"index":"index","follow":"follow","max-snippet":"max-snippet:-1","max-image-preview":"max-image-preview:large","max-video-preview":"max-video-preview:-1"},"canonical":"https:\/\/www.pfarrverband-salvator-mundi.de\/st-willibald\/","og_locale":"de_DE","og_type":"article","og_title":"Startseite St. Willibald - Pfarrei St. Willibald","og_description":"Herzlich willkommen in der Pfarrgemeinde St. Willibald! NEUE APP JETZT HERUNTERLADEN Ab sofort k\u00f6nnen Sie die neue Version der Salvator Mundi App f\u00fcr Ihr Smartphone (Apple oder Android) herunterladen. Die alte Version kann aus technischen Gr\u00fcnden nicht mehr aktualisiert werden, daher ist eine Neuinstallation notwendig. AKTUELLES F\u00dcR DIE PFARREI Literaturkreis im Fru\u0308hling 2026 in St. [&hellip;]","og_url":"https:\/\/www.pfarrverband-salvator-mundi.de\/st-willibald\/","og_site_name":"Pfarrei St. Willibald","article_modified_time":"2026-04-10T08:39:25+00:00","og_image":[{"url":"https:\/\/www.pfarrverband-salvator-mundi.de\/wp-content\/uploads\/2026\/03\/Easter26.jpg","type":"","width":"","height":""}],"twitter_card":"summary_large_image","twitter_misc":{"Gesch\u00e4tzte Lesezeit":"5\u00a0Minuten"},"schema":{"@context":"https:\/\/schema.org","@graph":[{"@type":"WebPage","@id":"https:\/\/www.pfarrverband-salvator-mundi.de\/st-willibald\/","url":"https:\/\/www.pfarrverband-salvator-mundi.de\/st-willibald\/","name":"Startseite St. Willibald - Pfarrei St. Willibald","isPartOf":{"@id":"https:\/\/www.pfarrverband-salvator-mundi.de\/st-willibald\/#website"},"primaryImageOfPage":{"@id":"https:\/\/www.pfarrverband-salvator-mundi.de\/st-willibald\/#primaryimage"},"image":{"@id":"https:\/\/www.pfarrverband-salvator-mundi.de\/st-willibald\/#primaryimage"},"thumbnailUrl":"https:\/\/www.pfarrverband-salvator-mundi.de\/wp-content\/uploads\/2026\/03\/Easter26.jpg","datePublished":"2015-11-10T09:57:38+00:00","dateModified":"2026-04-10T08:39:25+00:00","breadcrumb":{"@id":"https:\/\/www.pfarrverband-salvator-mundi.de\/st-willibald\/#breadcrumb"},"inLanguage":"de","potentialAction":[{"@type":"ReadAction","target":["https:\/\/www.pfarrverband-salvator-mundi.de\/st-willibald\/"]}]},{"@type":"ImageObject","inLanguage":"de","@id":"https:\/\/www.pfarrverband-salvator-mundi.de\/st-willibald\/#primaryimage","url":"https:\/\/www.pfarrverband-salvator-mundi.de\/wp-content\/uploads\/2026\/03\/Easter26.jpg","contentUrl":"https:\/\/www.pfarrverband-salvator-mundi.de\/wp-content\/uploads\/2026\/03\/Easter26.jpg"},{"@type":"BreadcrumbList","@id":"https:\/\/www.pfarrverband-salvator-mundi.de\/st-willibald\/#breadcrumb","itemListElement":[{"@type":"ListItem","position":1,"name":"Home","item":"https:\/\/www.pfarrverband-salvator-mundi.de\/st-willibald\/"},{"@type":"ListItem","position":2,"name":"Startseite St. Willibald"}]},{"@type":"WebSite","@id":"https:\/\/www.pfarrverband-salvator-mundi.de\/st-willibald\/#website","url":"https:\/\/www.pfarrverband-salvator-mundi.de\/st-willibald\/","name":"Pfarrei St. Willibald","description":"Teil des Pfarrverbands Salvator Mundi","potentialAction":[{"@type":"SearchAction","target":{"@type":"EntryPoint","urlTemplate":"https:\/\/www.pfarrverband-salvator-mundi.de\/st-willibald\/?s={search_term_string}"},"query-input":{"@type":"PropertyValueSpecification","valueRequired":true,"valueName":"search_term_string"}}],"inLanguage":"de"}]}},"_links":{"self":[{"href":"https:\/\/www.pfarrverband-salvator-mundi.de\/st-willibald\/wp-json\/wp\/v2\/pages\/2","targetHints":{"allow":["GET"]}}],"collection":[{"href":"https:\/\/www.pfarrverband-salvator-mundi.de\/st-willibald\/wp-json\/wp\/v2\/pages"}],"about":[{"href":"https:\/\/www.pfarrverband-salvator-mundi.de\/st-willibald\/wp-json\/wp\/v2\/types\/page"}],"author":[{"embeddable":true,"href":"https:\/\/www.pfarrverband-salvator-mundi.de\/st-willibald\/wp-json\/wp\/v2\/users\/1"}],"replies":[{"embeddable":true,"href":"https:\/\/www.pfarrverband-salvator-mundi.de\/st-willibald\/wp-json\/wp\/v2\/comments?post=2"}],"version-history":[{"count":3910,"href":"https:\/\/www.pfarrverband-salvator-mundi.de\/st-willibald\/wp-json\/wp\/v2\/pages\/2\/revisions"}],"predecessor-version":[{"id":19158,"href":"https:\/\/www.pfarrverband-salvator-mundi.de\/st-willibald\/wp-json\/wp\/v2\/pages\/2\/revisions\/19158"}],"wp:attachment":[{"href":"https:\/\/www.pfarrverband-salvator-mundi.de\/st-willibald\/wp-json\/wp\/v2\/media?parent=2"}],"curies":[{"name":"wp","href":"https:\/\/api.w.org\/{rel}","templated":true}]}}