{"id":57,"date":"2016-03-04T10:41:58","date_gmt":"2016-03-04T09:41:58","guid":{"rendered":"http:\/\/www.pfarrverband-salvator-mundi.de\/st-willibald\/?page_id=57"},"modified":"2026-04-19T15:36:23","modified_gmt":"2026-04-19T13:36:23","slug":"termine","status":"publish","type":"page","link":"https:\/\/www.pfarrverband-salvator-mundi.de\/st-willibald\/termine\/","title":{"rendered":"Termine"},"content":{"rendered":"\n<h1 class=\"wp-block-heading\">Termin\u00fcbersicht f\u00fcr St. Willibald<\/h1>\n\n\n\n<figure class=\"wp-block-image\"><img loading=\"lazy\" decoding=\"async\" width=\"665\" height=\"215\" src=\"https:\/\/www.pfarrverband-salvator-mundi.de\/st-willibald\/wp-content\/uploads\/sites\/4\/2024\/04\/AdobeStock_582849582_Kalenderblatt.jpg\" alt=\"\" class=\"wp-image-18083\" srcset=\"https:\/\/www.pfarrverband-salvator-mundi.de\/st-willibald\/wp-content\/uploads\/sites\/4\/2024\/04\/AdobeStock_582849582_Kalenderblatt.jpg 665w, https:\/\/www.pfarrverband-salvator-mundi.de\/st-willibald\/wp-content\/uploads\/sites\/4\/2024\/04\/AdobeStock_582849582_Kalenderblatt-300x97.jpg 300w\" sizes=\"auto, (max-width: 665px) 100vw, 665px\" \/><\/figure>\n\n\n\n<h3 class=\"wp-block-heading\">Regelm\u00e4\u00dfige Termine<\/h3>\n\n\n\n<figure class=\"wp-block-table\"><table><thead><tr><th class=\"has-text-align-center\" data-align=\"center\">Wochentag<\/th><th class=\"has-text-align-center\" data-align=\"center\">Uhrzeit<\/th><th class=\"has-text-align-center\" data-align=\"center\">Veranstaltung<\/th><\/tr><\/thead><tbody><tr><td class=\"has-text-align-center\" data-align=\"center\"><span style=\"color: #ad0d1f;\"><strong>Sonntags<\/strong><\/span><\/td><td class=\"has-text-align-center\" data-align=\"center\"><strong><span style=\"color: #ad0d1f;\">10:00 Uhr \u2013 12:00 Uhr<\/span><\/strong><\/td><td class=\"has-text-align-center\" data-align=\"center\"><strong>B\u00fccherei St. Willibald<\/strong> im Untergeschoss im Pfarrheim<\/td><\/tr><tr><td class=\"has-text-align-center\" data-align=\"center\"><span style=\"color: #ad0d1f;\"><strong>Dienstags<\/strong><\/span><\/td><td class=\"has-text-align-center\" data-align=\"center\"><strong><span style=\"color: #ad0d1f;\">17:00 Uhr \u2013 19:00 Uhr<\/span><\/strong><\/td><td class=\"has-text-align-center\" data-align=\"center\"><strong>Ministranten<\/strong><\/td><\/tr><tr><td class=\"has-text-align-center\" data-align=\"center\"><span style=\"color: #ad0d1f;\"><strong>Mittwochs<\/strong><\/span><\/td><td class=\"has-text-align-center\" data-align=\"center\"><strong><span style=\"color: #ad0d1f;\">10:00 Uhr \u2013 11:00 Uhr<\/span><br><\/strong><\/td><td class=\"has-text-align-center\" data-align=\"center\"><strong>Gymnastik &#8222;Fit im Alltag&#8220;<\/strong>, Frauengymnastik im Pfarrsaal<\/td><\/tr><tr><td class=\"has-text-align-center\" data-align=\"center\">&nbsp;<\/td><td class=\"has-text-align-center\" data-align=\"center\"><strong><span style=\"color: #ad0d1f;\">15:30 Uhr \u2013 17:30 Uhr<\/span><br><\/strong><\/td><td class=\"has-text-align-center\" data-align=\"center\"><strong>Bu\u0308cherei<\/strong><\/td><\/tr><tr><td class=\"has-text-align-center\" data-align=\"center\">&nbsp;<\/td><td class=\"has-text-align-center\" data-align=\"center\"><strong><span style=\"color: #ad0d1f;\">16:30 Uhr \u2013 18:30 Uhr<\/span><br><\/strong><\/td><td class=\"has-text-align-center\" data-align=\"center\"><strong>Kinderchor<\/strong><\/td><\/tr><tr><td class=\"has-text-align-center\" data-align=\"center\">&nbsp;<\/td><td class=\"has-text-align-center\" data-align=\"center\"><strong><span style=\"color: #ad0d1f;\">18:30 Uhr \u2013 19:30 Uhr<\/span><br><\/strong><\/td><td class=\"has-text-align-center\" data-align=\"center\"><strong>Ministranten<\/strong><\/td><\/tr><tr><td class=\"has-text-align-center\" data-align=\"center\"><span style=\"color: #ad0d1f;\"><strong>Donnerstags<\/strong><\/span><\/td><td class=\"has-text-align-center\" data-align=\"center\"><strong><span style=\"color: #ad0d1f;\">18:00 Uhr \u2013 19:00 Uhr<\/span><br><\/strong><\/td><td class=\"has-text-align-center\" data-align=\"center\"><strong>Ministranten<\/strong><\/td><\/tr><tr><td class=\"has-text-align-center\" data-align=\"center\">&nbsp;<\/td><td class=\"has-text-align-center\" data-align=\"center\"><strong><span style=\"color: #ad0d1f;\">18:15 Uhr \u2013 21:00 Uhr<\/span><br><\/strong><\/td><td class=\"has-text-align-center\" data-align=\"center\"><strong>Pfadfinder<\/strong><\/td><\/tr><tr><td class=\"has-text-align-center\" data-align=\"center\">&nbsp;<\/td><td class=\"has-text-align-center\" data-align=\"center\"><strong><span style=\"color: #ad0d1f;\">20:15 Uhr \u2013 21:45 Uhr<\/span><br><\/strong><\/td><td class=\"has-text-align-center\" data-align=\"center\"><strong>Chorgemeinschaft<\/strong><\/td><\/tr><\/tbody><\/table><\/figure>\n\n\n\n<p>Aktuelle Veranstaltungshinweise finden Sie auf der <a href=\"https:\/\/www.pfarrverband-salvator-mundi.de\/st-willibald\/\">Startseite von St. Willibald<\/a>.<\/p>\n\n\n\n<p><\/p>\n","protected":false},"excerpt":{"rendered":"<p>Termin\u00fcbersicht f\u00fcr St. Willibald Regelm\u00e4\u00dfige Termine Wochentag Uhrzeit Veranstaltung Sonntags 10:00 Uhr \u2013 12:00 Uhr B\u00fccherei St. Willibald im Untergeschoss im Pfarrheim Dienstags 17:00 Uhr \u2013 19:00 Uhr Ministranten Mittwochs 10:00 Uhr \u2013 11:00 Uhr Gymnastik &#8222;Fit im Alltag&#8220;, Frauengymnastik im Pfarrsaal &nbsp; 15:30 Uhr \u2013 17:30 Uhr Bu\u0308cherei &nbsp; 16:30 Uhr \u2013 18:30 Uhr [&hellip;]<\/p>\n","protected":false},"author":1,"featured_media":0,"parent":0,"menu_order":5,"comment_status":"closed","ping_status":"closed","template":"","meta":{"ngg_post_thumbnail":0,"footnotes":""},"class_list":["post-57","page","type-page","status-publish","czr-hentry"],"yoast_head":"<!-- This site is optimized with the Yoast SEO plugin v27.6 - https:\/\/yoast.com\/product\/yoast-seo-wordpress\/ -->\n<title>Termine - Pfarrei St. Willibald<\/title>\n<meta name=\"robots\" content=\"index, follow, max-snippet:-1, max-image-preview:large, max-video-preview:-1\" \/>\n<link rel=\"canonical\" href=\"https:\/\/www.pfarrverband-salvator-mundi.de\/st-willibald\/termine\/\" \/>\n<meta property=\"og:locale\" content=\"de_DE\" \/>\n<meta property=\"og:type\" content=\"article\" \/>\n<meta property=\"og:title\" content=\"Termine - Pfarrei St. Willibald\" \/>\n<meta property=\"og:description\" content=\"Termin\u00fcbersicht f\u00fcr St. Willibald Regelm\u00e4\u00dfige Termine Wochentag Uhrzeit Veranstaltung Sonntags 10:00 Uhr \u2013 12:00 Uhr B\u00fccherei St. Willibald im Untergeschoss im Pfarrheim Dienstags 17:00 Uhr \u2013 19:00 Uhr Ministranten Mittwochs 10:00 Uhr \u2013 11:00 Uhr Gymnastik &#8222;Fit im Alltag&#8220;, Frauengymnastik im Pfarrsaal &nbsp; 15:30 Uhr \u2013 17:30 Uhr Bu\u0308cherei &nbsp; 16:30 Uhr \u2013 18:30 Uhr [&hellip;]\" \/>\n<meta property=\"og:url\" content=\"https:\/\/www.pfarrverband-salvator-mundi.de\/st-willibald\/termine\/\" \/>\n<meta property=\"og:site_name\" content=\"Pfarrei St. Willibald\" \/>\n<meta property=\"article:modified_time\" content=\"2026-04-19T13:36:23+00:00\" \/>\n<meta property=\"og:image\" content=\"https:\/\/www.pfarrverband-salvator-mundi.de\/st-willibald\/wp-content\/uploads\/sites\/4\/2024\/04\/AdobeStock_582849582_Kalenderblatt.jpg\" \/>\n\t<meta property=\"og:image:width\" content=\"665\" \/>\n\t<meta property=\"og:image:height\" content=\"215\" \/>\n\t<meta property=\"og:image:type\" content=\"image\/jpeg\" \/>\n<meta name=\"twitter:card\" content=\"summary_large_image\" \/>\n<meta name=\"twitter:label1\" content=\"Gesch\u00e4tzte Lesezeit\" \/>\n\t<meta name=\"twitter:data1\" content=\"1\u00a0Minute\" \/>\n<script type=\"application\/ld+json\" class=\"yoast-schema-graph\">{\"@context\":\"https:\\\/\\\/schema.org\",\"@graph\":[{\"@type\":\"WebPage\",\"@id\":\"https:\\\/\\\/www.pfarrverband-salvator-mundi.de\\\/st-willibald\\\/termine\\\/\",\"url\":\"https:\\\/\\\/www.pfarrverband-salvator-mundi.de\\\/st-willibald\\\/termine\\\/\",\"name\":\"Termine - Pfarrei St. Willibald\",\"isPartOf\":{\"@id\":\"https:\\\/\\\/www.pfarrverband-salvator-mundi.de\\\/st-willibald\\\/#website\"},\"primaryImageOfPage\":{\"@id\":\"https:\\\/\\\/www.pfarrverband-salvator-mundi.de\\\/st-willibald\\\/termine\\\/#primaryimage\"},\"image\":{\"@id\":\"https:\\\/\\\/www.pfarrverband-salvator-mundi.de\\\/st-willibald\\\/termine\\\/#primaryimage\"},\"thumbnailUrl\":\"https:\\\/\\\/www.pfarrverband-salvator-mundi.de\\\/st-willibald\\\/wp-content\\\/uploads\\\/sites\\\/4\\\/2024\\\/04\\\/AdobeStock_582849582_Kalenderblatt.jpg\",\"datePublished\":\"2016-03-04T09:41:58+00:00\",\"dateModified\":\"2026-04-19T13:36:23+00:00\",\"breadcrumb\":{\"@id\":\"https:\\\/\\\/www.pfarrverband-salvator-mundi.de\\\/st-willibald\\\/termine\\\/#breadcrumb\"},\"inLanguage\":\"de\",\"potentialAction\":[{\"@type\":\"ReadAction\",\"target\":[\"https:\\\/\\\/www.pfarrverband-salvator-mundi.de\\\/st-willibald\\\/termine\\\/\"]}]},{\"@type\":\"ImageObject\",\"inLanguage\":\"de\",\"@id\":\"https:\\\/\\\/www.pfarrverband-salvator-mundi.de\\\/st-willibald\\\/termine\\\/#primaryimage\",\"url\":\"https:\\\/\\\/www.pfarrverband-salvator-mundi.de\\\/st-willibald\\\/wp-content\\\/uploads\\\/sites\\\/4\\\/2024\\\/04\\\/AdobeStock_582849582_Kalenderblatt.jpg\",\"contentUrl\":\"https:\\\/\\\/www.pfarrverband-salvator-mundi.de\\\/st-willibald\\\/wp-content\\\/uploads\\\/sites\\\/4\\\/2024\\\/04\\\/AdobeStock_582849582_Kalenderblatt.jpg\",\"width\":665,\"height\":215,\"caption\":\"flipping through the pages of the flip calendar. the concept of transience of time and planning. production of souvenir printed materials.\"},{\"@type\":\"BreadcrumbList\",\"@id\":\"https:\\\/\\\/www.pfarrverband-salvator-mundi.de\\\/st-willibald\\\/termine\\\/#breadcrumb\",\"itemListElement\":[{\"@type\":\"ListItem\",\"position\":1,\"name\":\"Home\",\"item\":\"https:\\\/\\\/www.pfarrverband-salvator-mundi.de\\\/st-willibald\\\/\"},{\"@type\":\"ListItem\",\"position\":2,\"name\":\"Termine\"}]},{\"@type\":\"WebSite\",\"@id\":\"https:\\\/\\\/www.pfarrverband-salvator-mundi.de\\\/st-willibald\\\/#website\",\"url\":\"https:\\\/\\\/www.pfarrverband-salvator-mundi.de\\\/st-willibald\\\/\",\"name\":\"Pfarrei St. Willibald\",\"description\":\"Teil des Pfarrverbands Salvator Mundi\",\"potentialAction\":[{\"@type\":\"SearchAction\",\"target\":{\"@type\":\"EntryPoint\",\"urlTemplate\":\"https:\\\/\\\/www.pfarrverband-salvator-mundi.de\\\/st-willibald\\\/?s={search_term_string}\"},\"query-input\":{\"@type\":\"PropertyValueSpecification\",\"valueRequired\":true,\"valueName\":\"search_term_string\"}}],\"inLanguage\":\"de\"}]}<\/script>\n<!-- \/ Yoast SEO plugin. -->","yoast_head_json":{"title":"Termine - Pfarrei St. Willibald","robots":{"index":"index","follow":"follow","max-snippet":"max-snippet:-1","max-image-preview":"max-image-preview:large","max-video-preview":"max-video-preview:-1"},"canonical":"https:\/\/www.pfarrverband-salvator-mundi.de\/st-willibald\/termine\/","og_locale":"de_DE","og_type":"article","og_title":"Termine - Pfarrei St. Willibald","og_description":"Termin\u00fcbersicht f\u00fcr St. Willibald Regelm\u00e4\u00dfige Termine Wochentag Uhrzeit Veranstaltung Sonntags 10:00 Uhr \u2013 12:00 Uhr B\u00fccherei St. Willibald im Untergeschoss im Pfarrheim Dienstags 17:00 Uhr \u2013 19:00 Uhr Ministranten Mittwochs 10:00 Uhr \u2013 11:00 Uhr Gymnastik &#8222;Fit im Alltag&#8220;, Frauengymnastik im Pfarrsaal &nbsp; 15:30 Uhr \u2013 17:30 Uhr Bu\u0308cherei &nbsp; 16:30 Uhr \u2013 18:30 Uhr [&hellip;]","og_url":"https:\/\/www.pfarrverband-salvator-mundi.de\/st-willibald\/termine\/","og_site_name":"Pfarrei St. Willibald","article_modified_time":"2026-04-19T13:36:23+00:00","og_image":[{"width":665,"height":215,"url":"https:\/\/www.pfarrverband-salvator-mundi.de\/st-willibald\/wp-content\/uploads\/sites\/4\/2024\/04\/AdobeStock_582849582_Kalenderblatt.jpg","type":"image\/jpeg"}],"twitter_card":"summary_large_image","twitter_misc":{"Gesch\u00e4tzte Lesezeit":"1\u00a0Minute"},"schema":{"@context":"https:\/\/schema.org","@graph":[{"@type":"WebPage","@id":"https:\/\/www.pfarrverband-salvator-mundi.de\/st-willibald\/termine\/","url":"https:\/\/www.pfarrverband-salvator-mundi.de\/st-willibald\/termine\/","name":"Termine - Pfarrei St. Willibald","isPartOf":{"@id":"https:\/\/www.pfarrverband-salvator-mundi.de\/st-willibald\/#website"},"primaryImageOfPage":{"@id":"https:\/\/www.pfarrverband-salvator-mundi.de\/st-willibald\/termine\/#primaryimage"},"image":{"@id":"https:\/\/www.pfarrverband-salvator-mundi.de\/st-willibald\/termine\/#primaryimage"},"thumbnailUrl":"https:\/\/www.pfarrverband-salvator-mundi.de\/st-willibald\/wp-content\/uploads\/sites\/4\/2024\/04\/AdobeStock_582849582_Kalenderblatt.jpg","datePublished":"2016-03-04T09:41:58+00:00","dateModified":"2026-04-19T13:36:23+00:00","breadcrumb":{"@id":"https:\/\/www.pfarrverband-salvator-mundi.de\/st-willibald\/termine\/#breadcrumb"},"inLanguage":"de","potentialAction":[{"@type":"ReadAction","target":["https:\/\/www.pfarrverband-salvator-mundi.de\/st-willibald\/termine\/"]}]},{"@type":"ImageObject","inLanguage":"de","@id":"https:\/\/www.pfarrverband-salvator-mundi.de\/st-willibald\/termine\/#primaryimage","url":"https:\/\/www.pfarrverband-salvator-mundi.de\/st-willibald\/wp-content\/uploads\/sites\/4\/2024\/04\/AdobeStock_582849582_Kalenderblatt.jpg","contentUrl":"https:\/\/www.pfarrverband-salvator-mundi.de\/st-willibald\/wp-content\/uploads\/sites\/4\/2024\/04\/AdobeStock_582849582_Kalenderblatt.jpg","width":665,"height":215,"caption":"flipping through the pages of the flip calendar. the concept of transience of time and planning. production of souvenir printed materials."},{"@type":"BreadcrumbList","@id":"https:\/\/www.pfarrverband-salvator-mundi.de\/st-willibald\/termine\/#breadcrumb","itemListElement":[{"@type":"ListItem","position":1,"name":"Home","item":"https:\/\/www.pfarrverband-salvator-mundi.de\/st-willibald\/"},{"@type":"ListItem","position":2,"name":"Termine"}]},{"@type":"WebSite","@id":"https:\/\/www.pfarrverband-salvator-mundi.de\/st-willibald\/#website","url":"https:\/\/www.pfarrverband-salvator-mundi.de\/st-willibald\/","name":"Pfarrei St. Willibald","description":"Teil des Pfarrverbands Salvator Mundi","potentialAction":[{"@type":"SearchAction","target":{"@type":"EntryPoint","urlTemplate":"https:\/\/www.pfarrverband-salvator-mundi.de\/st-willibald\/?s={search_term_string}"},"query-input":{"@type":"PropertyValueSpecification","valueRequired":true,"valueName":"search_term_string"}}],"inLanguage":"de"}]}},"_links":{"self":[{"href":"https:\/\/www.pfarrverband-salvator-mundi.de\/st-willibald\/wp-json\/wp\/v2\/pages\/57","targetHints":{"allow":["GET"]}}],"collection":[{"href":"https:\/\/www.pfarrverband-salvator-mundi.de\/st-willibald\/wp-json\/wp\/v2\/pages"}],"about":[{"href":"https:\/\/www.pfarrverband-salvator-mundi.de\/st-willibald\/wp-json\/wp\/v2\/types\/page"}],"author":[{"embeddable":true,"href":"https:\/\/www.pfarrverband-salvator-mundi.de\/st-willibald\/wp-json\/wp\/v2\/users\/1"}],"replies":[{"embeddable":true,"href":"https:\/\/www.pfarrverband-salvator-mundi.de\/st-willibald\/wp-json\/wp\/v2\/comments?post=57"}],"version-history":[{"count":588,"href":"https:\/\/www.pfarrverband-salvator-mundi.de\/st-willibald\/wp-json\/wp\/v2\/pages\/57\/revisions"}],"predecessor-version":[{"id":18448,"href":"https:\/\/www.pfarrverband-salvator-mundi.de\/st-willibald\/wp-json\/wp\/v2\/pages\/57\/revisions\/18448"}],"wp:attachment":[{"href":"https:\/\/www.pfarrverband-salvator-mundi.de\/st-willibald\/wp-json\/wp\/v2\/media?parent=57"}],"curies":[{"name":"wp","href":"https:\/\/api.w.org\/{rel}","templated":true}]}}