{"id":86,"date":"2016-03-04T10:57:06","date_gmt":"2016-03-04T09:57:06","guid":{"rendered":"http:\/\/www.pfarrverband-salvator-mundi.de\/st-willibald\/?page_id=86"},"modified":"2025-10-17T08:35:18","modified_gmt":"2025-10-17T06:35:18","slug":"kindergarten","status":"publish","type":"page","link":"https:\/\/www.pfarrverband-salvator-mundi.de\/st-willibald\/kindergarten\/","title":{"rendered":"Kindergarten"},"content":{"rendered":"\n<h1 class=\"wp-block-heading\">Der Kindergarten der Pfarrei<strong><br><\/strong><\/h1>\n\n\n<style type=\"text\/css\">\n#foogallery-gallery-302 .fg-image { width: 215px; }\n#foogallery-gallery-302 { --fg-gutter: 10px; }<\/style>\n\t\t\t<div class=\"foogallery foogallery-container foogallery-default foogallery-lightbox-foogallery fg-left fg-default fg-ready fg-light fg-loading-default fg-loaded-fade-in\" id=\"foogallery-gallery-302\" data-foogallery=\"{&quot;item&quot;:{&quot;showCaptionTitle&quot;:true,&quot;showCaptionDescription&quot;:false},&quot;lazy&quot;:false,&quot;src&quot;:&quot;src&quot;,&quot;srcset&quot;:&quot;srcset&quot;}\" style=\"--fg-title-line-clamp: 0; --fg-description-line-clamp: 0;\" >\n\t<div class=\"fg-item fg-type-image fg-loaded\"><figure class=\"fg-item-inner\"><a data-attachment-id=\"304\" data-type=\"image\" class=\"fg-thumb\"><span class=\"fg-image-wrap\"><img decoding=\"async\" src=\"https:\/\/www.pfarrverband-salvator-mundi.de\/st-willibald\/wp-content\/uploads\/sites\/4\/cache\/2016\/03\/ausflug_wald_p1010196\/3194160654.jpg\" width=\"215\" height=\"215\" class=\"skip-lazy fg-image\" loading=\"eager\"><\/span><span class=\"fg-image-overlay\"><\/span><\/a><\/figure><div class=\"fg-loader\"><\/div><\/div><div class=\"fg-item fg-type-image fg-loaded\"><figure class=\"fg-item-inner\"><a data-attachment-id=\"305\" data-type=\"image\" class=\"fg-thumb\"><span class=\"fg-image-wrap\"><img decoding=\"async\" src=\"https:\/\/www.pfarrverband-salvator-mundi.de\/st-willibald\/wp-content\/uploads\/sites\/4\/cache\/2016\/03\/buecherei_portrait_p1010212\/1815947176.jpg\" width=\"215\" height=\"215\" class=\"skip-lazy fg-image\" loading=\"eager\"><\/span><span class=\"fg-image-overlay\"><\/span><\/a><\/figure><div class=\"fg-loader\"><\/div><\/div><div class=\"fg-item fg-type-image fg-loaded\"><figure class=\"fg-item-inner\"><a data-attachment-id=\"306\" data-type=\"image\" class=\"fg-thumb\"><span class=\"fg-image-wrap\"><img decoding=\"async\" src=\"https:\/\/www.pfarrverband-salvator-mundi.de\/st-willibald\/wp-content\/uploads\/sites\/4\/cache\/2016\/03\/garten_schaukel_img_2563\/3587426258.jpg\" width=\"215\" height=\"215\" class=\"skip-lazy fg-image\" loading=\"eager\"><\/span><span class=\"fg-image-overlay\"><\/span><\/a><\/figure><div class=\"fg-loader\"><\/div><\/div><\/div>\n<style type=\"text\/css\">#foogallery-gallery-302 { \r\npadding-left: 0;\r\npadding-bottom: 10px;\r\n}<\/style>\n\n\n\n<h3 class=\"wp-block-heading\">P\u00e4dagogischer Schwerpunkt<strong><br><\/strong><\/h3>\n\n\n\n<p>In unserer Einrichtung wollen wir den Kindern Raum und Zeit schaffen, die es ihnen erm\u00f6glicht, ihre Anlagen und F\u00e4higkeiten zu entdecken und zu entfalten. Ziel unserer Kindertagesst\u00e4tte ist es, Eltern in ihrem Erziehungsauftrag zu unterst\u00fctzen und die Kinder durch das Angebot von verschiedenen Bildungsbereichen mit vielf\u00e4ltigen Bildungsangeboten auf die Schule und das sp\u00e4tere Leben vorzubereiten.<\/p>\n\n\n\n<hr class=\"wp-block-separator has-alpha-channel-opacity\"\/>\n\n\n\n<h3 class=\"wp-block-heading\"><figure><img loading=\"lazy\" decoding=\"async\" class=\"alignnone size-full wp-image-8420\" src=\"https:\/\/www.pfarrverband-salvator-mundi.de\/st-willibald\/wp-content\/uploads\/sites\/4\/2019\/07\/foerderlogo_landeshauptstadt_muenchen.jpg\" alt=\"\" width=\"215\" height=\"135\"><\/figure> &nbsp;&nbsp; <figure><img loading=\"lazy\" decoding=\"async\" class=\"alignnone size-full wp-image-8419\" src=\"https:\/\/www.pfarrverband-salvator-mundi.de\/st-willibald\/wp-content\/uploads\/sites\/4\/2019\/07\/foerderlogo_freistaat_bayern.jpg\" alt=\"\" width=\"215\" height=\"135\"><\/figure><\/h3>\n\n\n\n<hr class=\"wp-block-separator has-alpha-channel-opacity\"\/>\n\n\n\n<h3 class=\"wp-block-heading\">Die offene Arbeit<\/h3>\n\n\n\n<p><strong><em>Auszug aus unserer Konzeption<\/em><\/strong><\/p>\n\n\n\n<p>Der offene Kindergarten bietet den Kindern einen Schutzraum in dem Sie als selbstst\u00e4ndige Pers\u00f6nlichkeiten ernst genommen werden und sich den eigenen Bed\u00fcrfnissen gem\u00e4\u00df eigenst\u00e4ndig entwickeln k\u00f6nnen. Dazu muss man teilweise vorhandene Strukturen aufl\u00f6sen und ver\u00e4ndern. Wir bieten vielf\u00e4ltige gruppen\u00fcbergreifende Aktivit\u00e4ten an u.a. Turnen, Brotzeit und verschiedene p\u00e4dagogische Aktionen. Wir arbeiten offen mit Stammgruppen.<\/p>\n\n\n\n<p>Offene Arbeit bedeutet gelebten Situationsansatz, man erm\u00f6glicht den Kindern sinnstiftende Erfahrungen in realen Situationen. \u201eOffene Arbeit lebt im Jetzt, reflektiert das Gestern und dient dem Morgen\u201c (Gerlinde Lill, Einblicke in die offene Arbeit).<br>Das bedeutet, dass der Prozess der offenen Arbeit immer weiter geht. F\u00fcr uns bedeutet das, dass wir die p\u00e4dagogische Arbeit kontinuierlich weiterentwickeln. Momentan arbeiten wir teiloffen.<br>Kinder ben\u00f6tigen eine bildungs- und bewegungsanregende Umgebung. In unseren Funktionsr\u00e4umen bieten wir den Kindern verschiedene Angebote zu ausgew\u00e4hlten Bildungsbereichen an.<\/p>\n\n\n\n<p><strong>Folgende Bildungsbereiche bieten wir derzeit an<br><\/strong><\/p>\n\n\n\n<ul class=\"wp-block-list\">\n<li>Naturwissenschaften, Mathematik, Technik und Umwelt<\/li>\n\n\n\n<li>\u00c4sthetik, Kunst und Kultur<\/li>\n\n\n\n<li>Sozial-emotionale Kompetenz<\/li>\n\n\n\n<li>Sprache, Literacy, Kommunikation und Medien<\/li>\n<\/ul>\n\n\n\n<p>Die jeweils aktuellen Funktionsr\u00e4ume k\u00f6nnen auf Grund der Bed\u00fcrfnisse der Kinder umge\u00e4ndert werden.<br>Eine \u00dcbersicht unserer R\u00e4ume haben wir f\u00fcr Sie auf der Seite <a href=\"https:\/\/www.pfarrverband-salvator-mundi.de\/st-willibald\/kindergarten\/kindergarten-raeumlichkeiten\/\"><strong>R\u00e4ume und Garten<\/strong><\/a>.<\/p>\n","protected":false},"excerpt":{"rendered":"<p>Der Kindergarten der Pfarrei P\u00e4dagogischer Schwerpunkt In unserer Einrichtung wollen wir den Kindern Raum und Zeit schaffen, die es ihnen erm\u00f6glicht, ihre Anlagen und F\u00e4higkeiten zu entdecken und zu entfalten. Ziel unserer Kindertagesst\u00e4tte ist es, Eltern in ihrem Erziehungsauftrag zu unterst\u00fctzen und die Kinder durch das Angebot von verschiedenen Bildungsbereichen mit vielf\u00e4ltigen Bildungsangeboten auf die [&hellip;]<\/p>\n","protected":false},"author":1,"featured_media":0,"parent":0,"menu_order":16,"comment_status":"closed","ping_status":"closed","template":"","meta":{"ngg_post_thumbnail":0,"footnotes":""},"class_list":["post-86","page","type-page","status-publish","czr-hentry"],"yoast_head":"<!-- This site is optimized with the Yoast SEO plugin v27.6 - https:\/\/yoast.com\/product\/yoast-seo-wordpress\/ -->\n<title>Kindergarten - Pfarrei St. Willibald<\/title>\n<meta name=\"robots\" content=\"index, follow, max-snippet:-1, max-image-preview:large, max-video-preview:-1\" \/>\n<link rel=\"canonical\" href=\"https:\/\/www.pfarrverband-salvator-mundi.de\/st-willibald\/kindergarten\/\" \/>\n<meta property=\"og:locale\" content=\"de_DE\" \/>\n<meta property=\"og:type\" content=\"article\" \/>\n<meta property=\"og:title\" content=\"Kindergarten - Pfarrei St. Willibald\" \/>\n<meta property=\"og:description\" content=\"Der Kindergarten der Pfarrei P\u00e4dagogischer Schwerpunkt In unserer Einrichtung wollen wir den Kindern Raum und Zeit schaffen, die es ihnen erm\u00f6glicht, ihre Anlagen und F\u00e4higkeiten zu entdecken und zu entfalten. Ziel unserer Kindertagesst\u00e4tte ist es, Eltern in ihrem Erziehungsauftrag zu unterst\u00fctzen und die Kinder durch das Angebot von verschiedenen Bildungsbereichen mit vielf\u00e4ltigen Bildungsangeboten auf die [&hellip;]\" \/>\n<meta property=\"og:url\" content=\"https:\/\/www.pfarrverband-salvator-mundi.de\/st-willibald\/kindergarten\/\" \/>\n<meta property=\"og:site_name\" content=\"Pfarrei St. Willibald\" \/>\n<meta property=\"article:modified_time\" content=\"2025-10-17T06:35:18+00:00\" \/>\n<meta property=\"og:image\" content=\"https:\/\/www.pfarrverband-salvator-mundi.de\/st-willibald\/wp-content\/uploads\/sites\/4\/2019\/07\/foerderlogo_landeshauptstadt_muenchen.jpg\" \/>\n<meta name=\"twitter:card\" content=\"summary_large_image\" \/>\n<meta name=\"twitter:label1\" content=\"Gesch\u00e4tzte Lesezeit\" \/>\n\t<meta name=\"twitter:data1\" content=\"2\u00a0Minuten\" \/>\n<script type=\"application\/ld+json\" class=\"yoast-schema-graph\">{\"@context\":\"https:\\\/\\\/schema.org\",\"@graph\":[{\"@type\":\"WebPage\",\"@id\":\"https:\\\/\\\/www.pfarrverband-salvator-mundi.de\\\/st-willibald\\\/kindergarten\\\/\",\"url\":\"https:\\\/\\\/www.pfarrverband-salvator-mundi.de\\\/st-willibald\\\/kindergarten\\\/\",\"name\":\"Kindergarten - Pfarrei St. Willibald\",\"isPartOf\":{\"@id\":\"https:\\\/\\\/www.pfarrverband-salvator-mundi.de\\\/st-willibald\\\/#website\"},\"primaryImageOfPage\":{\"@id\":\"https:\\\/\\\/www.pfarrverband-salvator-mundi.de\\\/st-willibald\\\/kindergarten\\\/#primaryimage\"},\"image\":{\"@id\":\"https:\\\/\\\/www.pfarrverband-salvator-mundi.de\\\/st-willibald\\\/kindergarten\\\/#primaryimage\"},\"thumbnailUrl\":\"https:\\\/\\\/www.pfarrverband-salvator-mundi.de\\\/st-willibald\\\/wp-content\\\/uploads\\\/sites\\\/4\\\/2019\\\/07\\\/foerderlogo_landeshauptstadt_muenchen.jpg\",\"datePublished\":\"2016-03-04T09:57:06+00:00\",\"dateModified\":\"2025-10-17T06:35:18+00:00\",\"breadcrumb\":{\"@id\":\"https:\\\/\\\/www.pfarrverband-salvator-mundi.de\\\/st-willibald\\\/kindergarten\\\/#breadcrumb\"},\"inLanguage\":\"de\",\"potentialAction\":[{\"@type\":\"ReadAction\",\"target\":[\"https:\\\/\\\/www.pfarrverband-salvator-mundi.de\\\/st-willibald\\\/kindergarten\\\/\"]}]},{\"@type\":\"ImageObject\",\"inLanguage\":\"de\",\"@id\":\"https:\\\/\\\/www.pfarrverband-salvator-mundi.de\\\/st-willibald\\\/kindergarten\\\/#primaryimage\",\"url\":\"https:\\\/\\\/www.pfarrverband-salvator-mundi.de\\\/st-willibald\\\/wp-content\\\/uploads\\\/sites\\\/4\\\/2019\\\/07\\\/foerderlogo_landeshauptstadt_muenchen.jpg\",\"contentUrl\":\"https:\\\/\\\/www.pfarrverband-salvator-mundi.de\\\/st-willibald\\\/wp-content\\\/uploads\\\/sites\\\/4\\\/2019\\\/07\\\/foerderlogo_landeshauptstadt_muenchen.jpg\",\"width\":215,\"height\":135},{\"@type\":\"BreadcrumbList\",\"@id\":\"https:\\\/\\\/www.pfarrverband-salvator-mundi.de\\\/st-willibald\\\/kindergarten\\\/#breadcrumb\",\"itemListElement\":[{\"@type\":\"ListItem\",\"position\":1,\"name\":\"Home\",\"item\":\"https:\\\/\\\/www.pfarrverband-salvator-mundi.de\\\/st-willibald\\\/\"},{\"@type\":\"ListItem\",\"position\":2,\"name\":\"Kindergarten\"}]},{\"@type\":\"WebSite\",\"@id\":\"https:\\\/\\\/www.pfarrverband-salvator-mundi.de\\\/st-willibald\\\/#website\",\"url\":\"https:\\\/\\\/www.pfarrverband-salvator-mundi.de\\\/st-willibald\\\/\",\"name\":\"Pfarrei St. Willibald\",\"description\":\"Teil des Pfarrverbands Salvator Mundi\",\"potentialAction\":[{\"@type\":\"SearchAction\",\"target\":{\"@type\":\"EntryPoint\",\"urlTemplate\":\"https:\\\/\\\/www.pfarrverband-salvator-mundi.de\\\/st-willibald\\\/?s={search_term_string}\"},\"query-input\":{\"@type\":\"PropertyValueSpecification\",\"valueRequired\":true,\"valueName\":\"search_term_string\"}}],\"inLanguage\":\"de\"}]}<\/script>\n<!-- \/ Yoast SEO plugin. -->","yoast_head_json":{"title":"Kindergarten - Pfarrei St. Willibald","robots":{"index":"index","follow":"follow","max-snippet":"max-snippet:-1","max-image-preview":"max-image-preview:large","max-video-preview":"max-video-preview:-1"},"canonical":"https:\/\/www.pfarrverband-salvator-mundi.de\/st-willibald\/kindergarten\/","og_locale":"de_DE","og_type":"article","og_title":"Kindergarten - Pfarrei St. Willibald","og_description":"Der Kindergarten der Pfarrei P\u00e4dagogischer Schwerpunkt In unserer Einrichtung wollen wir den Kindern Raum und Zeit schaffen, die es ihnen erm\u00f6glicht, ihre Anlagen und F\u00e4higkeiten zu entdecken und zu entfalten. Ziel unserer Kindertagesst\u00e4tte ist es, Eltern in ihrem Erziehungsauftrag zu unterst\u00fctzen und die Kinder durch das Angebot von verschiedenen Bildungsbereichen mit vielf\u00e4ltigen Bildungsangeboten auf die [&hellip;]","og_url":"https:\/\/www.pfarrverband-salvator-mundi.de\/st-willibald\/kindergarten\/","og_site_name":"Pfarrei St. Willibald","article_modified_time":"2025-10-17T06:35:18+00:00","og_image":[{"url":"https:\/\/www.pfarrverband-salvator-mundi.de\/st-willibald\/wp-content\/uploads\/sites\/4\/2019\/07\/foerderlogo_landeshauptstadt_muenchen.jpg","type":"","width":"","height":""}],"twitter_card":"summary_large_image","twitter_misc":{"Gesch\u00e4tzte Lesezeit":"2\u00a0Minuten"},"schema":{"@context":"https:\/\/schema.org","@graph":[{"@type":"WebPage","@id":"https:\/\/www.pfarrverband-salvator-mundi.de\/st-willibald\/kindergarten\/","url":"https:\/\/www.pfarrverband-salvator-mundi.de\/st-willibald\/kindergarten\/","name":"Kindergarten - Pfarrei St. Willibald","isPartOf":{"@id":"https:\/\/www.pfarrverband-salvator-mundi.de\/st-willibald\/#website"},"primaryImageOfPage":{"@id":"https:\/\/www.pfarrverband-salvator-mundi.de\/st-willibald\/kindergarten\/#primaryimage"},"image":{"@id":"https:\/\/www.pfarrverband-salvator-mundi.de\/st-willibald\/kindergarten\/#primaryimage"},"thumbnailUrl":"https:\/\/www.pfarrverband-salvator-mundi.de\/st-willibald\/wp-content\/uploads\/sites\/4\/2019\/07\/foerderlogo_landeshauptstadt_muenchen.jpg","datePublished":"2016-03-04T09:57:06+00:00","dateModified":"2025-10-17T06:35:18+00:00","breadcrumb":{"@id":"https:\/\/www.pfarrverband-salvator-mundi.de\/st-willibald\/kindergarten\/#breadcrumb"},"inLanguage":"de","potentialAction":[{"@type":"ReadAction","target":["https:\/\/www.pfarrverband-salvator-mundi.de\/st-willibald\/kindergarten\/"]}]},{"@type":"ImageObject","inLanguage":"de","@id":"https:\/\/www.pfarrverband-salvator-mundi.de\/st-willibald\/kindergarten\/#primaryimage","url":"https:\/\/www.pfarrverband-salvator-mundi.de\/st-willibald\/wp-content\/uploads\/sites\/4\/2019\/07\/foerderlogo_landeshauptstadt_muenchen.jpg","contentUrl":"https:\/\/www.pfarrverband-salvator-mundi.de\/st-willibald\/wp-content\/uploads\/sites\/4\/2019\/07\/foerderlogo_landeshauptstadt_muenchen.jpg","width":215,"height":135},{"@type":"BreadcrumbList","@id":"https:\/\/www.pfarrverband-salvator-mundi.de\/st-willibald\/kindergarten\/#breadcrumb","itemListElement":[{"@type":"ListItem","position":1,"name":"Home","item":"https:\/\/www.pfarrverband-salvator-mundi.de\/st-willibald\/"},{"@type":"ListItem","position":2,"name":"Kindergarten"}]},{"@type":"WebSite","@id":"https:\/\/www.pfarrverband-salvator-mundi.de\/st-willibald\/#website","url":"https:\/\/www.pfarrverband-salvator-mundi.de\/st-willibald\/","name":"Pfarrei St. Willibald","description":"Teil des Pfarrverbands Salvator Mundi","potentialAction":[{"@type":"SearchAction","target":{"@type":"EntryPoint","urlTemplate":"https:\/\/www.pfarrverband-salvator-mundi.de\/st-willibald\/?s={search_term_string}"},"query-input":{"@type":"PropertyValueSpecification","valueRequired":true,"valueName":"search_term_string"}}],"inLanguage":"de"}]}},"_links":{"self":[{"href":"https:\/\/www.pfarrverband-salvator-mundi.de\/st-willibald\/wp-json\/wp\/v2\/pages\/86","targetHints":{"allow":["GET"]}}],"collection":[{"href":"https:\/\/www.pfarrverband-salvator-mundi.de\/st-willibald\/wp-json\/wp\/v2\/pages"}],"about":[{"href":"https:\/\/www.pfarrverband-salvator-mundi.de\/st-willibald\/wp-json\/wp\/v2\/types\/page"}],"author":[{"embeddable":true,"href":"https:\/\/www.pfarrverband-salvator-mundi.de\/st-willibald\/wp-json\/wp\/v2\/users\/1"}],"replies":[{"embeddable":true,"href":"https:\/\/www.pfarrverband-salvator-mundi.de\/st-willibald\/wp-json\/wp\/v2\/comments?post=86"}],"version-history":[{"count":44,"href":"https:\/\/www.pfarrverband-salvator-mundi.de\/st-willibald\/wp-json\/wp\/v2\/pages\/86\/revisions"}],"predecessor-version":[{"id":18910,"href":"https:\/\/www.pfarrverband-salvator-mundi.de\/st-willibald\/wp-json\/wp\/v2\/pages\/86\/revisions\/18910"}],"wp:attachment":[{"href":"https:\/\/www.pfarrverband-salvator-mundi.de\/st-willibald\/wp-json\/wp\/v2\/media?parent=86"}],"curies":[{"name":"wp","href":"https:\/\/api.w.org\/{rel}","templated":true}]}}