{"id":9351,"date":"2020-03-04T07:39:38","date_gmt":"2020-03-04T06:39:38","guid":{"rendered":"https:\/\/www.pfarrverband-salvator-mundi.de\/st-willibald\/?page_id=9351"},"modified":"2025-10-26T08:38:37","modified_gmt":"2025-10-26T07:38:37","slug":"schutzkonzept-kindergarten","status":"publish","type":"page","link":"https:\/\/www.pfarrverband-salvator-mundi.de\/st-willibald\/kindergarten\/schutzkonzept-kindergarten\/","title":{"rendered":"Schutzkonzept Kindergarten"},"content":{"rendered":"\n<h1 class=\"wp-block-heading\">Schutzkonzept Kindergarten<\/h1>\n\n\n\n<p>Alle Kinder haben das Recht auf k\u00f6rperliche Unversehrtheit, auf Achtung der Menschenw\u00fcrde sowie auf freie Entfaltung der Pers\u00f6nlichkeit.<\/p>\n\n\n\n<p>Im Jahr 2012 ist das Kinderschutzgesetz in Kraft getreten. Im Team haben wir uns intensiv mit dem Thema besch\u00e4ftigt. Unser Schutzkonzept ist ein wichtiger Bestandteil unserer t\u00e4glichen Arbeit und dient unserer Qualit\u00e4tssicherung.<\/p>\n\n\n\n<p>Wenn Sie auf das Bild klicken k\u00f6nnen Sie das Schutzkonzept des Kindergartens online als pdf-Datei durchsehen, oder sich die Datei auch herunterladen und speichern bzw. ausdrucken.<\/p>\n\n\n\n<figure class=\"wp-block-image size-full\"><a href=\"https:\/\/www.pfarrverband-salvator-mundi.de\/st-willibald\/wp-content\/uploads\/sites\/4\/2025\/10\/Schutzkonzept-.pdf\"><img loading=\"lazy\" decoding=\"async\" width=\"566\" height=\"800\" src=\"https:\/\/www.pfarrverband-salvator-mundi.de\/st-willibald\/wp-content\/uploads\/sites\/4\/2025\/10\/Schutzkonzept-.jpg\" alt=\"\" class=\"wp-image-18934\" srcset=\"https:\/\/www.pfarrverband-salvator-mundi.de\/st-willibald\/wp-content\/uploads\/sites\/4\/2025\/10\/Schutzkonzept-.jpg 566w, https:\/\/www.pfarrverband-salvator-mundi.de\/st-willibald\/wp-content\/uploads\/sites\/4\/2025\/10\/Schutzkonzept--212x300.jpg 212w\" sizes=\"auto, (max-width: 566px) 100vw, 566px\" \/><\/a><\/figure>\n","protected":false},"excerpt":{"rendered":"<p>Schutzkonzept Kindergarten Alle Kinder haben das Recht auf k\u00f6rperliche Unversehrtheit, auf Achtung der Menschenw\u00fcrde sowie auf freie Entfaltung der Pers\u00f6nlichkeit. Im Jahr 2012 ist das Kinderschutzgesetz in Kraft getreten. Im Team haben wir uns intensiv mit dem Thema besch\u00e4ftigt. Unser Schutzkonzept ist ein wichtiger Bestandteil unserer t\u00e4glichen Arbeit und dient unserer Qualit\u00e4tssicherung. Wenn Sie auf [&hellip;]<\/p>\n","protected":false},"author":1,"featured_media":0,"parent":86,"menu_order":10,"comment_status":"closed","ping_status":"closed","template":"","meta":{"ngg_post_thumbnail":0,"footnotes":""},"class_list":["post-9351","page","type-page","status-publish","czr-hentry"],"yoast_head":"<!-- This site is optimized with the Yoast SEO plugin v27.5 - https:\/\/yoast.com\/product\/yoast-seo-wordpress\/ -->\n<title>Schutzkonzept Kindergarten - Pfarrei St. Willibald<\/title>\n<meta name=\"robots\" content=\"index, follow, max-snippet:-1, max-image-preview:large, max-video-preview:-1\" \/>\n<link rel=\"canonical\" href=\"https:\/\/www.pfarrverband-salvator-mundi.de\/st-willibald\/kindergarten\/schutzkonzept-kindergarten\/\" \/>\n<meta property=\"og:locale\" content=\"de_DE\" \/>\n<meta property=\"og:type\" content=\"article\" \/>\n<meta property=\"og:title\" content=\"Schutzkonzept Kindergarten - Pfarrei St. Willibald\" \/>\n<meta property=\"og:description\" content=\"Schutzkonzept Kindergarten Alle Kinder haben das Recht auf k\u00f6rperliche Unversehrtheit, auf Achtung der Menschenw\u00fcrde sowie auf freie Entfaltung der Pers\u00f6nlichkeit. Im Jahr 2012 ist das Kinderschutzgesetz in Kraft getreten. Im Team haben wir uns intensiv mit dem Thema besch\u00e4ftigt. Unser Schutzkonzept ist ein wichtiger Bestandteil unserer t\u00e4glichen Arbeit und dient unserer Qualit\u00e4tssicherung. Wenn Sie auf [&hellip;]\" \/>\n<meta property=\"og:url\" content=\"https:\/\/www.pfarrverband-salvator-mundi.de\/st-willibald\/kindergarten\/schutzkonzept-kindergarten\/\" \/>\n<meta property=\"og:site_name\" content=\"Pfarrei St. Willibald\" \/>\n<meta property=\"article:modified_time\" content=\"2025-10-26T07:38:37+00:00\" \/>\n<meta property=\"og:image\" content=\"https:\/\/www.pfarrverband-salvator-mundi.de\/st-willibald\/wp-content\/uploads\/sites\/4\/2025\/10\/Schutzkonzept-.jpg\" \/>\n\t<meta property=\"og:image:width\" content=\"566\" \/>\n\t<meta property=\"og:image:height\" content=\"800\" \/>\n\t<meta property=\"og:image:type\" content=\"image\/jpeg\" \/>\n<meta name=\"twitter:card\" content=\"summary_large_image\" \/>\n<meta name=\"twitter:label1\" content=\"Gesch\u00e4tzte Lesezeit\" \/>\n\t<meta name=\"twitter:data1\" content=\"1\u00a0Minute\" \/>\n<script type=\"application\/ld+json\" class=\"yoast-schema-graph\">{\"@context\":\"https:\\\/\\\/schema.org\",\"@graph\":[{\"@type\":\"WebPage\",\"@id\":\"https:\\\/\\\/www.pfarrverband-salvator-mundi.de\\\/st-willibald\\\/kindergarten\\\/schutzkonzept-kindergarten\\\/\",\"url\":\"https:\\\/\\\/www.pfarrverband-salvator-mundi.de\\\/st-willibald\\\/kindergarten\\\/schutzkonzept-kindergarten\\\/\",\"name\":\"Schutzkonzept Kindergarten - Pfarrei St. Willibald\",\"isPartOf\":{\"@id\":\"https:\\\/\\\/www.pfarrverband-salvator-mundi.de\\\/st-willibald\\\/#website\"},\"primaryImageOfPage\":{\"@id\":\"https:\\\/\\\/www.pfarrverband-salvator-mundi.de\\\/st-willibald\\\/kindergarten\\\/schutzkonzept-kindergarten\\\/#primaryimage\"},\"image\":{\"@id\":\"https:\\\/\\\/www.pfarrverband-salvator-mundi.de\\\/st-willibald\\\/kindergarten\\\/schutzkonzept-kindergarten\\\/#primaryimage\"},\"thumbnailUrl\":\"https:\\\/\\\/www.pfarrverband-salvator-mundi.de\\\/st-willibald\\\/wp-content\\\/uploads\\\/sites\\\/4\\\/2025\\\/10\\\/Schutzkonzept-.jpg\",\"datePublished\":\"2020-03-04T06:39:38+00:00\",\"dateModified\":\"2025-10-26T07:38:37+00:00\",\"breadcrumb\":{\"@id\":\"https:\\\/\\\/www.pfarrverband-salvator-mundi.de\\\/st-willibald\\\/kindergarten\\\/schutzkonzept-kindergarten\\\/#breadcrumb\"},\"inLanguage\":\"de\",\"potentialAction\":[{\"@type\":\"ReadAction\",\"target\":[\"https:\\\/\\\/www.pfarrverband-salvator-mundi.de\\\/st-willibald\\\/kindergarten\\\/schutzkonzept-kindergarten\\\/\"]}]},{\"@type\":\"ImageObject\",\"inLanguage\":\"de\",\"@id\":\"https:\\\/\\\/www.pfarrverband-salvator-mundi.de\\\/st-willibald\\\/kindergarten\\\/schutzkonzept-kindergarten\\\/#primaryimage\",\"url\":\"https:\\\/\\\/www.pfarrverband-salvator-mundi.de\\\/st-willibald\\\/wp-content\\\/uploads\\\/sites\\\/4\\\/2025\\\/10\\\/Schutzkonzept-.jpg\",\"contentUrl\":\"https:\\\/\\\/www.pfarrverband-salvator-mundi.de\\\/st-willibald\\\/wp-content\\\/uploads\\\/sites\\\/4\\\/2025\\\/10\\\/Schutzkonzept-.jpg\",\"width\":566,\"height\":800},{\"@type\":\"BreadcrumbList\",\"@id\":\"https:\\\/\\\/www.pfarrverband-salvator-mundi.de\\\/st-willibald\\\/kindergarten\\\/schutzkonzept-kindergarten\\\/#breadcrumb\",\"itemListElement\":[{\"@type\":\"ListItem\",\"position\":1,\"name\":\"Home\",\"item\":\"https:\\\/\\\/www.pfarrverband-salvator-mundi.de\\\/st-willibald\\\/\"},{\"@type\":\"ListItem\",\"position\":2,\"name\":\"Kindergarten\",\"item\":\"https:\\\/\\\/www.pfarrverband-salvator-mundi.de\\\/st-willibald\\\/kindergarten\\\/\"},{\"@type\":\"ListItem\",\"position\":3,\"name\":\"Schutzkonzept Kindergarten\"}]},{\"@type\":\"WebSite\",\"@id\":\"https:\\\/\\\/www.pfarrverband-salvator-mundi.de\\\/st-willibald\\\/#website\",\"url\":\"https:\\\/\\\/www.pfarrverband-salvator-mundi.de\\\/st-willibald\\\/\",\"name\":\"Pfarrei St. Willibald\",\"description\":\"Teil des Pfarrverbands Salvator Mundi\",\"potentialAction\":[{\"@type\":\"SearchAction\",\"target\":{\"@type\":\"EntryPoint\",\"urlTemplate\":\"https:\\\/\\\/www.pfarrverband-salvator-mundi.de\\\/st-willibald\\\/?s={search_term_string}\"},\"query-input\":{\"@type\":\"PropertyValueSpecification\",\"valueRequired\":true,\"valueName\":\"search_term_string\"}}],\"inLanguage\":\"de\"}]}<\/script>\n<!-- \/ Yoast SEO plugin. -->","yoast_head_json":{"title":"Schutzkonzept Kindergarten - Pfarrei St. Willibald","robots":{"index":"index","follow":"follow","max-snippet":"max-snippet:-1","max-image-preview":"max-image-preview:large","max-video-preview":"max-video-preview:-1"},"canonical":"https:\/\/www.pfarrverband-salvator-mundi.de\/st-willibald\/kindergarten\/schutzkonzept-kindergarten\/","og_locale":"de_DE","og_type":"article","og_title":"Schutzkonzept Kindergarten - Pfarrei St. Willibald","og_description":"Schutzkonzept Kindergarten Alle Kinder haben das Recht auf k\u00f6rperliche Unversehrtheit, auf Achtung der Menschenw\u00fcrde sowie auf freie Entfaltung der Pers\u00f6nlichkeit. Im Jahr 2012 ist das Kinderschutzgesetz in Kraft getreten. Im Team haben wir uns intensiv mit dem Thema besch\u00e4ftigt. Unser Schutzkonzept ist ein wichtiger Bestandteil unserer t\u00e4glichen Arbeit und dient unserer Qualit\u00e4tssicherung. Wenn Sie auf [&hellip;]","og_url":"https:\/\/www.pfarrverband-salvator-mundi.de\/st-willibald\/kindergarten\/schutzkonzept-kindergarten\/","og_site_name":"Pfarrei St. Willibald","article_modified_time":"2025-10-26T07:38:37+00:00","og_image":[{"width":566,"height":800,"url":"https:\/\/www.pfarrverband-salvator-mundi.de\/st-willibald\/wp-content\/uploads\/sites\/4\/2025\/10\/Schutzkonzept-.jpg","type":"image\/jpeg"}],"twitter_card":"summary_large_image","twitter_misc":{"Gesch\u00e4tzte Lesezeit":"1\u00a0Minute"},"schema":{"@context":"https:\/\/schema.org","@graph":[{"@type":"WebPage","@id":"https:\/\/www.pfarrverband-salvator-mundi.de\/st-willibald\/kindergarten\/schutzkonzept-kindergarten\/","url":"https:\/\/www.pfarrverband-salvator-mundi.de\/st-willibald\/kindergarten\/schutzkonzept-kindergarten\/","name":"Schutzkonzept Kindergarten - Pfarrei St. Willibald","isPartOf":{"@id":"https:\/\/www.pfarrverband-salvator-mundi.de\/st-willibald\/#website"},"primaryImageOfPage":{"@id":"https:\/\/www.pfarrverband-salvator-mundi.de\/st-willibald\/kindergarten\/schutzkonzept-kindergarten\/#primaryimage"},"image":{"@id":"https:\/\/www.pfarrverband-salvator-mundi.de\/st-willibald\/kindergarten\/schutzkonzept-kindergarten\/#primaryimage"},"thumbnailUrl":"https:\/\/www.pfarrverband-salvator-mundi.de\/st-willibald\/wp-content\/uploads\/sites\/4\/2025\/10\/Schutzkonzept-.jpg","datePublished":"2020-03-04T06:39:38+00:00","dateModified":"2025-10-26T07:38:37+00:00","breadcrumb":{"@id":"https:\/\/www.pfarrverband-salvator-mundi.de\/st-willibald\/kindergarten\/schutzkonzept-kindergarten\/#breadcrumb"},"inLanguage":"de","potentialAction":[{"@type":"ReadAction","target":["https:\/\/www.pfarrverband-salvator-mundi.de\/st-willibald\/kindergarten\/schutzkonzept-kindergarten\/"]}]},{"@type":"ImageObject","inLanguage":"de","@id":"https:\/\/www.pfarrverband-salvator-mundi.de\/st-willibald\/kindergarten\/schutzkonzept-kindergarten\/#primaryimage","url":"https:\/\/www.pfarrverband-salvator-mundi.de\/st-willibald\/wp-content\/uploads\/sites\/4\/2025\/10\/Schutzkonzept-.jpg","contentUrl":"https:\/\/www.pfarrverband-salvator-mundi.de\/st-willibald\/wp-content\/uploads\/sites\/4\/2025\/10\/Schutzkonzept-.jpg","width":566,"height":800},{"@type":"BreadcrumbList","@id":"https:\/\/www.pfarrverband-salvator-mundi.de\/st-willibald\/kindergarten\/schutzkonzept-kindergarten\/#breadcrumb","itemListElement":[{"@type":"ListItem","position":1,"name":"Home","item":"https:\/\/www.pfarrverband-salvator-mundi.de\/st-willibald\/"},{"@type":"ListItem","position":2,"name":"Kindergarten","item":"https:\/\/www.pfarrverband-salvator-mundi.de\/st-willibald\/kindergarten\/"},{"@type":"ListItem","position":3,"name":"Schutzkonzept Kindergarten"}]},{"@type":"WebSite","@id":"https:\/\/www.pfarrverband-salvator-mundi.de\/st-willibald\/#website","url":"https:\/\/www.pfarrverband-salvator-mundi.de\/st-willibald\/","name":"Pfarrei St. Willibald","description":"Teil des Pfarrverbands Salvator Mundi","potentialAction":[{"@type":"SearchAction","target":{"@type":"EntryPoint","urlTemplate":"https:\/\/www.pfarrverband-salvator-mundi.de\/st-willibald\/?s={search_term_string}"},"query-input":{"@type":"PropertyValueSpecification","valueRequired":true,"valueName":"search_term_string"}}],"inLanguage":"de"}]}},"_links":{"self":[{"href":"https:\/\/www.pfarrverband-salvator-mundi.de\/st-willibald\/wp-json\/wp\/v2\/pages\/9351","targetHints":{"allow":["GET"]}}],"collection":[{"href":"https:\/\/www.pfarrverband-salvator-mundi.de\/st-willibald\/wp-json\/wp\/v2\/pages"}],"about":[{"href":"https:\/\/www.pfarrverband-salvator-mundi.de\/st-willibald\/wp-json\/wp\/v2\/types\/page"}],"author":[{"embeddable":true,"href":"https:\/\/www.pfarrverband-salvator-mundi.de\/st-willibald\/wp-json\/wp\/v2\/users\/1"}],"replies":[{"embeddable":true,"href":"https:\/\/www.pfarrverband-salvator-mundi.de\/st-willibald\/wp-json\/wp\/v2\/comments?post=9351"}],"version-history":[{"count":25,"href":"https:\/\/www.pfarrverband-salvator-mundi.de\/st-willibald\/wp-json\/wp\/v2\/pages\/9351\/revisions"}],"predecessor-version":[{"id":18935,"href":"https:\/\/www.pfarrverband-salvator-mundi.de\/st-willibald\/wp-json\/wp\/v2\/pages\/9351\/revisions\/18935"}],"up":[{"embeddable":true,"href":"https:\/\/www.pfarrverband-salvator-mundi.de\/st-willibald\/wp-json\/wp\/v2\/pages\/86"}],"wp:attachment":[{"href":"https:\/\/www.pfarrverband-salvator-mundi.de\/st-willibald\/wp-json\/wp\/v2\/media?parent=9351"}],"curies":[{"name":"wp","href":"https:\/\/api.w.org\/{rel}","templated":true}]}}